{"id":10608,"date":"2021-07-07T11:40:08","date_gmt":"2021-07-07T09:40:08","guid":{"rendered":"http:\/\/agora.xtec.cat\/escolasantsadurni\/?page_id=10608"},"modified":"2021-07-07T13:00:22","modified_gmt":"2021-07-07T11:00:22","slug":"projecte-de-convivencia","status":"publish","type":"page","link":"https:\/\/agora.xtec.cat\/escolasantsadurni\/projecte-educatiu-2\/projecte-de-convivencia\/","title":{"rendered":"Projecte de Conviv\u00e8ncia"},"content":{"rendered":"<p><span style=\"font-weight: 400;\">El Projecte de conviv\u00e8ncia \u00e9s l\u2019instrument on es reflecteixen les accions que el centre escolar desenvolupa per capacitar tot l&#8217;alumnat i la resta de la comunitat educativa per a la conviv\u00e8ncia i la gesti\u00f3 positiva dels conflictes.<\/span><\/p>\n<p><span style=\"font-weight: 400;\">Les accions que s\u2019hi proposen poden ser abordades des de nivells diferents (valors i actituds, resoluci\u00f3 de conflictes i marc organitzatiu) i adre\u00e7ades a l&#8217;aula, al centre o a l&#8217;entorn, amb el benent\u00e8s que la permeabilitat entre aquests tres \u00e0mbits d\u2019intervenci\u00f3 afavoreix la transfer\u00e8ncia d\u2019aprenentatges, valors, creences, actituds i h\u00e0bits relacionals. Tamb\u00e9 recull els mecanismes que el centre estableix a l&#8217;hora de resoldre els conflictes i de crear una atmosfera de treball i de conviv\u00e8ncia segura i saludable. <\/span><span style=\"font-weight: 400;\">El Projecte de conviv\u00e8ncia t\u00e9 com a missi\u00f3 contribuir a l\u2019\u00e8xit personal, acad\u00e8mic i social de tot l\u2019alumnat.<\/span><\/p>\n<p>Podeu consultar el projecte de conviv\u00e8ncia del nostre centre al seg\u00fcent enlla\u00e7:<\/p>\n<p><a href=\"https:\/\/agora.xtec.cat\/escolasantsadurni\/wp-content\/uploads\/usu1491\/2021\/07\/Projecte-Conviv\u00e8ncia.pdf\">Projecte Conviv\u00e8ncia<\/a><\/p>\n<p>&nbsp;<\/p>\n<p>&nbsp;<\/p>\n","protected":false},"excerpt":{"rendered":"<p>El Projecte de conviv\u00e8ncia \u00e9s l\u2019instrument on es reflecteixen les accions que el centre escolar desenvolupa per capacitar tot l&#8217;alumnat i la resta de la comunitat educativa per a la conviv\u00e8ncia i la gesti\u00f3 positiva dels conflictes.<br \/>\nLes accions que s\u2019hi proposen poden ser abordades des&hellip;  <a href=\"https:\/\/agora.xtec.cat\/escolasantsadurni\/projecte-educatiu-2\/projecte-de-convivencia\/\" title=\"Read Projecte de Conviv\u00e8ncia\">Llegeix m\u00e9s\u00bb<\/a><\/p>\n","protected":false},"author":1,"featured_media":0,"parent":2754,"menu_order":0,"comment_status":"closed","ping_status":"closed","template":"","meta":{"_bbp_topic_count":0,"_bbp_reply_count":0,"_bbp_total_topic_count":0,"_bbp_total_reply_count":0,"_bbp_voice_count":0,"_bbp_anonymous_reply_count":0,"_bbp_topic_count_hidden":0,"_bbp_reply_count_hidden":0,"_bbp_forum_subforum_count":0,"footnotes":""},"class_list":["post-10608","page","type-page","status-publish","hentry"],"post_mailing_queue_ids":[],"_links":{"self":[{"href":"https:\/\/agora.xtec.cat\/escolasantsadurni\/wp-json\/wp\/v2\/pages\/10608","targetHints":{"allow":["GET"]}}],"collection":[{"href":"https:\/\/agora.xtec.cat\/escolasantsadurni\/wp-json\/wp\/v2\/pages"}],"about":[{"href":"https:\/\/agora.xtec.cat\/escolasantsadurni\/wp-json\/wp\/v2\/types\/page"}],"author":[{"embeddable":true,"href":"https:\/\/agora.xtec.cat\/escolasantsadurni\/wp-json\/wp\/v2\/users\/1"}],"replies":[{"embeddable":true,"href":"https:\/\/agora.xtec.cat\/escolasantsadurni\/wp-json\/wp\/v2\/comments?post=10608"}],"version-history":[{"count":3,"href":"https:\/\/agora.xtec.cat\/escolasantsadurni\/wp-json\/wp\/v2\/pages\/10608\/revisions"}],"predecessor-version":[{"id":10620,"href":"https:\/\/agora.xtec.cat\/escolasantsadurni\/wp-json\/wp\/v2\/pages\/10608\/revisions\/10620"}],"up":[{"embeddable":true,"href":"https:\/\/agora.xtec.cat\/escolasantsadurni\/wp-json\/wp\/v2\/pages\/2754"}],"wp:attachment":[{"href":"https:\/\/agora.xtec.cat\/escolasantsadurni\/wp-json\/wp\/v2\/media?parent=10608"}],"curies":[{"name":"wp","href":"https:\/\/api.w.org\/{rel}","templated":true}]}}