{"id":9,"date":"2014-09-17T15:08:18","date_gmt":"2014-09-17T15:08:18","guid":{"rendered":"http:\/\/agora.xtec.cat\/escolasantpau\/?page_id=9"},"modified":"2025-12-27T12:54:59","modified_gmt":"2025-12-27T11:54:59","slug":"pagina-dinici-buida","status":"publish","type":"page","link":"https:\/\/agora.xtec.cat\/escolasantpau\/","title":{"rendered":"Benvinguts i benvingudes a la p\u00e0gina web de l&#8217;Escola Sant Pau!"},"content":{"rendered":"<h1 style=\"text-align: center;\"><strong><span style=\"color: #993232;\">Web nova de l&#8217;Institut Escola<\/span><\/strong><\/h1>\n<h1 style=\"text-align: center;\"><a href=\"https:\/\/agora.xtec.cat\/iesantpol\/\"><img loading=\"lazy\" decoding=\"async\" class=\"size-full wp-image-21138\" src=\"https:\/\/agora.xtec.cat\/institutsantpol\/wp-content\/uploads\/usu293\/2025\/12\/IESantPol.jpg\" alt=\"\" width=\"2100\" height=\"1079\" \/><\/a><\/h1>\n<h2><\/h2>\n<h2 style=\"text-align: left;\"><\/h2>\n<p>&nbsp;<\/p>\n<p>&nbsp;<\/p>\n<p>&nbsp;<\/p>\n<h3><span style=\"color: #ff9900;\"><strong>INFORMACIONS CURS 2025-26<\/strong><\/span><\/h3>\n<ul>\n<li>Materials curs 25-26<\/li>\n<\/ul>\n<p><a href=\"https:\/\/drive.google.com\/file\/d\/1RTilB5G8DK-x8hFwiVUF2k6Z8_zdXQWb\/view?usp=sharing\" target=\"_blank\" rel=\"noopener\">Material Cicle Infantil (EI3,EI4 i EI5)<\/a><\/p>\n<p><a href=\"https:\/\/drive.google.com\/file\/d\/1ldUFEiv_bw9Okll4JcsAon7kWTjWSMRW\/view?usp=sharing\" target=\"_blank\" rel=\"noopener\">Material Cicle Inicial (1r i 2n)<\/a><\/p>\n<p><a href=\"https:\/\/drive.google.com\/file\/d\/1P9_ocqF2lfISjKa0Ssdm614TtIvcbv_B\/view?usp=sharing\" target=\"_blank\" rel=\"noopener\">Material Cicle Mitj\u00e0 (3r i 4t)<\/a><\/p>\n<p><a href=\"https:\/\/drive.google.com\/file\/d\/1JCfFdJdggKYUw4BcUn8yHnin1_JFgnaI\/view?usp=sharing\" target=\"_blank\" rel=\"noopener\">Material Cicle Superior (5\u00e8 i 6\u00e8)<\/a><\/p>\n<h3><strong><span style=\"color: #333399;\">PREINSCRIPCI\u00d3 2025-26<\/span><\/strong><\/h3>\n<h3><b>Codi de centre (Institut-Escola de Sant Pol de Mar): 08077411<\/b><\/h3>\n<p>Per a fer la preinscripci\u00f3 heu d\u2019adre\u00e7ar-vos al web Departament d\u2019Educaci\u00f3 corresponent a cada nivell educatiu:<img loading=\"lazy\" decoding=\"async\" class=\" wp-image-8336 alignright\" src=\"https:\/\/agora.xtec.cat\/escolasantpau\/wp-content\/uploads\/usu204\/2025\/03\/IE-SantPol-e1741864438418-1024x490.jpeg\" alt=\"\" width=\"614\" height=\"294\" srcset=\"https:\/\/agora.xtec.cat\/escolasantpau\/wp-content\/uploads\/usu204\/2025\/03\/IE-SantPol-e1741864438418-1024x490.jpeg 1024w, https:\/\/agora.xtec.cat\/escolasantpau\/wp-content\/uploads\/usu204\/2025\/03\/IE-SantPol-e1741864438418-300x143.jpeg 300w, https:\/\/agora.xtec.cat\/escolasantpau\/wp-content\/uploads\/usu204\/2025\/03\/IE-SantPol-e1741864438418-768x367.jpeg 768w, https:\/\/agora.xtec.cat\/escolasantpau\/wp-content\/uploads\/usu204\/2025\/03\/IE-SantPol-e1741864438418.jpeg 1280w\" sizes=\"auto, (max-width: 614px) 100vw, 614px\" \/><\/p>\n<ul>\n<li><a href=\"https:\/\/preinscripcio.gencat.cat\/ca\/estudis\/infantil-3-6\/inici\/\">Preinscripci\u00f3. Educaci\u00f3 Infantil (0-6)<\/a><\/li>\n<li><a href=\"https:\/\/preinscripcio.gencat.cat\/ca\/estudis\/primaria\/inici\/\">Preinscripci\u00f3. Educaci\u00f3 Prim\u00e0ria (6-12)\u00a0<\/a><\/li>\n<li><a href=\"https:\/\/preinscripcio.gencat.cat\/ca\/estudis\/eso\/inici\/\">Preinscripci\u00f3. Educaci\u00f3 Secund\u00e0ria Obligat\u00f2ria<\/a><\/li>\n<\/ul>\n<p>L\u2019oferta de places es pot consultar al Mapa Escolar de Catalunya:<\/p>\n<ul>\n<li><a href=\"http:\/\/mapaescolar.gencat.cat\/.\">Mapa Escolar de Catalunya<\/a><\/li>\n<li><a href=\"https:\/\/drive.google.com\/file\/d\/1V4W16YvZCB6nRywU-_wdsVxgjc-9quSC\/view?usp=sharing\" target=\"_blank\" rel=\"noopener\">Publicaci\u00f3 de l&#8217;oferta inicial de places <\/a>a 11\/03\/25<\/li>\n<li><a href=\"https:\/\/drive.google.com\/file\/d\/1rRRnZCTdZwY4yiiwydShXshTHSfYCuva\/view?usp=drive_link\" target=\"_blank\" rel=\"noopener\">Publicaci\u00f3 de barem provisional de les preinscripcions<\/a> a 24\/04\/25<\/li>\n<li><a href=\"https:\/\/drive.google.com\/file\/d\/1O6ierJzIj41qhBlPdMvPqp3kWp7wC_tA\/view?usp=sharing\" target=\"_blank\" rel=\"noopener\">Publicaci\u00f3 de barem una vegada resoltes les reclamacions<\/a> a 05\/05\/25<\/li>\n<li><a href=\"https:\/\/drive.google.com\/file\/d\/1mhBcARkQ39R_aRhTXethIE36CVGtlF5w\/view?usp=sharing\" target=\"_blank\" rel=\"noopener\">Publicaci\u00f3 de barem definitiu<\/a> a 09\/05\/25<\/li>\n<li><a href=\"https:\/\/drive.google.com\/file\/d\/1dY3BMK81gRpmhk5UhDWxDMdGU1V6k2Yh\/view?usp=sharing\" target=\"_blank\" rel=\"noopener\">Publicaci\u00f3 Alumnes assignats al centre amb indicaci\u00f3 de la primera petici\u00f3 a 16\/06\/25<\/a><\/li>\n<li><a href=\"https:\/\/drive.google.com\/file\/d\/17gQUr-80cxm90dGEmgmuoO1Dyb3EFqsM\/view?usp=drive_link\" target=\"_blank\" rel=\"noopener\">Publicaci\u00f3 la llista d&#8217;espera del centre a 16\/06\/25<\/a><\/li>\n<\/ul>\n<h3>Per\u00edode de<b> presentaci\u00f3 de sol\u00b7licituds<\/b><\/h3>\n<ul>\n<li aria-level=\"1\"><b>INFANTIL I PRIM\u00c0RIA:<\/b> del <b>12 al 26 de mar\u00e7 <\/b>de 2025<\/li>\n<li><b>ESO: <\/b>del <b>\u00a014 al 26 de mar\u00e7<\/b> de 2025<\/li>\n<\/ul>\n<p><strong><img loading=\"lazy\" decoding=\"async\" class=\" wp-image-6205 alignright\" src=\"https:\/\/agora.xtec.cat\/escolasantpau\/wp-content\/uploads\/usu204\/2022\/02\/important.png\" alt=\"\" width=\"98\" height=\"98\" srcset=\"https:\/\/agora.xtec.cat\/escolasantpau\/wp-content\/uploads\/usu204\/2022\/02\/important.png 396w, https:\/\/agora.xtec.cat\/escolasantpau\/wp-content\/uploads\/usu204\/2022\/02\/important-300x300.png 300w, https:\/\/agora.xtec.cat\/escolasantpau\/wp-content\/uploads\/usu204\/2022\/02\/important-150x150.png 150w\" sizes=\"auto, (max-width: 98px) 100vw, 98px\" \/><\/strong><\/p>\n<div class=\"gmail_default\">\n<p><b>NOTA IMPORTANT<\/b>: Nom\u00e9s ha de fer la sol\u00b7licitud de preinscripci\u00f3 l\u2019alumnat de nova incorporaci\u00f3 al centre. Per tant, l\u2019alumnat actual de l\u2019Institut de Sant Pol de Mar o de l\u2019Escola Sant Pau no han de fer sol\u00b7licitud de preinscripci\u00f3.<\/p>\n<p>Les fam\u00edlies de l\u2019alumnat de 6\u00e8 hauran de fer la confirmaci\u00f3 de pla\u00e7a, quan rebin aquesta informaci\u00f3 a trav\u00e9s del TPVEscola de l\u2019Escola Sant Pau. Les fam\u00edlies de l\u2019alumnat que actualment cursa ESO hauran de fer la confirmaci\u00f3 de pla\u00e7a, quan rebin aquesta informaci\u00f3, a trav\u00e9s del TPVEscola de l\u2019Institut de Sant Pol<\/p>\n<\/div>\n<ul>\n<li><a href=\"https:\/\/agora.xtec.cat\/escolasantpau\/portada\/portes-obertes-institut-escola\/\" target=\"_blank\" rel=\"noopener\">Portes Obertes Institut-Escola\u00a0<\/a><\/li>\n<\/ul>\n<p>Per m\u00e9s informaci\u00f3 cliqueu <a href=\"https:\/\/agora.xtec.cat\/escolasantpau\/portada\/preinscripcio-infantil-3-6-primaria-6-12-eso-2025-2026\/\" target=\"_blank\" rel=\"noopener\">aqu\u00ed<\/a>.<\/p>\n","protected":false},"excerpt":{"rendered":"<p>Web nova de l&#8217;Institut Escola<br \/>\n<a href=\"https:\/\/agora.xtec.cat\/iesantpol\/\"><\/a><\/p>\n<p>&nbsp;<br \/>\n&nbsp;<br \/>\n&nbsp;<br \/>\nINFORMACIONS CURS 2025-26<\/p>\n<ul>\n<li>Materials curs 25-26<\/li>\n<\/ul>\n<p><a href=\"https:\/\/drive.google.com\/file\/d\/1RTilB5G8DK-x8hFwiVUF2k6Z8_zdXQWb\/view?usp=sharing\" target=\"_blank\" rel=\"noopener\">Material Cicle Infantil (EI3,EI4 i EI5)<\/a><br \/>\n<a href=\"https:\/\/drive.google.com\/file\/d\/1ldUFEiv_bw9Okll4JcsAon7kWTjWSMRW\/view?usp=sharing\" target=\"_blank\" rel=\"noopener\">Material Cicle Inicial (1r i 2n)<\/a><br \/>\n<a href=\"https:\/\/drive.google.com\/file\/d\/1P9_ocqF2lfISjKa0Ssdm614TtIvcbv_B\/view?usp=sharing\" target=\"_blank\" rel=\"noopener\">Material Cicle Mitj\u00e0 (3r i 4t)<\/a><br \/>\n<a href=\"https:\/\/drive.google.com\/file\/d\/1JCfFdJdggKYUw4BcUn8yHnin1_JFgnaI\/view?usp=sharing\" target=\"_blank\" rel=\"noopener\">Material Cicle Superior (5\u00e8 i 6\u00e8)<\/a><br \/>\nPREINSCRIPCI\u00d3 2025-26<br \/>\nCodi de centre&hellip;  <a href=\"https:\/\/agora.xtec.cat\/escolasantpau\/\" title=\"Read Benvinguts i benvingudes a la p\u00e0gina web de l&#8217;Escola Sant Pau!\">Llegeix m\u00e9s\u00bb<\/a><\/p>\n","protected":false},"author":2,"featured_media":0,"parent":0,"menu_order":0,"comment_status":"closed","ping_status":"closed","template":"page-templates\/front-page.php","meta":{"_bbp_topic_count":0,"_bbp_reply_count":0,"_bbp_total_topic_count":0,"_bbp_total_reply_count":0,"_bbp_voice_count":0,"_bbp_anonymous_reply_count":0,"_bbp_topic_count_hidden":0,"_bbp_reply_count_hidden":0,"_bbp_forum_subforum_count":0,"footnotes":""},"class_list":["post-9","page","type-page","status-publish","hentry"],"post_mailing_queue_ids":[],"_links":{"self":[{"href":"https:\/\/agora.xtec.cat\/escolasantpau\/wp-json\/wp\/v2\/pages\/9","targetHints":{"allow":["GET"]}}],"collection":[{"href":"https:\/\/agora.xtec.cat\/escolasantpau\/wp-json\/wp\/v2\/pages"}],"about":[{"href":"https:\/\/agora.xtec.cat\/escolasantpau\/wp-json\/wp\/v2\/types\/page"}],"author":[{"embeddable":true,"href":"https:\/\/agora.xtec.cat\/escolasantpau\/wp-json\/wp\/v2\/users\/2"}],"replies":[{"embeddable":true,"href":"https:\/\/agora.xtec.cat\/escolasantpau\/wp-json\/wp\/v2\/comments?post=9"}],"version-history":[{"count":8,"href":"https:\/\/agora.xtec.cat\/escolasantpau\/wp-json\/wp\/v2\/pages\/9\/revisions"}],"predecessor-version":[{"id":8466,"href":"https:\/\/agora.xtec.cat\/escolasantpau\/wp-json\/wp\/v2\/pages\/9\/revisions\/8466"}],"wp:attachment":[{"href":"https:\/\/agora.xtec.cat\/escolasantpau\/wp-json\/wp\/v2\/media?parent=9"}],"curies":[{"name":"wp","href":"https:\/\/api.w.org\/{rel}","templated":true}]}}