{"id":77,"date":"2014-09-18T14:05:08","date_gmt":"2014-09-18T14:05:08","guid":{"rendered":"http:\/\/agora.xtec.cat\/escolasantpau\/?page_id=77"},"modified":"2023-08-30T15:05:06","modified_gmt":"2023-08-30T13:05:06","slug":"acollida","status":"publish","type":"page","link":"https:\/\/agora.xtec.cat\/escolasantpau\/serveis\/acollida\/","title":{"rendered":"Acollida"},"content":{"rendered":"<p><img loading=\"lazy\" decoding=\"async\" class=\"wp-image-381 alignright\" src=\"http:\/\/agora.xtec.cat\/escolasantpau\/wp-content\/uploads\/usu204\/2014\/09\/image-1-e1467558291391-292x300.png\" alt=\"image\" width=\"442\" height=\"454\" srcset=\"https:\/\/agora.xtec.cat\/escolasantpau\/wp-content\/uploads\/usu204\/2014\/09\/image-1-e1467558291391-292x300.png 292w, https:\/\/agora.xtec.cat\/escolasantpau\/wp-content\/uploads\/usu204\/2014\/09\/image-1-e1467558291391-768x789.png 768w, https:\/\/agora.xtec.cat\/escolasantpau\/wp-content\/uploads\/usu204\/2014\/09\/image-1-e1467558291391-997x1024.png 997w, https:\/\/agora.xtec.cat\/escolasantpau\/wp-content\/uploads\/usu204\/2014\/09\/image-1-e1467558291391.png 1045w\" sizes=\"auto, (max-width: 442px) 100vw, 442px\" \/><\/p>\n<table style=\"width: 53.4703%; height: 464px;\">\n<tbody>\n<tr>\n<td style=\"width: 100%;\"><strong>SAM Servei d&#8217;acollida de mat\u00ed<\/strong><\/p>\n<p>Horari: de 7:45h a 9h &#8211; L&#8217;hora m\u00e0xima d&#8217;admissi\u00f3 a l&#8217;acollida \u00e9s a les 8:45h<\/p>\n<p>Preu: 35\u20ac\/mes &#8211; espor\u00e0dic 3\u20ac<br \/>\nNo socis: 40\u20ac\/mes &#8211; espor\u00e0dic 4\u20ac<\/td>\n<\/tr>\n<tr>\n<td style=\"width: 100%;\"><strong>SAT Servei d&#8217;acollida de tarda- Tardes l\u00fadiques<\/strong><\/p>\n<p>Horari: de 16:30h a 18:00h<\/p>\n<p>Preu: 35\u20ac\/mes &#8211; espor\u00e0dic 3\u20ac<br \/>\nNo socis 40\u20ac\/mes- espor\u00e0dic 4\u20ac<\/td>\n<\/tr>\n<tr>\n<td style=\"width: 100%;\"><strong>Servei d&#8217;acollida per les reunions<\/strong><\/p>\n<p>Gratu\u00eft pels socis<br \/>\n3\u20ac no socis<\/td>\n<\/tr>\n<\/tbody>\n<\/table>\n<p>Per a qualsevol consulta en relaci\u00f3 al servei d&#8217;acollida cal contactar amb l&#8217;AFA.<\/p>\n<p><strong>L&#8217;horari d&#8217;atenci\u00f3 a les fam\u00edlies \u00e9s de les 16:30h a les 18:00h de dilluns a divendres.\u00a0<\/strong><\/p>\n<p><img loading=\"lazy\" decoding=\"async\" class=\"aligncenter size-full wp-image-7060\" src=\"https:\/\/agora.xtec.cat\/escolasantpau\/wp-content\/uploads\/usu204\/2023\/04\/dades-afa-e1681378828909.jpg\" alt=\"\" width=\"505\" height=\"467\" srcset=\"https:\/\/agora.xtec.cat\/escolasantpau\/wp-content\/uploads\/usu204\/2023\/04\/dades-afa-e1681378828909.jpg 505w, https:\/\/agora.xtec.cat\/escolasantpau\/wp-content\/uploads\/usu204\/2023\/04\/dades-afa-e1681378828909-300x277.jpg 300w\" sizes=\"auto, (max-width: 505px) 100vw, 505px\" \/><\/p>\n","protected":false},"excerpt":{"rendered":"<p>SAM Servei d&#8217;acollida de mat\u00ed<br \/>\nHorari: de 7:45h a 9h &#8211; L&#8217;hora m\u00e0xima d&#8217;admissi\u00f3 a l&#8217;acollida \u00e9s a les 8:45h<br \/>\nPreu: 35\u20ac\/mes &#8211; espor\u00e0dic 3\u20ac<br \/>\nNo socis: 40\u20ac\/mes &#8211; espor\u00e0dic 4\u20ac<\/p>\n<p>SAT Servei d&#8217;acollida de tarda- Tardes l\u00fadiques<br \/>\nHorari: de 16:30h a 18:00h<br \/>\nPreu: 35\u20ac\/mes &#8211; espor\u00e0dic 3\u20ac<br \/>\nNo socis 40\u20ac\/mes- espor\u00e0dic&hellip;  <a href=\"https:\/\/agora.xtec.cat\/escolasantpau\/serveis\/acollida\/\" title=\"Read Acollida\">Llegeix m\u00e9s\u00bb<\/a><\/p>\n","protected":false},"author":2,"featured_media":0,"parent":66,"menu_order":20,"comment_status":"closed","ping_status":"closed","template":"page-templates\/side-menu.php","meta":{"_bbp_topic_count":0,"_bbp_reply_count":0,"_bbp_total_topic_count":0,"_bbp_total_reply_count":0,"_bbp_voice_count":0,"_bbp_anonymous_reply_count":0,"_bbp_topic_count_hidden":0,"_bbp_reply_count_hidden":0,"_bbp_forum_subforum_count":0,"footnotes":""},"class_list":["post-77","page","type-page","status-publish","hentry"],"post_mailing_queue_ids":[],"_links":{"self":[{"href":"https:\/\/agora.xtec.cat\/escolasantpau\/wp-json\/wp\/v2\/pages\/77","targetHints":{"allow":["GET"]}}],"collection":[{"href":"https:\/\/agora.xtec.cat\/escolasantpau\/wp-json\/wp\/v2\/pages"}],"about":[{"href":"https:\/\/agora.xtec.cat\/escolasantpau\/wp-json\/wp\/v2\/types\/page"}],"author":[{"embeddable":true,"href":"https:\/\/agora.xtec.cat\/escolasantpau\/wp-json\/wp\/v2\/users\/2"}],"replies":[{"embeddable":true,"href":"https:\/\/agora.xtec.cat\/escolasantpau\/wp-json\/wp\/v2\/comments?post=77"}],"version-history":[{"count":4,"href":"https:\/\/agora.xtec.cat\/escolasantpau\/wp-json\/wp\/v2\/pages\/77\/revisions"}],"predecessor-version":[{"id":8462,"href":"https:\/\/agora.xtec.cat\/escolasantpau\/wp-json\/wp\/v2\/pages\/77\/revisions\/8462"}],"up":[{"embeddable":true,"href":"https:\/\/agora.xtec.cat\/escolasantpau\/wp-json\/wp\/v2\/pages\/66"}],"wp:attachment":[{"href":"https:\/\/agora.xtec.cat\/escolasantpau\/wp-json\/wp\/v2\/media?parent=77"}],"curies":[{"name":"wp","href":"https:\/\/api.w.org\/{rel}","templated":true}]}}