{"id":7219,"date":"2023-06-23T09:52:35","date_gmt":"2023-06-23T07:52:35","guid":{"rendered":"https:\/\/agora.xtec.cat\/escolasantpau\/?page_id=7219"},"modified":"2023-07-11T11:31:35","modified_gmt":"2023-07-11T09:31:35","slug":"quota-de-material-i-socialitzacio","status":"publish","type":"page","link":"https:\/\/agora.xtec.cat\/escolasantpau\/curs-2023-24\/quota-de-material-i-socialitzacio\/","title":{"rendered":"Quota de material i socialitzaci\u00f3"},"content":{"rendered":"<p>Cada curs, d\u2019acord amb el projecte educatiu i amb l\u2019aprovaci\u00f3 del Consell Escolar, s&#8217;estableix la quota econ\u00f2mica conceptuada com a aportaci\u00f3 de les fam\u00edlies per a material escolar.<\/p>\n<p><strong>QUOTA DE MATERIAL<br \/>\n<\/strong><\/p>\n<p>Per tal d\u2019assumir les despeses del material escolar que l&#8217;alumnat fa servir a l\u2019escola durant tot el curs, les fam\u00edlies fan la seg\u00fcent aportaci\u00f3:<\/p>\n<table>\n<tbody>\n<tr style=\"background-color: #f0f092;\">\n<td>Educaci\u00f3 Infantil<\/td>\n<td><strong>100 \u20ac<\/strong><\/td>\n<\/tr>\n<tr style=\"background-color: #8ceffa;\">\n<td>Cicle Inicial<\/td>\n<td><strong>70 \u20ac<\/strong><\/td>\n<\/tr>\n<tr style=\"background-color: #88f2b2;\">\n<td>Cicle Mitj\u00e0<\/td>\n<td><strong>70 \u20ac<\/strong><\/td>\n<\/tr>\n<tr style=\"background-color: #fa91a1;\">\n<td>Cicle Superior<\/td>\n<td><strong>65 \u20ac<\/strong><\/td>\n<\/tr>\n<\/tbody>\n<\/table>\n<p>La quota \u00e9s<strong> anual<\/strong> i correspon a cada alumne matriculat al centre.<\/p>\n<p>Els pagament es realitza mitjan\u00e7ant <strong>l\u2019aplicaci\u00f3 TPV<\/strong> que s&#8217;activa uns dies abans d&#8217;iniciar el nou curs escolar.<\/p>\n<p>L\u2019aportaci\u00f3 de material inclou tots els materials que l\u2019alumnat requerir\u00e0 al llarg del curs:<\/p>\n<ul>\n<li><strong>Agenda escolar<\/strong><\/li>\n<li><strong>Fotoc\u00f2pies<\/strong>\u00a0(paper, t\u00f2ner i tinta de les impressions).<\/li>\n<li><strong>Material d\u2019escriptura i educaci\u00f3 pl\u00e0stica<\/strong> (cartolines, pintures, papers de colors, papers especials, pasta de modelar, ceres, \u2026).<\/li>\n<li><strong>Material fungible<\/strong> d\u2019aula (llibretes, paper d\u2019embalar, gomets, clips, tisores, coles, carpetes\u2026) entre d\u2019altres materials que durant el curs cal anar adquirint per a le<img loading=\"lazy\" decoding=\"async\" class=\" wp-image-7262 alignright\" src=\"https:\/\/agora.xtec.cat\/escolasantpau\/wp-content\/uploads\/usu204\/2023\/07\/socialitzacio\u0301.png\" alt=\"\" width=\"185\" height=\"197\" srcset=\"https:\/\/agora.xtec.cat\/escolasantpau\/wp-content\/uploads\/usu204\/2023\/07\/socialitzacio\u0301.png 758w, https:\/\/agora.xtec.cat\/escolasantpau\/wp-content\/uploads\/usu204\/2023\/07\/socialitzacio\u0301-282x300.png 282w\" sizes=\"auto, (max-width: 185px) 100vw, 185px\" \/>s diferents activitats d\u2019aprenentatge que realitzaran els vostres fills i filles.<\/li>\n<\/ul>\n<p><strong>QUOTA DE SOCIALITZACI\u00d3<br \/>\n<\/strong><\/p>\n<p>L\u2019escola i l\u2019AFA promouen la <strong>socialitzaci\u00f3 i reutilitzaci\u00f3 dels llibres de text<\/strong>. Socialitzar un llibre significa compartir aquest material entre els alumnes, de manera que se n\u2019allarga la utilitat i se\u2019n fa un \u00fas comunitari en lloc de particular. L\u2019alumne utilitza els llibres i en t\u00e9 cura durant el curs, i en acabar els deixa a l\u2019escola perqu\u00e8 siguin reutilitzats el curs vinent per un altre infant.<\/p>\n<p>Com a socialitzaci\u00f3 tamb\u00e9 es contemplen els llibres de lectura de les biblioteques d&#8217;aula.<\/p>\n<p>La quota de socialitzaci\u00f3 de llibres \u00e9s anual i nom\u00e9s en fa \u00fas els cursos de prim\u00e0ria. L&#8217;import \u00e9s de <strong>15 \u20ac<\/strong>.<\/p>\n<p>&nbsp;<\/p>\n","protected":false},"excerpt":{"rendered":"<p>Cada curs, d\u2019acord amb el projecte educatiu i amb l\u2019aprovaci\u00f3 del Consell Escolar, s&#8217;estableix la quota econ\u00f2mica conceptuada com a aportaci\u00f3 de les fam\u00edlies per a material escolar.<br \/>\nQUOTA DE MATERIAL<\/p>\n<p>Per tal d\u2019assumir les despeses del material escolar que l&#8217;alumnat fa servir a l\u2019escola durant tot&hellip;  <a href=\"https:\/\/agora.xtec.cat\/escolasantpau\/curs-2023-24\/quota-de-material-i-socialitzacio\/\" title=\"Read Quota de material i socialitzaci\u00f3\">Llegeix m\u00e9s\u00bb<\/a><\/p>\n","protected":false},"author":1,"featured_media":0,"parent":7197,"menu_order":0,"comment_status":"closed","ping_status":"closed","template":"","meta":{"_bbp_topic_count":0,"_bbp_reply_count":0,"_bbp_total_topic_count":0,"_bbp_total_reply_count":0,"_bbp_voice_count":0,"_bbp_anonymous_reply_count":0,"_bbp_topic_count_hidden":0,"_bbp_reply_count_hidden":0,"_bbp_forum_subforum_count":0,"footnotes":""},"class_list":["post-7219","page","type-page","status-publish","hentry"],"post_mailing_queue_ids":[],"_links":{"self":[{"href":"https:\/\/agora.xtec.cat\/escolasantpau\/wp-json\/wp\/v2\/pages\/7219","targetHints":{"allow":["GET"]}}],"collection":[{"href":"https:\/\/agora.xtec.cat\/escolasantpau\/wp-json\/wp\/v2\/pages"}],"about":[{"href":"https:\/\/agora.xtec.cat\/escolasantpau\/wp-json\/wp\/v2\/types\/page"}],"author":[{"embeddable":true,"href":"https:\/\/agora.xtec.cat\/escolasantpau\/wp-json\/wp\/v2\/users\/1"}],"replies":[{"embeddable":true,"href":"https:\/\/agora.xtec.cat\/escolasantpau\/wp-json\/wp\/v2\/comments?post=7219"}],"version-history":[{"count":4,"href":"https:\/\/agora.xtec.cat\/escolasantpau\/wp-json\/wp\/v2\/pages\/7219\/revisions"}],"predecessor-version":[{"id":7265,"href":"https:\/\/agora.xtec.cat\/escolasantpau\/wp-json\/wp\/v2\/pages\/7219\/revisions\/7265"}],"up":[{"embeddable":true,"href":"https:\/\/agora.xtec.cat\/escolasantpau\/wp-json\/wp\/v2\/pages\/7197"}],"wp:attachment":[{"href":"https:\/\/agora.xtec.cat\/escolasantpau\/wp-json\/wp\/v2\/media?parent=7219"}],"curies":[{"name":"wp","href":"https:\/\/api.w.org\/{rel}","templated":true}]}}