{"id":669,"date":"2016-07-11T22:20:02","date_gmt":"2016-07-11T21:20:02","guid":{"rendered":"http:\/\/agora.xtec.cat\/escolasantpau\/?page_id=669"},"modified":"2016-08-12T16:47:50","modified_gmt":"2016-08-12T15:47:50","slug":"apadrinament-lector","status":"publish","type":"page","link":"https:\/\/agora.xtec.cat\/escolasantpau\/els-nostres-projectes\/apadrinament-lector\/","title":{"rendered":"Apadrinament lector"},"content":{"rendered":"\r\n\t<div class=\"slideshow_container slideshow_container_style-light\" style=\" \" data-slideshow-id=\"678\" data-style-name=\"style-light\" data-style-version=\"2.3.1\" >\r\n\r\n\t\t\t\t\t<div class=\"slideshow_loading_icon\"><\/div>\r\n\t\t\r\n\t\t<div class=\"slideshow_content\" style=\"display: none;\">\r\n\r\n\t\t\t<div class=\"slideshow_view\">\r\n\t\t\t\t<div class=\"slideshow_slide slideshow_slide_image\">\r\n\t\t\t\t\t\t\t\t\t\t\t<img src=\"https:\/\/agora.xtec.cat\/escolasantpau\/wp-content\/uploads\/usu204\/2016\/07\/IMG_1846.jpg\" alt=\"IMG_1846\" width=\"4032\" height=\"3024\" \/>\r\n\t\t\t\t\t\t\t\t\t\t<div class=\"slideshow_description_box slideshow_transparent\">\r\n\t\t\t\t\t\t<div class=\"slideshow_title\">IMG_1846<\/div>\t\t\t\t\t\t\t\t\t\t\t<\/div>\r\n\t\t\t\t<\/div>\r\n\r\n\t\t\t\t\t\t<div style=\"clear: both;\"><\/div><\/div><div class=\"slideshow_view\">\r\n\t\t\t\t<div class=\"slideshow_slide slideshow_slide_image\">\r\n\t\t\t\t\t\t\t\t\t\t\t<img src=\"https:\/\/agora.xtec.cat\/escolasantpau\/wp-content\/uploads\/usu204\/2016\/07\/IMG_1362.jpg\" alt=\"IMG_1362\" width=\"4032\" height=\"3024\" \/>\r\n\t\t\t\t\t\t\t\t\t\t<div class=\"slideshow_description_box slideshow_transparent\">\r\n\t\t\t\t\t\t<div class=\"slideshow_title\">IMG_1362<\/div>\t\t\t\t\t\t\t\t\t\t\t<\/div>\r\n\t\t\t\t<\/div>\r\n\r\n\t\t\t\t\t\t<div style=\"clear: both;\"><\/div><\/div><div class=\"slideshow_view\">\r\n\t\t\t\t<div class=\"slideshow_slide slideshow_slide_image\">\r\n\t\t\t\t\t\t\t\t\t\t\t<img src=\"https:\/\/agora.xtec.cat\/escolasantpau\/wp-content\/uploads\/usu204\/2016\/07\/Untitled-4-e1468333285939.jpg\" alt=\"Untitled 4\" width=\"2320\" height=\"1557\" \/>\r\n\t\t\t\t\t\t\t\t\t\t<div class=\"slideshow_description_box slideshow_transparent\">\r\n\t\t\t\t\t\t<div class=\"slideshow_title\">Untitled 4<\/div>\t\t\t\t\t\t\t\t\t\t\t<\/div>\r\n\t\t\t\t<\/div>\r\n\r\n\t\t\t\t\t\t<div style=\"clear: both;\"><\/div><\/div><div class=\"slideshow_view\">\r\n\t\t\t\t<div class=\"slideshow_slide slideshow_slide_image\">\r\n\t\t\t\t\t\t\t\t\t\t\t<img src=\"https:\/\/agora.xtec.cat\/escolasantpau\/wp-content\/uploads\/usu204\/2016\/07\/thumb_IMG_0978_1024.jpg\" alt=\"thumb_IMG_0978_1024\" width=\"1024\" height=\"768\" \/>\r\n\t\t\t\t\t\t\t\t\t\t<div class=\"slideshow_description_box slideshow_transparent\">\r\n\t\t\t\t\t\t<div class=\"slideshow_title\">thumb_IMG_0978_1024<\/div>\t\t\t\t\t\t\t\t\t\t\t<\/div>\r\n\t\t\t\t<\/div>\r\n\r\n\t\t\t\t\t\t<div style=\"clear: both;\"><\/div><\/div><div class=\"slideshow_view\">\r\n\t\t\t\t<div class=\"slideshow_slide slideshow_slide_image\">\r\n\t\t\t\t\t\t\t\t\t\t\t<img src=\"https:\/\/agora.xtec.cat\/escolasantpau\/wp-content\/uploads\/usu204\/2016\/07\/thumb_IMG_0974_1024.jpg\" alt=\"thumb_IMG_0974_1024\" width=\"1024\" height=\"1024\" \/>\r\n\t\t\t\t\t\t\t\t\t\t<div class=\"slideshow_description_box slideshow_transparent\">\r\n\t\t\t\t\t\t<div class=\"slideshow_title\">thumb_IMG_0974_1024<\/div>\t\t\t\t\t\t\t\t\t\t\t<\/div>\r\n\t\t\t\t<\/div>\r\n\r\n\t\t\t\t\t\t<div style=\"clear: both;\"><\/div><\/div><div class=\"slideshow_view\">\r\n\t\t\t\t<div class=\"slideshow_slide slideshow_slide_image\">\r\n\t\t\t\t\t\t\t\t\t\t\t<img src=\"https:\/\/agora.xtec.cat\/escolasantpau\/wp-content\/uploads\/usu204\/2016\/07\/thumb_IMG_0962_1024.jpg\" alt=\"thumb_IMG_0962_1024\" width=\"1024\" height=\"768\" \/>\r\n\t\t\t\t\t\t\t\t\t\t<div class=\"slideshow_description_box slideshow_transparent\">\r\n\t\t\t\t\t\t<div class=\"slideshow_title\">thumb_IMG_0962_1024<\/div>\t\t\t\t\t\t\t\t\t\t\t<\/div>\r\n\t\t\t\t<\/div>\r\n\r\n\t\t\t\t\t\t<div style=\"clear: both;\"><\/div><\/div><div class=\"slideshow_view\">\r\n\t\t\t\t<div class=\"slideshow_slide slideshow_slide_image\">\r\n\t\t\t\t\t\t\t\t\t\t\t<img src=\"https:\/\/agora.xtec.cat\/escolasantpau\/wp-content\/uploads\/usu204\/2016\/07\/thumb_IMG_0961_1024.jpg\" alt=\"thumb_IMG_0961_1024\" width=\"768\" height=\"1024\" \/>\r\n\t\t\t\t\t\t\t\t\t\t<div class=\"slideshow_description_box slideshow_transparent\">\r\n\t\t\t\t\t\t<div class=\"slideshow_title\">thumb_IMG_0961_1024<\/div>\t\t\t\t\t\t\t\t\t\t\t<\/div>\r\n\t\t\t\t<\/div>\r\n\r\n\t\t\t\t\t\t<div style=\"clear: both;\"><\/div><\/div><div class=\"slideshow_view\">\r\n\t\t\t\t<div class=\"slideshow_slide slideshow_slide_image\">\r\n\t\t\t\t\t\t\t\t\t\t\t<img src=\"https:\/\/agora.xtec.cat\/escolasantpau\/wp-content\/uploads\/usu204\/2016\/07\/IMG_0986.jpg\" alt=\"IMG_0986\" width=\"4032\" height=\"3024\" \/>\r\n\t\t\t\t\t\t\t\t\t\t<div class=\"slideshow_description_box slideshow_transparent\">\r\n\t\t\t\t\t\t<div class=\"slideshow_title\">IMG_0986<\/div>\t\t\t\t\t\t\t\t\t\t\t<\/div>\r\n\t\t\t\t<\/div>\r\n\r\n\t\t\t\t\t\t<div style=\"clear: both;\"><\/div><\/div>\r\n\t\t<\/div>\r\n\r\n\t\t<div class=\"slideshow_controlPanel slideshow_transparent\" style=\"display: none;\"><ul><li class=\"slideshow_togglePlay\" data-play-text=\"Visualitza\" data-pause-text=\"Pausa\"><\/li><\/ul><\/div>\r\n\r\n\t\t<div class=\"slideshow_button slideshow_previous slideshow_transparent\" role=\"button\" data-previous-text=\"Anterior\" style=\"display: none;\"><\/div>\r\n\t\t<div class=\"slideshow_button slideshow_next slideshow_transparent\" role=\"button\" data-next-text=\"Seg\u00fcent\" style=\"display: none;\"><\/div>\r\n\r\n\t\t<div class=\"slideshow_pagination\" style=\"display: none;\" data-go-to-text=\"V\u00e9s a la diapositiva\"><div class=\"slideshow_pagination_center\"><\/div><\/div>\r\n\r\n\t\t<!-- WordPress Slideshow Version 2.3.1 -->\r\n\r\n\t\t\t<\/div>\r\n\r\n\n<p style=\"text-align: justify;\">\n<p style=\"text-align: justify;\">Des de fa m\u00e9s de sis anys, el centre organitza aquesta activitat cooperativa per tal de promoure el gust per la lectura. Es tracta d&#8217;una proposta que a part d&#8217;oferir un context significatiu per l&#8217;aprenentatge de la lectura, mira de fomentar els lligams afectius entre padrins i fillols de diferents edats i cursos escolars.<\/p>\n<p style=\"text-align: justify;\">Els alumnes m\u00e9s grans fan el rol de &#8220;padrins de lectura&#8221; i adquireixen el comprom\u00eds de vetllar per la millora lectora del seu fillol. Entre d&#8217;altres coses, s&#8217;encarreguen de seleccionar lectures adequades, donar eines i estrat\u00e8gies per millorar l&#8217;habilitat lectora dels fillols <span lang=\"CA\">(mec\u00e0nica, ritme i entonaci\u00f3), preparar activitats per treballar la comprensi\u00f3 lectora&#8230; En definitiva, els ajuden a millorar la compet\u00e8ncia lectora a la vegada que els engresca a llegir.<br \/>\n<\/span><\/p>\n","protected":false},"excerpt":{"rendered":"<p>\t\t\t\t\t\tIMG_1846\t\t\t\t\t\t\t\t\t\t\t<\/p>\n<p>\t\t\t\t\t\tIMG_1362\t\t\t\t\t\t\t\t\t\t\t<\/p>\n<p>\t\t\t\t\t\tUntitled 4\t\t\t\t\t\t\t\t\t\t\t<\/p>\n<p>\t\t\t\t\t\tthumb_IMG_0978_1024\t\t\t\t\t\t\t\t\t\t\t<\/p>\n<p>\t\t\t\t\t\tthumb_IMG_0974_1024\t\t\t\t\t\t\t\t\t\t\t<\/p>\n<p>\t\t\t\t\t\tthumb_IMG_0962_1024\t\t\t\t\t\t\t\t\t\t\t<\/p>\n<p>\t\t\t\t\t\tthumb_IMG_0961_1024\t\t\t\t\t\t\t\t\t\t\t<\/p>\n<p>\t\t\t\t\t\tIMG_0986\t\t\t\t\t\t\t\t\t\t\t<\/p>\n<ul>\n<li class=\"slideshow_togglePlay\" data-play-text=\"Visualitza\" data-pause-text=\"Pausa\"><\/li>\n<\/ul>\n<p>Des de fa m\u00e9s de sis anys, el centre organitza aquesta activitat cooperativa per tal de promoure el gust per la lectura. Es tracta d&#8217;una proposta que a part d&#8217;oferir un context significatiu per l&#8217;aprenentatge de la lectura, mira de fomentar&hellip;  <a href=\"https:\/\/agora.xtec.cat\/escolasantpau\/els-nostres-projectes\/apadrinament-lector\/\" title=\"Read Apadrinament lector\">Llegeix m\u00e9s\u00bb<\/a><\/p>\n","protected":false},"author":1,"featured_media":0,"parent":502,"menu_order":5,"comment_status":"closed","ping_status":"closed","template":"page-templates\/side-menu.php","meta":{"_bbp_topic_count":0,"_bbp_reply_count":0,"_bbp_total_topic_count":0,"_bbp_total_reply_count":0,"_bbp_voice_count":0,"_bbp_anonymous_reply_count":0,"_bbp_topic_count_hidden":0,"_bbp_reply_count_hidden":0,"_bbp_forum_subforum_count":0,"footnotes":""},"class_list":["post-669","page","type-page","status-publish","hentry"],"post_mailing_queue_ids":[],"_links":{"self":[{"href":"https:\/\/agora.xtec.cat\/escolasantpau\/wp-json\/wp\/v2\/pages\/669","targetHints":{"allow":["GET"]}}],"collection":[{"href":"https:\/\/agora.xtec.cat\/escolasantpau\/wp-json\/wp\/v2\/pages"}],"about":[{"href":"https:\/\/agora.xtec.cat\/escolasantpau\/wp-json\/wp\/v2\/types\/page"}],"author":[{"embeddable":true,"href":"https:\/\/agora.xtec.cat\/escolasantpau\/wp-json\/wp\/v2\/users\/1"}],"replies":[{"embeddable":true,"href":"https:\/\/agora.xtec.cat\/escolasantpau\/wp-json\/wp\/v2\/comments?post=669"}],"version-history":[{"count":3,"href":"https:\/\/agora.xtec.cat\/escolasantpau\/wp-json\/wp\/v2\/pages\/669\/revisions"}],"predecessor-version":[{"id":869,"href":"https:\/\/agora.xtec.cat\/escolasantpau\/wp-json\/wp\/v2\/pages\/669\/revisions\/869"}],"up":[{"embeddable":true,"href":"https:\/\/agora.xtec.cat\/escolasantpau\/wp-json\/wp\/v2\/pages\/502"}],"wp:attachment":[{"href":"https:\/\/agora.xtec.cat\/escolasantpau\/wp-json\/wp\/v2\/media?parent=669"}],"curies":[{"name":"wp","href":"https:\/\/api.w.org\/{rel}","templated":true}]}}