{"id":661,"date":"2016-07-11T15:36:52","date_gmt":"2016-07-11T14:36:52","guid":{"rendered":"http:\/\/agora.xtec.cat\/escolasantpau\/?page_id=661"},"modified":"2024-10-08T00:28:26","modified_gmt":"2024-10-07T22:28:26","slug":"consell-escolar","status":"publish","type":"page","link":"https:\/\/agora.xtec.cat\/escolasantpau\/lanostraescola\/consell-escolar\/","title":{"rendered":"Consell Escolar"},"content":{"rendered":"<div class=\"wpb_text_column wpb_content_element \">\n<div class=\"wpb_wrapper\">\n<p>El Consell Escolar \u00e9s l\u2019\u00f2rgan col\u00b7legiat de participaci\u00f3 de la comunitat escolar en el govern dels centres.<\/p>\n<p>En el consell escolar hi ha representats tots els col\u00b7lectius que intervenen en la comunitat educativa: director o directora, professorat, alumnes, personal d&#8217;administraci\u00f3 i serveis, etc.<\/p>\n<p>En els centres p\u00fablics, la funci\u00f3 principal del consell escolar \u00e9s participar en la presa de decisions en relaci\u00f3 amb aquells temes importants per al funcionament i l&#8217;organitzaci\u00f3 del centre: el projecte educatiu, la programaci\u00f3 general, la gesti\u00f3 econ\u00f2mica, etc.<\/p>\n<p>Els membres del consell escolar s\u00f3n elegits per un per\u00edode de quatre anys i es renoven per meitats cada dos anys.<\/p>\n<p>Actualment, el Consell Escolar de l&#8217;Escola Sant Pau est\u00e0 compost per:<\/p>\n<ul>\n<li><strong>Presidenta: <\/strong>Conxi Bl\u00e0nquez<strong><br \/>\n<\/strong><\/li>\n<li><strong>Cap d\u2019estudis: <\/strong>Jenny Delgado<strong><img loading=\"lazy\" decoding=\"async\" class=\"alignright wp-image-6387\" style=\"font-weight: 400;\" src=\"https:\/\/agora.xtec.cat\/escolasantpau\/wp-content\/uploads\/usu204\/2022\/06\/raised-hands.jpg\" alt=\"\" width=\"532\" height=\"333\" srcset=\"https:\/\/agora.xtec.cat\/escolasantpau\/wp-content\/uploads\/usu204\/2022\/06\/raised-hands.jpg 1920w, https:\/\/agora.xtec.cat\/escolasantpau\/wp-content\/uploads\/usu204\/2022\/06\/raised-hands-300x188.jpg 300w, https:\/\/agora.xtec.cat\/escolasantpau\/wp-content\/uploads\/usu204\/2022\/06\/raised-hands-1024x641.jpg 1024w, https:\/\/agora.xtec.cat\/escolasantpau\/wp-content\/uploads\/usu204\/2022\/06\/raised-hands-768x480.jpg 768w, https:\/\/agora.xtec.cat\/escolasantpau\/wp-content\/uploads\/usu204\/2022\/06\/raised-hands-1536x961.jpg 1536w\" sizes=\"auto, (max-width: 532px) 100vw, 532px\" \/><\/strong><\/li>\n<li><strong>Secret\u00e0ria (amb veu i sense vot): <\/strong>Marta Llobet<\/li>\n<li><strong>Representant Ajuntament: <\/strong>Marta Rom\u00e0<strong><br \/>\n<\/strong><\/li>\n<li><strong>Representants mestres:\u00a0<\/strong> Elisabet Dotras, Montserrat Font, Clara Fontbona, Marc G\u00f3mez, \u00c1ngels Nadal i Marta S\u00e1nchez<strong><br \/>\n<\/strong><\/li>\n<li><strong>Representants fam\u00edlies:\u00a0<\/strong>Jordi Biosca, Arnau Pou, Anna Portell, Cristina Ribas i Lorena S\u00e1nchez. <strong><br \/>\n<\/strong><\/li>\n<li><strong>Representant AFA: <\/strong>Anna Rovira<\/li>\n<li><strong>P. A.S (personal laboral d&#8217;administraci\u00f3 i serveis): <\/strong>Maria Engracia Lucena<\/li>\n<\/ul>\n<p><a href=\"https:\/\/docs.google.com\/document\/d\/1RGBs2VHPJWzrEKuNZOpsE0PrO7tm9AhIH8swGwbSgZ4\/edit?usp=sharing\"><strong>ACORDS DE LES REUNIONS DEL CONSELL ESCOLAR <\/strong><\/a><\/p>\n<p><a href=\"https:\/\/drive.google.com\/file\/d\/1Ss1MX6ymry-yQq14bl3N3SbCFuMAmswQ\/view?usp=drive_link\" target=\"_blank\" rel=\"noopener\"><strong>ACORDS DE LES REUNIONS DEL CONSELL ESCOLAR DEL CURS 22-23<\/strong><\/a><\/p>\n<p><strong><a href=\"https:\/\/drive.google.com\/file\/d\/1dgKeiKJB7LlP9TwHrKLpmiBp4tE5Nr4J\/view?usp=sharing\" target=\"_blank\" rel=\"noopener\">ACORDS DE LES REUNIONS DEL CONSELL ESCOLAR DEL CURS 23-24<\/a><\/strong><\/p>\n<\/div>\n<\/div>\n","protected":false},"excerpt":{"rendered":"<p>El Consell Escolar \u00e9s l\u2019\u00f2rgan col\u00b7legiat de participaci\u00f3 de la comunitat escolar en el govern dels centres.<br \/>\nEn el consell escolar hi ha representats tots els col\u00b7lectius que intervenen en la comunitat educativa: director o directora, professorat, alumnes, personal d&#8217;administraci\u00f3 i serveis, etc.<br \/>\nEn els centres p\u00fablics,&hellip;  <a href=\"https:\/\/agora.xtec.cat\/escolasantpau\/lanostraescola\/consell-escolar\/\" title=\"Read Consell Escolar\">Llegeix m\u00e9s\u00bb<\/a><\/p>\n","protected":false},"author":1,"featured_media":0,"parent":64,"menu_order":6,"comment_status":"closed","ping_status":"closed","template":"page-templates\/side-menu.php","meta":{"_bbp_topic_count":0,"_bbp_reply_count":0,"_bbp_total_topic_count":0,"_bbp_total_reply_count":0,"_bbp_voice_count":0,"_bbp_anonymous_reply_count":0,"_bbp_topic_count_hidden":0,"_bbp_reply_count_hidden":0,"_bbp_forum_subforum_count":0,"footnotes":""},"class_list":["post-661","page","type-page","status-publish","hentry"],"post_mailing_queue_ids":[],"_links":{"self":[{"href":"https:\/\/agora.xtec.cat\/escolasantpau\/wp-json\/wp\/v2\/pages\/661","targetHints":{"allow":["GET"]}}],"collection":[{"href":"https:\/\/agora.xtec.cat\/escolasantpau\/wp-json\/wp\/v2\/pages"}],"about":[{"href":"https:\/\/agora.xtec.cat\/escolasantpau\/wp-json\/wp\/v2\/types\/page"}],"author":[{"embeddable":true,"href":"https:\/\/agora.xtec.cat\/escolasantpau\/wp-json\/wp\/v2\/users\/1"}],"replies":[{"embeddable":true,"href":"https:\/\/agora.xtec.cat\/escolasantpau\/wp-json\/wp\/v2\/comments?post=661"}],"version-history":[{"count":6,"href":"https:\/\/agora.xtec.cat\/escolasantpau\/wp-json\/wp\/v2\/pages\/661\/revisions"}],"predecessor-version":[{"id":8017,"href":"https:\/\/agora.xtec.cat\/escolasantpau\/wp-json\/wp\/v2\/pages\/661\/revisions\/8017"}],"up":[{"embeddable":true,"href":"https:\/\/agora.xtec.cat\/escolasantpau\/wp-json\/wp\/v2\/pages\/64"}],"wp:attachment":[{"href":"https:\/\/agora.xtec.cat\/escolasantpau\/wp-json\/wp\/v2\/media?parent=661"}],"curies":[{"name":"wp","href":"https:\/\/api.w.org\/{rel}","templated":true}]}}