{"id":511,"date":"2016-07-06T21:42:11","date_gmt":"2016-07-06T20:42:11","guid":{"rendered":"http:\/\/agora.xtec.cat\/escolasantpau\/?page_id=511"},"modified":"2016-07-13T20:56:44","modified_gmt":"2016-07-13T19:56:44","slug":"revista-escolar-la-finestra","status":"publish","type":"page","link":"https:\/\/agora.xtec.cat\/escolasantpau\/revista-escolar-la-finestra\/","title":{"rendered":"Revista escolar &#8220;La Finestra&#8221;"},"content":{"rendered":"<p>&nbsp;<\/p>\n<p style=\"text-align: justify;\">Amb el desig d&#8217;informar-vos de tot el que passa a l&#8217;escola, de mantenir oberta una <strong>Finestr@<\/strong> a totes les vostres llars, s&#8217;elabora la revista de centre, una eina de comunicaci\u00f3 i d&#8217;intercanvi que afavoreix l&#8217;esperit de perman\u00e8ncia al col\u00b7lectiu escolar, a la identitat col\u00b7lectiva del centre.<img loading=\"lazy\" decoding=\"async\" class=\"alignright wp-image-651\" src=\"http:\/\/agora.xtec.cat\/escolasantpau\/wp-content\/uploads\/usu204\/2016\/07\/image-5-300x225.jpeg\" alt=\"image\" width=\"420\" height=\"315\" srcset=\"https:\/\/agora.xtec.cat\/escolasantpau\/wp-content\/uploads\/usu204\/2016\/07\/image-5-300x225.jpeg 300w, https:\/\/agora.xtec.cat\/escolasantpau\/wp-content\/uploads\/usu204\/2016\/07\/image-5-768x576.jpeg 768w, https:\/\/agora.xtec.cat\/escolasantpau\/wp-content\/uploads\/usu204\/2016\/07\/image-5-1024x768.jpeg 1024w, https:\/\/agora.xtec.cat\/escolasantpau\/wp-content\/uploads\/usu204\/2016\/07\/image-5-200x150.jpeg 200w, https:\/\/agora.xtec.cat\/escolasantpau\/wp-content\/uploads\/usu204\/2016\/07\/image-5.jpeg 1280w\" sizes=\"auto, (max-width: 420px) 100vw, 420px\" \/><\/p>\n<p style=\"text-align: justify;\">Els primers exemplars de la nostra revista van fer-se gr\u00e0cies a un aparell molt antic anomenat &#8220;<a href=\"https:\/\/ca.wikipedia.org\/wiki\/Ciclostil\" target=\"_blank\">ciclostil<\/a>&#8221; que funcionava a mode de petita impremta on despr\u00e9s de gravar uns clix\u00e9s i d&#8217;entintar-los, cre\u00e0vem una modesta revista il\u00b7lustrada per dibuixos fets pels nens i nenes de l&#8217;escola.<\/p>\n<p style=\"text-align: justify;\">La segona \u00e8poca de <strong>La Finestr@ <\/strong>es maquetava de forma professional a una impremta.<\/p>\n<p style=\"text-align: justify;\">Des del gener de 2011, la revista es publica en format digital i es distribueix a trav\u00e9s dels entorns digitals de l&#8217;escola:\u00a0 blocs i web del centre.<\/p>\n<p style=\"text-align: justify;\">En aquest espai hi trobareu els diferents n\u00fameros de la revista escolar en versi\u00f3 digital, comen\u00e7ant per la primera edici\u00f3 en aquest format, el n\u00famero 32. Es tracta d&#8217;un recull d&#8217;experi\u00e8ncies i activitats; celebracions, projectes, sortides, xerrades, etc. m\u00e9s significatives dels vostres fills i filles i de tota la comunitat educativa que volem compartit amb vosaltres.<\/p>\n<div class=\"container\" style=\"text-align: justify;\">\n<div class=\"post-entry post-entry-type-page post-entry-2894\">\n<div class=\"entry-content-wrapper clearfix\">\n<div class=\"flex_column av_three_fourth flex_column_div first avia-builder-el-0 el_before_av_one_fourth avia-builder-el-first \"><br class=\"av_textblock_section\" \/><\/p>\n<section class=\"av_textblock_section\">\n<table>\n<tbody>\n<tr>\n<td style=\"text-align: center;\"><a href=\"https:\/\/issuu.com\/santpau\/docs\/gener_2011def\" target=\"_blank\"><img loading=\"lazy\" decoding=\"async\" class=\"aligncenter wp-image-754\" src=\"http:\/\/agora.xtec.cat\/escolasantpau\/wp-content\/uploads\/usu204\/2016\/07\/finestra-32.jpg\" alt=\"finestra 32\" width=\"172\" height=\"249\" srcset=\"https:\/\/agora.xtec.cat\/escolasantpau\/wp-content\/uploads\/usu204\/2016\/07\/finestra-32.jpg 540w, https:\/\/agora.xtec.cat\/escolasantpau\/wp-content\/uploads\/usu204\/2016\/07\/finestra-32-207x300.jpg 207w\" sizes=\"auto, (max-width: 172px) 100vw, 172px\" \/><\/a>\u00a0 <strong>N\u00famero 32<\/strong><\/td>\n<td style=\"text-align: center;\"><a href=\"https:\/\/issuu.com\/santpau\/docs\/abril2011def\" target=\"_blank\"><img loading=\"lazy\" decoding=\"async\" class=\"wp-image-728 aligncenter\" src=\"http:\/\/agora.xtec.cat\/escolasantpau\/wp-content\/uploads\/usu204\/2016\/07\/page_1-724x1024.jpg\" alt=\"page_1\" width=\"176\" height=\"249\" srcset=\"https:\/\/agora.xtec.cat\/escolasantpau\/wp-content\/uploads\/usu204\/2016\/07\/page_1-724x1024.jpg 724w, https:\/\/agora.xtec.cat\/escolasantpau\/wp-content\/uploads\/usu204\/2016\/07\/page_1-212x300.jpg 212w, https:\/\/agora.xtec.cat\/escolasantpau\/wp-content\/uploads\/usu204\/2016\/07\/page_1-768x1087.jpg 768w, https:\/\/agora.xtec.cat\/escolasantpau\/wp-content\/uploads\/usu204\/2016\/07\/page_1.jpg 1060w\" sizes=\"auto, (max-width: 176px) 100vw, 176px\" \/><\/a><strong>N\u00famero 33<\/strong><\/td>\n<td>\n<p style=\"text-align: center;\">\u00a0<a href=\"https:\/\/issuu.com\/santpau\/docs\/la_finestra_d_estiu_2011\" target=\"_blank\"><img loading=\"lazy\" decoding=\"async\" class=\"wp-image-731 aligncenter\" src=\"http:\/\/agora.xtec.cat\/escolasantpau\/wp-content\/uploads\/usu204\/2016\/07\/finestra.jpg\" alt=\"finestra\" width=\"176\" height=\"249\" srcset=\"https:\/\/agora.xtec.cat\/escolasantpau\/wp-content\/uploads\/usu204\/2016\/07\/finestra.jpg 597w, https:\/\/agora.xtec.cat\/escolasantpau\/wp-content\/uploads\/usu204\/2016\/07\/finestra-212x300.jpg 212w\" sizes=\"auto, (max-width: 176px) 100vw, 176px\" \/><\/a><strong>N\u00famero 34<\/strong><\/p>\n<\/td>\n<\/tr>\n<tr>\n<td style=\"text-align: center;\"><a href=\"https:\/\/issuu.com\/santpau\/docs\/la_finestradesembre2011_1_\" target=\"_blank\"><img loading=\"lazy\" decoding=\"async\" class=\"aligncenter wp-image-765\" src=\"http:\/\/agora.xtec.cat\/escolasantpau\/wp-content\/uploads\/usu204\/2016\/07\/finestra-35-copy.jpg\" alt=\"finestra 35 copy\" width=\"176\" height=\"251\" srcset=\"https:\/\/agora.xtec.cat\/escolasantpau\/wp-content\/uploads\/usu204\/2016\/07\/finestra-35-copy.jpg 522w, https:\/\/agora.xtec.cat\/escolasantpau\/wp-content\/uploads\/usu204\/2016\/07\/finestra-35-copy-211x300.jpg 211w\" sizes=\"auto, (max-width: 176px) 100vw, 176px\" \/><\/a>\u00a0<strong>N\u00famero 35<\/strong><\/td>\n<td style=\"text-align: center;\"><a href=\"https:\/\/issuu.com\/santpau\/docs\/la_finestra_d_abril_2012\" target=\"_blank\"><img loading=\"lazy\" decoding=\"async\" class=\"aligncenter wp-image-735\" src=\"http:\/\/agora.xtec.cat\/escolasantpau\/wp-content\/uploads\/usu204\/2016\/07\/page_1_thumb_large-2.jpg\" alt=\"page_1_thumb_large\" width=\"176\" height=\"249\" srcset=\"https:\/\/agora.xtec.cat\/escolasantpau\/wp-content\/uploads\/usu204\/2016\/07\/page_1_thumb_large-2.jpg 320w, https:\/\/agora.xtec.cat\/escolasantpau\/wp-content\/uploads\/usu204\/2016\/07\/page_1_thumb_large-2-212x300.jpg 212w\" sizes=\"auto, (max-width: 176px) 100vw, 176px\" \/><\/a><strong>N\u00famero 36<\/strong><\/td>\n<td style=\"text-align: center;\"><a href=\"https:\/\/issuu.com\/santpau\/docs\/revista_juny_2012\" target=\"_blank\"><img loading=\"lazy\" decoding=\"async\" class=\"aligncenter wp-image-737\" src=\"http:\/\/agora.xtec.cat\/escolasantpau\/wp-content\/uploads\/usu204\/2016\/07\/page_1-1-724x1024.jpg\" alt=\"page_1\" width=\"176\" height=\"249\" srcset=\"https:\/\/agora.xtec.cat\/escolasantpau\/wp-content\/uploads\/usu204\/2016\/07\/page_1-1-724x1024.jpg 724w, https:\/\/agora.xtec.cat\/escolasantpau\/wp-content\/uploads\/usu204\/2016\/07\/page_1-1-212x300.jpg 212w, https:\/\/agora.xtec.cat\/escolasantpau\/wp-content\/uploads\/usu204\/2016\/07\/page_1-1-768x1087.jpg 768w, https:\/\/agora.xtec.cat\/escolasantpau\/wp-content\/uploads\/usu204\/2016\/07\/page_1-1.jpg 1060w\" sizes=\"auto, (max-width: 176px) 100vw, 176px\" \/><\/a><strong>N\u00famero 37<\/strong><\/td>\n<\/tr>\n<tr>\n<td style=\"text-align: center;\"><a href=\"https:\/\/issuu.com\/santpau\/docs\/la_finestra_desembre2012\" target=\"_blank\"><img loading=\"lazy\" decoding=\"async\" class=\"aligncenter wp-image-741\" src=\"http:\/\/agora.xtec.cat\/escolasantpau\/wp-content\/uploads\/usu204\/2016\/07\/page_1_thumb_large-3.jpg\" alt=\"page_1_thumb_large\" width=\"176\" height=\"249\" srcset=\"https:\/\/agora.xtec.cat\/escolasantpau\/wp-content\/uploads\/usu204\/2016\/07\/page_1_thumb_large-3.jpg 320w, https:\/\/agora.xtec.cat\/escolasantpau\/wp-content\/uploads\/usu204\/2016\/07\/page_1_thumb_large-3-212x300.jpg 212w\" sizes=\"auto, (max-width: 176px) 100vw, 176px\" \/><\/a><strong>N\u00famero 38<\/strong><\/td>\n<td style=\"text-align: center;\"><a href=\"https:\/\/issuu.com\/santpau\/docs\/portafoli13\" target=\"_blank\"><img loading=\"lazy\" decoding=\"async\" class=\"aligncenter wp-image-742\" src=\"http:\/\/agora.xtec.cat\/escolasantpau\/wp-content\/uploads\/usu204\/2016\/07\/Finestra-39.jpg\" alt=\"Finestra 39\" width=\"176\" height=\"249\" srcset=\"https:\/\/agora.xtec.cat\/escolasantpau\/wp-content\/uploads\/usu204\/2016\/07\/Finestra-39.jpg 666w, https:\/\/agora.xtec.cat\/escolasantpau\/wp-content\/uploads\/usu204\/2016\/07\/Finestra-39-212x300.jpg 212w\" sizes=\"auto, (max-width: 176px) 100vw, 176px\" \/><\/a><strong>N\u00famero 39<\/strong><\/td>\n<td style=\"text-align: center;\"><a href=\"https:\/\/issuu.com\/santpau\/docs\/mar__2013\" target=\"_blank\"><img loading=\"lazy\" decoding=\"async\" class=\"aligncenter wp-image-744\" src=\"http:\/\/agora.xtec.cat\/escolasantpau\/wp-content\/uploads\/usu204\/2016\/07\/Finestra-40.jpg\" alt=\"Finestra 40\" width=\"176\" height=\"249\" srcset=\"https:\/\/agora.xtec.cat\/escolasantpau\/wp-content\/uploads\/usu204\/2016\/07\/Finestra-40.jpg 668w, https:\/\/agora.xtec.cat\/escolasantpau\/wp-content\/uploads\/usu204\/2016\/07\/Finestra-40-212x300.jpg 212w\" sizes=\"auto, (max-width: 176px) 100vw, 176px\" \/><\/a><strong>N\u00famero 40<\/strong><\/td>\n<\/tr>\n<tr>\n<td style=\"text-align: center;\"><a href=\"https:\/\/issuu.com\/santpau\/docs\/la_finestra_juny_2013\" target=\"_blank\"><img loading=\"lazy\" decoding=\"async\" class=\"aligncenter wp-image-745\" src=\"http:\/\/agora.xtec.cat\/escolasantpau\/wp-content\/uploads\/usu204\/2016\/07\/page_1-2-724x1024.jpg\" alt=\"page_1\" width=\"176\" height=\"249\" srcset=\"https:\/\/agora.xtec.cat\/escolasantpau\/wp-content\/uploads\/usu204\/2016\/07\/page_1-2-724x1024.jpg 724w, https:\/\/agora.xtec.cat\/escolasantpau\/wp-content\/uploads\/usu204\/2016\/07\/page_1-2-212x300.jpg 212w, https:\/\/agora.xtec.cat\/escolasantpau\/wp-content\/uploads\/usu204\/2016\/07\/page_1-2-768x1087.jpg 768w, https:\/\/agora.xtec.cat\/escolasantpau\/wp-content\/uploads\/usu204\/2016\/07\/page_1-2.jpg 1058w\" sizes=\"auto, (max-width: 176px) 100vw, 176px\" \/><\/a><strong>N\u00famero 41<\/strong><\/td>\n<td style=\"text-align: center;\"><a href=\"https:\/\/issuu.com\/santpau\/docs\/finestrasetembre2013\" target=\"_blank\"><img loading=\"lazy\" decoding=\"async\" class=\"aligncenter wp-image-747\" src=\"http:\/\/agora.xtec.cat\/escolasantpau\/wp-content\/uploads\/usu204\/2016\/07\/finestra-42.jpg\" alt=\"finestra 42\" width=\"176\" height=\"249\" srcset=\"https:\/\/agora.xtec.cat\/escolasantpau\/wp-content\/uploads\/usu204\/2016\/07\/finestra-42.jpg 669w, https:\/\/agora.xtec.cat\/escolasantpau\/wp-content\/uploads\/usu204\/2016\/07\/finestra-42-212x300.jpg 212w\" sizes=\"auto, (max-width: 176px) 100vw, 176px\" \/><\/a><strong>N\u00famero 42<\/strong><\/td>\n<td style=\"text-align: center;\"><a href=\"https:\/\/issuu.com\/santpau\/docs\/la_finestra_41_-_carnestoltes_2014\" target=\"_blank\"><img loading=\"lazy\" decoding=\"async\" class=\"aligncenter wp-image-749\" src=\"http:\/\/agora.xtec.cat\/escolasantpau\/wp-content\/uploads\/usu204\/2016\/07\/finestra-41.jpg\" alt=\"finestra 41\" width=\"176\" height=\"250\" srcset=\"https:\/\/agora.xtec.cat\/escolasantpau\/wp-content\/uploads\/usu204\/2016\/07\/finestra-41.jpg 667w, https:\/\/agora.xtec.cat\/escolasantpau\/wp-content\/uploads\/usu204\/2016\/07\/finestra-41-212x300.jpg 212w\" sizes=\"auto, (max-width: 176px) 100vw, 176px\" \/><\/a><strong>N\u00famero 43<\/strong><\/td>\n<\/tr>\n<tr>\n<td><\/td>\n<td style=\"text-align: center;\"><a href=\"https:\/\/issuu.com\/santpau\/docs\/la_finestrasetembre2014\" target=\"_blank\"><img loading=\"lazy\" decoding=\"async\" class=\"aligncenter wp-image-758\" src=\"http:\/\/agora.xtec.cat\/escolasantpau\/wp-content\/uploads\/usu204\/2016\/07\/finestra-45.jpg\" alt=\"finestra 45\" width=\"176\" height=\"250\" srcset=\"https:\/\/agora.xtec.cat\/escolasantpau\/wp-content\/uploads\/usu204\/2016\/07\/finestra-45.jpg 655w, https:\/\/agora.xtec.cat\/escolasantpau\/wp-content\/uploads\/usu204\/2016\/07\/finestra-45-212x300.jpg 212w\" sizes=\"auto, (max-width: 176px) 100vw, 176px\" \/><\/a>\u00a0<strong>N\u00famero 45<\/strong><\/td>\n<td>\n<p style=\"text-align: center;\">\u00a0<a href=\"https:\/\/issuu.com\/santpau\/docs\/la_finestradesembre2014\" target=\"_blank\"><img loading=\"lazy\" decoding=\"async\" class=\"aligncenter wp-image-757\" src=\"http:\/\/agora.xtec.cat\/escolasantpau\/wp-content\/uploads\/usu204\/2016\/07\/finestra-46-copy.jpg\" alt=\"finestra 46 copy\" width=\"176\" height=\"249\" srcset=\"https:\/\/agora.xtec.cat\/escolasantpau\/wp-content\/uploads\/usu204\/2016\/07\/finestra-46-copy.jpg 656w, https:\/\/agora.xtec.cat\/escolasantpau\/wp-content\/uploads\/usu204\/2016\/07\/finestra-46-copy-212x300.jpg 212w\" sizes=\"auto, (max-width: 176px) 100vw, 176px\" \/><\/a><strong>N\u00famero 46<\/strong><\/p>\n<\/td>\n<\/tr>\n<tr>\n<td style=\"text-align: center;\">\u00a0<a href=\"https:\/\/issuu.com\/valdelaguna\/docs\/finestragener2015_eperimentaci__\" target=\"_blank\"><img loading=\"lazy\" decoding=\"async\" class=\"aligncenter wp-image-761\" src=\"http:\/\/agora.xtec.cat\/escolasantpau\/wp-content\/uploads\/usu204\/2016\/07\/page_1-1-1-724x1024.jpg\" alt=\"page_1-1\" width=\"178\" height=\"252\" srcset=\"https:\/\/agora.xtec.cat\/escolasantpau\/wp-content\/uploads\/usu204\/2016\/07\/page_1-1-1-724x1024.jpg 724w, https:\/\/agora.xtec.cat\/escolasantpau\/wp-content\/uploads\/usu204\/2016\/07\/page_1-1-1-212x300.jpg 212w, https:\/\/agora.xtec.cat\/escolasantpau\/wp-content\/uploads\/usu204\/2016\/07\/page_1-1-1-768x1087.jpg 768w, https:\/\/agora.xtec.cat\/escolasantpau\/wp-content\/uploads\/usu204\/2016\/07\/page_1-1-1.jpg 1058w\" sizes=\"auto, (max-width: 178px) 100vw, 178px\" \/><\/a><strong>N\u00famero 47<\/strong><\/td>\n<td style=\"text-align: center;\"><a href=\"https:\/\/issuu.com\/valdelaguna\/docs\/la_finestra_mar___2015_def\" target=\"_blank\"><img loading=\"lazy\" decoding=\"async\" class=\"aligncenter wp-image-762\" src=\"http:\/\/agora.xtec.cat\/escolasantpau\/wp-content\/uploads\/usu204\/2016\/07\/page_1-3-791x1024.jpg\" alt=\"page_1\" width=\"193\" height=\"250\" srcset=\"https:\/\/agora.xtec.cat\/escolasantpau\/wp-content\/uploads\/usu204\/2016\/07\/page_1-3-791x1024.jpg 791w, https:\/\/agora.xtec.cat\/escolasantpau\/wp-content\/uploads\/usu204\/2016\/07\/page_1-3-232x300.jpg 232w, https:\/\/agora.xtec.cat\/escolasantpau\/wp-content\/uploads\/usu204\/2016\/07\/page_1-3-768x994.jpg 768w, https:\/\/agora.xtec.cat\/escolasantpau\/wp-content\/uploads\/usu204\/2016\/07\/page_1-3.jpg 1156w\" sizes=\"auto, (max-width: 193px) 100vw, 193px\" \/><\/a><strong>N\u00famero 48<\/strong><\/td>\n<td><\/td>\n<\/tr>\n<\/tbody>\n<\/table>\n<\/section>\n<\/div>\n<\/div>\n<\/div>\n<\/div>\n<p style=\"text-align: center;\"><a href=\"https:\/\/issuu.com\/santpau\" target=\"_blank\">https:\/\/issuu.com\/santpau<\/a><\/p>\n<p>&nbsp;<\/p>\n","protected":false},"excerpt":{"rendered":"<p>&nbsp;<br \/>\nAmb el desig d&#8217;informar-vos de tot el que passa a l&#8217;escola, de mantenir oberta una Finestr@ a totes les vostres llars, s&#8217;elabora la revista de centre, una eina de comunicaci\u00f3 i d&#8217;intercanvi que afavoreix l&#8217;esperit de perman\u00e8ncia al col\u00b7lectiu escolar, a la identitat col\u00b7lectiva del&hellip;  <a href=\"https:\/\/agora.xtec.cat\/escolasantpau\/revista-escolar-la-finestra\/\" title=\"Read Revista escolar &#8220;La Finestra&#8221;\">Llegeix m\u00e9s\u00bb<\/a><\/p>\n","protected":false},"author":1,"featured_media":0,"parent":0,"menu_order":0,"comment_status":"closed","ping_status":"closed","template":"page-templates\/side-menu.php","meta":{"_bbp_topic_count":0,"_bbp_reply_count":0,"_bbp_total_topic_count":0,"_bbp_total_reply_count":0,"_bbp_voice_count":0,"_bbp_anonymous_reply_count":0,"_bbp_topic_count_hidden":0,"_bbp_reply_count_hidden":0,"_bbp_forum_subforum_count":0,"footnotes":""},"class_list":["post-511","page","type-page","status-publish","hentry"],"post_mailing_queue_ids":[],"_links":{"self":[{"href":"https:\/\/agora.xtec.cat\/escolasantpau\/wp-json\/wp\/v2\/pages\/511","targetHints":{"allow":["GET"]}}],"collection":[{"href":"https:\/\/agora.xtec.cat\/escolasantpau\/wp-json\/wp\/v2\/pages"}],"about":[{"href":"https:\/\/agora.xtec.cat\/escolasantpau\/wp-json\/wp\/v2\/types\/page"}],"author":[{"embeddable":true,"href":"https:\/\/agora.xtec.cat\/escolasantpau\/wp-json\/wp\/v2\/users\/1"}],"replies":[{"embeddable":true,"href":"https:\/\/agora.xtec.cat\/escolasantpau\/wp-json\/wp\/v2\/comments?post=511"}],"version-history":[{"count":3,"href":"https:\/\/agora.xtec.cat\/escolasantpau\/wp-json\/wp\/v2\/pages\/511\/revisions"}],"predecessor-version":[{"id":769,"href":"https:\/\/agora.xtec.cat\/escolasantpau\/wp-json\/wp\/v2\/pages\/511\/revisions\/769"}],"wp:attachment":[{"href":"https:\/\/agora.xtec.cat\/escolasantpau\/wp-json\/wp\/v2\/media?parent=511"}],"curies":[{"name":"wp","href":"https:\/\/api.w.org\/{rel}","templated":true}]}}