{"id":484,"date":"2016-07-05T12:00:03","date_gmt":"2016-07-05T11:00:03","guid":{"rendered":"http:\/\/agora.xtec.cat\/escolasantpau\/?page_id=484"},"modified":"2017-06-12T00:44:43","modified_gmt":"2017-06-11T22:44:43","slug":"gep","status":"publish","type":"page","link":"https:\/\/agora.xtec.cat\/escolasantpau\/els-nostres-projectes\/gep\/","title":{"rendered":"GEP"},"content":{"rendered":"<p style=\"text-align: justify;\">L&#8217;Escola participa, des del curs 2015-16, en el Programa Pluriling\u00fce <a href=\"http:\/\/xtec.gencat.cat\/ca\/projectes\/plurilinguisme\/programes\/pluri\/gep\/\">GEP.<\/a><\/p>\n<p style=\"text-align: justify;\">El Grup d&#8217;Experimentaci\u00f3 per al Pluriling\u00fcisme \u00e9s un projecte impulsat pel Departament d&#8217;Ensenyament amb l&#8217;objectiu de millorar la compet\u00e8ncia ling\u00fc\u00edstica i pluriling\u00fce dels nens i <a href=\"http:\/\/xtec.gencat.cat\/ca\/projectes\/plurilinguisme\/\"><img loading=\"lazy\" decoding=\"async\" class=\"alignleft wp-image-613 size-full\" src=\"http:\/\/agora.xtec.cat\/escolasantpau\/wp-content\/uploads\/usu204\/2016\/07\/marcpluri.jpg_1652993296.jpg\" alt=\"marcpluri.jpg_1652993296\" width=\"167\" height=\"144\" \/><\/a>nenes.<\/p>\n<p style=\"text-align: justify;\">L&#8217;aplicaci\u00f3 d&#8217;aquest projecte es basa principalment en introduir la llengua anglesa en la vida quotidiana del centre i augmentar l\u2019\u00fas de la llengua anglesa en \u00e0rees no ling\u00fc\u00edstiques i per mestres no especialistes.<\/p>\n<p style=\"text-align: justify;\">Els mestres participants en el Grup d&#8217;Experimentaci\u00f3 Pluriling\u00fce reben formaci\u00f3 espec\u00edfica en la qual es es treballen estrat\u00e8gies metodol\u00f2giques per a la negociaci\u00f3 amb l&#8217;alumnat sobre les condicions necess\u00e0ries per a l&#8217;\u00e8xit de l&#8217;aprenentatge,\u00a0 per al treball de textos de diferents tipologies i formats amb activitats relacionades amb els diversos nivells cognitius, per a l&#8217;atenci\u00f3 a la diversitat amb l&#8217;elaboraci\u00f3 de materials d&#8217;ampliaci\u00f3 i refor\u00e7, per al treball col\u00b7laboratiu per projectes i per a l&#8217;avaluaci\u00f3 competencial.<\/p>\n<p><img loading=\"lazy\" decoding=\"async\" class=\"aligncenter wp-image-628\" src=\"http:\/\/agora.xtec.cat\/escolasantpau\/wp-content\/uploads\/usu204\/2016\/07\/IMG_4876-1024x768.jpg\" alt=\"IMG_4876\" width=\"850\" height=\"638\" srcset=\"https:\/\/agora.xtec.cat\/escolasantpau\/wp-content\/uploads\/usu204\/2016\/07\/IMG_4876-1024x768.jpg 1024w, https:\/\/agora.xtec.cat\/escolasantpau\/wp-content\/uploads\/usu204\/2016\/07\/IMG_4876-300x225.jpg 300w, https:\/\/agora.xtec.cat\/escolasantpau\/wp-content\/uploads\/usu204\/2016\/07\/IMG_4876-768x576.jpg 768w, https:\/\/agora.xtec.cat\/escolasantpau\/wp-content\/uploads\/usu204\/2016\/07\/IMG_4876-200x150.jpg 200w\" sizes=\"auto, (max-width: 850px) 100vw, 850px\" \/><\/p>\n<p style=\"text-align: justify;\">Durant el primer curs el projecte s\u2019ha implantat b\u00e0sicament a P\u00b74, P\u00b75 i 1r a trav\u00e9s de racons i als cursos de Cicle Superior, 5\u00e8 i 6\u00e8, amb una sessi\u00f3 setmanal de Math dins l&#8217;\u00e0rea de Matem\u00e0tiques. A part, s&#8217;han desenvolupat dos projectes amb l&#8217;angl\u00e8s com a llengua vehicular. A 1r, des de l&#8217;\u00e0rea de Visual i Pl\u00e0stica s&#8217;ha treballat el projecte &#8220;Kandinsky&#8221; i a 5\u00e8 des de les Math, el projecte &#8220;Be a good detective&#8221; sobre la resoluci\u00f3 de problemes a trav\u00e9s d&#8217;un misteri\u00f3s cas que han hagut de resoldre en grup.<\/p>\n<p><img loading=\"lazy\" decoding=\"async\" class=\"aligncenter wp-image-656 size-full\" src=\"http:\/\/agora.xtec.cat\/escolasantpau\/wp-content\/uploads\/usu204\/2016\/07\/1r-GEP.jpg\" alt=\"1r GEP\" width=\"1600\" height=\"500\" srcset=\"https:\/\/agora.xtec.cat\/escolasantpau\/wp-content\/uploads\/usu204\/2016\/07\/1r-GEP.jpg 1600w, https:\/\/agora.xtec.cat\/escolasantpau\/wp-content\/uploads\/usu204\/2016\/07\/1r-GEP-300x94.jpg 300w, https:\/\/agora.xtec.cat\/escolasantpau\/wp-content\/uploads\/usu204\/2016\/07\/1r-GEP-768x240.jpg 768w, https:\/\/agora.xtec.cat\/escolasantpau\/wp-content\/uploads\/usu204\/2016\/07\/1r-GEP-1024x320.jpg 1024w\" sizes=\"auto, (max-width: 1600px) 100vw, 1600px\" \/><\/p>\n<p style=\"text-align: center;\"><em>Imatges del Projecte &#8220;Kandinsky&#8221; (1r Prim\u00e0ria)<\/em><\/p>\n<p style=\"text-align: center;\"><a href=\"http:\/\/agora.xtec.cat\/escolasantpau\/wp-content\/uploads\/usu204\/2016\/07\/5\u00e8-GEP.jpg\"><img loading=\"lazy\" decoding=\"async\" class=\"aligncenter size-full wp-image-1319\" src=\"http:\/\/agora.xtec.cat\/escolasantpau\/wp-content\/uploads\/usu204\/2016\/07\/5\u00e8-GEP.jpg\" alt=\"5e-gep\" width=\"1600\" height=\"680\" srcset=\"https:\/\/agora.xtec.cat\/escolasantpau\/wp-content\/uploads\/usu204\/2016\/07\/5\u00e8-GEP.jpg 1600w, https:\/\/agora.xtec.cat\/escolasantpau\/wp-content\/uploads\/usu204\/2016\/07\/5\u00e8-GEP-300x128.jpg 300w, https:\/\/agora.xtec.cat\/escolasantpau\/wp-content\/uploads\/usu204\/2016\/07\/5\u00e8-GEP-768x326.jpg 768w, https:\/\/agora.xtec.cat\/escolasantpau\/wp-content\/uploads\/usu204\/2016\/07\/5\u00e8-GEP-1024x435.jpg 1024w\" sizes=\"auto, (max-width: 1600px) 100vw, 1600px\" \/><\/a><\/p>\n<p style=\"text-align: center;\"><i>Imatges del Projecte &#8220;Be a good detective&#8221; (5\u00e8 Prim\u00e0ria)<\/i><\/p>\n<p style=\"text-align: justify;\">En l\u2019actual <strong>curs 2016-17<\/strong>, el segon dins el projecte GEP, es continua utilitzant la llengua anglesa a trav\u00e9s de les rutines i altres activitats did\u00e0ctiques amb car\u00e0cter significatiu, als cursos d\u2019Educaci\u00f3 Infantil i, aquest any, apostant per la seva introducci\u00f3 als cursos de P3.<\/p>\n<p style=\"text-align: justify;\">Els grups de 6\u00e8, participen al projecte Science en el que, entre altres continguts, han pogut aprofundir en aspectes de la meteorologia, simulant una predicci\u00f3 meteorol\u00f2gica fent \u00fas de la llengua anglesa.<\/p>\n<p style=\"text-align: justify;\">Per altra banda, dins de l\u2019\u00e0rea de Coneixement del Medi Social, han treballat continguts de pol\u00edtica i han pogut fer una aproximaci\u00f3 al funcionament d\u2019unes eleccions en el projecte \u201cSchool elections\u201d. Els alumnes han format els seus partits pol\u00edtics i han elaborat el material de marketing necessari per presentar als votants durant el miting final, que tamb\u00e9 l\u2019han fet amb angl\u00e8s.<\/p>\n<p style=\"text-align: justify;\">Aqu\u00ed podeu veure un resum del projecte <a class=\"site-info-domain-value site-info-value ng-binding ng-scope\" title=\"mllobe34.wixsite.com\/schoolcampaign\" href=\"https:\/\/mllobe34.wixsite.com\/schoolcampaign\" target=\"_blank\">mllobe34.wixsite.com\/schoolcampaign<\/a><\/p>\n<p><iframe loading=\"lazy\" src=\"https:\/\/drive.google.com\/file\/d\/0Bw0ItL2MROSYb2QwdE0yN2Y0MWs\/preview\" width=\"640\" height=\"480\"><\/iframe><\/p>\n<p style=\"text-align: justify;\"><span style=\"font-family: inherit; font-size: 1em;\">Tamb\u00e9, dins la mateixa \u00e0rea, els nois i noies de sis\u00e8 han apr\u00e8s sobre la cultura romana a trav\u00e9s del projecte \u201cThe cost of living in the Ancient Rome\u201d, en el qual han treballar en equip i fent \u00fas de les noves tecnologies per esbrinar com vivien els romans i per dissenyar anuncis per publicitar els productes de l\u2019\u00e8poca.<\/span><\/p>\n<p><iframe loading=\"lazy\" src=\"https:\/\/drive.google.com\/file\/d\/0B19Xjg8phCeiQURYQ25mRzZzc0E\/preview\" width=\"640\" height=\"480\"><\/iframe><\/p>\n<p style=\"text-align: justify;\">Aquest curs, hem comptat amb el suport de l&#8217;auxiliar de conversa, que ha col\u00b7laborat en moltes de les sessions.<\/p>\n<p style=\"text-align: justify;\">El GEP t\u00e9 una durada de dos cursos amb la previsi\u00f3 que tingui una continu\u00eftat en el Projecte Educatiu del centre.<\/p>\n","protected":false},"excerpt":{"rendered":"<p>L&#8217;Escola participa, des del curs 2015-16, en el Programa Pluriling\u00fce <a href=\"http:\/\/xtec.gencat.cat\/ca\/projectes\/plurilinguisme\/programes\/pluri\/gep\/\">GEP.<\/a><br \/>\nEl Grup d&#8217;Experimentaci\u00f3 per al Pluriling\u00fcisme \u00e9s un projecte impulsat pel Departament d&#8217;Ensenyament amb l&#8217;objectiu de millorar la compet\u00e8ncia ling\u00fc\u00edstica i pluriling\u00fce dels nens i <a href=\"http:\/\/xtec.gencat.cat\/ca\/projectes\/plurilinguisme\/\"><\/a>nenes.<br \/>\nL&#8217;aplicaci\u00f3 d&#8217;aquest projecte es basa principalment en introduir&hellip;  <a href=\"https:\/\/agora.xtec.cat\/escolasantpau\/els-nostres-projectes\/gep\/\" title=\"Read GEP\">Llegeix m\u00e9s\u00bb<\/a><\/p>\n","protected":false},"author":1,"featured_media":0,"parent":502,"menu_order":0,"comment_status":"closed","ping_status":"closed","template":"page-templates\/side-menu.php","meta":{"_bbp_topic_count":0,"_bbp_reply_count":0,"_bbp_total_topic_count":0,"_bbp_total_reply_count":0,"_bbp_voice_count":0,"_bbp_anonymous_reply_count":0,"_bbp_topic_count_hidden":0,"_bbp_reply_count_hidden":0,"_bbp_forum_subforum_count":0,"footnotes":""},"class_list":["post-484","page","type-page","status-publish","hentry"],"post_mailing_queue_ids":[],"_links":{"self":[{"href":"https:\/\/agora.xtec.cat\/escolasantpau\/wp-json\/wp\/v2\/pages\/484","targetHints":{"allow":["GET"]}}],"collection":[{"href":"https:\/\/agora.xtec.cat\/escolasantpau\/wp-json\/wp\/v2\/pages"}],"about":[{"href":"https:\/\/agora.xtec.cat\/escolasantpau\/wp-json\/wp\/v2\/types\/page"}],"author":[{"embeddable":true,"href":"https:\/\/agora.xtec.cat\/escolasantpau\/wp-json\/wp\/v2\/users\/1"}],"replies":[{"embeddable":true,"href":"https:\/\/agora.xtec.cat\/escolasantpau\/wp-json\/wp\/v2\/comments?post=484"}],"version-history":[{"count":3,"href":"https:\/\/agora.xtec.cat\/escolasantpau\/wp-json\/wp\/v2\/pages\/484\/revisions"}],"predecessor-version":[{"id":1639,"href":"https:\/\/agora.xtec.cat\/escolasantpau\/wp-json\/wp\/v2\/pages\/484\/revisions\/1639"}],"up":[{"embeddable":true,"href":"https:\/\/agora.xtec.cat\/escolasantpau\/wp-json\/wp\/v2\/pages\/502"}],"wp:attachment":[{"href":"https:\/\/agora.xtec.cat\/escolasantpau\/wp-json\/wp\/v2\/media?parent=484"}],"curies":[{"name":"wp","href":"https:\/\/api.w.org\/{rel}","templated":true}]}}