{"id":481,"date":"2016-07-05T11:59:45","date_gmt":"2016-07-05T10:59:45","guid":{"rendered":"http:\/\/agora.xtec.cat\/escolasantpau\/?page_id=481"},"modified":"2020-02-11T21:45:10","modified_gmt":"2020-02-11T20:45:10","slug":"taica","status":"publish","type":"page","link":"https:\/\/agora.xtec.cat\/escolasantpau\/els-nostres-projectes\/taica\/","title":{"rendered":"TA\u00cfCA"},"content":{"rendered":"<p><a href=\"http:\/\/agora.xtec.cat\/escolasantpau\/wp-content\/uploads\/usu204\/2016\/07\/ta\u00efca.jpg\"><img loading=\"lazy\" decoding=\"async\" class=\"aligncenter size-full wp-image-1317\" src=\"http:\/\/agora.xtec.cat\/escolasantpau\/wp-content\/uploads\/usu204\/2016\/07\/ta\u00efca.jpg\" alt=\"taica\" width=\"1709\" height=\"1701\" srcset=\"https:\/\/agora.xtec.cat\/escolasantpau\/wp-content\/uploads\/usu204\/2016\/07\/ta\u00efca.jpg 1709w, https:\/\/agora.xtec.cat\/escolasantpau\/wp-content\/uploads\/usu204\/2016\/07\/ta\u00efca-150x150.jpg 150w, https:\/\/agora.xtec.cat\/escolasantpau\/wp-content\/uploads\/usu204\/2016\/07\/ta\u00efca-300x300.jpg 300w, https:\/\/agora.xtec.cat\/escolasantpau\/wp-content\/uploads\/usu204\/2016\/07\/ta\u00efca-768x764.jpg 768w, https:\/\/agora.xtec.cat\/escolasantpau\/wp-content\/uploads\/usu204\/2016\/07\/ta\u00efca-1024x1019.jpg 1024w\" sizes=\"auto, (max-width: 1709px) 100vw, 1709px\" \/><\/a><\/p>\n\r\n\t<div class=\"slideshow_container slideshow_container_style-light\" style=\"height: 300px; \" data-slideshow-id=\"1022\" data-style-name=\"style-light\" data-style-version=\"2.3.1\" >\r\n\r\n\t\t\t\t\t<div class=\"slideshow_loading_icon\"><\/div>\r\n\t\t\r\n\t\t<div class=\"slideshow_content\" style=\"display: none;\">\r\n\r\n\t\t\t<div class=\"slideshow_view\">\r\n\t\t\t\t<div class=\"slideshow_slide slideshow_slide_image\">\r\n\t\t\t\t\t\t\t\t\t\t\t<img src=\"https:\/\/agora.xtec.cat\/escolasantpau\/wp-content\/uploads\/usu204\/2016\/10\/taica-100.jpg\" alt=\"taica-100\" width=\"2848\" height=\"2136\" \/>\r\n\t\t\t\t\t\t\t\t\t\t<div class=\"slideshow_description_box slideshow_transparent\">\r\n\t\t\t\t\t\t<div class=\"slideshow_title\">taica-100<\/div>\t\t\t\t\t\t\t\t\t\t\t<\/div>\r\n\t\t\t\t<\/div>\r\n\r\n\t\t\t\t\t\t<div style=\"clear: both;\"><\/div><\/div><div class=\"slideshow_view\">\r\n\t\t\t\t<div class=\"slideshow_slide slideshow_slide_image\">\r\n\t\t\t\t\t\t\t\t\t\t\t<img src=\"https:\/\/agora.xtec.cat\/escolasantpau\/wp-content\/uploads\/usu204\/2016\/10\/DSCF1739.jpg\" alt=\"dscf1739\" width=\"2848\" height=\"2136\" \/>\r\n\t\t\t\t\t\t\t\t\t\t<div class=\"slideshow_description_box slideshow_transparent\">\r\n\t\t\t\t\t\t<div class=\"slideshow_title\">dscf1739<\/div>\t\t\t\t\t\t\t\t\t\t\t<\/div>\r\n\t\t\t\t<\/div>\r\n\r\n\t\t\t\t\t\t<div style=\"clear: both;\"><\/div><\/div><div class=\"slideshow_view\">\r\n\t\t\t\t<div class=\"slideshow_slide slideshow_slide_image\">\r\n\t\t\t\t\t\t\t\t\t\t\t<img src=\"https:\/\/agora.xtec.cat\/escolasantpau\/wp-content\/uploads\/usu204\/2016\/10\/DSCF1737.jpg\" alt=\"dscf1737\" width=\"2848\" height=\"2136\" \/>\r\n\t\t\t\t\t\t\t\t\t\t<div class=\"slideshow_description_box slideshow_transparent\">\r\n\t\t\t\t\t\t<div class=\"slideshow_title\">dscf1737<\/div>\t\t\t\t\t\t\t\t\t\t\t<\/div>\r\n\t\t\t\t<\/div>\r\n\r\n\t\t\t\t\t\t<div style=\"clear: both;\"><\/div><\/div><div class=\"slideshow_view\">\r\n\t\t\t\t<div class=\"slideshow_slide slideshow_slide_image\">\r\n\t\t\t\t\t\t\t\t\t\t\t<img src=\"https:\/\/agora.xtec.cat\/escolasantpau\/wp-content\/uploads\/usu204\/2016\/10\/DSCF1696.jpg\" alt=\"dscf1696\" width=\"2848\" height=\"2136\" \/>\r\n\t\t\t\t\t\t\t\t\t\t<div class=\"slideshow_description_box slideshow_transparent\">\r\n\t\t\t\t\t\t<div class=\"slideshow_title\">dscf1696<\/div>\t\t\t\t\t\t\t\t\t\t\t<\/div>\r\n\t\t\t\t<\/div>\r\n\r\n\t\t\t\t\t\t<div style=\"clear: both;\"><\/div><\/div><div class=\"slideshow_view\">\r\n\t\t\t\t<div class=\"slideshow_slide slideshow_slide_image\">\r\n\t\t\t\t\t\t\t\t\t\t\t<img src=\"https:\/\/agora.xtec.cat\/escolasantpau\/wp-content\/uploads\/usu204\/2016\/10\/DSCF1681.jpg\" alt=\"dscf1681\" width=\"2848\" height=\"2136\" \/>\r\n\t\t\t\t\t\t\t\t\t\t<div class=\"slideshow_description_box slideshow_transparent\">\r\n\t\t\t\t\t\t<div class=\"slideshow_title\">dscf1681<\/div>\t\t\t\t\t\t\t\t\t\t\t<\/div>\r\n\t\t\t\t<\/div>\r\n\r\n\t\t\t\t\t\t<div style=\"clear: both;\"><\/div><\/div><div class=\"slideshow_view\">\r\n\t\t\t\t<div class=\"slideshow_slide slideshow_slide_image\">\r\n\t\t\t\t\t\t\t\t\t\t\t<img src=\"https:\/\/agora.xtec.cat\/escolasantpau\/wp-content\/uploads\/usu204\/2016\/10\/DSCF1658.jpg\" alt=\"dscf1658\" width=\"2848\" height=\"2136\" \/>\r\n\t\t\t\t\t\t\t\t\t\t<div class=\"slideshow_description_box slideshow_transparent\">\r\n\t\t\t\t\t\t<div class=\"slideshow_title\">dscf1658<\/div>\t\t\t\t\t\t\t\t\t\t\t<\/div>\r\n\t\t\t\t<\/div>\r\n\r\n\t\t\t\t\t\t<div style=\"clear: both;\"><\/div><\/div><div class=\"slideshow_view\">\r\n\t\t\t\t<div class=\"slideshow_slide slideshow_slide_image\">\r\n\t\t\t\t\t\t\t\t\t\t\t<img src=\"https:\/\/agora.xtec.cat\/escolasantpau\/wp-content\/uploads\/usu204\/2016\/10\/DSCF1656.jpg\" alt=\"dscf1656\" width=\"2848\" height=\"2136\" \/>\r\n\t\t\t\t\t\t\t\t\t\t<div class=\"slideshow_description_box slideshow_transparent\">\r\n\t\t\t\t\t\t<div class=\"slideshow_title\">dscf1656<\/div>\t\t\t\t\t\t\t\t\t\t\t<\/div>\r\n\t\t\t\t<\/div>\r\n\r\n\t\t\t\t\t\t<div style=\"clear: both;\"><\/div><\/div><div class=\"slideshow_view\">\r\n\t\t\t\t<div class=\"slideshow_slide slideshow_slide_image\">\r\n\t\t\t\t\t\t\t\t\t\t\t<img src=\"https:\/\/agora.xtec.cat\/escolasantpau\/wp-content\/uploads\/usu204\/2016\/10\/DSCF1643.jpg\" alt=\"dscf1643\" width=\"2848\" height=\"2136\" \/>\r\n\t\t\t\t\t\t\t\t\t\t<div class=\"slideshow_description_box slideshow_transparent\">\r\n\t\t\t\t\t\t<div class=\"slideshow_title\">dscf1643<\/div>\t\t\t\t\t\t\t\t\t\t\t<\/div>\r\n\t\t\t\t<\/div>\r\n\r\n\t\t\t\t\t\t<div style=\"clear: both;\"><\/div><\/div><div class=\"slideshow_view\">\r\n\t\t\t\t<div class=\"slideshow_slide slideshow_slide_image\">\r\n\t\t\t\t\t\t\t\t\t\t\t<img src=\"https:\/\/agora.xtec.cat\/escolasantpau\/wp-content\/uploads\/usu204\/2016\/10\/DSCF1612.jpg\" alt=\"dscf1612\" width=\"2848\" height=\"2136\" \/>\r\n\t\t\t\t\t\t\t\t\t\t<div class=\"slideshow_description_box slideshow_transparent\">\r\n\t\t\t\t\t\t<div class=\"slideshow_title\">dscf1612<\/div>\t\t\t\t\t\t\t\t\t\t\t<\/div>\r\n\t\t\t\t<\/div>\r\n\r\n\t\t\t\t\t\t<div style=\"clear: both;\"><\/div><\/div><div class=\"slideshow_view\">\r\n\t\t\t\t<div class=\"slideshow_slide slideshow_slide_image\">\r\n\t\t\t\t\t\t\t\t\t\t\t<img src=\"https:\/\/agora.xtec.cat\/escolasantpau\/wp-content\/uploads\/usu204\/2016\/10\/DSCF1575.jpg\" alt=\"dscf1575\" width=\"2848\" height=\"2136\" \/>\r\n\t\t\t\t\t\t\t\t\t\t<div class=\"slideshow_description_box slideshow_transparent\">\r\n\t\t\t\t\t\t<div class=\"slideshow_title\">dscf1575<\/div>\t\t\t\t\t\t\t\t\t\t\t<\/div>\r\n\t\t\t\t<\/div>\r\n\r\n\t\t\t\t\t\t<div style=\"clear: both;\"><\/div><\/div><div class=\"slideshow_view\">\r\n\t\t\t\t<div class=\"slideshow_slide slideshow_slide_image\">\r\n\t\t\t\t\t\t\t\t\t\t\t<img src=\"https:\/\/agora.xtec.cat\/escolasantpau\/wp-content\/uploads\/usu204\/2016\/10\/DSCF1443.jpg\" alt=\"dscf1443\" width=\"2848\" height=\"2136\" \/>\r\n\t\t\t\t\t\t\t\t\t\t<div class=\"slideshow_description_box slideshow_transparent\">\r\n\t\t\t\t\t\t<div class=\"slideshow_title\">dscf1443<\/div>\t\t\t\t\t\t\t\t\t\t\t<\/div>\r\n\t\t\t\t<\/div>\r\n\r\n\t\t\t\t\t\t<div style=\"clear: both;\"><\/div><\/div>\r\n\t\t<\/div>\r\n\r\n\t\t<div class=\"slideshow_controlPanel slideshow_transparent\" style=\"display: none;\"><ul><li class=\"slideshow_togglePlay\" data-play-text=\"Visualitza\" data-pause-text=\"Pausa\"><\/li><\/ul><\/div>\r\n\r\n\t\t<div class=\"slideshow_button slideshow_previous slideshow_transparent\" role=\"button\" data-previous-text=\"Anterior\" style=\"display: none;\"><\/div>\r\n\t\t<div class=\"slideshow_button slideshow_next slideshow_transparent\" role=\"button\" data-next-text=\"Seg\u00fcent\" style=\"display: none;\"><\/div>\r\n\r\n\t\t<div class=\"slideshow_pagination\" style=\"display: none;\" data-go-to-text=\"V\u00e9s a la diapositiva\"><div class=\"slideshow_pagination_center\"><\/div><\/div>\r\n\r\n\t\t<!-- WordPress Slideshow Version 2.3.1 -->\r\n\r\n\t\t\t<\/div>\r\n\r\n\n<p>Fotografies del Projecte TA\u00cfCA<\/p>\n<p><a href=\"https:\/\/drive.google.com\/open?id=1X2F779NNE8-LS3Qt2LUWcwtm5Dk1WwaX\"><img loading=\"lazy\" decoding=\"async\" class=\"alignnone wp-image-877\" src=\"http:\/\/agora.xtec.cat\/escolasantpau\/wp-content\/uploads\/usu204\/2016\/08\/camera-photo.png\" alt=\"camera-photo\" width=\"143\" height=\"143\" srcset=\"https:\/\/agora.xtec.cat\/escolasantpau\/wp-content\/uploads\/usu204\/2016\/08\/camera-photo.png 2400w, https:\/\/agora.xtec.cat\/escolasantpau\/wp-content\/uploads\/usu204\/2016\/08\/camera-photo-150x150.png 150w, https:\/\/agora.xtec.cat\/escolasantpau\/wp-content\/uploads\/usu204\/2016\/08\/camera-photo-300x300.png 300w, https:\/\/agora.xtec.cat\/escolasantpau\/wp-content\/uploads\/usu204\/2016\/08\/camera-photo-768x768.png 768w, https:\/\/agora.xtec.cat\/escolasantpau\/wp-content\/uploads\/usu204\/2016\/08\/camera-photo-1024x1024.png 1024w\" sizes=\"auto, (max-width: 143px) 100vw, 143px\" \/><\/a><\/p>\n<p>&nbsp;<\/p>\n<h2><strong>Curs 2019-20<\/strong><\/h2>\n<p>Benvolgudes fam\u00edlies,<\/p>\n<p>Des de l\u2019escola es continua apostant per l\u2019expressi\u00f3 art\u00edstica ja que considerem que<br \/>\n\u00e9s un aspecte molt important dins del creixement integral dels alumnes.<br \/>\nCom sabeu, i comptant amb els recursos dels que disposem, TAICA s\u2019ofereix des de<br \/>\nP4 fins a Cicle Mitj\u00e0. Per aquest motiu i per afavorir la millora de l\u2019organitzaci\u00f3 de les<br \/>\nsessions voldr\u00edem poder comptar amb la vostra col\u00b7laboraci\u00f3 en dos aspectes:<\/p>\n<p>1- COL\u00b7LABORACI\u00d3 EN LES SESSIONS: si esteu interessats\/des en<br \/>\ncol\u00b7laborar en alguna franja hor\u00e0ria trobareu, a la consergeria, un<br \/>\ncalendari de les sessions de TAICA perqu\u00e8 us pugueu apuntar. Heu<br \/>\nd\u2019anotar el vostre nom i cognom i el curs del\/s vostres fill\/s.<\/p>\n<p>2- APORTACI\u00d3 DE MATERIAL: us estar\u00edem molt agra\u00efdes\/ agra\u00efts si<br \/>\npodeu aportar materials per a enriquir l\u2019espai del TAICA. Si no sabeu quin<br \/>\ntipus de material aportar, podeu passar per l\u2019aula de les 16:30h a les<br \/>\n17:00h, avisant pr\u00e8viament a consergeria per comunicar-li la vostra<br \/>\nassist\u00e8ncia a la mestra responsable, i aix\u00ed podreu mirar la varietat de<br \/>\nmaterials i les possibilitats de col\u00b7laborar.<\/p>\n<p>Moltes gr\u00e0cies per col\u00b7laborar!<\/p>\n<p><a href=\"https:\/\/drive.google.com\/open?id=1X2F779NNE8-LS3Qt2LUWcwtm5Dk1WwaX\" target=\"_blank\" rel=\"noopener noreferrer\">https:\/\/drive.google.com\/open?id=1X2F779NNE8-LS3Qt2LUWcwtm5Dk1WwaX<\/a><\/p>\n<p><a href=\"https:\/\/agora.xtec.cat\/escolasantpau\/wp-content\/uploads\/usu204\/2019\/06\/TAICA.jpg\"><img loading=\"lazy\" decoding=\"async\" class=\"aligncenter wp-image-3922\" src=\"https:\/\/agora.xtec.cat\/escolasantpau\/wp-content\/uploads\/usu204\/2019\/06\/TAICA-1024x764.jpg\" alt=\"\" width=\"622\" height=\"464\" srcset=\"https:\/\/agora.xtec.cat\/escolasantpau\/wp-content\/uploads\/usu204\/2019\/06\/TAICA-1024x764.jpg 1024w, https:\/\/agora.xtec.cat\/escolasantpau\/wp-content\/uploads\/usu204\/2019\/06\/TAICA-300x224.jpg 300w, https:\/\/agora.xtec.cat\/escolasantpau\/wp-content\/uploads\/usu204\/2019\/06\/TAICA-768x573.jpg 768w, https:\/\/agora.xtec.cat\/escolasantpau\/wp-content\/uploads\/usu204\/2019\/06\/TAICA-200x150.jpg 200w\" sizes=\"auto, (max-width: 622px) 100vw, 622px\" \/><\/a><\/p>\n<p>Si voleu podeu acompanyar el visionat de les imatges amb les tres peces d&#8217;\u00e0udio que hi trobareu a la carpeta.<\/p>\n<p>Que les gaudiu tant com nosaltres!!<\/p>\n<p>Moltes gr\u00e0cies!!!<\/p>\n<p>&nbsp;<\/p>\n<p>&nbsp;<\/p>\n","protected":false},"excerpt":{"rendered":"<p><a href=\"http:\/\/agora.xtec.cat\/escolasantpau\/wp-content\/uploads\/usu204\/2016\/07\/ta\u00efca.jpg\"><\/a><\/p>\n<p>\t\t\t\t\t\ttaica-100\t\t\t\t\t\t\t\t\t\t\t<\/p>\n<p>\t\t\t\t\t\tdscf1739\t\t\t\t\t\t\t\t\t\t\t<\/p>\n<p>\t\t\t\t\t\tdscf1737\t\t\t\t\t\t\t\t\t\t\t<\/p>\n<p>\t\t\t\t\t\tdscf1696\t\t\t\t\t\t\t\t\t\t\t<\/p>\n<p>\t\t\t\t\t\tdscf1681\t\t\t\t\t\t\t\t\t\t\t<\/p>\n<p>\t\t\t\t\t\tdscf1658\t\t\t\t\t\t\t\t\t\t\t<\/p>\n<p>\t\t\t\t\t\tdscf1656\t\t\t\t\t\t\t\t\t\t\t<\/p>\n<p>\t\t\t\t\t\tdscf1643\t\t\t\t\t\t\t\t\t\t\t<\/p>\n<p>\t\t\t\t\t\tdscf1612\t\t\t\t\t\t\t\t\t\t\t<\/p>\n<p>\t\t\t\t\t\tdscf1575\t\t\t\t\t\t\t\t\t\t\t<\/p>\n<p>\t\t\t\t\t\tdscf1443\t\t\t\t\t\t\t\t\t\t\t<\/p>\n<ul>\n<li class=\"slideshow_togglePlay\" data-play-text=\"Visualitza\" data-pause-text=\"Pausa\"><\/li>\n<\/ul>\n<p>Fotografies del Projecte TA\u00cfCA<br \/>\n<a href=\"https:\/\/drive.google.com\/open?id=1X2F779NNE8-LS3Qt2LUWcwtm5Dk1WwaX\"><\/a><br \/>\n&nbsp;<br \/>\nCurs 2019-20<br \/>\nBenvolgudes fam\u00edlies,<br \/>\nDes de l\u2019escola es continua apostant per l\u2019expressi\u00f3 art\u00edstica ja que considerem que<br \/>\n\u00e9s un aspecte molt important dins del creixement integral dels alumnes.<br \/>\nCom sabeu, i comptant amb els recursos dels que disposem, TAICA s\u2019ofereix des&hellip;  <a href=\"https:\/\/agora.xtec.cat\/escolasantpau\/els-nostres-projectes\/taica\/\" title=\"Read TA\u00cfCA\">Llegeix m\u00e9s\u00bb<\/a><\/p>\n","protected":false},"author":1,"featured_media":0,"parent":502,"menu_order":0,"comment_status":"closed","ping_status":"closed","template":"page-templates\/side-menu.php","meta":{"_bbp_topic_count":0,"_bbp_reply_count":0,"_bbp_total_topic_count":0,"_bbp_total_reply_count":0,"_bbp_voice_count":0,"_bbp_anonymous_reply_count":0,"_bbp_topic_count_hidden":0,"_bbp_reply_count_hidden":0,"_bbp_forum_subforum_count":0,"footnotes":""},"class_list":["post-481","page","type-page","status-publish","hentry"],"post_mailing_queue_ids":[],"_links":{"self":[{"href":"https:\/\/agora.xtec.cat\/escolasantpau\/wp-json\/wp\/v2\/pages\/481","targetHints":{"allow":["GET"]}}],"collection":[{"href":"https:\/\/agora.xtec.cat\/escolasantpau\/wp-json\/wp\/v2\/pages"}],"about":[{"href":"https:\/\/agora.xtec.cat\/escolasantpau\/wp-json\/wp\/v2\/types\/page"}],"author":[{"embeddable":true,"href":"https:\/\/agora.xtec.cat\/escolasantpau\/wp-json\/wp\/v2\/users\/1"}],"replies":[{"embeddable":true,"href":"https:\/\/agora.xtec.cat\/escolasantpau\/wp-json\/wp\/v2\/comments?post=481"}],"version-history":[{"count":4,"href":"https:\/\/agora.xtec.cat\/escolasantpau\/wp-json\/wp\/v2\/pages\/481\/revisions"}],"predecessor-version":[{"id":4417,"href":"https:\/\/agora.xtec.cat\/escolasantpau\/wp-json\/wp\/v2\/pages\/481\/revisions\/4417"}],"up":[{"embeddable":true,"href":"https:\/\/agora.xtec.cat\/escolasantpau\/wp-json\/wp\/v2\/pages\/502"}],"wp:attachment":[{"href":"https:\/\/agora.xtec.cat\/escolasantpau\/wp-json\/wp\/v2\/media?parent=481"}],"curies":[{"name":"wp","href":"https:\/\/api.w.org\/{rel}","templated":true}]}}