{"id":4594,"date":"2020-03-26T18:01:28","date_gmt":"2020-03-26T17:01:28","guid":{"rendered":"https:\/\/agora.xtec.cat\/escolasantpau\/?page_id=4594"},"modified":"2021-10-05T18:10:50","modified_gmt":"2021-10-05T16:10:50","slug":"escolaacasa","status":"publish","type":"page","link":"https:\/\/agora.xtec.cat\/escolasantpau\/curs-2021-22\/escolaacasa\/","title":{"rendered":"Escola a casa"},"content":{"rendered":"<p><span style=\"text-decoration: underline;\"><em><strong>INFANTIL:<\/strong><\/em><\/span><\/p>\n<p>L&#8217;escola ha creat una <a href=\"https:\/\/sites.google.com\/escolasantpau.cat\/educacioinfantilescolasantpau\/p%C3%A0gina-principal\" target=\"_blank\" rel=\"noopener noreferrer\">p\u00e0gina web a Educaci\u00f3 infantil<\/a> per tal de donar continu\u00eftat als aprenentatges dels vostres fills en el cas que s&#8217;hagi de plantejar un escenari de confinament parcial o total.<strong> A aquest p\u00e0gina podreu accedir amb el correu corporatiu del vostre fill o filla.<\/strong><\/p>\n<p dir=\"ltr\">En aquesta p\u00e0gina web hi trobareu:<\/p>\n<ul>\n<li dir=\"ltr\">\n<p dir=\"ltr\" role=\"presentation\">Una p\u00e0gina principal on s&#8217;explicaran les novetats de la setmana.<\/p>\n<\/li>\n<li dir=\"ltr\">\n<p dir=\"ltr\" role=\"presentation\">Les pestanyes de P3, P4 i P5 on trobareu\u00a0 propostes de diferents formats per a cada grup classe i que donaran resposta a les diferents capacitats que han de desenvolupar els infants.<\/p>\n<\/li>\n<li dir=\"ltr\">\n<p dir=\"ltr\" role=\"presentation\">La pestanya, fam\u00edlies per tal que pugueu compartir propostes que feu a casa.<\/p>\n<\/li>\n<\/ul>\n<p>Per comen\u00e7ar a familiaritzar-vos amb les diferents propostes, cada setmana us convidarem a realitzar una activitat que trobareu penjada en aquesta mateixa p\u00e0gina principal.<\/p>\n<p><a href=\"https:\/\/sites.google.com\/escolasantpau.cat\/educacioinfantilescolasantpau\/p%C3%A0gina-principal\" target=\"_blank\" rel=\"noopener noreferrer\"> <span style=\"text-decoration: underline;\">Web d&#8217;infantil<\/span><\/a><\/p>\n<p><span style=\"text-decoration: underline;\"><em><strong>PRIM\u00c0RIA:<\/strong><\/em><\/span><\/p>\n<p>L&#8217;escola ha preparat una classe virtual per a cada grup de prim\u00e0ria. Els vostres fills i filles poden entrar amb el correu electr\u00f2nic corporatiu a fer les tasques encomanades pel seu tutor o tutora. \u00c9s important que es vagin acostumant a treballar en aquesta plataforma perqu\u00e8 \u00e9s la que farem servir en cas de confinament del grup.<\/p>\n<p>Aqu\u00ed us deixem les instruccions per accedir i com fer les tasques encomanades:<\/p>\n<p><iframe loading=\"lazy\" title=\"Alumnes entren classe\" width=\"500\" height=\"281\" src=\"https:\/\/www.youtube.com\/embed\/2WGhrc66GXQ?feature=oembed\" frameborder=\"0\" allow=\"accelerometer; autoplay; clipboard-write; encrypted-media; gyroscope; picture-in-picture; web-share\" referrerpolicy=\"strict-origin-when-cross-origin\" allowfullscreen><\/iframe><\/p>\n<p><iframe loading=\"lazy\" title=\"Alumne fa les tasques\" width=\"500\" height=\"281\" src=\"https:\/\/www.youtube.com\/embed\/lvEpskhEPX0?feature=oembed\" frameborder=\"0\" allow=\"accelerometer; autoplay; clipboard-write; encrypted-media; gyroscope; picture-in-picture; web-share\" referrerpolicy=\"strict-origin-when-cross-origin\" allowfullscreen><\/iframe><\/p>\n","protected":false},"excerpt":{"rendered":"<p>INFANTIL:<br \/>\nL&#8217;escola ha creat una <a href=\"https:\/\/sites.google.com\/escolasantpau.cat\/educacioinfantilescolasantpau\/p%C3%A0gina-principal\" target=\"_blank\" rel=\"noopener noreferrer\">p\u00e0gina web a Educaci\u00f3 infantil<\/a> per tal de donar continu\u00eftat als aprenentatges dels vostres fills en el cas que s&#8217;hagi de plantejar un escenari de confinament parcial o total. A aquest p\u00e0gina podreu accedir amb el correu&hellip;  <a href=\"https:\/\/agora.xtec.cat\/escolasantpau\/curs-2021-22\/escolaacasa\/\" title=\"Read Escola a casa\">Llegeix m\u00e9s\u00bb<\/a><\/p>\n","protected":false},"author":1,"featured_media":0,"parent":1457,"menu_order":0,"comment_status":"closed","ping_status":"closed","template":"","meta":{"_bbp_topic_count":0,"_bbp_reply_count":0,"_bbp_total_topic_count":0,"_bbp_total_reply_count":0,"_bbp_voice_count":0,"_bbp_anonymous_reply_count":0,"_bbp_topic_count_hidden":0,"_bbp_reply_count_hidden":0,"_bbp_forum_subforum_count":0,"footnotes":""},"class_list":["post-4594","page","type-page","status-publish","hentry"],"post_mailing_queue_ids":[],"_links":{"self":[{"href":"https:\/\/agora.xtec.cat\/escolasantpau\/wp-json\/wp\/v2\/pages\/4594","targetHints":{"allow":["GET"]}}],"collection":[{"href":"https:\/\/agora.xtec.cat\/escolasantpau\/wp-json\/wp\/v2\/pages"}],"about":[{"href":"https:\/\/agora.xtec.cat\/escolasantpau\/wp-json\/wp\/v2\/types\/page"}],"author":[{"embeddable":true,"href":"https:\/\/agora.xtec.cat\/escolasantpau\/wp-json\/wp\/v2\/users\/1"}],"replies":[{"embeddable":true,"href":"https:\/\/agora.xtec.cat\/escolasantpau\/wp-json\/wp\/v2\/comments?post=4594"}],"version-history":[{"count":4,"href":"https:\/\/agora.xtec.cat\/escolasantpau\/wp-json\/wp\/v2\/pages\/4594\/revisions"}],"predecessor-version":[{"id":4811,"href":"https:\/\/agora.xtec.cat\/escolasantpau\/wp-json\/wp\/v2\/pages\/4594\/revisions\/4811"}],"up":[{"embeddable":true,"href":"https:\/\/agora.xtec.cat\/escolasantpau\/wp-json\/wp\/v2\/pages\/1457"}],"wp:attachment":[{"href":"https:\/\/agora.xtec.cat\/escolasantpau\/wp-json\/wp\/v2\/media?parent=4594"}],"curies":[{"name":"wp","href":"https:\/\/api.w.org\/{rel}","templated":true}]}}