{"id":4001,"date":"2019-10-11T15:27:33","date_gmt":"2019-10-11T13:27:33","guid":{"rendered":"https:\/\/agora.xtec.cat\/escolasantpau\/?page_id=4001"},"modified":"2021-09-10T20:04:41","modified_gmt":"2021-09-10T18:04:41","slug":"projecte-deducacio-infantil","status":"publish","type":"page","link":"https:\/\/agora.xtec.cat\/escolasantpau\/projecte-deducacio-infantil\/","title":{"rendered":"Projecte d&#8217;educaci\u00f3 infantil"},"content":{"rendered":"<p>A l\u2019educaci\u00f3 infantil es presenten tres \u00e0rees de coneixement i experi\u00e8ncia: l&#8217;\u00e0rea de descoberta d&#8217;un mateix i dels altres, l&#8217;\u00e0rea de descoberta de l&#8217;entorn i l&#8217;\u00e0rea de comunicaci\u00f3 i llenguatges.<br \/>\nAl llarg del cicle anem creant uns espais d&#8217;aprenentatge (racons, aula de psicomotricitat, aula de m\u00fasica, pati, aula d\u00b4experimentaci\u00f3&#8230;), establint relacions entre els continguts de les diferents \u00e0rees, amb la finalitat de contribuir al desenvolupament de les nenes i els nens, acostant-los a la interpretaci\u00f3 del m\u00f3n, donant-hi significat i facilitant- los la participaci\u00f3 activa.<\/p>\n<p>Si voleu aprofundir en els aspectes treballats a cada curs d&#8217;educaci\u00f3 infantil podeu visitar el seg\u00fcent enlla\u00e7:<\/p>\n<p><a href=\"https:\/\/drive.google.com\/drive\/folders\/1SNXEobTpvFxVbcS8ixfx69_vbcd6TxH3?usp=sharing\">Projecte d\u2019educaci\u00f3 infantil<\/a><\/p>\n<p><img decoding=\"async\" class=\"n3VNCb\" src=\"http:\/\/serveiseducatius.xtec.cat\/badalona\/wp-content\/uploads\/usu1088\/2015\/02\/ei.jpg\" alt=\"Resultat d'imatges per a &quot;educaci\u00f3 infantil&quot;\" \/><\/p>\n","protected":false},"excerpt":{"rendered":"<p>A l\u2019educaci\u00f3 infantil es presenten tres \u00e0rees de coneixement i experi\u00e8ncia: l&#8217;\u00e0rea de descoberta d&#8217;un mateix i dels altres, l&#8217;\u00e0rea de descoberta de l&#8217;entorn i l&#8217;\u00e0rea de comunicaci\u00f3 i llenguatges.<br \/>\nAl llarg del cicle anem creant uns espais d&#8217;aprenentatge (racons, aula de psicomotricitat, aula de m\u00fasica,&hellip;  <a href=\"https:\/\/agora.xtec.cat\/escolasantpau\/projecte-deducacio-infantil\/\" title=\"Read Projecte d&#8217;educaci\u00f3 infantil\">Llegeix m\u00e9s\u00bb<\/a><\/p>\n","protected":false},"author":1,"featured_media":0,"parent":0,"menu_order":0,"comment_status":"closed","ping_status":"closed","template":"","meta":{"_bbp_topic_count":0,"_bbp_reply_count":0,"_bbp_total_topic_count":0,"_bbp_total_reply_count":0,"_bbp_voice_count":0,"_bbp_anonymous_reply_count":0,"_bbp_topic_count_hidden":0,"_bbp_reply_count_hidden":0,"_bbp_forum_subforum_count":0,"footnotes":""},"class_list":["post-4001","page","type-page","status-publish","hentry"],"post_mailing_queue_ids":[],"_links":{"self":[{"href":"https:\/\/agora.xtec.cat\/escolasantpau\/wp-json\/wp\/v2\/pages\/4001","targetHints":{"allow":["GET"]}}],"collection":[{"href":"https:\/\/agora.xtec.cat\/escolasantpau\/wp-json\/wp\/v2\/pages"}],"about":[{"href":"https:\/\/agora.xtec.cat\/escolasantpau\/wp-json\/wp\/v2\/types\/page"}],"author":[{"embeddable":true,"href":"https:\/\/agora.xtec.cat\/escolasantpau\/wp-json\/wp\/v2\/users\/1"}],"replies":[{"embeddable":true,"href":"https:\/\/agora.xtec.cat\/escolasantpau\/wp-json\/wp\/v2\/comments?post=4001"}],"version-history":[{"count":2,"href":"https:\/\/agora.xtec.cat\/escolasantpau\/wp-json\/wp\/v2\/pages\/4001\/revisions"}],"predecessor-version":[{"id":5962,"href":"https:\/\/agora.xtec.cat\/escolasantpau\/wp-json\/wp\/v2\/pages\/4001\/revisions\/5962"}],"wp:attachment":[{"href":"https:\/\/agora.xtec.cat\/escolasantpau\/wp-json\/wp\/v2\/media?parent=4001"}],"curies":[{"name":"wp","href":"https:\/\/api.w.org\/{rel}","templated":true}]}}