{"id":3650,"date":"2019-04-07T18:25:10","date_gmt":"2019-04-07T16:25:10","guid":{"rendered":"http:\/\/agora.xtec.cat\/escolasantpau\/?page_id=3650"},"modified":"2019-06-09T12:15:45","modified_gmt":"2019-06-09T10:15:45","slug":"pati","status":"publish","type":"page","link":"https:\/\/agora.xtec.cat\/escolasantpau\/els-nostres-projectes\/pati\/","title":{"rendered":"Pati"},"content":{"rendered":"<p><em>\u201cAlg\u00fa ha escrit que l\u2019ambient ha de ser una esp\u00e8cie d\u2019aqu\u00e0rium que reflecteix<\/em><\/p>\n<p><em>les idees, la moralitat, les actituds, les cultures de les persones que hi viuen.<\/em><\/p>\n<p><em>Els infants estan en constant recerca, s\u00f3n competents i experimentadors: l\u2019espai<\/em><\/p>\n<p><em>ha de ser, doncs, acollidor, ric en propostes, est\u00edmuls i reptes. Els llocs i els espais<\/em><\/p>\n<p><em>han d\u2019estar pensats i organitzats per permetre que totes les intel\u00b7lig\u00e8ncies<\/em><\/p>\n<p><em>s\u2019impliquin, activant connexions entre l\u2019experi\u00e8ncia i el pensament.\u201d<\/em><\/p>\n<p style=\"text-align: center;\"><em>L. Malaguzzi<\/em><\/p>\n<p><b>EL PATI DE L\u2019ESCOLA, UN ESPAI EDUCATIU<\/b><\/p>\n<p>&nbsp;<\/p>\n<p>El curs 17\/18 iniciem un projecte amb l\u2019objectiu de crear nous espais per als dos patis de la nostra escola, el d\u2019infantil i el de prim\u00e0ria.<\/p>\n<p>Alguns membres del claustre participen d\u2019un assessorament i un formador ens ajuda a posar fil i agulla a aquest projecte. A la vegada ens engresca a confiar que aquest canvi \u00e9s possible i ens encomana de la il\u00b7lusi\u00f3 de pensar que entre tots, ho podem fer realitat.<\/p>\n<p>Iniciem l\u2019estudi del joc que es fa en els dos patis i dels diferents espais\u2026<\/p>\n<p><a href=\"https:\/\/drive.google.com\/open?id=1NnU5Ox0V1UmVqA5uWbtSSYABpgkgwLlu\" target=\"_blank\" rel=\"noopener noreferrer\">Pati d&#8217;Infantil<\/a> i els diferents <a href=\"https:\/\/drive.google.com\/drive\/folders\/1B7FVDVEzLsJCdBImiqpAAPFtkmWKADX6?usp=sharing\" target=\"_blank\" rel=\"noopener noreferrer\">espais<\/a><\/p>\n<p><a href=\"https:\/\/drive.google.com\/open?id=1cG593jlG1lFyp8sNZCemxxwGthmx9qOD\" target=\"_blank\" rel=\"noopener noreferrer\">Pati de Prim\u00e0ria<\/a> i els diferents <a href=\"https:\/\/drive.google.com\/drive\/folders\/1oMh_5QOtnJ0XOtJOrcw3DfjbzwJ-prru?usp=sharing\" target=\"_blank\" rel=\"noopener noreferrer\">espais<\/a><\/p>\n<p><a href=\"https:\/\/agora.xtec.cat\/escolasantpau\/wp-content\/uploads\/usu204\/2019\/04\/DSCN1299.jpg\"><img loading=\"lazy\" decoding=\"async\" class=\"aligncenter wp-image-3655\" src=\"https:\/\/agora.xtec.cat\/escolasantpau\/wp-content\/uploads\/usu204\/2019\/04\/DSCN1299-1024x768.jpg\" alt=\"\" width=\"816\" height=\"612\" srcset=\"https:\/\/agora.xtec.cat\/escolasantpau\/wp-content\/uploads\/usu204\/2019\/04\/DSCN1299-1024x768.jpg 1024w, https:\/\/agora.xtec.cat\/escolasantpau\/wp-content\/uploads\/usu204\/2019\/04\/DSCN1299-300x225.jpg 300w, https:\/\/agora.xtec.cat\/escolasantpau\/wp-content\/uploads\/usu204\/2019\/04\/DSCN1299-768x576.jpg 768w, https:\/\/agora.xtec.cat\/escolasantpau\/wp-content\/uploads\/usu204\/2019\/04\/DSCN1299-200x150.jpg 200w\" sizes=\"auto, (max-width: 816px) 100vw, 816px\" \/><\/a><\/p>\n<p>Paral\u00b7lelament es demana als alumnes que ens facin arribar les seves propostes i idees de com els agradaria que fos el pati (materials, jocs, espais\u2026). Aquest proc\u00e9s de canvi tamb\u00e9 inclou a les fam\u00edlies, convidant-los a col\u00b7laborar en el muntatge d\u2019aquests espais i demanant-los que ens facin arribar records del seu pati de quan eren petits.<\/p>\n<p><a href=\"https:\/\/agora.xtec.cat\/escolasantpau\/wp-content\/uploads\/usu204\/2019\/04\/Imagen-077.jpg\"><img loading=\"lazy\" decoding=\"async\" class=\"aligncenter wp-image-3656\" src=\"https:\/\/agora.xtec.cat\/escolasantpau\/wp-content\/uploads\/usu204\/2019\/04\/Imagen-077-1024x768.jpg\" alt=\"\" width=\"829\" height=\"622\" srcset=\"https:\/\/agora.xtec.cat\/escolasantpau\/wp-content\/uploads\/usu204\/2019\/04\/Imagen-077-1024x768.jpg 1024w, https:\/\/agora.xtec.cat\/escolasantpau\/wp-content\/uploads\/usu204\/2019\/04\/Imagen-077-300x225.jpg 300w, https:\/\/agora.xtec.cat\/escolasantpau\/wp-content\/uploads\/usu204\/2019\/04\/Imagen-077-768x576.jpg 768w, https:\/\/agora.xtec.cat\/escolasantpau\/wp-content\/uploads\/usu204\/2019\/04\/Imagen-077-200x150.jpg 200w\" sizes=\"auto, (max-width: 829px) 100vw, 829px\" \/><\/a><\/p>\n<p><a href=\"https:\/\/drive.google.com\/drive\/folders\/1oN2JuSMBXxgBjQiTbOn9sSH3oGY1KYs3?usp=sharing\" target=\"_blank\" rel=\"noopener noreferrer\">Col\u00b7laboraci\u00f3\u00a0 de les fam\u00edlies<\/a><\/p>\n<p>A principis del curs 2018\/19 es comencen a veure els primers canvis i aix\u00f2 ens engresca molt a tots plegats doncs aquestes noves propostes resulten tot un \u00e8xit entre els nostres alumnes.<\/p>\n<p>&nbsp;<iframe loading=\"lazy\" src=\"https:\/\/drive.google.com\/file\/d\/1eW25e_MB079A61zwVLmzVkKuguhnY1UE\/preview\" width=\"640\" height=\"480\"><\/iframe><\/p>\n<p><a href=\"https:\/\/drive.google.com\/drive\/folders\/1-xP_PgM-kLK9nDCV_XwJeYWfezaiszi9?usp=sharing\" target=\"_blank\" rel=\"noopener noreferrer\">Espais i materials nous<\/a><\/p>\n<p>Pensem que l\u2019espai del pati \u00e9s un entorn que ofereix moltes possibilitats, tant de joc com d\u2019aprenentatge i tamb\u00e9 social per a la celebraci\u00f3 i la conviv\u00e8ncia, \u00e9s per aix\u00f2, que potenciem que se\u2019n pugui fer un \u00fas m\u00e9s enll\u00e0 de la franja hor\u00e0ria destinada com a esbarjo.<\/p>\n<p><a href=\"https:\/\/agora.xtec.cat\/escolasantpau\/wp-content\/uploads\/usu204\/2019\/04\/IMG_0491.jpeg\"><img loading=\"lazy\" decoding=\"async\" class=\"aligncenter wp-image-3658\" src=\"https:\/\/agora.xtec.cat\/escolasantpau\/wp-content\/uploads\/usu204\/2019\/04\/IMG_0491-1024x576.jpeg\" alt=\"\" width=\"753\" height=\"424\" \/><\/a><\/p>\n<p><a href=\"https:\/\/agora.xtec.cat\/escolasantpau\/wp-content\/uploads\/usu204\/2019\/04\/IMG_0756.jpg\"><img loading=\"lazy\" decoding=\"async\" class=\"aligncenter wp-image-3659\" src=\"https:\/\/agora.xtec.cat\/escolasantpau\/wp-content\/uploads\/usu204\/2019\/04\/IMG_0756-1024x768.jpg\" alt=\"\" width=\"751\" height=\"564\" srcset=\"https:\/\/agora.xtec.cat\/escolasantpau\/wp-content\/uploads\/usu204\/2019\/04\/IMG_0756-1024x768.jpg 1024w, https:\/\/agora.xtec.cat\/escolasantpau\/wp-content\/uploads\/usu204\/2019\/04\/IMG_0756-300x225.jpg 300w, https:\/\/agora.xtec.cat\/escolasantpau\/wp-content\/uploads\/usu204\/2019\/04\/IMG_0756-768x576.jpg 768w, https:\/\/agora.xtec.cat\/escolasantpau\/wp-content\/uploads\/usu204\/2019\/04\/IMG_0756-200x150.jpg 200w\" sizes=\"auto, (max-width: 751px) 100vw, 751px\" \/><\/a><\/p>\n<p>Aqu\u00ed podeu veure un muntatge audiovisual realitzat per alumnes de sis\u00e8 dels dos patis.<\/p>\n<p><iframe loading=\"lazy\" src=\"https:\/\/drive.google.com\/file\/d\/1duTK4KYqdsK7_QjVYbZQc23rs2DhHOvz\/preview\" width=\"640\" height=\"480\"><\/iframe><\/p>\n<p><iframe loading=\"lazy\" src=\"https:\/\/drive.google.com\/file\/d\/1CqG1piKoxzpw7cngHISE8n29W_XYt3_3\/preview\" width=\"640\" height=\"480\"><\/iframe><br \/>\n<strong>Us animem a seguir col\u00b7laborant en aquest projecte!!<\/strong><\/p>\n","protected":false},"excerpt":{"rendered":"<p>\u201cAlg\u00fa ha escrit que l\u2019ambient ha de ser una esp\u00e8cie d\u2019aqu\u00e0rium que reflecteix<br \/>\nles idees, la moralitat, les actituds, les cultures de les persones que hi viuen.<br \/>\nEls infants estan en constant recerca, s\u00f3n competents i experimentadors: l\u2019espai<br \/>\nha de ser, doncs, acollidor, ric en propostes, est\u00edmuls i&hellip;  <a href=\"https:\/\/agora.xtec.cat\/escolasantpau\/els-nostres-projectes\/pati\/\" title=\"Read Pati\">Llegeix m\u00e9s\u00bb<\/a><\/p>\n","protected":false},"author":1,"featured_media":0,"parent":502,"menu_order":0,"comment_status":"closed","ping_status":"closed","template":"","meta":{"_bbp_topic_count":0,"_bbp_reply_count":0,"_bbp_total_topic_count":0,"_bbp_total_reply_count":0,"_bbp_voice_count":0,"_bbp_anonymous_reply_count":0,"_bbp_topic_count_hidden":0,"_bbp_reply_count_hidden":0,"_bbp_forum_subforum_count":0,"footnotes":""},"class_list":["post-3650","page","type-page","status-publish","hentry"],"post_mailing_queue_ids":[],"_links":{"self":[{"href":"https:\/\/agora.xtec.cat\/escolasantpau\/wp-json\/wp\/v2\/pages\/3650","targetHints":{"allow":["GET"]}}],"collection":[{"href":"https:\/\/agora.xtec.cat\/escolasantpau\/wp-json\/wp\/v2\/pages"}],"about":[{"href":"https:\/\/agora.xtec.cat\/escolasantpau\/wp-json\/wp\/v2\/types\/page"}],"author":[{"embeddable":true,"href":"https:\/\/agora.xtec.cat\/escolasantpau\/wp-json\/wp\/v2\/users\/1"}],"replies":[{"embeddable":true,"href":"https:\/\/agora.xtec.cat\/escolasantpau\/wp-json\/wp\/v2\/comments?post=3650"}],"version-history":[{"count":4,"href":"https:\/\/agora.xtec.cat\/escolasantpau\/wp-json\/wp\/v2\/pages\/3650\/revisions"}],"predecessor-version":[{"id":3917,"href":"https:\/\/agora.xtec.cat\/escolasantpau\/wp-json\/wp\/v2\/pages\/3650\/revisions\/3917"}],"up":[{"embeddable":true,"href":"https:\/\/agora.xtec.cat\/escolasantpau\/wp-json\/wp\/v2\/pages\/502"}],"wp:attachment":[{"href":"https:\/\/agora.xtec.cat\/escolasantpau\/wp-json\/wp\/v2\/media?parent=3650"}],"curies":[{"name":"wp","href":"https:\/\/api.w.org\/{rel}","templated":true}]}}