{"id":342,"date":"2016-07-01T22:57:45","date_gmt":"2016-07-01T21:57:45","guid":{"rendered":"http:\/\/agora.xtec.cat\/escolasantpau\/?page_id=342"},"modified":"2016-07-01T22:57:45","modified_gmt":"2016-07-01T21:57:45","slug":"primaria","status":"publish","type":"page","link":"https:\/\/agora.xtec.cat\/escolasantpau\/primaria\/","title":{"rendered":"Prim\u00e0ria"},"content":{"rendered":"<p style=\"text-align: justify;\">L&#8217;etapa prim\u00e0ria dompr\u00e8n sis cursos acad\u00e8mics, des dels 6 als 12 anys, i t\u00e9 car\u00e0cter obligatori. S&#8217;estructura en tres cicles de dos cursos cadascun:<\/p>\n<ul style=\"text-align: justify;\">\n<li>Cicle inicial (de 6 a 8 anys )<\/li>\n<li>Cicle mitj\u00e0 (de 8 a 10 anys )<\/li>\n<li>Cicle superior (de 10 a 12 anys )<\/li>\n<\/ul>\n<p style=\"text-align: justify;\">L&#8217;organitzaci\u00f3 i l&#8217;enfocament de les \u00e0rees d&#8217;aquesta etapa tenen un car\u00e0cter global i integrador.<\/p>\n<p style=\"text-align: justify;\">Les finalitats de l&#8217;Educaci\u00f3 Prim\u00e0ria s\u00f3n les de proporcionar a tots els alumnes una formaci\u00f3 comuna que faci possible el desenvolupament de les capacitats individuals motrius , d&#8217;equilibri personal, de relaci\u00f3 i d&#8217;actuaci\u00f3 social amb l&#8217;adquisici\u00f3 dels elements b\u00e0sics culturals , els aprenentatges relatius a l&#8217;expressi\u00f3 oral, a la lectura, a l&#8217;escriptura i al c\u00e0lcul aritm\u00e8tic .<\/p>\n<p style=\"text-align: justify;\">\u00c0rees<\/p>\n<ul style=\"list-style-type: circle;\">\n<li style=\"text-align: justify;\">Llengua catalana i literatura<\/li>\n<li style=\"text-align: justify;\">Llengua castellana i literatura<\/li>\n<li style=\"text-align: justify;\">Llengua anglesa<\/li>\n<li style=\"text-align: justify;\">Coneixement del medi: social i cultural<\/li>\n<li style=\"text-align: justify;\">Coneixement del medi: natural<\/li>\n<li style=\"text-align: justify;\">Educaci\u00f3 art\u00edstica: m\u00fasica<\/li>\n<li style=\"text-align: justify;\">Educaci\u00f3 art\u00edstica: visual i pl\u00e0stica<\/li>\n<li style=\"text-align: justify;\">Educaci\u00f3 f\u00edsica<\/li>\n<li style=\"text-align: justify;\">Matem\u00e0tiques<\/li>\n<li style=\"text-align: justify;\">Religi\u00f3 \/ Educaci\u00f3 en Valors<\/li>\n<li>Educaci\u00f3 per a la ciutadania (cicle superior)<\/li>\n<\/ul>\n","protected":false},"excerpt":{"rendered":"<p>L&#8217;etapa prim\u00e0ria dompr\u00e8n sis cursos acad\u00e8mics, des dels 6 als 12 anys, i t\u00e9 car\u00e0cter obligatori. S&#8217;estructura en tres cicles de dos cursos cadascun:<\/p>\n<ul style=\"text-align: justify;\">\n<li>Cicle inicial (de 6 a 8 anys )<\/li>\n<li>Cicle mitj\u00e0 (de 8 a 10 anys )<\/li>\n<li>Cicle superior (de 10 a 12&hellip;  <a href=\"https:\/\/agora.xtec.cat\/escolasantpau\/primaria\/\" title=\"Read Prim\u00e0ria\">Llegeix m\u00e9s\u00bb<\/a><br \/>\n","protected":false},"author":1,"featured_media":0,"parent":0,"menu_order":0,"comment_status":"closed","ping_status":"closed","template":"","meta":{"_bbp_topic_count":0,"_bbp_reply_count":0,"_bbp_total_topic_count":0,"_bbp_total_reply_count":0,"_bbp_voice_count":0,"_bbp_anonymous_reply_count":0,"_bbp_topic_count_hidden":0,"_bbp_reply_count_hidden":0,"_bbp_forum_subforum_count":0,"footnotes":""},"class_list":["post-342","page","type-page","status-publish","hentry"],"post_mailing_queue_ids":[],"_links":{"self":[{"href":"https:\/\/agora.xtec.cat\/escolasantpau\/wp-json\/wp\/v2\/pages\/342","targetHints":{"allow":["GET"]}}],"collection":[{"href":"https:\/\/agora.xtec.cat\/escolasantpau\/wp-json\/wp\/v2\/pages"}],"about":[{"href":"https:\/\/agora.xtec.cat\/escolasantpau\/wp-json\/wp\/v2\/types\/page"}],"author":[{"embeddable":true,"href":"https:\/\/agora.xtec.cat\/escolasantpau\/wp-json\/wp\/v2\/users\/1"}],"replies":[{"embeddable":true,"href":"https:\/\/agora.xtec.cat\/escolasantpau\/wp-json\/wp\/v2\/comments?post=342"}],"version-history":[{"count":1,"href":"https:\/\/agora.xtec.cat\/escolasantpau\/wp-json\/wp\/v2\/pages\/342\/revisions"}],"predecessor-version":[{"id":343,"href":"https:\/\/agora.xtec.cat\/escolasantpau\/wp-json\/wp\/v2\/pages\/342\/revisions\/343"}],"wp:attachment":[{"href":"https:\/\/agora.xtec.cat\/escolasantpau\/wp-json\/wp\/v2\/media?parent=342"}],"curies":[{"name":"wp","href":"https:\/\/api.w.org\/{rel}","templated":true}]}}