{"id":3007,"date":"2018-12-11T18:18:46","date_gmt":"2018-12-11T17:18:46","guid":{"rendered":"http:\/\/agora.xtec.cat\/escolasantpau\/?page_id=3007"},"modified":"2025-02-12T11:46:30","modified_gmt":"2025-02-12T10:46:30","slug":"normativa-de-funcionament","status":"publish","type":"page","link":"https:\/\/agora.xtec.cat\/escolasantpau\/projecte-educatiu-de-centre-pec\/normativa-de-funcionament\/","title":{"rendered":"Normativa de funcionament"},"content":{"rendered":"<p><img loading=\"lazy\" decoding=\"async\" class=\"wp-image-3008 alignnone\" src=\"https:\/\/agora.xtec.cat\/escolasantpau\/wp-content\/uploads\/usu204\/2018\/12\/NOFC-DOC_jpg.png\" alt=\"\" width=\"258\" height=\"168\" srcset=\"https:\/\/agora.xtec.cat\/escolasantpau\/wp-content\/uploads\/usu204\/2018\/12\/NOFC-DOC_jpg.png 1110w, https:\/\/agora.xtec.cat\/escolasantpau\/wp-content\/uploads\/usu204\/2018\/12\/NOFC-DOC_jpg-300x195.png 300w, https:\/\/agora.xtec.cat\/escolasantpau\/wp-content\/uploads\/usu204\/2018\/12\/NOFC-DOC_jpg-768x500.png 768w, https:\/\/agora.xtec.cat\/escolasantpau\/wp-content\/uploads\/usu204\/2018\/12\/NOFC-DOC_jpg-1024x666.png 1024w\" sizes=\"auto, (max-width: 258px) 100vw, 258px\" \/><\/p>\n<p><iframe loading=\"lazy\" src=\"https:\/\/drive.google.com\/file\/d\/19K0o50dVMVRroyMRkhHOvGIzqfHpLocF\/preview\" width=\"640\" height=\"780\"><\/iframe><\/p>\n<p><b>ACTUALITZACIONS DEL DOCUMENT N.O.F.C<\/b><\/p>\n<ol>\n<li><a href=\"https:\/\/drive.google.com\/open?id=12ODIJJNRB3N78mETLku2ktbLIJK1RVqw\">Tractament de la informaci\u00f3<\/a> (Aprovat en Consell Escolar en data 21 de febrer de 2017)<\/li>\n<li><a href=\"https:\/\/drive.google.com\/open?id=1YxU3my-LUibEVKKeBK9zBrIqKoXhMe3f\">Sup\u00f2sit de retard en la recollida de l&#8217;alumnat a la recollida del centre<\/a> (Aprovat en Consell Escolar en data 21 de febrer de 2017)<\/li>\n<li><a href=\"https:\/\/drive.google.com\/open?id=15hPCjtf8vXXYFxJB4cFTluO5e-lhUKbJ\">Suport escolar personalitzat (SEP)\u00a0<\/a>(Aprovat en Consell Escolar en data 21 de febrer de 2017)<\/li>\n<li><a href=\"https:\/\/drive.google.com\/open?id=11G5EybuYq5uZHzV2gdwhAZyXKAVBnOBU\">\u00das dels tel\u00e8fons m\u00f2bils i altres aparells<\/a> (Aprovat en Consell Escolar en data 21 de febrer de 2017)<\/li>\n<li><a href=\"https:\/\/drive.google.com\/open?id=1vZ3QKTIX0lqrt2YueR3eY1gcZ_-73UIL\">El recinte escolar<\/a> (Aprovat en Consell Escolar en data 21 de febrer de 2017)<\/li>\n<li><a href=\"https:\/\/drive.google.com\/open?id=1ryZxqPqNMSINNCztPHadhUg0DkHVmq8s\">Horaris del centre<\/a> (Aprovat en Consell Escolar en data 21 de febrer de 2017)<\/li>\n<li><a href=\"https:\/\/drive.google.com\/open?id=1gMsQi7awbE8Ds1x46YD96G78Aurc7Wcr\">Entrades i sortides del centre<\/a> (Aprovat en Consell Escolar en data 21 de febrer de 2017)<\/li>\n<li><a href=\"https:\/\/drive.google.com\/open?id=1TP8XtlMb9R5uXxm6UnsUdEDhdj9NoPsD\">Protocol de promoci\u00f3-retenci\u00f3 de l&#8217;alumnat<\/a> (Aprovat en Consell Escolar en data 21 de febrer de 2017)<\/li>\n<li><a href=\"https:\/\/drive.google.com\/open?id=1QcKTMlljG_Tq7CJuiJ-QdDbMB1CrNpjL\">Alumnes malalts i accidents<\/a> (Aprovat en Consell Escolar en data 21 de febrer de 2017)<\/li>\n<li><a href=\"https:\/\/drive.google.com\/open?id=1CRq0CbmxBMYpxXgmHthh_16tEgLqmNt8\">Activitats complement\u00e0ries i extraescolars<\/a> (Aprovat en Consell Escolar en data 21 de febrer de 2017)<\/li>\n<li><a href=\"https:\/\/drive.google.com\/open?id=1OcYgA3SAz-03ez_WBjHmohPOOQv07m34\">Gesti\u00f3 d&#8217;abs\u00e8ncies<\/a> (Aprovat en Consell Escolar en data 21 de febrer de 2017)<\/li>\n<li><a href=\"https:\/\/drive.google.com\/open?id=12MPlIJI3CVx0KpcQJMHFB8b885L8EOop\">Reclamacions envers la prestaci\u00f3 de serveis del centre<\/a> (Aprovat en Consell Escolar en data 21 de febrer de 2017)<\/li>\n<li><a href=\"https:\/\/drive.google.com\/open?id=1GB1Bzh_ZESQo71LYnZtt1Pv3CmbxsdKV\">Entrevistes-reunions amb les fam\u00edlies<\/a> (Aprovat en Consell Escolar en data 21 de febrer de 2017)<\/li>\n<li><a href=\"https:\/\/drive.google.com\/open?id=1JybbuvPPbnAWBIZh6qUo-pDihwYk_lXS\">Actuacions en el sup\u00f2sit d&#8217;absentisme de l&#8217;alumnat<\/a> (Aprovat en Consell Escolar en data 21 de febrer de 2017)<\/li>\n<\/ol>\n<p><strong>PLA DE CONVIV\u00c8NCIA<\/strong><\/p>\n<p><iframe loading=\"lazy\" src=\"https:\/\/drive.google.com\/file\/d\/1z5CWKMU03vh-n8PKdeSi18TFY4iXEZcO\/preview\" width=\"640\" height=\"780\"><\/iframe><br \/>\n<iframe loading=\"lazy\" src=\"https:\/\/drive.google.com\/file\/d\/17SyJTv06MWkrUPd4TExby7EU2buODTdc\/preview\" width=\"640\" height=\"780\" allow=\"autoplay\"><\/iframe><br \/>\n<iframe loading=\"lazy\" src=\"https:\/\/drive.google.com\/file\/d\/1FzoKKfqca-73Exb5bzhNHa7iJLx2cFaP\/preview\" width=\"640\" height=\"780\" allow=\"autoplay\"><\/iframe><\/p>\n<p>&nbsp;<\/p>\n","protected":false},"excerpt":{"rendered":"<p>ACTUALITZACIONS DEL DOCUMENT N.O.F.C<\/p>\n<ol>\n<li><a href=\"https:\/\/drive.google.com\/open?id=12ODIJJNRB3N78mETLku2ktbLIJK1RVqw\">Tractament de la informaci\u00f3<\/a> (Aprovat en Consell Escolar en data 21 de febrer de 2017)<\/li>\n<li><a href=\"https:\/\/drive.google.com\/open?id=1YxU3my-LUibEVKKeBK9zBrIqKoXhMe3f\">Sup\u00f2sit de retard en la recollida de l&#8217;alumnat a la recollida del centre<\/a> (Aprovat en Consell Escolar en data 21 de febrer de 2017)<\/li>\n<li><a href=\"https:\/\/drive.google.com\/open?id=15hPCjtf8vXXYFxJB4cFTluO5e-lhUKbJ\">Suport escolar&hellip;  <a href=\"https:\/\/agora.xtec.cat\/escolasantpau\/projecte-educatiu-de-centre-pec\/normativa-de-funcionament\/\" title=\"Read Normativa de funcionament\">Llegeix m\u00e9s\u00bb<\/a><br \/>\n","protected":false},"author":1,"featured_media":0,"parent":396,"menu_order":0,"comment_status":"closed","ping_status":"closed","template":"","meta":{"_bbp_topic_count":0,"_bbp_reply_count":0,"_bbp_total_topic_count":0,"_bbp_total_reply_count":0,"_bbp_voice_count":0,"_bbp_anonymous_reply_count":0,"_bbp_topic_count_hidden":0,"_bbp_reply_count_hidden":0,"_bbp_forum_subforum_count":0,"footnotes":""},"class_list":["post-3007","page","type-page","status-publish","hentry"],"post_mailing_queue_ids":[],"_links":{"self":[{"href":"https:\/\/agora.xtec.cat\/escolasantpau\/wp-json\/wp\/v2\/pages\/3007","targetHints":{"allow":["GET"]}}],"collection":[{"href":"https:\/\/agora.xtec.cat\/escolasantpau\/wp-json\/wp\/v2\/pages"}],"about":[{"href":"https:\/\/agora.xtec.cat\/escolasantpau\/wp-json\/wp\/v2\/types\/page"}],"author":[{"embeddable":true,"href":"https:\/\/agora.xtec.cat\/escolasantpau\/wp-json\/wp\/v2\/users\/1"}],"replies":[{"embeddable":true,"href":"https:\/\/agora.xtec.cat\/escolasantpau\/wp-json\/wp\/v2\/comments?post=3007"}],"version-history":[{"count":5,"href":"https:\/\/agora.xtec.cat\/escolasantpau\/wp-json\/wp\/v2\/pages\/3007\/revisions"}],"predecessor-version":[{"id":8277,"href":"https:\/\/agora.xtec.cat\/escolasantpau\/wp-json\/wp\/v2\/pages\/3007\/revisions\/8277"}],"up":[{"embeddable":true,"href":"https:\/\/agora.xtec.cat\/escolasantpau\/wp-json\/wp\/v2\/pages\/396"}],"wp:attachment":[{"href":"https:\/\/agora.xtec.cat\/escolasantpau\/wp-json\/wp\/v2\/media?parent=3007"}],"curies":[{"name":"wp","href":"https:\/\/api.w.org\/{rel}","templated":true}]}}