{"id":30,"date":"2014-09-18T12:30:23","date_gmt":"2014-09-18T12:30:23","guid":{"rendered":"http:\/\/agora.xtec.cat\/escolasantpau\/?page_id=30"},"modified":"2023-02-13T17:34:48","modified_gmt":"2023-02-13T16:34:48","slug":"instal%c2%b7lacions","status":"publish","type":"page","link":"https:\/\/agora.xtec.cat\/escolasantpau\/lanostraescola\/instal%c2%b7lacions\/","title":{"rendered":"Instal\u00b7lacions"},"content":{"rendered":"<p style=\"text-align: justify;\">En total, el centre t\u00e9 una superf\u00edcie constru\u00efda de 3.096,01 metres quadrats.<\/p>\n<p style=\"text-align: justify;\">La construcci\u00f3 consta de dues edificacions \u2013una per a educaci\u00f3 infantil i una per a educaci\u00f3 prim\u00e0ria- que es distribueixen en forma d&#8217;U. Aquestes edificacions inclouen 20 aules ordin\u00e0ries, a banda de les aules espec\u00edfiques com s\u00f3n l\u2019espai polivalent, l&#8217;aula de m\u00fasica, l&#8217;aula d&#8217;experimentaci\u00f3, l&#8217;aula d\u2019acollida i aules per a poder desdoblar grups. El centre compta tamb\u00e9 amb un gimn\u00e0s de 230 metres quadrats.<\/p>\n<p style=\"text-align: justify;\">A la planta baixa, s&#8217;ubiquen les aules d&#8217;educaci\u00f3 infantil, dues aules de Prim\u00e0ria, l&#8217;espai TAICA, l&#8217;aula de m\u00fasica, l&#8217;aula d&#8217;experimentaci\u00f3, l&#8217;aula de la foscor, l&#8217;administraci\u00f3, la consergeria, els despatxos de direcci\u00f3, la sala de mestres i el menjador\/cuina.<\/p>\n<p style=\"text-align: justify;\">A la primera planta es troben les aules de prim\u00e0ria, l&#8217;aula d\u2019acollida, l\u2019espai polivalent i altres espais on es realitzen desdoblaments i l&#8217;educaci\u00f3 especial.<\/p>\n<p>A l&#8217;exterior hi trobem la zona d&#8217;esbarjo, format per dos patis diferenciats; un per a Infantil i l&#8217;altre per a l&#8217;alumnat de Prim\u00e0ria. Aquest darrer t\u00e9 una zona zona tranquil\u00b7la amb taules i una pista per a practicar esports.<\/p>\n<p>&nbsp;<\/p>\n<p><iframe loading=\"lazy\" src=\"https:\/\/drive.google.com\/file\/d\/1AZNd1CkGd9h4kGO-xFhkHC11OLWgilne\/preview\" width=\"840\" height=\"680\"><span data-mce-type=\"bookmark\" style=\"display: inline-block; width: 0px; overflow: hidden; line-height: 0;\" class=\"mce_SELRES_start\">\ufeff<\/span><\/iframe><\/p>\n","protected":false},"excerpt":{"rendered":"<p>En total, el centre t\u00e9 una superf\u00edcie constru\u00efda de 3.096,01 metres quadrats.<br \/>\nLa construcci\u00f3 consta de dues edificacions \u2013una per a educaci\u00f3 infantil i una per a educaci\u00f3 prim\u00e0ria- que es distribueixen en forma d&#8217;U. Aquestes edificacions inclouen 20 aules ordin\u00e0ries, a banda de les aules&hellip;  <a href=\"https:\/\/agora.xtec.cat\/escolasantpau\/lanostraescola\/instal%c2%b7lacions\/\" title=\"Read Instal\u00b7lacions\">Llegeix m\u00e9s\u00bb<\/a><\/p>\n","protected":false},"author":2,"featured_media":0,"parent":64,"menu_order":4,"comment_status":"closed","ping_status":"closed","template":"page-templates\/side-menu.php","meta":{"_bbp_topic_count":0,"_bbp_reply_count":0,"_bbp_total_topic_count":0,"_bbp_total_reply_count":0,"_bbp_voice_count":0,"_bbp_anonymous_reply_count":0,"_bbp_topic_count_hidden":0,"_bbp_reply_count_hidden":0,"_bbp_forum_subforum_count":0,"footnotes":""},"class_list":["post-30","page","type-page","status-publish","hentry"],"post_mailing_queue_ids":[],"_links":{"self":[{"href":"https:\/\/agora.xtec.cat\/escolasantpau\/wp-json\/wp\/v2\/pages\/30","targetHints":{"allow":["GET"]}}],"collection":[{"href":"https:\/\/agora.xtec.cat\/escolasantpau\/wp-json\/wp\/v2\/pages"}],"about":[{"href":"https:\/\/agora.xtec.cat\/escolasantpau\/wp-json\/wp\/v2\/types\/page"}],"author":[{"embeddable":true,"href":"https:\/\/agora.xtec.cat\/escolasantpau\/wp-json\/wp\/v2\/users\/2"}],"replies":[{"embeddable":true,"href":"https:\/\/agora.xtec.cat\/escolasantpau\/wp-json\/wp\/v2\/comments?post=30"}],"version-history":[{"count":4,"href":"https:\/\/agora.xtec.cat\/escolasantpau\/wp-json\/wp\/v2\/pages\/30\/revisions"}],"predecessor-version":[{"id":6960,"href":"https:\/\/agora.xtec.cat\/escolasantpau\/wp-json\/wp\/v2\/pages\/30\/revisions\/6960"}],"up":[{"embeddable":true,"href":"https:\/\/agora.xtec.cat\/escolasantpau\/wp-json\/wp\/v2\/pages\/64"}],"wp:attachment":[{"href":"https:\/\/agora.xtec.cat\/escolasantpau\/wp-json\/wp\/v2\/media?parent=30"}],"curies":[{"name":"wp","href":"https:\/\/api.w.org\/{rel}","templated":true}]}}