{"id":26,"date":"2014-09-18T12:24:32","date_gmt":"2014-09-18T12:24:32","guid":{"rendered":"http:\/\/agora.xtec.cat\/escolasantpau\/?page_id=26"},"modified":"2016-07-08T10:50:48","modified_gmt":"2016-07-08T09:50:48","slug":"quisom","status":"publish","type":"page","link":"https:\/\/agora.xtec.cat\/escolasantpau\/lanostraescola\/quisom\/","title":{"rendered":"Qui som"},"content":{"rendered":"<p style=\"text-align: justify;\">L\u2019Escola Sant Pau \u00e9s una escola p\u00fablica catalana, laica, acollidora i inclusiva. \u00c9s un centre respectu\u00f3s amb la pluralitat.<\/p>\n<p style=\"text-align: justify;\">Es defineix d\u2019acord amb els principis de qualitat pedag\u00f2gica, de direcci\u00f3 responsable, de dedicaci\u00f3 i professionalitat docent, d\u2019avaluaci\u00f3, de retiment de comptes, d\u2019implicaci\u00f3 de les fam\u00edlies, de preservaci\u00f3 de l\u2019equitat, de cerca de l\u2019excel\u00b7l\u00e8ncia i de respecte a les idees i les creences dels alumnes i de les seves fam\u00edlies.<\/p>\n<p style=\"text-align: justify;\">El Projecte Educatiu del centre (PEC) es compromet expl\u00edcitament a complir aquests principis i determina la relaci\u00f3 amb els alumnes i les fam\u00edlies, la implicaci\u00f3 activa del centre en l\u2019entorn social i el comprom\u00eds de cooperaci\u00f3 i d&#8217;integraci\u00f3 plena en la prestaci\u00f3 del Servei d&#8217;Educaci\u00f3 de Catalunya.<\/p>\n<p style=\"text-align: justify;\">Escola arrelada i oberta a l\u2019entorn que aposta per l\u2019educaci\u00f3 \u00edntegra, sana i saludable i pel foment de l\u2019esfor\u00e7 i la superaci\u00f3.<\/p>\n<p>&nbsp;<\/p>\n<p><img loading=\"lazy\" decoding=\"async\" class=\"aligncenter wp-image-585 size-full\" src=\"http:\/\/agora.xtec.cat\/escolasantpau\/wp-content\/uploads\/usu204\/2014\/09\/concentracio-escola.jpg\" alt=\"concentracio-escola\" width=\"500\" height=\"333\" srcset=\"https:\/\/agora.xtec.cat\/escolasantpau\/wp-content\/uploads\/usu204\/2014\/09\/concentracio-escola.jpg 500w, https:\/\/agora.xtec.cat\/escolasantpau\/wp-content\/uploads\/usu204\/2014\/09\/concentracio-escola-300x200.jpg 300w\" sizes=\"auto, (max-width: 500px) 100vw, 500px\" \/><\/p>\n","protected":false},"excerpt":{"rendered":"<p>L\u2019Escola Sant Pau \u00e9s una escola p\u00fablica catalana, laica, acollidora i inclusiva. \u00c9s un centre respectu\u00f3s amb la pluralitat.<br \/>\nEs defineix d\u2019acord amb els principis de qualitat pedag\u00f2gica, de direcci\u00f3 responsable, de dedicaci\u00f3 i professionalitat docent, d\u2019avaluaci\u00f3, de retiment de comptes, d\u2019implicaci\u00f3 de les fam\u00edlies, de&hellip;  <a href=\"https:\/\/agora.xtec.cat\/escolasantpau\/lanostraescola\/quisom\/\" title=\"Read Qui som\">Llegeix m\u00e9s\u00bb<\/a><\/p>\n","protected":false},"author":2,"featured_media":0,"parent":64,"menu_order":2,"comment_status":"closed","ping_status":"closed","template":"page-templates\/side-menu.php","meta":{"_bbp_topic_count":0,"_bbp_reply_count":0,"_bbp_total_topic_count":0,"_bbp_total_reply_count":0,"_bbp_voice_count":0,"_bbp_anonymous_reply_count":0,"_bbp_topic_count_hidden":0,"_bbp_reply_count_hidden":0,"_bbp_forum_subforum_count":0,"footnotes":""},"class_list":["post-26","page","type-page","status-publish","hentry"],"post_mailing_queue_ids":[],"_links":{"self":[{"href":"https:\/\/agora.xtec.cat\/escolasantpau\/wp-json\/wp\/v2\/pages\/26","targetHints":{"allow":["GET"]}}],"collection":[{"href":"https:\/\/agora.xtec.cat\/escolasantpau\/wp-json\/wp\/v2\/pages"}],"about":[{"href":"https:\/\/agora.xtec.cat\/escolasantpau\/wp-json\/wp\/v2\/types\/page"}],"author":[{"embeddable":true,"href":"https:\/\/agora.xtec.cat\/escolasantpau\/wp-json\/wp\/v2\/users\/2"}],"replies":[{"embeddable":true,"href":"https:\/\/agora.xtec.cat\/escolasantpau\/wp-json\/wp\/v2\/comments?post=26"}],"version-history":[{"count":3,"href":"https:\/\/agora.xtec.cat\/escolasantpau\/wp-json\/wp\/v2\/pages\/26\/revisions"}],"predecessor-version":[{"id":606,"href":"https:\/\/agora.xtec.cat\/escolasantpau\/wp-json\/wp\/v2\/pages\/26\/revisions\/606"}],"up":[{"embeddable":true,"href":"https:\/\/agora.xtec.cat\/escolasantpau\/wp-json\/wp\/v2\/pages\/64"}],"wp:attachment":[{"href":"https:\/\/agora.xtec.cat\/escolasantpau\/wp-json\/wp\/v2\/media?parent=26"}],"curies":[{"name":"wp","href":"https:\/\/api.w.org\/{rel}","templated":true}]}}