{"id":242,"date":"2016-01-25T16:40:16","date_gmt":"2016-01-25T15:40:16","guid":{"rendered":"http:\/\/agora.xtec.cat\/escolasantpau\/?page_id=242"},"modified":"2022-06-21T18:32:20","modified_gmt":"2022-06-21T16:32:20","slug":"on-som-2","status":"publish","type":"page","link":"https:\/\/agora.xtec.cat\/escolasantpau\/lanostraescola\/on-som-2\/","title":{"rendered":"On som"},"content":{"rendered":"<p style=\"text-align: justify;\">La nostra escola es troba a la localitat de Sant Pol de Mar.<\/p>\n<p style=\"text-align: justify;\">El municipi de Sant Pol de Mar es troba a la comarca de l\u2019Alt Maresme, prov\u00edncia de Barcelona. El nombre d\u2019habitants \u00e9s de 5.538, segons el cens de l\u2019any 2021.<\/p>\n<p style=\"text-align: justify;\">Sant Pol de Mar \u00e9s un poble t\u00edpic mediterrani amb carrers estrets i cases baixes i blanques en el casc antic. Poc a poc el poble ha anat experimentant un creixement urban\u00edstic que s\u2019ha concretat en petites urbanitzacions al voltant d\u2019aquest nucli.<\/p>\n<p style=\"text-align: justify;\"><img loading=\"lazy\" decoding=\"async\" class=\"wp-image-315 size-large aligncenter\" src=\"http:\/\/agora.xtec.cat\/escolasantpau\/wp-content\/uploads\/usu204\/2016\/01\/DSC_1024-1024x678.jpg\" alt=\"DSC_1024\" width=\"900\" height=\"678\" \/><\/p>\n<p style=\"text-align: left;\">L&#8217;Escola Sant Pau\u00a0s\u2019ubica en un solar fora del nucli urb\u00e0, a tocar de la riera i la carretera de Sant Cebri\u00e0.<\/p>\n<p style=\"text-align: left;\">La nostra adre\u00e7a \u00e9s la seg\u00fcent:<br \/>\nCamp Balmanya, s\/n<br \/>\n08395 Sant Pol de Mar (Barcelona)<\/p>\n<p style=\"text-align: left;\">\u00a0 \u00a0 \u00a0 \u00a0 \u00a0 \u00a0 \u00a0 \u00a0 \u00a0 \u00a0 \u00a0 \u00a0 \u00a0 <iframe loading=\"lazy\" style=\"border: 0;\" src=\"https:\/\/www.google.com\/maps\/embed?pb=!1m18!1m12!1m3!1d1491.7591595746737!2d2.6112914195637944!3d41.60129680515749!2m3!1f0!2f0!3f0!3m2!1i1024!2i768!4f13.1!3m3!1m2!1s0x12bb38292a193163%3A0x719609837593355f!2sEscola+Public+Sant+Pau!5e0!3m2!1sca!2ses!4v1467295821249\" width=\"900\" height=\"750\" frameborder=\"0\" allowfullscreen=\"allowfullscreen\"><\/iframe><\/p>\n<p>&nbsp;<\/p>\n","protected":false},"excerpt":{"rendered":"<p>La nostra escola es troba a la localitat de Sant Pol de Mar.<br \/>\nEl municipi de Sant Pol de Mar es troba a la comarca de l\u2019Alt Maresme, prov\u00edncia de Barcelona. El nombre d\u2019habitants \u00e9s de 5.538, segons el cens de l\u2019any 2021.<br \/>\nSant Pol de Mar&hellip;  <a href=\"https:\/\/agora.xtec.cat\/escolasantpau\/lanostraescola\/on-som-2\/\" title=\"Read On som\">Llegeix m\u00e9s\u00bb<\/a><\/p>\n","protected":false},"author":1,"featured_media":0,"parent":64,"menu_order":3,"comment_status":"closed","ping_status":"closed","template":"page-templates\/side-menu.php","meta":{"_bbp_topic_count":0,"_bbp_reply_count":0,"_bbp_total_topic_count":0,"_bbp_total_reply_count":0,"_bbp_voice_count":0,"_bbp_anonymous_reply_count":0,"_bbp_topic_count_hidden":0,"_bbp_reply_count_hidden":0,"_bbp_forum_subforum_count":0,"footnotes":""},"class_list":["post-242","page","type-page","status-publish","hentry"],"post_mailing_queue_ids":[],"_links":{"self":[{"href":"https:\/\/agora.xtec.cat\/escolasantpau\/wp-json\/wp\/v2\/pages\/242","targetHints":{"allow":["GET"]}}],"collection":[{"href":"https:\/\/agora.xtec.cat\/escolasantpau\/wp-json\/wp\/v2\/pages"}],"about":[{"href":"https:\/\/agora.xtec.cat\/escolasantpau\/wp-json\/wp\/v2\/types\/page"}],"author":[{"embeddable":true,"href":"https:\/\/agora.xtec.cat\/escolasantpau\/wp-json\/wp\/v2\/users\/1"}],"replies":[{"embeddable":true,"href":"https:\/\/agora.xtec.cat\/escolasantpau\/wp-json\/wp\/v2\/comments?post=242"}],"version-history":[{"count":3,"href":"https:\/\/agora.xtec.cat\/escolasantpau\/wp-json\/wp\/v2\/pages\/242\/revisions"}],"predecessor-version":[{"id":6383,"href":"https:\/\/agora.xtec.cat\/escolasantpau\/wp-json\/wp\/v2\/pages\/242\/revisions\/6383"}],"up":[{"embeddable":true,"href":"https:\/\/agora.xtec.cat\/escolasantpau\/wp-json\/wp\/v2\/pages\/64"}],"wp:attachment":[{"href":"https:\/\/agora.xtec.cat\/escolasantpau\/wp-json\/wp\/v2\/media?parent=242"}],"curies":[{"name":"wp","href":"https:\/\/api.w.org\/{rel}","templated":true}]}}