{"id":239,"date":"2016-01-25T16:36:21","date_gmt":"2016-01-25T15:36:21","guid":{"rendered":"http:\/\/agora.xtec.cat\/escolasantpau\/?page_id=239"},"modified":"2022-06-21T18:30:46","modified_gmt":"2022-06-21T16:30:46","slug":"historia-2","status":"publish","type":"page","link":"https:\/\/agora.xtec.cat\/escolasantpau\/lanostraescola\/historia-2\/","title":{"rendered":"Hist\u00f2ria"},"content":{"rendered":"<p>L\u2019Escola Sant Pau fou inaugurada l\u2019any 1974 i va ser ubicada a la zona esportiva de Can Balmanya.<\/p>\n<p><img loading=\"lazy\" decoding=\"async\" class=\"aligncenter wp-image-599 size-full\" src=\"http:\/\/agora.xtec.cat\/escolasantpau\/wp-content\/uploads\/usu204\/2016\/01\/docu.jpg\" alt=\"docu\" width=\"2970\" height=\"1093\" srcset=\"https:\/\/agora.xtec.cat\/escolasantpau\/wp-content\/uploads\/usu204\/2016\/01\/docu.jpg 2970w, https:\/\/agora.xtec.cat\/escolasantpau\/wp-content\/uploads\/usu204\/2016\/01\/docu-300x110.jpg 300w, https:\/\/agora.xtec.cat\/escolasantpau\/wp-content\/uploads\/usu204\/2016\/01\/docu-768x283.jpg 768w, https:\/\/agora.xtec.cat\/escolasantpau\/wp-content\/uploads\/usu204\/2016\/01\/docu-1024x377.jpg 1024w\" sizes=\"auto, (max-width: 2970px) 100vw, 2970px\" \/><\/p>\n<p>Per tal de fer front a\u00a0l\u2019increment d\u2019escolaritzaci\u00f3 que el municipi ha viscut en els darrers anys, l\u2019any 2008 es va construir l\u2019actual edifici.<\/p>\n<p><a href=\"https:\/\/agora.xtec.cat\/escolasantpau\/wp-content\/uploads\/usu204\/2022\/06\/BIG_406223821121511_02.jpeg\"><img loading=\"lazy\" decoding=\"async\" class=\"wp-image-6375 aligncenter\" src=\"https:\/\/agora.xtec.cat\/escolasantpau\/wp-content\/uploads\/usu204\/2022\/06\/BIG_406223821121511_02.jpeg\" alt=\"\" width=\"720\" height=\"480\" srcset=\"https:\/\/agora.xtec.cat\/escolasantpau\/wp-content\/uploads\/usu204\/2022\/06\/BIG_406223821121511_02.jpeg 1280w, https:\/\/agora.xtec.cat\/escolasantpau\/wp-content\/uploads\/usu204\/2022\/06\/BIG_406223821121511_02-300x200.jpeg 300w, https:\/\/agora.xtec.cat\/escolasantpau\/wp-content\/uploads\/usu204\/2022\/06\/BIG_406223821121511_02-1024x683.jpeg 1024w, https:\/\/agora.xtec.cat\/escolasantpau\/wp-content\/uploads\/usu204\/2022\/06\/BIG_406223821121511_02-768x512.jpeg 768w\" sizes=\"auto, (max-width: 720px) 100vw, 720px\" \/><\/a><\/p>\n<p style=\"text-align: center;\"><a href=\"https:\/\/govern.cat\/salapremsa\/notes-premsa\/84362\/conseller-educacio-inaugura-ceip-sant-pau-sant-pol-mar\" target=\"_blank\" rel=\"noopener\">Inauguraci\u00f3 de l&#8217;Escola Sant Pau<\/a><\/p>\n<p style=\"text-align: justify;\">Els documents que vertebren els trets d&#8217;identitat del centre aix\u00ed com les pr\u00e0ctiques educatives que es duen a terme a l&#8217;Escola, requereixen d\u2019una revisi\u00f3 i actualitzaci\u00f3 constants per adaptar-la i adequar-la a una realitat i unes necessitats canviants i aix\u00ed, donar resposta als reptes que planteja un m\u00f3n global\u00a0 i de gran complexitat com \u00e9s el nostre.<\/p>\n<p style=\"text-align: justify;\"><a href=\"https:\/\/agora.xtec.cat\/escolasantpau\/wp-content\/uploads\/usu204\/2022\/06\/CEIP_SANT_PAU__Sant_Pol_2.jpeg\"><img loading=\"lazy\" decoding=\"async\" class=\"aligncenter wp-image-6377\" src=\"https:\/\/agora.xtec.cat\/escolasantpau\/wp-content\/uploads\/usu204\/2022\/06\/CEIP_SANT_PAU__Sant_Pol_2.jpeg\" alt=\"\" width=\"925\" height=\"668\" srcset=\"https:\/\/agora.xtec.cat\/escolasantpau\/wp-content\/uploads\/usu204\/2022\/06\/CEIP_SANT_PAU__Sant_Pol_2.jpeg 800w, https:\/\/agora.xtec.cat\/escolasantpau\/wp-content\/uploads\/usu204\/2022\/06\/CEIP_SANT_PAU__Sant_Pol_2-300x217.jpeg 300w, https:\/\/agora.xtec.cat\/escolasantpau\/wp-content\/uploads\/usu204\/2022\/06\/CEIP_SANT_PAU__Sant_Pol_2-768x555.jpeg 768w\" sizes=\"auto, (max-width: 925px) 100vw, 925px\" \/><\/a><\/p>\n","protected":false},"excerpt":{"rendered":"<p>L\u2019Escola Sant Pau fou inaugurada l\u2019any 1974 i va ser ubicada a la zona esportiva de Can Balmanya.<\/p>\n<p>Per tal de fer front a\u00a0l\u2019increment d\u2019escolaritzaci\u00f3 que el municipi ha viscut en els darrers anys, l\u2019any 2008 es va construir l\u2019actual edifici.<br \/>\n<a href=\"https:\/\/agora.xtec.cat\/escolasantpau\/wp-content\/uploads\/usu204\/2022\/06\/BIG_406223821121511_02.jpeg\"><\/a><br \/>\n<a href=\"https:\/\/govern.cat\/salapremsa\/notes-premsa\/84362\/conseller-educacio-inaugura-ceip-sant-pau-sant-pol-mar\" target=\"_blank\" rel=\"noopener\">Inauguraci\u00f3 de&hellip;  <a href=\"https:\/\/agora.xtec.cat\/escolasantpau\/lanostraescola\/historia-2\/\" title=\"Read Hist\u00f2ria\">Llegeix m\u00e9s\u00bb<\/a><\/p>\n","protected":false},"author":1,"featured_media":0,"parent":64,"menu_order":1,"comment_status":"closed","ping_status":"closed","template":"page-templates\/side-menu.php","meta":{"_bbp_topic_count":0,"_bbp_reply_count":0,"_bbp_total_topic_count":0,"_bbp_total_reply_count":0,"_bbp_voice_count":0,"_bbp_anonymous_reply_count":0,"_bbp_topic_count_hidden":0,"_bbp_reply_count_hidden":0,"_bbp_forum_subforum_count":0,"footnotes":""},"class_list":["post-239","page","type-page","status-publish","hentry"],"post_mailing_queue_ids":[],"_links":{"self":[{"href":"https:\/\/agora.xtec.cat\/escolasantpau\/wp-json\/wp\/v2\/pages\/239","targetHints":{"allow":["GET"]}}],"collection":[{"href":"https:\/\/agora.xtec.cat\/escolasantpau\/wp-json\/wp\/v2\/pages"}],"about":[{"href":"https:\/\/agora.xtec.cat\/escolasantpau\/wp-json\/wp\/v2\/types\/page"}],"author":[{"embeddable":true,"href":"https:\/\/agora.xtec.cat\/escolasantpau\/wp-json\/wp\/v2\/users\/1"}],"replies":[{"embeddable":true,"href":"https:\/\/agora.xtec.cat\/escolasantpau\/wp-json\/wp\/v2\/comments?post=239"}],"version-history":[{"count":4,"href":"https:\/\/agora.xtec.cat\/escolasantpau\/wp-json\/wp\/v2\/pages\/239\/revisions"}],"predecessor-version":[{"id":6381,"href":"https:\/\/agora.xtec.cat\/escolasantpau\/wp-json\/wp\/v2\/pages\/239\/revisions\/6381"}],"up":[{"embeddable":true,"href":"https:\/\/agora.xtec.cat\/escolasantpau\/wp-json\/wp\/v2\/pages\/64"}],"wp:attachment":[{"href":"https:\/\/agora.xtec.cat\/escolasantpau\/wp-json\/wp\/v2\/media?parent=239"}],"curies":[{"name":"wp","href":"https:\/\/api.w.org\/{rel}","templated":true}]}}