{"id":1737,"date":"2017-07-18T11:48:28","date_gmt":"2017-07-18T09:48:28","guid":{"rendered":"http:\/\/agora.xtec.cat\/escolasantpau\/?page_id=1737"},"modified":"2023-11-01T13:01:11","modified_gmt":"2023-11-01T12:01:11","slug":"consell-escolar-municipal","status":"publish","type":"page","link":"https:\/\/agora.xtec.cat\/escolasantpau\/consell-escolar-municipal\/","title":{"rendered":"Consell Escolar Municipal"},"content":{"rendered":"<p>El Consell Escolar Municipal \u00e9s concebut com un mitj\u00e0 de participaci\u00f3 i consulta dels sectors afectats a la programaci\u00f3 de l&#8217;ensenyament no universitari en el terme municipal de Sant Pol de Mar.<\/p>\n<p>Est\u00e0 format per representants de tota la comunitat escolar: centres educatius (direccions, claustres, PAS, fam\u00edlies, alumnat), associacions, sindicats i grups pol\u00edtics.<\/p>\n<p>Els membres representants de l&#8217;Escola Sant Pau s\u00f3n actualment:<\/p>\n<p>Sector professorat:<\/p>\n<ul>\n<li>Sra. Elisabeth Dotras<\/li>\n<\/ul>\n<p>Sector PAS:<\/p>\n<ul>\n<li>Sra. Maria Lucena<\/li>\n<\/ul>\n<p>Sector de pares i mares d&#8217;alumnes:<\/p>\n<ul>\n<li>Sra. S\u00edlvia Bosch<\/li>\n<li>Sr. Jordi Biosca<\/li>\n<\/ul>\n<p>Directora Escola Sant Pau:<\/p>\n<ul>\n<li>Sra. Concepci\u00f3 Bl\u00e1nquez Hern\u00e0ndez<\/li>\n<\/ul>\n","protected":false},"excerpt":{"rendered":"<p>El Consell Escolar Municipal \u00e9s concebut com un mitj\u00e0 de participaci\u00f3 i consulta dels sectors afectats a la programaci\u00f3 de l&#8217;ensenyament no universitari en el terme municipal de Sant Pol de Mar.<br \/>\nEst\u00e0 format per representants de tota la comunitat escolar: centres educatius (direccions, claustres, PAS,&hellip;  <a href=\"https:\/\/agora.xtec.cat\/escolasantpau\/consell-escolar-municipal\/\" title=\"Read Consell Escolar Municipal\">Llegeix m\u00e9s\u00bb<\/a><\/p>\n","protected":false},"author":1,"featured_media":0,"parent":0,"menu_order":0,"comment_status":"closed","ping_status":"closed","template":"","meta":{"_bbp_topic_count":0,"_bbp_reply_count":0,"_bbp_total_topic_count":0,"_bbp_total_reply_count":0,"_bbp_voice_count":0,"_bbp_anonymous_reply_count":0,"_bbp_topic_count_hidden":0,"_bbp_reply_count_hidden":0,"_bbp_forum_subforum_count":0,"footnotes":""},"class_list":["post-1737","page","type-page","status-publish","hentry"],"post_mailing_queue_ids":[],"_links":{"self":[{"href":"https:\/\/agora.xtec.cat\/escolasantpau\/wp-json\/wp\/v2\/pages\/1737","targetHints":{"allow":["GET"]}}],"collection":[{"href":"https:\/\/agora.xtec.cat\/escolasantpau\/wp-json\/wp\/v2\/pages"}],"about":[{"href":"https:\/\/agora.xtec.cat\/escolasantpau\/wp-json\/wp\/v2\/types\/page"}],"author":[{"embeddable":true,"href":"https:\/\/agora.xtec.cat\/escolasantpau\/wp-json\/wp\/v2\/users\/1"}],"replies":[{"embeddable":true,"href":"https:\/\/agora.xtec.cat\/escolasantpau\/wp-json\/wp\/v2\/comments?post=1737"}],"version-history":[{"count":4,"href":"https:\/\/agora.xtec.cat\/escolasantpau\/wp-json\/wp\/v2\/pages\/1737\/revisions"}],"predecessor-version":[{"id":7408,"href":"https:\/\/agora.xtec.cat\/escolasantpau\/wp-json\/wp\/v2\/pages\/1737\/revisions\/7408"}],"wp:attachment":[{"href":"https:\/\/agora.xtec.cat\/escolasantpau\/wp-json\/wp\/v2\/media?parent=1737"}],"curies":[{"name":"wp","href":"https:\/\/api.w.org\/{rel}","templated":true}]}}