{"id":9,"date":"2020-12-20T15:08:18","date_gmt":"2020-12-20T14:08:18","guid":{"rendered":"http:\/\/agora.xtec.cat\/escolasantmiqueldeperamola\/?page_id=9"},"modified":"2026-03-01T19:05:21","modified_gmt":"2026-03-01T18:05:21","slug":"pagina-dinici-buida","status":"publish","type":"page","link":"https:\/\/agora.xtec.cat\/escolasantmiqueldeperamola\/","title":{"rendered":"BENVINGUTS I BENVINGUDES A LA NOSTRA ESCOLA!"},"content":{"rendered":"<p><strong><img loading=\"lazy\" decoding=\"async\" class=\"alignnone wp-image-2776\" src=\"https:\/\/agora.xtec.cat\/escolasantmiqueldeperamola\/wp-content\/uploads\/usu2235\/2026\/02\/IMG-20260116-WA0013-1024x791.jpg\" alt=\"\" width=\"81\" height=\"63\" srcset=\"https:\/\/agora.xtec.cat\/escolasantmiqueldeperamola\/wp-content\/uploads\/usu2235\/2026\/02\/IMG-20260116-WA0013-1024x791.jpg 1024w, https:\/\/agora.xtec.cat\/escolasantmiqueldeperamola\/wp-content\/uploads\/usu2235\/2026\/02\/IMG-20260116-WA0013-300x232.jpg 300w, https:\/\/agora.xtec.cat\/escolasantmiqueldeperamola\/wp-content\/uploads\/usu2235\/2026\/02\/IMG-20260116-WA0013-768x593.jpg 768w, https:\/\/agora.xtec.cat\/escolasantmiqueldeperamola\/wp-content\/uploads\/usu2235\/2026\/02\/IMG-20260116-WA0013.jpg 1474w\" sizes=\"auto, (max-width: 81px) 100vw, 81px\" \/>\u00a0 \u00a0 \u00a0BENVINGUTS I BENVINGUDES A LA NOSTRA ESCOLA!\u00a0 \u00a0 \u00a0 \u00a0 \u00a0 \u00a0 \u00a0 \u00a0 \u00a0 \u00a0\u00a0<\/strong><\/p>\n<p>La nostra escola es diu Sant Miquel i ens podeu trobar al bonic poble de Peramola, que aquest 2.026 fa 1.000 anys d&#8217;hist\u00f2ria!!!<br \/>\nLa nostra p\u00e0gina web pret\u00e9n ser una finestra oberta per a qu\u00e8 pugueu fer un seguiment de les nostres activitats i estar al dia de documentaci\u00f3, horaris..<\/p>\n<p><img loading=\"lazy\" decoding=\"async\" class=\"wp-image-2491 alignleft\" src=\"https:\/\/agora.xtec.cat\/escolasantmiqueldeperamola\/wp-content\/uploads\/usu2235\/2025\/04\/2_20250430_150203-1024x758.jpg\" alt=\"\" width=\"235\" height=\"174\" srcset=\"https:\/\/agora.xtec.cat\/escolasantmiqueldeperamola\/wp-content\/uploads\/usu2235\/2025\/04\/2_20250430_150203-1024x758.jpg 1024w, https:\/\/agora.xtec.cat\/escolasantmiqueldeperamola\/wp-content\/uploads\/usu2235\/2025\/04\/2_20250430_150203-300x222.jpg 300w, https:\/\/agora.xtec.cat\/escolasantmiqueldeperamola\/wp-content\/uploads\/usu2235\/2025\/04\/2_20250430_150203-768x569.jpg 768w, https:\/\/agora.xtec.cat\/escolasantmiqueldeperamola\/wp-content\/uploads\/usu2235\/2025\/04\/2_20250430_150203-1536x1137.jpg 1536w, https:\/\/agora.xtec.cat\/escolasantmiqueldeperamola\/wp-content\/uploads\/usu2235\/2025\/04\/2_20250430_150203-2048x1517.jpg 2048w\" sizes=\"auto, (max-width: 235px) 100vw, 235px\" \/><\/p>\n<p><em>Per veure el articles, heu de clicar a sobre del t\u00edtol del mateix, que trobareu en color blau.<\/em><\/p>\n<p>El tel\u00e8fon fixe de l&#8217;escola \u00e9s el: <strong>973 46 30 04<\/strong><strong>\u00a0<\/strong><\/p>\n<p>El tel\u00e8fon m\u00f2bil \u00e9s el: <strong>634 77 14 05<\/strong><\/p>\n<p>El correu electr\u00f2nic del centre \u00e9s: <strong>c5003585@xtec.cat<\/strong><\/p>\n<p>&nbsp;<\/p>\n","protected":false},"excerpt":{"rendered":"<p>\u00a0 \u00a0 \u00a0BENVINGUTS I BENVINGUDES A LA NOSTRA ESCOLA!\u00a0 \u00a0 \u00a0 \u00a0 \u00a0 \u00a0 \u00a0 \u00a0 \u00a0 \u00a0\u00a0<br \/>\nLa nostra escola es diu Sant Miquel i ens podeu trobar al bonic poble de Peramola, que aquest 2.026 fa 1.000 anys d&#8217;hist\u00f2ria!!!<br \/>\nLa nostra p\u00e0gina web pret\u00e9n ser&hellip;  <a href=\"https:\/\/agora.xtec.cat\/escolasantmiqueldeperamola\/\" title=\"Read BENVINGUTS I BENVINGUDES A LA NOSTRA ESCOLA!\">Llegeix m\u00e9s\u00bb<\/a><\/p>\n","protected":false},"author":1,"featured_media":0,"parent":0,"menu_order":0,"comment_status":"closed","ping_status":"closed","template":"page-templates\/front-page.php","meta":{"_bbp_topic_count":0,"_bbp_reply_count":0,"_bbp_total_topic_count":0,"_bbp_total_reply_count":0,"_bbp_voice_count":0,"_bbp_anonymous_reply_count":0,"_bbp_topic_count_hidden":0,"_bbp_reply_count_hidden":0,"_bbp_forum_subforum_count":0,"footnotes":""},"class_list":["post-9","page","type-page","status-publish","hentry"],"post_mailing_queue_ids":[],"_links":{"self":[{"href":"https:\/\/agora.xtec.cat\/escolasantmiqueldeperamola\/wp-json\/wp\/v2\/pages\/9","targetHints":{"allow":["GET"]}}],"collection":[{"href":"https:\/\/agora.xtec.cat\/escolasantmiqueldeperamola\/wp-json\/wp\/v2\/pages"}],"about":[{"href":"https:\/\/agora.xtec.cat\/escolasantmiqueldeperamola\/wp-json\/wp\/v2\/types\/page"}],"author":[{"embeddable":true,"href":"https:\/\/agora.xtec.cat\/escolasantmiqueldeperamola\/wp-json\/wp\/v2\/users\/1"}],"replies":[{"embeddable":true,"href":"https:\/\/agora.xtec.cat\/escolasantmiqueldeperamola\/wp-json\/wp\/v2\/comments?post=9"}],"version-history":[{"count":7,"href":"https:\/\/agora.xtec.cat\/escolasantmiqueldeperamola\/wp-json\/wp\/v2\/pages\/9\/revisions"}],"predecessor-version":[{"id":2802,"href":"https:\/\/agora.xtec.cat\/escolasantmiqueldeperamola\/wp-json\/wp\/v2\/pages\/9\/revisions\/2802"}],"wp:attachment":[{"href":"https:\/\/agora.xtec.cat\/escolasantmiqueldeperamola\/wp-json\/wp\/v2\/media?parent=9"}],"curies":[{"name":"wp","href":"https:\/\/api.w.org\/{rel}","templated":true}]}}