{"id":84,"date":"2014-09-18T14:11:31","date_gmt":"2014-09-18T13:11:31","guid":{"rendered":"http:\/\/agora.xtec.cat\/escolasantmiqueldeperamola\/?page_id=84"},"modified":"2026-01-30T17:07:02","modified_gmt":"2026-01-30T16:07:02","slug":"activitats-extraescolars","status":"publish","type":"page","link":"https:\/\/agora.xtec.cat\/escolasantmiqueldeperamola\/serveis\/activitats-extraescolars\/","title":{"rendered":"Activitats extraescolars"},"content":{"rendered":"<p><img loading=\"lazy\" decoding=\"async\" class=\"alignleft\" src=\"https:\/\/image.freepik.com\/vector-gratis\/escuela-artes-marciales-patada-postura-karate-entrenamiento-kungfu-practica-taekwondo-atletas-jiu-jitsu-clase-judo-luchadores-kimonos-actividad-fisica_335657-3623.jpg\" alt=\"Escuela de artes marciales. patada y postura de k\u00e1rate. entrenamiento de kungfu. pr\u00e1ctica de taekwondo, atletas de jiu jitsu, clase de judo. luchadores en kimonos. actividad f\u00edsica. vector gratuito\" width=\"394\" height=\"394\" \/>Actualment, els nens i nenes del poble de Peramola poden gaudir de les classes de Taekwondo<\/p>\n<p>Les classes de Taekwondo les realitza l&#8217;Aleix Orrit i\u00a0 actualment es fan al centre d&#8217;escalada de Peramola.<\/p>\n<p>&nbsp;<\/p>\n<p>&nbsp;<\/p>\n<p><a href=\"https:\/\/agora.xtec.cat\/escolasantmiqueldeperamola\/wp-content\/uploads\/usu2235\/2021\/04\/Taekwondo.pdf\">Taekwondo<\/a><\/p>\n<p>&nbsp;<\/p>\n<p>&nbsp;<\/p>\n<p>La Laura Pujol, far\u00e0 classes d&#8217;angl\u00e8s a l&#8217;escola per a diferents grups, els dilluns i dimarts de 17:00 a 18:00h.<\/p>\n<p><img decoding=\"async\" src=\"https:\/\/encrypted-tbn0.gstatic.com\/images?q=tbn:ANd9GcTE8YELTbZHmNT3qJhjC9giv0oQbuUAiiHw6lE5NVGlNbIXYKmp0_uc2nGhCiurjrJojIk&amp;usqp=CAU\" alt=\"Aprender ingl\u00e9s en casa - Eres Mam\u00e1\" \/><\/p>\n<p>&nbsp;<\/p>\n<p style=\"text-align: center;\">\n","protected":false},"excerpt":{"rendered":"<p>Actualment, els nens i nenes del poble de Peramola poden gaudir de les classes de Taekwondo<br \/>\nLes classes de Taekwondo les realitza l&#8217;Aleix Orrit i\u00a0 actualment es fan al centre d&#8217;escalada de Peramola.<br \/>\n&nbsp;<br \/>\n&nbsp;<br \/>\n<a href=\"https:\/\/agora.xtec.cat\/escolasantmiqueldeperamola\/wp-content\/uploads\/usu2235\/2021\/04\/Taekwondo.pdf\">Taekwondo<\/a><br \/>\n&nbsp;<br \/>\n&nbsp;<br \/>\nLa Laura Pujol, far\u00e0 classes d&#8217;angl\u00e8s a l&#8217;escola per a diferents grups, els&hellip;  <a href=\"https:\/\/agora.xtec.cat\/escolasantmiqueldeperamola\/serveis\/activitats-extraescolars\/\" title=\"Read Activitats extraescolars\">Llegeix m\u00e9s\u00bb<\/a><\/p>\n","protected":false},"author":1,"featured_media":0,"parent":66,"menu_order":60,"comment_status":"closed","ping_status":"closed","template":"page-templates\/side-menu.php","meta":{"_bbp_topic_count":0,"_bbp_reply_count":0,"_bbp_total_topic_count":0,"_bbp_total_reply_count":0,"_bbp_voice_count":0,"_bbp_anonymous_reply_count":0,"_bbp_topic_count_hidden":0,"_bbp_reply_count_hidden":0,"_bbp_forum_subforum_count":0,"footnotes":""},"class_list":["post-84","page","type-page","status-publish","hentry"],"post_mailing_queue_ids":[],"_links":{"self":[{"href":"https:\/\/agora.xtec.cat\/escolasantmiqueldeperamola\/wp-json\/wp\/v2\/pages\/84","targetHints":{"allow":["GET"]}}],"collection":[{"href":"https:\/\/agora.xtec.cat\/escolasantmiqueldeperamola\/wp-json\/wp\/v2\/pages"}],"about":[{"href":"https:\/\/agora.xtec.cat\/escolasantmiqueldeperamola\/wp-json\/wp\/v2\/types\/page"}],"author":[{"embeddable":true,"href":"https:\/\/agora.xtec.cat\/escolasantmiqueldeperamola\/wp-json\/wp\/v2\/users\/1"}],"replies":[{"embeddable":true,"href":"https:\/\/agora.xtec.cat\/escolasantmiqueldeperamola\/wp-json\/wp\/v2\/comments?post=84"}],"version-history":[{"count":7,"href":"https:\/\/agora.xtec.cat\/escolasantmiqueldeperamola\/wp-json\/wp\/v2\/pages\/84\/revisions"}],"predecessor-version":[{"id":2748,"href":"https:\/\/agora.xtec.cat\/escolasantmiqueldeperamola\/wp-json\/wp\/v2\/pages\/84\/revisions\/2748"}],"up":[{"embeddable":true,"href":"https:\/\/agora.xtec.cat\/escolasantmiqueldeperamola\/wp-json\/wp\/v2\/pages\/66"}],"wp:attachment":[{"href":"https:\/\/agora.xtec.cat\/escolasantmiqueldeperamola\/wp-json\/wp\/v2\/media?parent=84"}],"curies":[{"name":"wp","href":"https:\/\/api.w.org\/{rel}","templated":true}]}}