{"id":71,"date":"2014-09-18T12:44:56","date_gmt":"2014-09-18T11:44:56","guid":{"rendered":"http:\/\/agora.xtec.cat\/escolasantmiqueldeperamola\/?page_id=71"},"modified":"2025-04-30T20:55:16","modified_gmt":"2025-04-30T18:55:16","slug":"serveis-digitals","status":"publish","type":"page","link":"https:\/\/agora.xtec.cat\/escolasantmiqueldeperamola\/serveis\/serveis-digitals\/","title":{"rendered":"Serveis"},"content":{"rendered":"<p><strong>SALUT-ESCOLA:\u00a0<\/strong><\/p>\n<p><a href=\"https:\/\/agora.xtec.cat\/escolasantmiqueldeperamola\/wp-content\/uploads\/usu2235\/2024\/11\/INFADIMED.pdf\">INFADIMED<\/a><\/p>\n<p><img loading=\"lazy\" decoding=\"async\" class=\"alignright\" src=\"https:\/\/infadimed.com\/wp-content\/uploads\/2024\/04\/logo-samarreta-grup-motor.png\" width=\"254\" height=\"248\" \/><\/p>\n<p><span style=\"font-weight: 400;\">El Programa es realitza \u00edntegrament a l\u2019escola, en horari lectiu. S\u00f3n 6 les intervencions per curs. L\u2019equip utilitza mitjans audiovisuals i material convencional com trencaclosques, jocs, quaderns de pintar, sopa de lletres. <\/span><span style=\"font-weight: 400;\">La sessi\u00f3 es divideix en tres blocs: en el primer es visualitza la pel\u00b7l\u00edcula. Un superheroi de protagonista, El Capit\u00e0 Vitamines, transporta els infants a una hist\u00f2ria de dibuixos animats. A cada hist\u00f2ria es tracta un tema diferent; al segon bloc, mitjan\u00e7ant una intervenci\u00f3 din\u00e0mica, es repassen els conceptes clau amb i, en el tercer bloc es realitza una activitat, que pot anar des de pintar els personatges de la hist\u00f2ria fins a un mot encreuat, depenent de l\u2019edat de l\u2019infant.<\/span><\/p>\n<p><span style=\"font-weight: 400;\">A l\u2019escola, ens ve a fer les sessions la nostra infermera de refer\u00e8ncia Eva Fowler.\u00a0<\/span><\/p>\n<p><strong>MENTOR DIGITAL:<\/strong><\/p>\n<p><img loading=\"lazy\" decoding=\"async\" class=\"\" src=\"https:\/\/projectes.xtec.cat\/digital\/wp-content\/uploads\/usu2317\/2024\/03\/codi40.png\" alt=\"mentoria digital \u2013 Digital\" width=\"326\" height=\"248\" \/><\/p>\n<p>A l&#8217;escola ve dos cops al mes en Joan Oliv\u00e9 L\u00f3pez, que ens assessora i acompanya en diverses sessions de rob\u00f2tica amb els alumnes.<\/p>\n<p><strong>MALL:<\/strong><\/p>\n<p>Assessorament per part de la MALL (mestra d&#8217;audici\u00f3 i llenguatge) Maria Miarnau del PCTEI<\/p>\n<p><img loading=\"lazy\" decoding=\"async\" class=\"aligncenter\" src=\"https:\/\/serveiseducatius.xtec.cat\/ripolles\/wp-content\/uploads\/usu1150\/2018\/11\/sin-titulo-777771.jpg\" alt=\"El significat de les paraules. M.Jes\u00fas Comellas \u2013 Ripoll\u00e8s\" width=\"152\" height=\"208\" \/><\/p>\n<p><i><span style=\"font-weight: 400;\">El Programa de cooperaci\u00f3 territorial d\u2019educaci\u00f3 inclusiva (PCTEI) a Catalunya se centra en la detecci\u00f3 de dificultats del llenguatge en els infants i en la intervenci\u00f3 posterior a trav\u00e9s d\u2019accions d\u2019estimulaci\u00f3 del llenguatge oral en els \u00e0mbits escolar i familiar i en la resta d\u2019entorns educatius. La finalitat \u00e9s facilitar l\u2019acc\u00e9s a l\u2019aprenentatge i l\u2019adquisici\u00f3 d\u2019una bona lectoescriptura a l&#8217; alumnat.<\/span><\/i><\/p>\n<p><strong>SERVEIS DIGITALS<\/strong><\/p>\n<p>L&#8217;oferta de <strong>serveis\u00a0digitals<\/strong>\u00a0constitueix un element\u00a0molt important de l&#8217;engranatge d&#8217;un centre educatiu.<\/p>\n<p>En aquesta p\u00e0gina es poden referenciar altres serveis en l\u00ednia\u00a0que ofereix l&#8217;escola com ara Moodle, blogs externs, aplicacions de tutoria o gesti\u00f3 acad\u00e8mica, aplicacions m\u00f2bils, etc.<\/p>\n<p>Si el centre posa en funcionament la <strong>xarxa Nodes<\/strong>, aquest pot ser un bon lloc per referenciar els\u00a0principals grups i activitats que s&#8217;hi duen a terme.<\/p>\n<p><strong><a href=\"https:\/\/usav.educacio.gencat.cat\/\" target=\"_blank\" rel=\"noopener noreferrer\">UsApps<\/a>.<\/strong><\/p>\n<p>Qu\u00e8 \u00e9s la\u00a0<a href=\"https:\/\/usav.educacio.gencat.cat\/\" target=\"_blank\" rel=\"noopener noreferrer\"><strong>UsApps<\/strong><\/a>? \u00c9s una aplicaci\u00f3 web del Departament d\u2019Educaci\u00f3 per comunicar situacions de viol\u00e8ncia que pot viure tot l\u2019alumnat de Catalunya d\u2019una forma f\u00e0cil, intu\u00eftiva i efica\u00e7.<\/p>\n<p>La pot utilitzar l\u2019alumnat, exalumnat i tota la comunitat educativa, tant si \u00e9s una persona que viu directament una situaci\u00f3 de viol\u00e8ncia com si n\u2019\u00e9s testimoni.<\/p>\n<p>La UsApps t\u00e9 l\u2019objectiu de donar veu a les persones afectades, trencar el silenci i l\u2019a\u00efllament en qu\u00e8 viuen, garantir la confidencialitat i iniciar la intervenci\u00f3 espec\u00edfica.<\/p>\n<blockquote class=\"wp-embedded-content\" data-secret=\"tahRMcBClN\"><p><a href=\"https:\/\/projectes.xtec.cat\/educacioinclusiva\/general\/engega-la-usapps\/\">Engega la UsApps<\/a><\/p><\/blockquote>\n<p><iframe loading=\"lazy\" class=\"wp-embedded-content\" sandbox=\"allow-scripts\" security=\"restricted\" style=\"position: absolute; clip: rect(1px, 1px, 1px, 1px);\" title=\"&#8220;Engega la UsApps&#8221; &#8212; Educaci\u00f3 inclusiva\" src=\"https:\/\/projectes.xtec.cat\/educacioinclusiva\/general\/engega-la-usapps\/embed\/#?secret=42xZXXeOy4#?secret=tahRMcBClN\" data-secret=\"tahRMcBClN\" width=\"500\" height=\"282\" frameborder=\"0\" marginwidth=\"0\" marginheight=\"0\" scrolling=\"no\"><\/iframe><\/p>\n<p>&nbsp;<\/p>\n","protected":false},"excerpt":{"rendered":"<p>SALUT-ESCOLA:\u00a0<br \/>\n<a href=\"https:\/\/agora.xtec.cat\/escolasantmiqueldeperamola\/wp-content\/uploads\/usu2235\/2024\/11\/INFADIMED.pdf\">INFADIMED<\/a><\/p>\n<p>El Programa es realitza \u00edntegrament a l\u2019escola, en horari lectiu. S\u00f3n 6 les intervencions per curs. L\u2019equip utilitza mitjans audiovisuals i material convencional com trencaclosques, jocs, quaderns de pintar, sopa de lletres. La sessi\u00f3 es divideix en tres blocs: en el primer es visualitza&hellip;  <a href=\"https:\/\/agora.xtec.cat\/escolasantmiqueldeperamola\/serveis\/serveis-digitals\/\" title=\"Read Serveis\">Llegeix m\u00e9s\u00bb<\/a><\/p>\n","protected":false},"author":1,"featured_media":0,"parent":66,"menu_order":10,"comment_status":"closed","ping_status":"closed","template":"page-templates\/side-menu.php","meta":{"_bbp_topic_count":0,"_bbp_reply_count":0,"_bbp_total_topic_count":0,"_bbp_total_reply_count":0,"_bbp_voice_count":0,"_bbp_anonymous_reply_count":0,"_bbp_topic_count_hidden":0,"_bbp_reply_count_hidden":0,"_bbp_forum_subforum_count":0,"footnotes":""},"class_list":["post-71","page","type-page","status-publish","hentry"],"post_mailing_queue_ids":[],"_links":{"self":[{"href":"https:\/\/agora.xtec.cat\/escolasantmiqueldeperamola\/wp-json\/wp\/v2\/pages\/71","targetHints":{"allow":["GET"]}}],"collection":[{"href":"https:\/\/agora.xtec.cat\/escolasantmiqueldeperamola\/wp-json\/wp\/v2\/pages"}],"about":[{"href":"https:\/\/agora.xtec.cat\/escolasantmiqueldeperamola\/wp-json\/wp\/v2\/types\/page"}],"author":[{"embeddable":true,"href":"https:\/\/agora.xtec.cat\/escolasantmiqueldeperamola\/wp-json\/wp\/v2\/users\/1"}],"replies":[{"embeddable":true,"href":"https:\/\/agora.xtec.cat\/escolasantmiqueldeperamola\/wp-json\/wp\/v2\/comments?post=71"}],"version-history":[{"count":7,"href":"https:\/\/agora.xtec.cat\/escolasantmiqueldeperamola\/wp-json\/wp\/v2\/pages\/71\/revisions"}],"predecessor-version":[{"id":2535,"href":"https:\/\/agora.xtec.cat\/escolasantmiqueldeperamola\/wp-json\/wp\/v2\/pages\/71\/revisions\/2535"}],"up":[{"embeddable":true,"href":"https:\/\/agora.xtec.cat\/escolasantmiqueldeperamola\/wp-json\/wp\/v2\/pages\/66"}],"wp:attachment":[{"href":"https:\/\/agora.xtec.cat\/escolasantmiqueldeperamola\/wp-json\/wp\/v2\/media?parent=71"}],"curies":[{"name":"wp","href":"https:\/\/api.w.org\/{rel}","templated":true}]}}