{"id":34,"date":"2014-09-18T12:32:18","date_gmt":"2014-09-18T11:32:18","guid":{"rendered":"http:\/\/agora.xtec.cat\/escolasantmiqueldeperamola\/?page_id=34"},"modified":"2025-06-30T23:02:56","modified_gmt":"2025-06-30T21:02:56","slug":"oferta-educativa","status":"publish","type":"page","link":"https:\/\/agora.xtec.cat\/escolasantmiqueldeperamola\/lescola\/oferta-educativa\/","title":{"rendered":"Oferta educativa"},"content":{"rendered":"<p><strong>L&#8217;oferta educativa del curs 2025\/26, \u00e9s la seg\u00fcent:<\/strong><\/p>\n<p><strong style=\"font-family: inherit; font-size: 1em;\">I1 (1any co<img loading=\"lazy\" decoding=\"async\" class=\"wp-image-1542 alignright\" src=\"https:\/\/agora.xtec.cat\/escolasantmiqueldeperamola\/wp-content\/uploads\/usu2235\/2022\/06\/Dibuix-adaptacio-a-la-llar-1024x621.jpg\" alt=\"\" width=\"405\" height=\"245\" srcset=\"https:\/\/agora.xtec.cat\/escolasantmiqueldeperamola\/wp-content\/uploads\/usu2235\/2022\/06\/Dibuix-adaptacio-a-la-llar-1024x621.jpg 1024w, https:\/\/agora.xtec.cat\/escolasantmiqueldeperamola\/wp-content\/uploads\/usu2235\/2022\/06\/Dibuix-adaptacio-a-la-llar-300x182.jpg 300w, https:\/\/agora.xtec.cat\/escolasantmiqueldeperamola\/wp-content\/uploads\/usu2235\/2022\/06\/Dibuix-adaptacio-a-la-llar-768x466.jpg 768w, https:\/\/agora.xtec.cat\/escolasantmiqueldeperamola\/wp-content\/uploads\/usu2235\/2022\/06\/Dibuix-adaptacio-a-la-llar-1536x931.jpg 1536w, https:\/\/agora.xtec.cat\/escolasantmiqueldeperamola\/wp-content\/uploads\/usu2235\/2022\/06\/Dibuix-adaptacio-a-la-llar.jpg 1600w\" sizes=\"auto, (max-width: 405px) 100vw, 405px\" \/>mplert)<\/strong><\/p>\n<p>Els infants s\u2019incorporen a I1 a partir del dia seg\u00fcent que fan l\u2019any.<\/p>\n<p><strong style=\"font-family: inherit; font-size: 1em;\">I2 (d&#8217;1 a 2 anys)\u00a0 \u00a0 \u00a0 \u00a0 \u00a0<\/strong><\/p>\n<div class=\"brcm-body\">\n<p><strong style=\"font-family: inherit; font-size: 1em;\">I3 (de 2 a 3 anys)\u00a0 \u00a0 \u00a0 \u00a0 \u00a0 \u00a0 \u00a0 \u00a0<\/strong><\/p>\n<p><strong style=\"font-family: inherit; font-size: 1em;\">I4 (de 3 a 4 anys) <\/strong><\/p>\n<p><strong style=\"font-family: inherit; font-size: 1em;\">I5 (de 4 a 5 anys)<\/strong><span style=\"font-family: inherit; font-size: 1em;\">.<\/span><\/p>\n<p>Els\/les nenes s\u2019incorporen al cicle inicial de l\u2019educaci\u00f3 prim\u00e0ria l\u2019any natural en qu\u00e8 compleixen 6 anys.<\/p>\n<p>L\u2019educaci\u00f3 prim\u00e0ria compr\u00e8n des de 1r a 6\u00e8 (dels 6 als 12 anys), i t\u00e9 car\u00e0cter obligatori. <strong style=\"font-family: inherit; font-size: 1em;\">S\u2019estructura en tres cicles de dos cursos cadascun:<\/strong><\/p>\n<p><strong style=\"font-family: inherit; font-size: 1em;\"><img loading=\"lazy\" decoding=\"async\" class=\"wp-image-1543 alignleft\" src=\"https:\/\/agora.xtec.cat\/escolasantmiqueldeperamola\/wp-content\/uploads\/usu2235\/2022\/06\/images.jpg\" alt=\"\" width=\"164\" height=\"187\" \/><\/strong><\/p>\n<p><strong style=\"font-family: inherit; font-size: 1em;\">Cicle inicial (de 6 a 8 anys)\u00a0 \u00a0<\/strong><\/p>\n<p><strong style=\"font-family: inherit; font-size: 1em;\">Cicle mitj\u00e0 (de 8 a 10 anys) <\/strong><\/p>\n<p><strong style=\"font-family: inherit; font-size: 1em;\">Cicle superior (de 10 a 12 anys)<\/strong><span style=\"font-family: inherit; font-size: 1em;\">.<\/span><\/p>\n<p>&nbsp;<\/p>\n<p>&nbsp;<\/p>\n<p>A la nostra escola els\/les alumnes s&#8217;agrupen en grups multinivells; aquest curs 2025\/26 tindrem dues tutories compartides\u00a0 i tres grups:<\/p>\n<p><strong><img loading=\"lazy\" decoding=\"async\" class=\"size-full wp-image-1544 alignleft\" src=\"https:\/\/agora.xtec.cat\/escolasantmiqueldeperamola\/wp-content\/uploads\/usu2235\/2022\/06\/download.jpg\" alt=\"\" width=\"264\" height=\"191\" \/><\/strong><\/p>\n<p><strong>G1:\u00a0 I1 i I2.\u00a0 \u00a0 \u00a0 \u00a0 \u00a0 \u00a0 \u00a0 \u00a0 \u00a0 \u00a0 \u00a0 \u00a0 \u00a0 \u00a0 \u00a0<\/strong><\/p>\n<p><strong>G2: de P3 a 1r.\u00a0 \u00a0 \u00a0 \u00a0 \u00a0 \u00a0<\/strong><\/p>\n<p><strong>G2: de 3r a 6\u00e8.<\/strong><\/p>\n<p>&nbsp;<\/p>\n<p>&nbsp;<\/p>\n<\/div>\n","protected":false},"excerpt":{"rendered":"<p>L&#8217;oferta educativa del curs 2025\/26, \u00e9s la seg\u00fcent:<br \/>\nI1 (1any complert)<br \/>\nEls infants s\u2019incorporen a I1 a partir del dia seg\u00fcent que fan l\u2019any.<br \/>\nI2 (d&#8217;1 a 2 anys)\u00a0 \u00a0 \u00a0 \u00a0 \u00a0<\/p>\n<p>I3 (de 2 a 3 anys)\u00a0 \u00a0 \u00a0 \u00a0 \u00a0 \u00a0 \u00a0 \u00a0<br \/>\nI4 (de 3 a&hellip;  <a href=\"https:\/\/agora.xtec.cat\/escolasantmiqueldeperamola\/lescola\/oferta-educativa\/\" title=\"Read Oferta educativa\">Llegeix m\u00e9s\u00bb<\/a><\/p>\n","protected":false},"author":1,"featured_media":0,"parent":22,"menu_order":60,"comment_status":"closed","ping_status":"closed","template":"page-templates\/side-menu.php","meta":{"_bbp_topic_count":0,"_bbp_reply_count":0,"_bbp_total_topic_count":0,"_bbp_total_reply_count":0,"_bbp_voice_count":0,"_bbp_anonymous_reply_count":0,"_bbp_topic_count_hidden":0,"_bbp_reply_count_hidden":0,"_bbp_forum_subforum_count":0,"footnotes":""},"class_list":["post-34","page","type-page","status-publish","hentry"],"post_mailing_queue_ids":[],"_links":{"self":[{"href":"https:\/\/agora.xtec.cat\/escolasantmiqueldeperamola\/wp-json\/wp\/v2\/pages\/34","targetHints":{"allow":["GET"]}}],"collection":[{"href":"https:\/\/agora.xtec.cat\/escolasantmiqueldeperamola\/wp-json\/wp\/v2\/pages"}],"about":[{"href":"https:\/\/agora.xtec.cat\/escolasantmiqueldeperamola\/wp-json\/wp\/v2\/types\/page"}],"author":[{"embeddable":true,"href":"https:\/\/agora.xtec.cat\/escolasantmiqueldeperamola\/wp-json\/wp\/v2\/users\/1"}],"replies":[{"embeddable":true,"href":"https:\/\/agora.xtec.cat\/escolasantmiqueldeperamola\/wp-json\/wp\/v2\/comments?post=34"}],"version-history":[{"count":5,"href":"https:\/\/agora.xtec.cat\/escolasantmiqueldeperamola\/wp-json\/wp\/v2\/pages\/34\/revisions"}],"predecessor-version":[{"id":2682,"href":"https:\/\/agora.xtec.cat\/escolasantmiqueldeperamola\/wp-json\/wp\/v2\/pages\/34\/revisions\/2682"}],"up":[{"embeddable":true,"href":"https:\/\/agora.xtec.cat\/escolasantmiqueldeperamola\/wp-json\/wp\/v2\/pages\/22"}],"wp:attachment":[{"href":"https:\/\/agora.xtec.cat\/escolasantmiqueldeperamola\/wp-json\/wp\/v2\/media?parent=34"}],"curies":[{"name":"wp","href":"https:\/\/api.w.org\/{rel}","templated":true}]}}