{"id":28,"date":"2014-09-18T12:29:35","date_gmt":"2014-09-18T11:29:35","guid":{"rendered":"http:\/\/agora.xtec.cat\/escolasantmiqueldeperamola\/?page_id=28"},"modified":"2026-01-30T17:11:45","modified_gmt":"2026-01-30T16:11:45","slug":"consell-escolar","status":"publish","type":"page","link":"https:\/\/agora.xtec.cat\/escolasantmiqueldeperamola\/lescola\/consell-escolar\/","title":{"rendered":"Consell escolar"},"content":{"rendered":"<p>El curs 2025\/26, el <strong>Consell Escolar<\/strong> de l&#8217;escola Sant Miquel de Peramola est\u00e0 compost per:<\/p>\n<p>Representant de les fam\u00edlies: N\u00faria da Fonseca Vila.<\/p>\n<p>Representant AFA: Sonia Elisabet Berrocal de la Cruz.<\/p>\n<p>Representant de l&#8217;Ajuntament: Jordi Bach L\u00f3pez.<\/p>\n<p>Representant del professorat: Marina Castells Codina.<\/p>\n<p>Representant del professorat: Cristina \u00c1lamo Sans.<\/p>\n<p>Representant PAE: N\u00faria Boix Ramoneda.<\/p>\n<p>Representant coeducaci\u00f3: N\u00faria Roca Gabriel.<\/p>\n<p>Presidenta i secret\u00e0ria: N\u00faria Roca Gabriel.<\/p>\n<p>&nbsp;<\/p>\n<p><strong>EQUIP DOCENT:<\/strong><\/p>\n<p>Directora: N\u00faria Roca Gabriel.<\/p>\n<p>Tutoria d&#8217;infantil i llar d&#8217;infants: Cristina \u00c1lamo Sans i N\u00faria Boix Ramoneda.<\/p>\n<p>Tutoria de Prim\u00e0ria:\u00a0Marina Castells Codina.<\/p>\n<p>Mestra de religi\u00f3: Cuca Monr\u00f3s Garc\u00eda-Calvo.<\/p>\n<p>Mestra d&#8217;angl\u00e8s: Montse Braut Canes.<\/p>\n<p>Mestra suport: Jana Aguilera Framis.<\/p>\n<p>Mestra de m\u00fasica: Marina Castellarnau Llad\u00f3s.<\/p>\n<p>Mestre d&#8217;EF: Joan Reig C\u00f3rdoba.<\/p>\n<p>Mestra d&#8217;EE: Iris Parra P\u00e9rez.<\/p>\n","protected":false},"excerpt":{"rendered":"<p>El curs 2025\/26, el Consell Escolar de l&#8217;escola Sant Miquel de Peramola est\u00e0 compost per:<br \/>\nRepresentant de les fam\u00edlies: N\u00faria da Fonseca Vila.<br \/>\nRepresentant AFA: Sonia Elisabet Berrocal de la Cruz.<br \/>\nRepresentant de l&#8217;Ajuntament: Jordi Bach L\u00f3pez.<br \/>\nRepresentant del professorat: Marina Castells Codina.<br \/>\nRepresentant del professorat: Cristina \u00c1lamo Sans.<br \/>\nRepresentant PAE:&hellip;  <a href=\"https:\/\/agora.xtec.cat\/escolasantmiqueldeperamola\/lescola\/consell-escolar\/\" title=\"Read Consell escolar\">Llegeix m\u00e9s\u00bb<\/a><\/p>\n","protected":false},"author":1,"featured_media":0,"parent":22,"menu_order":30,"comment_status":"closed","ping_status":"closed","template":"page-templates\/side-menu.php","meta":{"_bbp_topic_count":0,"_bbp_reply_count":0,"_bbp_total_topic_count":0,"_bbp_total_reply_count":0,"_bbp_voice_count":0,"_bbp_anonymous_reply_count":0,"_bbp_topic_count_hidden":0,"_bbp_reply_count_hidden":0,"_bbp_forum_subforum_count":0,"footnotes":""},"class_list":["post-28","page","type-page","status-publish","hentry"],"post_mailing_queue_ids":[],"_links":{"self":[{"href":"https:\/\/agora.xtec.cat\/escolasantmiqueldeperamola\/wp-json\/wp\/v2\/pages\/28","targetHints":{"allow":["GET"]}}],"collection":[{"href":"https:\/\/agora.xtec.cat\/escolasantmiqueldeperamola\/wp-json\/wp\/v2\/pages"}],"about":[{"href":"https:\/\/agora.xtec.cat\/escolasantmiqueldeperamola\/wp-json\/wp\/v2\/types\/page"}],"author":[{"embeddable":true,"href":"https:\/\/agora.xtec.cat\/escolasantmiqueldeperamola\/wp-json\/wp\/v2\/users\/1"}],"replies":[{"embeddable":true,"href":"https:\/\/agora.xtec.cat\/escolasantmiqueldeperamola\/wp-json\/wp\/v2\/comments?post=28"}],"version-history":[{"count":6,"href":"https:\/\/agora.xtec.cat\/escolasantmiqueldeperamola\/wp-json\/wp\/v2\/pages\/28\/revisions"}],"predecessor-version":[{"id":2749,"href":"https:\/\/agora.xtec.cat\/escolasantmiqueldeperamola\/wp-json\/wp\/v2\/pages\/28\/revisions\/2749"}],"up":[{"embeddable":true,"href":"https:\/\/agora.xtec.cat\/escolasantmiqueldeperamola\/wp-json\/wp\/v2\/pages\/22"}],"wp:attachment":[{"href":"https:\/\/agora.xtec.cat\/escolasantmiqueldeperamola\/wp-json\/wp\/v2\/media?parent=28"}],"curies":[{"name":"wp","href":"https:\/\/api.w.org\/{rel}","templated":true}]}}