{"id":84,"date":"2014-09-18T14:11:31","date_gmt":"2014-09-18T13:11:31","guid":{"rendered":"http:\/\/agora.xtec.cat\/escolasantmartin\/?page_id=84"},"modified":"2021-04-24T08:55:36","modified_gmt":"2021-04-24T06:55:36","slug":"activitats-extraescolars","status":"publish","type":"page","link":"https:\/\/agora.xtec.cat\/escolasantmartin\/serveis\/activitats-extraescolars\/","title":{"rendered":"Activitats extraescolars"},"content":{"rendered":"<p style=\"color: #444444;\">Era AFA dera esc\u00f2la organize era activitat complement\u00e0ria d\u00b4<strong>Esqui de Hons.\u00a0<\/strong>Aguesta activitat se realize ath dusau trim\u00e8stre en orari non lectiu de 13 a 15 ores. Ei impartida per monitors e monitores titoladi\/es de Baqueira-Beret. Ei ua activitat gratu\u00efta t\u00e0s n\u00f2sti alumnes.<\/p>\n<p style=\"color: #444444;\">\n","protected":false},"excerpt":{"rendered":"<p>Era AFA dera esc\u00f2la organize era activitat complement\u00e0ria d\u00b4Esqui de Hons.\u00a0Aguesta activitat se realize ath dusau trim\u00e8stre en orari non lectiu de 13 a 15 ores. Ei impartida per monitors e monitores titoladi\/es de Baqueira-Beret. Ei ua activitat gratu\u00efta t\u00e0s n\u00f2sti alumnes.<\/p>\n","protected":false},"author":1,"featured_media":0,"parent":66,"menu_order":60,"comment_status":"closed","ping_status":"closed","template":"page-templates\/side-menu.php","meta":{"_bbp_topic_count":0,"_bbp_reply_count":0,"_bbp_total_topic_count":0,"_bbp_total_reply_count":0,"_bbp_voice_count":0,"_bbp_anonymous_reply_count":0,"_bbp_topic_count_hidden":0,"_bbp_reply_count_hidden":0,"_bbp_forum_subforum_count":0,"footnotes":""},"class_list":["post-84","page","type-page","status-publish","hentry"],"post_mailing_queue_ids":[],"_links":{"self":[{"href":"https:\/\/agora.xtec.cat\/escolasantmartin\/wp-json\/wp\/v2\/pages\/84","targetHints":{"allow":["GET"]}}],"collection":[{"href":"https:\/\/agora.xtec.cat\/escolasantmartin\/wp-json\/wp\/v2\/pages"}],"about":[{"href":"https:\/\/agora.xtec.cat\/escolasantmartin\/wp-json\/wp\/v2\/types\/page"}],"author":[{"embeddable":true,"href":"https:\/\/agora.xtec.cat\/escolasantmartin\/wp-json\/wp\/v2\/users\/1"}],"replies":[{"embeddable":true,"href":"https:\/\/agora.xtec.cat\/escolasantmartin\/wp-json\/wp\/v2\/comments?post=84"}],"version-history":[{"count":3,"href":"https:\/\/agora.xtec.cat\/escolasantmartin\/wp-json\/wp\/v2\/pages\/84\/revisions"}],"predecessor-version":[{"id":2536,"href":"https:\/\/agora.xtec.cat\/escolasantmartin\/wp-json\/wp\/v2\/pages\/84\/revisions\/2536"}],"up":[{"embeddable":true,"href":"https:\/\/agora.xtec.cat\/escolasantmartin\/wp-json\/wp\/v2\/pages\/66"}],"wp:attachment":[{"href":"https:\/\/agora.xtec.cat\/escolasantmartin\/wp-json\/wp\/v2\/media?parent=84"}],"curies":[{"name":"wp","href":"https:\/\/api.w.org\/{rel}","templated":true}]}}