{"id":513,"date":"2019-11-12T09:33:41","date_gmt":"2019-11-12T08:33:41","guid":{"rendered":"http:\/\/agora.xtec.cat\/escolasantmartin\/?page_id=513"},"modified":"2020-05-07T22:43:41","modified_gmt":"2020-05-07T20:43:41","slug":"projecte-linguistic","status":"publish","type":"page","link":"https:\/\/agora.xtec.cat\/escolasantmartin\/projecte-linguistic\/","title":{"rendered":"PROJ\u00c8CTE EDUCATIU DE CENTRE"},"content":{"rendered":"<p>Eth PEC ei eth document qu\u2019engl\u00f2be es trets caracteristics dera n\u00f2sta ZER.<\/p>\n<p>Eth proj\u00e8cte educatiu de centre ei era maxima expression dera autonomia des centres, reculh era identitat deth centre, n\u2019explicite es objectius, n\u2019oriente era activitat e i da sentit damb era fin qu&#8217;es escolans artenhen es compet\u00e9ncies basiques e eth maxim profitament educatiu. Tanben, ei eth document estrategic marc dera institucion escolara que ne defin\u00eds eth foncionament en er encastre des estudis, era organizacion, de gestion economica e de gestion de personau, adaptat ara realitat des escolans e ar entorn. En aguest sens, concr\u00e8ta, interprete e aplique es previsions dera n\u00f2rma en vigor as tr\u00e8ti caracteristics deth centre, d\u2019ac\u00f2rd damb es besonhs educatius des escolans e es objectius deth centre.<\/p>\n<p>Eth proj\u00e8cte educatiu de centre a d\u2019\u00e8ster daurit a futures modificacions e a naues aportacions, sense que p\u00e8rde es principis generaus.<\/p>\n<p><a href=\"https:\/\/agora.xtec.cat\/zervaldaran\/wp-content\/uploads\/usu120\/2018\/07\/PEC-dera-ZER.pdf\">PROJ\u00c8CTE EDUCATIU<\/a><\/p>\n","protected":false},"excerpt":{"rendered":"<p>Eth PEC ei eth document qu\u2019engl\u00f2be es trets caracteristics dera n\u00f2sta ZER.<br \/>\nEth proj\u00e8cte educatiu de centre ei era maxima expression dera autonomia des centres, reculh era identitat deth centre, n\u2019explicite es objectius, n\u2019oriente era activitat e i da sentit damb era fin qu&#8217;es escolans artenhen&hellip;  <a href=\"https:\/\/agora.xtec.cat\/escolasantmartin\/projecte-linguistic\/\" title=\"Read PROJ\u00c8CTE EDUCATIU DE CENTRE\">Llegeix m\u00e9s\u00bb<\/a><\/p>\n","protected":false},"author":1,"featured_media":0,"parent":0,"menu_order":0,"comment_status":"closed","ping_status":"closed","template":"","meta":{"_bbp_topic_count":0,"_bbp_reply_count":0,"_bbp_total_topic_count":0,"_bbp_total_reply_count":0,"_bbp_voice_count":0,"_bbp_anonymous_reply_count":0,"_bbp_topic_count_hidden":0,"_bbp_reply_count_hidden":0,"_bbp_forum_subforum_count":0,"footnotes":""},"class_list":["post-513","page","type-page","status-publish","hentry"],"post_mailing_queue_ids":[],"_links":{"self":[{"href":"https:\/\/agora.xtec.cat\/escolasantmartin\/wp-json\/wp\/v2\/pages\/513","targetHints":{"allow":["GET"]}}],"collection":[{"href":"https:\/\/agora.xtec.cat\/escolasantmartin\/wp-json\/wp\/v2\/pages"}],"about":[{"href":"https:\/\/agora.xtec.cat\/escolasantmartin\/wp-json\/wp\/v2\/types\/page"}],"author":[{"embeddable":true,"href":"https:\/\/agora.xtec.cat\/escolasantmartin\/wp-json\/wp\/v2\/users\/1"}],"replies":[{"embeddable":true,"href":"https:\/\/agora.xtec.cat\/escolasantmartin\/wp-json\/wp\/v2\/comments?post=513"}],"version-history":[{"count":3,"href":"https:\/\/agora.xtec.cat\/escolasantmartin\/wp-json\/wp\/v2\/pages\/513\/revisions"}],"predecessor-version":[{"id":989,"href":"https:\/\/agora.xtec.cat\/escolasantmartin\/wp-json\/wp\/v2\/pages\/513\/revisions\/989"}],"wp:attachment":[{"href":"https:\/\/agora.xtec.cat\/escolasantmartin\/wp-json\/wp\/v2\/media?parent=513"}],"curies":[{"name":"wp","href":"https:\/\/api.w.org\/{rel}","templated":true}]}}