{"id":36,"date":"2014-09-18T12:33:11","date_gmt":"2014-09-18T11:33:11","guid":{"rendered":"http:\/\/agora.xtec.cat\/escolasantmartin\/?page_id=36"},"modified":"2023-10-09T13:29:40","modified_gmt":"2023-10-09T11:29:40","slug":"material-escolar","status":"publish","type":"page","link":"https:\/\/agora.xtec.cat\/escolasantmartin\/lescola\/material-escolar\/","title":{"rendered":"Materiau escolar e libres de t\u00e8xte"},"content":{"rendered":"<div class=\"row\">\n<div class=\"col-md-4\">\n<div><strong>MATERIAU EDUCACION INFANTILA:<\/strong><\/div>\n<div><\/div>\n<\/div>\n<div>&#8211; 1 vasso de pl\u00e0stic damb eth n\u00f2m<br \/>\n&#8211; 1 muda (tot mercat)<br \/>\n&#8211; 1 bata tamb eth n\u00f2m e beta un shinhau longa ent\u00e0 penjar-la e 1 bata ent\u00e0<br \/>\nPlastica.<br \/>\n&#8211; Sabatilhes entar iu\u00e8rn<br \/>\n&#8211; Ua g\u00f2rra (quan comence eth bon temps)<br \/>\n&#8211; Chandal e deportiues es dies d\u2019Ed. Fisica: dim\u00e8rcles<br \/>\n&#8211; Un morralet damb er esdejoar<br \/>\n&#8211; Necesser ent\u00e0 Educacion Fisica (tovalh\u00f2la petita, sabon, piente)<br \/>\n&#8211; Necesser damb br\u00f2ssa e pasta de dents (escolans\/es qu\u2019empleguen eth servici<br \/>\nde minjador escolar)<\/div>\n<\/div>\n<p>&nbsp;<\/p>\n<p><strong>MATERIAU EDUCACION PRIM\u00c0RIA:<\/strong><\/p>\n<p><span style=\"font-family: inherit; font-size: 1em;\">S&#8217;empleguen libres de t\u00e8xte a l\u2019Educacion Prim\u00e0ria en b\u00e8res mat\u00e8ries, Matematiques, Lengua Anglesa e Lengua Francesa (aguesti sonque en Cicle Superior). Ath del\u00e0, es escolans\/es tanben empleguen era plataforma educatiua &#8220;Supertics&#8221;.<\/span><\/p>\n<div class=\"row\">\n<div class=\"col-md-4\">\n<div class=\"textbox_target\" style=\"text-align: left;\">\n<p>Ath del\u00e0 es escolans\/es an de portar:<br \/>\n&#8211; 1 ampolha de pl\u00e0stic damb eth n\u00f2m<br \/>\n&#8211; 1\u00e8r cicle iniciau: bata ent\u00e0 classe damb beta<br \/>\n&#8211; Sabatilhes entar iu\u00e8rn<br \/>\n&#8211; Chandal e deportiues es dies d\u2019Ed. Fisica: dim\u00e8rcles<br \/>\n&#8211; 2 plumiers UEDI damb cremalh\u00e8ra<br \/>\n&#8211; Ua bata ent\u00e0 plastica<br \/>\n&#8211; Ua muda mercada tamb eth n\u00f2m (toti)<br \/>\n&#8211; Necesser ent\u00e0 Educacion Fisica (tovalh\u00f2la petita, sabon, piente)<br \/>\n&#8211; Necesser damb br\u00f2ssa e pasta de dents (escolans\/es qu\u2019empleguen eth servici<br \/>\nde minjador escolar)<\/p>\n<p>Er esdejoar cau portar-lo en ua carmanh\u00f2la, atau sajam de minimizar es residus.<\/p>\n<p>&nbsp;<\/p>\n<p>&nbsp;<\/p>\n<\/div>\n<\/div>\n<\/div>\n","protected":false},"excerpt":{"rendered":"<p>MATERIAU EDUCACION INFANTILA:<\/p>\n<p>&#8211; 1 vasso de pl\u00e0stic damb eth n\u00f2m<br \/>\n&#8211; 1 muda (tot mercat)<br \/>\n&#8211; 1 bata tamb eth n\u00f2m e beta un shinhau longa ent\u00e0 penjar-la e 1 bata ent\u00e0<br \/>\nPlastica.<br \/>\n&#8211; Sabatilhes entar iu\u00e8rn<br \/>\n&#8211; Ua g\u00f2rra (quan comence eth bon temps)<br \/>\n&#8211; Chandal e deportiues es dies&hellip;  <a href=\"https:\/\/agora.xtec.cat\/escolasantmartin\/lescola\/material-escolar\/\" title=\"Read Materiau escolar e libres de t\u00e8xte\">Llegeix m\u00e9s\u00bb<\/a><\/p>\n","protected":false},"author":1,"featured_media":0,"parent":22,"menu_order":70,"comment_status":"closed","ping_status":"closed","template":"page-templates\/side-menu.php","meta":{"_bbp_topic_count":0,"_bbp_reply_count":0,"_bbp_total_topic_count":0,"_bbp_total_reply_count":0,"_bbp_voice_count":0,"_bbp_anonymous_reply_count":0,"_bbp_topic_count_hidden":0,"_bbp_reply_count_hidden":0,"_bbp_forum_subforum_count":0,"footnotes":""},"class_list":["post-36","page","type-page","status-publish","hentry"],"post_mailing_queue_ids":[],"_links":{"self":[{"href":"https:\/\/agora.xtec.cat\/escolasantmartin\/wp-json\/wp\/v2\/pages\/36","targetHints":{"allow":["GET"]}}],"collection":[{"href":"https:\/\/agora.xtec.cat\/escolasantmartin\/wp-json\/wp\/v2\/pages"}],"about":[{"href":"https:\/\/agora.xtec.cat\/escolasantmartin\/wp-json\/wp\/v2\/types\/page"}],"author":[{"embeddable":true,"href":"https:\/\/agora.xtec.cat\/escolasantmartin\/wp-json\/wp\/v2\/users\/1"}],"replies":[{"embeddable":true,"href":"https:\/\/agora.xtec.cat\/escolasantmartin\/wp-json\/wp\/v2\/comments?post=36"}],"version-history":[{"count":4,"href":"https:\/\/agora.xtec.cat\/escolasantmartin\/wp-json\/wp\/v2\/pages\/36\/revisions"}],"predecessor-version":[{"id":3448,"href":"https:\/\/agora.xtec.cat\/escolasantmartin\/wp-json\/wp\/v2\/pages\/36\/revisions\/3448"}],"up":[{"embeddable":true,"href":"https:\/\/agora.xtec.cat\/escolasantmartin\/wp-json\/wp\/v2\/pages\/22"}],"wp:attachment":[{"href":"https:\/\/agora.xtec.cat\/escolasantmartin\/wp-json\/wp\/v2\/media?parent=36"}],"curies":[{"name":"wp","href":"https:\/\/api.w.org\/{rel}","templated":true}]}}