{"id":34,"date":"2020-03-17T09:00:18","date_gmt":"2020-03-17T08:00:18","guid":{"rendered":"http:\/\/agora.xtec.cat\/escolasantmartin\/?page_id=34"},"modified":"2020-03-17T13:41:05","modified_gmt":"2020-03-17T12:41:05","slug":"coma-trabalham","status":"publish","type":"page","link":"https:\/\/agora.xtec.cat\/escolasantmartin\/lescola\/coma-trabalham\/","title":{"rendered":"Coma trabalham?"},"content":{"rendered":"<div class=\"row\">\n<div class=\"col-md-4\">\n<div class=\"textbox_target\">\n<p><strong>Corn\u00e8rs<\/strong><\/p>\n<p>Eth trabalh per corn\u00e8rs ap\u00f2rte as n\u00f2sti escolans m\u00e8s autonomia, tan en trabalh dirigit coma en j\u00f2c liure. Tanben mos ajude a trabalhar es abituds d\u2019orde, compartir e ajudar-se.<\/p>\n<p>Era metodologia per corn\u00e8rs permet as escolans utilizar eth materiau segons es s\u00f2ns inter\u00e8ssi e besonhs e aquerir es objectius deth cors ath ritme de cada escolan.<\/p>\n<p><strong>Centres d\u00b4inter\u00e9s<\/strong><\/p>\n<p>Eth centre d\u00b4inter\u00e9s eieth context en qu\u00e9 se desvol\u00f2pen totes es activitats, ei eth mejan qu\u00b4estacar\u00e0 es diu\u00e8rses activitats de cada dia entorn un t\u00e8ma centrau.<\/p>\n<p><strong>Grops collaboratius<\/strong><\/p>\n<p>Damb era formacion d\u00b4aguesti grops, tot er escolanat se resposabilize tant deth s\u00f2n aprenedissatge coma es des companhs\/es. Fomente era responsabilitat e era autonomia.<\/p>\n<p><strong>Proj\u00e8ctes<\/strong><\/p>\n<p>Afavor\u00eds er aqueriment des compet\u00e9ncies basiques atengut que:<\/p>\n<div class=\"body-static\">\n<div class=\"container container-align\">\n<div class=\"container container-custom\">\n<form action=\"http:\/\/traductor.gencat.cat\/jsp\/trad.jsp\" method=\"post\" name=\"translateTextForm\">\n<div class=\"row\">\n<div class=\"col-md-4\">\n<div>\n<ul>\n<li class=\"textbox_target\" style=\"text-align: left;\">Part\u00eds d\u2019un t\u00e8ma, probl\u00e8ma o centre d\u2019inter\u00e8s negociat damb l\u2019alumnat.<\/li>\n<li class=\"textbox_target\" style=\"text-align: left;\">H\u00e8 protagonista er escolanat en bastiment dera pr\u00f2pria coneishen\u00e7a pr&#8217;amor que focaliza eth desir de saber causes naues, era formulacion de q\u00fcestions, era reflexion sus eth pr\u00f2pri saber, era rec\u00e8rca de naua\u00a0 coneishences e era reflexion sus eth pr\u00f2pri proc\u00e8s d\u2019aprenedissatge.<\/li>\n<li class=\"textbox_target\" style=\"text-align: left;\">Da f\u00f2r\u00e7a import\u00e0ncia ath trabalh cooperatiu. S\u2019elab\u00f2ren q\u00fcestions o ipot\u00e8sis, se prenen decisions sus eth despartiment de tasques e se met eth comun eth resultat des tasques individuaus e s\u2019elab\u00f2re collectivament eth resultat.<\/li>\n<li class=\"textbox_target\" style=\"text-align: left;\">Incentiua es proc\u00e8ssi d\u2019investigacion que supausen cercar, seleccionar e interpretar informacion a trau\u00e8s de h\u00f2nts diu\u00e8rses, formular naui dobtes e naues q\u00fcestions e establir relacions damb auti probl\u00e8mes.<\/li>\n<li class=\"textbox_target\" style=\"text-align: left;\">Se transferissen estrategies ent\u00e0 apr\u00e9ner: se represente eth proc\u00e8s de bastiment de coneishen\u00e7a, s\u2019avalore \u00e7\u00f2 que s\u2019a aprenut e coma s\u2019a aprenut.<\/li>\n<li class=\"textbox_target\" style=\"text-align: left;\">S\u2019activa era comunicacion, eth dial\u00f2g e era discussion en petit e gran grop ent\u00e0 bastir coneishen\u00e7a de forma compartida.<\/li>\n<\/ul>\n<p><strong>Talh\u00e8rs\/Ambients<\/strong><\/p>\n<p style=\"text-align: left;\">Es talh\u00e8rs son entorns rics damb prepauses diu\u00e8rses qu&#8217;estimulen eth desvolopament globau des mainatges. Aufrissen situacions d\u2019aprendissatge qu&#8217;eth j\u00f2c ei l\u2019activitat principau. Es activitats que se prepausen as talh\u00e8rs h\u00e8n possible experi\u00e9ncies diu\u00e8rses dirigides ath desvolopament de determinades capacitats des mainatges. Enes talh\u00e8rs es mainatges e mainades aprenen mejan\u00e7ant eth contacte damb es obj\u00e8ctes, a trau\u00e8s dera manipulacion, l\u2019exploraci\u00f3 e era descub\u00e8rta.<\/p>\n<\/div>\n<\/div>\n<\/div>\n<\/form>\n<\/div>\n<\/div>\n<\/div>\n<\/div>\n<\/div>\n<\/div>\n","protected":false},"excerpt":{"rendered":"<p>Corn\u00e8rs<br \/>\nEth trabalh per corn\u00e8rs ap\u00f2rte as n\u00f2sti escolans m\u00e8s autonomia, tan en trabalh dirigit coma en j\u00f2c liure. Tanben mos ajude a trabalhar es abituds d\u2019orde, compartir e ajudar-se.<br \/>\nEra metodologia per corn\u00e8rs permet as escolans utilizar eth materiau segons es s\u00f2ns inter\u00e8ssi e besonhs e&hellip;  <a href=\"https:\/\/agora.xtec.cat\/escolasantmartin\/lescola\/coma-trabalham\/\" title=\"Read Coma trabalham?\">Llegeix m\u00e9s\u00bb<\/a><\/p>\n","protected":false},"author":1,"featured_media":0,"parent":22,"menu_order":60,"comment_status":"closed","ping_status":"closed","template":"page-templates\/side-menu.php","meta":{"_bbp_topic_count":0,"_bbp_reply_count":0,"_bbp_total_topic_count":0,"_bbp_total_reply_count":0,"_bbp_voice_count":0,"_bbp_anonymous_reply_count":0,"_bbp_topic_count_hidden":0,"_bbp_reply_count_hidden":0,"_bbp_forum_subforum_count":0,"footnotes":""},"class_list":["post-34","page","type-page","status-publish","hentry"],"post_mailing_queue_ids":[],"_links":{"self":[{"href":"https:\/\/agora.xtec.cat\/escolasantmartin\/wp-json\/wp\/v2\/pages\/34","targetHints":{"allow":["GET"]}}],"collection":[{"href":"https:\/\/agora.xtec.cat\/escolasantmartin\/wp-json\/wp\/v2\/pages"}],"about":[{"href":"https:\/\/agora.xtec.cat\/escolasantmartin\/wp-json\/wp\/v2\/types\/page"}],"author":[{"embeddable":true,"href":"https:\/\/agora.xtec.cat\/escolasantmartin\/wp-json\/wp\/v2\/users\/1"}],"replies":[{"embeddable":true,"href":"https:\/\/agora.xtec.cat\/escolasantmartin\/wp-json\/wp\/v2\/comments?post=34"}],"version-history":[{"count":4,"href":"https:\/\/agora.xtec.cat\/escolasantmartin\/wp-json\/wp\/v2\/pages\/34\/revisions"}],"predecessor-version":[{"id":703,"href":"https:\/\/agora.xtec.cat\/escolasantmartin\/wp-json\/wp\/v2\/pages\/34\/revisions\/703"}],"up":[{"embeddable":true,"href":"https:\/\/agora.xtec.cat\/escolasantmartin\/wp-json\/wp\/v2\/pages\/22"}],"wp:attachment":[{"href":"https:\/\/agora.xtec.cat\/escolasantmartin\/wp-json\/wp\/v2\/media?parent=34"}],"curies":[{"name":"wp","href":"https:\/\/api.w.org\/{rel}","templated":true}]}}