{"id":26,"date":"2019-09-18T12:24:32","date_gmt":"2019-09-18T10:24:32","guid":{"rendered":"http:\/\/agora.xtec.cat\/escolasantmartin\/?page_id=26"},"modified":"2024-02-20T11:45:42","modified_gmt":"2024-02-20T10:45:42","slug":"historia","status":"publish","type":"page","link":"https:\/\/agora.xtec.cat\/escolasantmartin\/lescola\/historia\/","title":{"rendered":"Qui \u00e8m?"},"content":{"rendered":"<p>Era Esc\u00f2la Sant Mart\u00edn ei ua esc\u00f2la publica, unit\u00e0ria e de p\u00f2ble. Impart\u00eds es dues etapes educatiues, era etapa d\u00b4educacion infantila, compresa des 3 a 6 ans, e era etapa d\u00b4educacion prim\u00e0ria, compresa entre es 6 e es 12 ans.<\/p>\n<p>&nbsp;<\/p>\n","protected":false},"excerpt":{"rendered":"<p>Era Esc\u00f2la Sant Mart\u00edn ei ua esc\u00f2la publica, unit\u00e0ria e de p\u00f2ble. Impart\u00eds es dues etapes educatiues, era etapa d\u00b4educacion infantila, compresa des 3 a 6 ans, e era etapa d\u00b4educacion prim\u00e0ria, compresa entre es 6 e es 12 ans.<br \/>\n&nbsp;<\/p>\n","protected":false},"author":1,"featured_media":0,"parent":22,"menu_order":20,"comment_status":"closed","ping_status":"closed","template":"page-templates\/side-menu.php","meta":{"_bbp_topic_count":0,"_bbp_reply_count":0,"_bbp_total_topic_count":0,"_bbp_total_reply_count":0,"_bbp_voice_count":0,"_bbp_anonymous_reply_count":0,"_bbp_topic_count_hidden":0,"_bbp_reply_count_hidden":0,"_bbp_forum_subforum_count":0,"footnotes":""},"class_list":["post-26","page","type-page","status-publish","hentry"],"post_mailing_queue_ids":[],"_links":{"self":[{"href":"https:\/\/agora.xtec.cat\/escolasantmartin\/wp-json\/wp\/v2\/pages\/26","targetHints":{"allow":["GET"]}}],"collection":[{"href":"https:\/\/agora.xtec.cat\/escolasantmartin\/wp-json\/wp\/v2\/pages"}],"about":[{"href":"https:\/\/agora.xtec.cat\/escolasantmartin\/wp-json\/wp\/v2\/types\/page"}],"author":[{"embeddable":true,"href":"https:\/\/agora.xtec.cat\/escolasantmartin\/wp-json\/wp\/v2\/users\/1"}],"replies":[{"embeddable":true,"href":"https:\/\/agora.xtec.cat\/escolasantmartin\/wp-json\/wp\/v2\/comments?post=26"}],"version-history":[{"count":6,"href":"https:\/\/agora.xtec.cat\/escolasantmartin\/wp-json\/wp\/v2\/pages\/26\/revisions"}],"predecessor-version":[{"id":3577,"href":"https:\/\/agora.xtec.cat\/escolasantmartin\/wp-json\/wp\/v2\/pages\/26\/revisions\/3577"}],"up":[{"embeddable":true,"href":"https:\/\/agora.xtec.cat\/escolasantmartin\/wp-json\/wp\/v2\/pages\/22"}],"wp:attachment":[{"href":"https:\/\/agora.xtec.cat\/escolasantmartin\/wp-json\/wp\/v2\/media?parent=26"}],"curies":[{"name":"wp","href":"https:\/\/api.w.org\/{rel}","templated":true}]}}