{"id":24,"date":"2020-03-07T13:51:15","date_gmt":"2020-03-07T12:51:15","guid":{"rendered":"http:\/\/agora.xtec.cat\/escolasantmartin\/?page_id=24"},"modified":"2020-11-27T19:07:20","modified_gmt":"2020-11-27T18:07:20","slug":"on-som","status":"publish","type":"page","link":"https:\/\/agora.xtec.cat\/escolasantmartin\/lescola\/on-som\/","title":{"rendered":"A on \u00e8m?"},"content":{"rendered":"<p style=\"color: #666666;\"><strong>Esc\u00f2la Sant Mart\u00ed<\/strong><br \/>\nCarr\u00e8r Sant Jaume s\/n<br \/>\n25598 Gessa<\/p>\n<p>Tel. 973645817<\/p>\n<p>Tel.m\u00f2bil 634771366<br \/>\nc5000559@xtec.cat<\/p>\n<p>Era esc\u00f2la forma part dera Zer Val d\u00b4Aran, ei ua esc\u00f2la rurau unit\u00e0ria d\u00b4educacion infantila e prim\u00e0ria.<\/p>\n<p><strong>Coma arribar-i:<\/strong><\/p>\n<p><b>Era esc\u00f2la ei pla\u00e7ada ath municipi de Naut Aran, entre es p\u00f2bles d\u00b4Arties e eth p\u00f2ble de Salard\u00fa.<\/b><\/p>\n<p>&nbsp;<\/p>\n","protected":false},"excerpt":{"rendered":"<p>Esc\u00f2la Sant Mart\u00ed<br \/>\nCarr\u00e8r Sant Jaume s\/n<br \/>\n25598 Gessa<br \/>\nTel. 973645817<br \/>\nTel.m\u00f2bil 634771366<br \/>\nc5000559@xtec.cat<br \/>\nEra esc\u00f2la forma part dera Zer Val d\u00b4Aran, ei ua esc\u00f2la rurau unit\u00e0ria d\u00b4educacion infantila e prim\u00e0ria.<br \/>\nComa arribar-i:<br \/>\nEra esc\u00f2la ei pla\u00e7ada ath municipi de Naut Aran, entre es p\u00f2bles d\u00b4Arties e eth p\u00f2ble de Salard\u00fa.<br \/>\n&nbsp;<\/p>\n","protected":false},"author":1,"featured_media":0,"parent":22,"menu_order":10,"comment_status":"closed","ping_status":"closed","template":"page-templates\/side-menu.php","meta":{"_bbp_topic_count":0,"_bbp_reply_count":0,"_bbp_total_topic_count":0,"_bbp_total_reply_count":0,"_bbp_voice_count":0,"_bbp_anonymous_reply_count":0,"_bbp_topic_count_hidden":0,"_bbp_reply_count_hidden":0,"_bbp_forum_subforum_count":0,"footnotes":""},"class_list":["post-24","page","type-page","status-publish","hentry"],"post_mailing_queue_ids":[],"_links":{"self":[{"href":"https:\/\/agora.xtec.cat\/escolasantmartin\/wp-json\/wp\/v2\/pages\/24","targetHints":{"allow":["GET"]}}],"collection":[{"href":"https:\/\/agora.xtec.cat\/escolasantmartin\/wp-json\/wp\/v2\/pages"}],"about":[{"href":"https:\/\/agora.xtec.cat\/escolasantmartin\/wp-json\/wp\/v2\/types\/page"}],"author":[{"embeddable":true,"href":"https:\/\/agora.xtec.cat\/escolasantmartin\/wp-json\/wp\/v2\/users\/1"}],"replies":[{"embeddable":true,"href":"https:\/\/agora.xtec.cat\/escolasantmartin\/wp-json\/wp\/v2\/comments?post=24"}],"version-history":[{"count":4,"href":"https:\/\/agora.xtec.cat\/escolasantmartin\/wp-json\/wp\/v2\/pages\/24\/revisions"}],"predecessor-version":[{"id":1838,"href":"https:\/\/agora.xtec.cat\/escolasantmartin\/wp-json\/wp\/v2\/pages\/24\/revisions\/1838"}],"up":[{"embeddable":true,"href":"https:\/\/agora.xtec.cat\/escolasantmartin\/wp-json\/wp\/v2\/pages\/22"}],"wp:attachment":[{"href":"https:\/\/agora.xtec.cat\/escolasantmartin\/wp-json\/wp\/v2\/media?parent=24"}],"curies":[{"name":"wp","href":"https:\/\/api.w.org\/{rel}","templated":true}]}}