{"id":1969,"date":"2021-01-26T21:05:59","date_gmt":"2021-01-26T20:05:59","guid":{"rendered":"http:\/\/agora.xtec.cat\/escolasantmartin\/?page_id=1969"},"modified":"2021-02-20T17:36:19","modified_gmt":"2021-02-20T16:36:19","slug":"pairins-lectors","status":"publish","type":"page","link":"https:\/\/agora.xtec.cat\/escolasantmartin\/biblioteca-escolar\/pairins-lectors\/","title":{"rendered":"Pairins Lectors"},"content":{"rendered":"<p><img loading=\"lazy\" decoding=\"async\" class=\"alignnone size-full wp-image-2079\" src=\"https:\/\/agora.xtec.cat\/escolasantmartin\/wp-content\/uploads\/usu740\/2021\/02\/PA180289.jpg\" alt=\"\" width=\"800\" height=\"600\" srcset=\"https:\/\/agora.xtec.cat\/escolasantmartin\/wp-content\/uploads\/usu740\/2021\/02\/PA180289.jpg 800w, https:\/\/agora.xtec.cat\/escolasantmartin\/wp-content\/uploads\/usu740\/2021\/02\/PA180289-300x225.jpg 300w, https:\/\/agora.xtec.cat\/escolasantmartin\/wp-content\/uploads\/usu740\/2021\/02\/PA180289-768x576.jpg 768w, https:\/\/agora.xtec.cat\/escolasantmartin\/wp-content\/uploads\/usu740\/2021\/02\/PA180289-200x150.jpg 200w\" sizes=\"auto, (max-width: 800px) 100vw, 800px\" \/><\/p>\n<p><img loading=\"lazy\" decoding=\"async\" class=\"alignnone size-full wp-image-2082\" src=\"https:\/\/agora.xtec.cat\/escolasantmartin\/wp-content\/uploads\/usu740\/2021\/02\/P2140002.jpg\" alt=\"\" width=\"800\" height=\"600\" srcset=\"https:\/\/agora.xtec.cat\/escolasantmartin\/wp-content\/uploads\/usu740\/2021\/02\/P2140002.jpg 800w, https:\/\/agora.xtec.cat\/escolasantmartin\/wp-content\/uploads\/usu740\/2021\/02\/P2140002-300x225.jpg 300w, https:\/\/agora.xtec.cat\/escolasantmartin\/wp-content\/uploads\/usu740\/2021\/02\/P2140002-768x576.jpg 768w, https:\/\/agora.xtec.cat\/escolasantmartin\/wp-content\/uploads\/usu740\/2021\/02\/P2140002-200x150.jpg 200w\" sizes=\"auto, (max-width: 800px) 100vw, 800px\" \/><\/p>\n<p><strong>Punt de partida:\u00a0<\/strong>Dinaminizar er aprendissatge dera lectura, apropar eth t\u00e8xte ara mainadera a trau\u00e8s dera tutoria entre iguals e en cont\u00e8xtes significatius d\u00b4aprendissatge.<\/p>\n<p><strong>Objectius:<\/strong><\/p>\n<ul>\n<li>Potenciar es aprendissatges per part de toti es participnats (pairins e fillols)<\/li>\n<li>Crear cont\u00e8xtes significatius d\u00b4aprendissatge ( liegi pr\u00b4amor que quauquarr\u00e9s m\u00b4entengui, liegi t\u00e0 quauquarr\u00e9s que li interessa escotar-me)<\/li>\n<li>Establir ligams afectius entre pairins e fillols ath torn dera lectura.<\/li>\n<li>Generar ua experi\u00e9ncia positiua e plaent de lectura.<\/li>\n<\/ul>\n","protected":false},"excerpt":{"rendered":"<p>Punt de partida:\u00a0Dinaminizar er aprendissatge dera lectura, apropar eth t\u00e8xte ara mainadera a trau\u00e8s dera tutoria entre iguals e en cont\u00e8xtes significatius d\u00b4aprendissatge.<br \/>\nObjectius:<\/p>\n<ul>\n<li>Potenciar es aprendissatges per part de toti es participnats (pairins e fillols)<\/li>\n<li>Crear cont\u00e8xtes significatius d\u00b4aprendissatge ( liegi pr\u00b4amor que quauquarr\u00e9s m\u00b4entengui, liegi t\u00e0&hellip;  <a href=\"https:\/\/agora.xtec.cat\/escolasantmartin\/biblioteca-escolar\/pairins-lectors\/\" title=\"Read Pairins Lectors\">Llegeix m\u00e9s\u00bb<\/a><br \/>\n","protected":false},"author":1,"featured_media":0,"parent":1978,"menu_order":0,"comment_status":"closed","ping_status":"closed","template":"page-templates\/side-menu.php","meta":{"_bbp_topic_count":0,"_bbp_reply_count":0,"_bbp_total_topic_count":0,"_bbp_total_reply_count":0,"_bbp_voice_count":0,"_bbp_anonymous_reply_count":0,"_bbp_topic_count_hidden":0,"_bbp_reply_count_hidden":0,"_bbp_forum_subforum_count":0,"footnotes":""},"class_list":["post-1969","page","type-page","status-publish","hentry"],"post_mailing_queue_ids":[],"_links":{"self":[{"href":"https:\/\/agora.xtec.cat\/escolasantmartin\/wp-json\/wp\/v2\/pages\/1969","targetHints":{"allow":["GET"]}}],"collection":[{"href":"https:\/\/agora.xtec.cat\/escolasantmartin\/wp-json\/wp\/v2\/pages"}],"about":[{"href":"https:\/\/agora.xtec.cat\/escolasantmartin\/wp-json\/wp\/v2\/types\/page"}],"author":[{"embeddable":true,"href":"https:\/\/agora.xtec.cat\/escolasantmartin\/wp-json\/wp\/v2\/users\/1"}],"replies":[{"embeddable":true,"href":"https:\/\/agora.xtec.cat\/escolasantmartin\/wp-json\/wp\/v2\/comments?post=1969"}],"version-history":[{"count":3,"href":"https:\/\/agora.xtec.cat\/escolasantmartin\/wp-json\/wp\/v2\/pages\/1969\/revisions"}],"predecessor-version":[{"id":2083,"href":"https:\/\/agora.xtec.cat\/escolasantmartin\/wp-json\/wp\/v2\/pages\/1969\/revisions\/2083"}],"up":[{"embeddable":true,"href":"https:\/\/agora.xtec.cat\/escolasantmartin\/wp-json\/wp\/v2\/pages\/1978"}],"wp:attachment":[{"href":"https:\/\/agora.xtec.cat\/escolasantmartin\/wp-json\/wp\/v2\/media?parent=1969"}],"curies":[{"name":"wp","href":"https:\/\/api.w.org\/{rel}","templated":true}]}}