{"id":1040,"date":"2020-05-10T11:41:18","date_gmt":"2020-05-10T09:41:18","guid":{"rendered":"http:\/\/agora.xtec.cat\/escolasantmartin\/?page_id=1040"},"modified":"2020-05-11T13:16:29","modified_gmt":"2020-05-11T11:16:29","slug":"resum-dera-documentacion","status":"publish","type":"page","link":"https:\/\/agora.xtec.cat\/escolasantmartin\/resum-dera-documentacion\/","title":{"rendered":"Resum dera documentacion"},"content":{"rendered":"<p style=\"text-align: center;\"><strong>DOCUMENTACION ENT\u00c0 FORMALIZAR ERA PREINSCRIPCION E MATRICULACION<\/strong><\/p>\n<p><strong>Era opcion telematica<\/strong>: <strong>deth 13 ath 22 de mai.<\/strong><\/p>\n<p>Aconselham a toti que pogue emplegue era sollicitud telematica: en tot aumplir era sollicitud en sup\u00f2rt informatic e en tot enviar eth resguard dera sollicitud amassa damb era documentacion escanejada o fotografiada ara bo\u00e8ta deth corr\u00e8u\u00a0 dera esc\u00f2la <span style=\"background-color: #ffff00;\">c5000559@xtec.cat<\/span> . Nosati vos arresponeram era recepcion dera v\u00f2sta sollicitud.<\/p>\n<p><strong>Era opcion presenciau<\/strong>: <strong>deth 19 ath 22 de mai de 9:30 a 13:30 ores.<\/strong><\/p>\n<p>En cas que non vos sigue possible h\u00e8&#8217;c telematicaments, auratz de demanar cita pr\u00e8via ath telef\u00f2n 973645817 a compdar deth 13 de mai e vos daram dia e ora ent\u00e0 vier a aumplir era sollicitud e liurar-la, amassa damb era documentacion ara esc\u00f2la.<\/p>\n<p>En aguest cas, cau portar mascareta e guants en tot moment e respectar era dist\u00e0ncia de seguretat de 2 metres laguens deth recinte escolar. Vos recomanam que portagatz eth boligraf de casa t\u00e0 raumplir era sollicitud.<\/p>\n<p><strong>Era documentacion qu\u00b4auetz de portar o enviar ei aguesta:<\/strong><\/p>\n<ul>\n<li>Originau e fotoc\u00f2pia deth libre de familha o documents relatius ara filiacion. Se l\u2019escolan se tr\u00f2be en situacion d\u2019acu\u00e8lh, era resolucion d\u2019acu\u00e8lh deth Departament de Trabalh, Ah\u00e8rs Sociaus e Familhes.<\/li>\n<li>Originau e fotoc\u00f2pia deth DNI dera persona en tot sollicitar (pair, mair o eth tutor\/a o guardador\/a de h\u00e8t) o s&#8217;era persona en tot sollicitar ei estrang\u00e8ra, era carta de resid\u00e9ncia a on c\u00f2nste eth NIE o eth passap\u00f2rt. Se se tracte d\u2019estrang\u00e8ra comunit\u00e0ria, document d\u2019identitat deth pa\u00eds d\u2019origina.<\/li>\n<li>Originau e fotoc\u00f2pia deth DNI de l\u2019escolan\/a s&#8217;a DNI.<\/li>\n<li>Originau e fotoc\u00f2pia dera TSI (carta sanit\u00e0ria individuau).<\/li>\n<li>Originau e fotoc\u00f2pia deth carnet de vacunacions o certificat equivalent.<\/li>\n<li>2 fotografies mesura carnet en pap\u00e8r fotografic.<\/li>\n<li>Certificat d\u00b4empadronament.<\/li>\n<li>Eth DNI actualizat damb l\u2019adrece naua, se non se podec presentar damb era sollicitud de preinscripcion.<\/li>\n<\/ul>\n<p style=\"text-align: center;\"><em>Es originaus dera documentacion se retornar\u00e0n un c\u00f2p contrastat damb es c\u00f2pies presentades.<\/em><\/p>\n","protected":false},"excerpt":{"rendered":"<p>DOCUMENTACION ENT\u00c0 FORMALIZAR ERA PREINSCRIPCION E MATRICULACION<br \/>\nEra opcion telematica: deth 13 ath 22 de mai.<br \/>\nAconselham a toti que pogue emplegue era sollicitud telematica: en tot aumplir era sollicitud en sup\u00f2rt informatic e en tot enviar eth resguard dera sollicitud amassa damb era documentacion escanejada o&hellip;  <a href=\"https:\/\/agora.xtec.cat\/escolasantmartin\/resum-dera-documentacion\/\" title=\"Read Resum dera documentacion\">Llegeix m\u00e9s\u00bb<\/a><\/p>\n","protected":false},"author":1,"featured_media":0,"parent":0,"menu_order":0,"comment_status":"closed","ping_status":"closed","template":"","meta":{"_bbp_topic_count":0,"_bbp_reply_count":0,"_bbp_total_topic_count":0,"_bbp_total_reply_count":0,"_bbp_voice_count":0,"_bbp_anonymous_reply_count":0,"_bbp_topic_count_hidden":0,"_bbp_reply_count_hidden":0,"_bbp_forum_subforum_count":0,"footnotes":""},"class_list":["post-1040","page","type-page","status-publish","hentry"],"post_mailing_queue_ids":[],"_links":{"self":[{"href":"https:\/\/agora.xtec.cat\/escolasantmartin\/wp-json\/wp\/v2\/pages\/1040","targetHints":{"allow":["GET"]}}],"collection":[{"href":"https:\/\/agora.xtec.cat\/escolasantmartin\/wp-json\/wp\/v2\/pages"}],"about":[{"href":"https:\/\/agora.xtec.cat\/escolasantmartin\/wp-json\/wp\/v2\/types\/page"}],"author":[{"embeddable":true,"href":"https:\/\/agora.xtec.cat\/escolasantmartin\/wp-json\/wp\/v2\/users\/1"}],"replies":[{"embeddable":true,"href":"https:\/\/agora.xtec.cat\/escolasantmartin\/wp-json\/wp\/v2\/comments?post=1040"}],"version-history":[{"count":3,"href":"https:\/\/agora.xtec.cat\/escolasantmartin\/wp-json\/wp\/v2\/pages\/1040\/revisions"}],"predecessor-version":[{"id":1072,"href":"https:\/\/agora.xtec.cat\/escolasantmartin\/wp-json\/wp\/v2\/pages\/1040\/revisions\/1072"}],"wp:attachment":[{"href":"https:\/\/agora.xtec.cat\/escolasantmartin\/wp-json\/wp\/v2\/media?parent=1040"}],"curies":[{"name":"wp","href":"https:\/\/api.w.org\/{rel}","templated":true}]}}