{"id":1025,"date":"2020-05-09T22:12:21","date_gmt":"2020-05-09T20:12:21","guid":{"rendered":"http:\/\/agora.xtec.cat\/escolasantmartin\/?page_id=1025"},"modified":"2021-04-30T21:12:19","modified_gmt":"2021-04-30T19:12:19","slug":"preinscripcion-e-matriculacion","status":"publish","type":"page","link":"https:\/\/agora.xtec.cat\/escolasantmartin\/preinscripcion-e-matriculacion\/","title":{"rendered":"Preinscripcion e matriculacion 2019-20"},"content":{"rendered":"<p style=\"text-align: center;\"><strong><span style=\"font-size: 14pt;\">Per totes es familhes interessades en con\u00e9isher eth n\u00f2ste centre vos deisham ua presentacion. Quin dobte que sigue podetz meter-vos eth contacte a trau\u00e8s dera adrece electronica deth centre <span style=\"background-color: #ffff99;\">c5000559@xtec.cat<\/span> o ath telef\u00f2n deth centre <span style=\"background-color: #ffff99;\">973645817<\/span>.<\/span><\/strong><\/p>\n<div style=\"width: 960px;\" class=\"wp-video\"><!--[if lt IE 9]><script>document.createElement('video');<\/script><![endif]-->\n<video class=\"wp-video-shortcode\" id=\"video-1025-1\" width=\"960\" height=\"540\" preload=\"metadata\" controls=\"controls\"><source type=\"video\/mp4\" src=\"https:\/\/agora.xtec.cat\/escolasantmartin\/wp-content\/uploads\/usu740\/2020\/05\/Jornada-de-p\u00f2rtes-dub\u00e8rtes-2.mp4?_=1\" \/><a href=\"https:\/\/agora.xtec.cat\/escolasantmartin\/wp-content\/uploads\/usu740\/2020\/05\/Jornada-de-p\u00f2rtes-dub\u00e8rtes-2.mp4\">https:\/\/agora.xtec.cat\/escolasantmartin\/wp-content\/uploads\/usu740\/2020\/05\/Jornada-de-p\u00f2rtes-dub\u00e8rtes-2.mp4<\/a><\/video><\/div>\n","protected":false},"excerpt":{"rendered":"<p>Per totes es familhes interessades en con\u00e9isher eth n\u00f2ste centre vos deisham ua presentacion. Quin dobte que sigue podetz meter-vos eth contacte a trau\u00e8s dera adrece electronica deth centre c5000559@xtec.cat o ath telef\u00f2n deth centre 973645817.<br \/>\n<a href=\"https:\/\/agora.xtec.cat\/escolasantmartin\/wp-content\/uploads\/usu740\/2020\/05\/Jornada-de-p\u00f2rtes-dub\u00e8rtes-2.mp4\">https:\/\/agora.xtec.cat\/escolasantmartin\/wp-content\/uploads\/usu740\/2020\/05\/Jornada-de-p\u00f2rtes-dub\u00e8rtes-2.mp4<\/a><\/p>\n","protected":false},"author":1,"featured_media":0,"parent":0,"menu_order":0,"comment_status":"closed","ping_status":"closed","template":"","meta":{"_bbp_topic_count":0,"_bbp_reply_count":0,"_bbp_total_topic_count":0,"_bbp_total_reply_count":0,"_bbp_voice_count":0,"_bbp_anonymous_reply_count":0,"_bbp_topic_count_hidden":0,"_bbp_reply_count_hidden":0,"_bbp_forum_subforum_count":0,"footnotes":""},"class_list":["post-1025","page","type-page","status-publish","hentry"],"post_mailing_queue_ids":[],"_links":{"self":[{"href":"https:\/\/agora.xtec.cat\/escolasantmartin\/wp-json\/wp\/v2\/pages\/1025","targetHints":{"allow":["GET"]}}],"collection":[{"href":"https:\/\/agora.xtec.cat\/escolasantmartin\/wp-json\/wp\/v2\/pages"}],"about":[{"href":"https:\/\/agora.xtec.cat\/escolasantmartin\/wp-json\/wp\/v2\/types\/page"}],"author":[{"embeddable":true,"href":"https:\/\/agora.xtec.cat\/escolasantmartin\/wp-json\/wp\/v2\/users\/1"}],"replies":[{"embeddable":true,"href":"https:\/\/agora.xtec.cat\/escolasantmartin\/wp-json\/wp\/v2\/comments?post=1025"}],"version-history":[{"count":3,"href":"https:\/\/agora.xtec.cat\/escolasantmartin\/wp-json\/wp\/v2\/pages\/1025\/revisions"}],"predecessor-version":[{"id":2540,"href":"https:\/\/agora.xtec.cat\/escolasantmartin\/wp-json\/wp\/v2\/pages\/1025\/revisions\/2540"}],"wp:attachment":[{"href":"https:\/\/agora.xtec.cat\/escolasantmartin\/wp-json\/wp\/v2\/media?parent=1025"}],"curies":[{"name":"wp","href":"https:\/\/api.w.org\/{rel}","templated":true}]}}