{"id":87,"date":"2014-09-18T14:28:12","date_gmt":"2014-09-18T13:28:12","guid":{"rendered":"http:\/\/agora.xtec.cat\/escolasantmartibcn\/?page_id=87"},"modified":"2024-10-17T13:55:49","modified_gmt":"2024-10-17T11:55:49","slug":"nivells","status":"publish","type":"page","link":"https:\/\/agora.xtec.cat\/escolasantmartibcn\/nivells\/","title":{"rendered":"Nivells"},"content":{"rendered":"<p>D&#8217;I3 a 6\u00e8 cada nivell t\u00e9 un blog propi.<\/p>\n<p>Educaci\u00f3 infantil: I3, I4, I5.<\/p>\n<p>Educaci\u00f3 prim\u00e0ria: 1r, 2n, 3r, 4t, 5\u00e8, 6\u00e8<\/p>\n<ul>\n<li><a class=\"menu-link sub-menu-link\" href=\"https:\/\/agora.xtec.cat\/escolasantmartibcn\/categoria\/comunitat-de-petits\/\">COMUNITAT DE PETITS<\/a><\/li>\n<li><a href=\"https:\/\/agora.xtec.cat\/escolasantmartibcn\/categoria\/comunitat-de-petits\/i3\/\" target=\"_blank\" rel=\"noopener\">I3 (2024-2033)<\/a><\/li>\n<li><a class=\"menu-link sub-menu-link\" href=\"https:\/\/agora.xtec.cat\/escolasantmartibcn\/categoria\/comunitat-de-petits\/i4\/\" target=\"_blank\" rel=\"noopener\">I4 (2023-2032)<\/a><\/li>\n<li><a class=\"menu-link sub-menu-link\" style=\"font-family: inherit; font-size: 1em;\" href=\"https:\/\/agora.xtec.cat\/escolasantmartibcn\/categoria\/comunitat-de-petits\/i5\/\" target=\"_blank\" rel=\"noopener\">I5 (2022-2031)<\/a><\/li>\n<li><a class=\"menu-link sub-menu-link\" href=\"https:\/\/agora.xtec.cat\/escolasantmartibcn\/categoria\/comunitat-de-mitjans\/\">COMUNITAT DE MITJANS<\/a><\/li>\n<li><a class=\"menu-link sub-menu-link\" href=\"https:\/\/agora.xtec.cat\/escolasantmartibcn\/categoria\/comunitat-de-mitjans\/1r\/\" target=\"_blank\" rel=\"noopener\">1r (2021-2030)<\/a><\/li>\n<li><a class=\"menu-link sub-menu-link\" href=\"https:\/\/agora.xtec.cat\/escolasantmartibcn\/categoria\/comunitat-de-mitjans\/2n\/\" target=\"_blank\" rel=\"noopener\">2n (2020-2029)<\/a><\/li>\n<li><a class=\"menu-link sub-menu-link\" href=\"https:\/\/agora.xtec.cat\/escolasantmartibcn\/categoria\/comunitat-de-mitjans\/3r\/\" target=\"_blank\" rel=\"noopener\">3r (2019-2028)<\/a><\/li>\n<li><a class=\"menu-link sub-menu-link\" href=\"https:\/\/agora.xtec.cat\/escolasantmartibcn\/categoria\/comunitat-de-grans\/\">COMUNITAT DE GRANS<\/a><\/li>\n<li><a class=\"menu-link sub-menu-link\" href=\"https:\/\/agora.xtec.cat\/escolasantmartibcn\/categoria\/comunitat-de-grans\/4t\/\" target=\"_blank\" rel=\"noopener\">4t (2018-2027)<\/a><\/li>\n<li><a class=\"menu-link sub-menu-link\" href=\"https:\/\/agora.xtec.cat\/escolasantmartibcn\/categoria\/comunitat-de-grans\/5e\/\" target=\"_blank\" rel=\"noopener\">5\u00e8 (2017-2026)<\/a><\/li>\n<li><a class=\"menu-link sub-menu-link\" href=\"https:\/\/agora.xtec.cat\/escolasantmartibcn\/categoria\/comunitat-de-grans\/6e\/\" target=\"_blank\" rel=\"noopener\">6\u00e8 (2016-2025)<\/a><\/li>\n<li>EXALUMNES<\/li>\n<li><a class=\"menu-link sub-menu-link\" href=\"https:\/\/agora.xtec.cat\/escolasantmartibcn\/categoria\/comunitat-de-grans\/6e\/\" target=\"_blank\" rel=\"noopener\">Ex-alumnes (2015-2024)<\/a><\/li>\n<\/ul>\n<ul>\n<li style=\"list-style-type: none;\"><\/li>\n<li style=\"list-style-type: none;\"><\/li>\n<li style=\"list-style-type: none;\"><\/li>\n<\/ul>\n","protected":false},"excerpt":{"rendered":"<p>D&#8217;I3 a 6\u00e8 cada nivell t\u00e9 un blog propi. Educaci\u00f3 infantil: I3, I4, I5. Educaci\u00f3 prim\u00e0ria: 1r, 2n, 3r, 4t, 5\u00e8, 6\u00e8 COMUNITAT DE PETITS I3 (2024-2033) I4 (2023-2032) I5 (2022-2031) COMUNITAT DE MITJANS 1r (2021-2030) 2n (2020-2029) 3r (2019-2028) COMUNITAT DE GRANS 4t (2018-2027) 5\u00e8 (2017-2026) 6\u00e8 (2016-2025) EXALUMNES Ex-alumnes (2015-2024)<\/p>\n","protected":false},"author":1,"featured_media":0,"parent":0,"menu_order":0,"comment_status":"closed","ping_status":"closed","template":"page-templates\/side-menu.php","meta":{"_bbp_topic_count":0,"_bbp_reply_count":0,"_bbp_total_topic_count":0,"_bbp_total_reply_count":0,"_bbp_voice_count":0,"_bbp_anonymous_reply_count":0,"_bbp_topic_count_hidden":0,"_bbp_reply_count_hidden":0,"_bbp_forum_subforum_count":0,"site-sidebar-layout":"default","site-content-layout":"","ast-site-content-layout":"","site-content-style":"default","site-sidebar-style":"default","ast-global-header-display":"","ast-banner-title-visibility":"","ast-main-header-display":"","ast-hfb-above-header-display":"","ast-hfb-below-header-display":"","ast-hfb-mobile-header-display":"","site-post-title":"","ast-breadcrumbs-content":"","ast-featured-img":"","footer-sml-layout":"","theme-transparent-header-meta":"","adv-header-id-meta":"","stick-header-meta":"","header-above-stick-meta":"","header-main-stick-meta":"","header-below-stick-meta":"","astra-migrate-meta-layouts":"default","ast-page-background-enabled":"default","ast-page-background-meta":{"desktop":{"background-color":"var(--ast-global-color-4)","background-image":"","background-repeat":"repeat","background-position":"center center","background-size":"auto","background-attachment":"scroll","background-type":"","background-media":"","overlay-type":"","overlay-color":"","overlay-opacity":"","overlay-gradient":""},"tablet":{"background-color":"","background-image":"","background-repeat":"repeat","background-position":"center center","background-size":"auto","background-attachment":"scroll","background-type":"","background-media":"","overlay-type":"","overlay-color":"","overlay-opacity":"","overlay-gradient":""},"mobile":{"background-color":"","background-image":"","background-repeat":"repeat","background-position":"center center","background-size":"auto","background-attachment":"scroll","background-type":"","background-media":"","overlay-type":"","overlay-color":"","overlay-opacity":"","overlay-gradient":""}},"ast-content-background-meta":{"desktop":{"background-color":"var(--ast-global-color-5)","background-image":"","background-repeat":"repeat","background-position":"center center","background-size":"auto","background-attachment":"scroll","background-type":"","background-media":"","overlay-type":"","overlay-color":"","overlay-opacity":"","overlay-gradient":""},"tablet":{"background-color":"var(--ast-global-color-5)","background-image":"","background-repeat":"repeat","background-position":"center center","background-size":"auto","background-attachment":"scroll","background-type":"","background-media":"","overlay-type":"","overlay-color":"","overlay-opacity":"","overlay-gradient":""},"mobile":{"background-color":"var(--ast-global-color-5)","background-image":"","background-repeat":"repeat","background-position":"center center","background-size":"auto","background-attachment":"scroll","background-type":"","background-media":"","overlay-type":"","overlay-color":"","overlay-opacity":"","overlay-gradient":""}},"footnotes":""},"class_list":["post-87","page","type-page","status-publish","hentry"],"post_mailing_queue_ids":[],"_links":{"self":[{"href":"https:\/\/agora.xtec.cat\/escolasantmartibcn\/wp-json\/wp\/v2\/pages\/87","targetHints":{"allow":["GET"]}}],"collection":[{"href":"https:\/\/agora.xtec.cat\/escolasantmartibcn\/wp-json\/wp\/v2\/pages"}],"about":[{"href":"https:\/\/agora.xtec.cat\/escolasantmartibcn\/wp-json\/wp\/v2\/types\/page"}],"author":[{"embeddable":true,"href":"https:\/\/agora.xtec.cat\/escolasantmartibcn\/wp-json\/wp\/v2\/users\/1"}],"replies":[{"embeddable":true,"href":"https:\/\/agora.xtec.cat\/escolasantmartibcn\/wp-json\/wp\/v2\/comments?post=87"}],"version-history":[{"count":6,"href":"https:\/\/agora.xtec.cat\/escolasantmartibcn\/wp-json\/wp\/v2\/pages\/87\/revisions"}],"predecessor-version":[{"id":2848,"href":"https:\/\/agora.xtec.cat\/escolasantmartibcn\/wp-json\/wp\/v2\/pages\/87\/revisions\/2848"}],"wp:attachment":[{"href":"https:\/\/agora.xtec.cat\/escolasantmartibcn\/wp-json\/wp\/v2\/media?parent=87"}],"curies":[{"name":"wp","href":"https:\/\/api.w.org\/{rel}","templated":true}]}}