{"id":845,"date":"2023-05-02T11:06:07","date_gmt":"2023-05-02T09:06:07","guid":{"rendered":"https:\/\/agora.xtec.cat\/escolasantmartibcn\/?page_id=845"},"modified":"2024-01-22T11:31:06","modified_gmt":"2024-01-22T10:31:06","slug":"la-nostra-historia","status":"publish","type":"page","link":"https:\/\/agora.xtec.cat\/escolasantmartibcn\/lescola\/la-nostra-historia\/","title":{"rendered":"La nostra hist\u00f2ria"},"content":{"rendered":"<p><span style=\"font-weight: 400;\">L\u2019escola Sant Mart\u00ed va ser creada el curs 2008-2009, va comen\u00e7ar en m\u00f2duls al barri de la Vila Ol\u00edmpica, carrer del Doctor Trueta 99.<\/span><\/p>\n<p><span style=\"font-weight: 400;\">El 8 de gener de 2013 es van iniciar les classes a l\u2019escola nova, al barri del Poblenou del mateix districte, al carrer Sant Joan de Malta\u00a0 130.<\/span><\/p>\n<p><span style=\"font-weight: 400;\">El curs 2016-17 va ser el primer curs que l\u2019escola es va completar, des de P3 a sis\u00e8.<\/span><\/p>\n<p><span style=\"font-weight: 400;\">Ha experimentat un gran canvi des del seu inici fins a l\u2019actualitat creixent any rere any amb els nous cursos.<\/span><\/p>\n<p><span style=\"font-weight: 400;\">Els indicadors demogr\u00e0fics del districte mostren una poblaci\u00f3 m\u00e9s jove que a la resta de Barcelona ciutat, de diverses proced\u00e8ncies geogr\u00e0fiques, culturals i econ\u00f2miques.<\/span><\/p>\n<p><span style=\"font-weight: 400;\">Des de la seva creaci\u00f3, l\u2019escola ha tingut for\u00e7a mobilitat d\u2019alumnes a causa de la poblaci\u00f3 itinerant del barri.<\/span><\/p>\n<p><span style=\"font-weight: 400;\">Entenem que la finalitat de l\u2019escola \u00e9s educar als infants i que aquesta ha d\u2019estar fonamentada en l\u2019acci\u00f3 professional de l\u2019equip de mestres, en el debat i la reflexi\u00f3 educativa que porta a terme, en la seva formaci\u00f3 i en la innovaci\u00f3 pedag\u00f2gica.<\/span><\/p>\n<p>&nbsp;<\/p>\n<p>Si voleu\u00a0accedir\u00a0a la nostra\u00a0antiga\u00a0p\u00e0gina web, accediu clicant aquesta imatge:<\/p>\n<p><a href=\"https:\/\/escolasantmartibcn.org\/\"><img loading=\"lazy\" decoding=\"async\" class=\"wp-image-901 alignleft\" src=\"https:\/\/agora.xtec.cat\/escolasantmartibcn\/wp-content\/uploads\/usu2346\/2023\/05\/cole.jpg\" alt=\"\" width=\"225\" height=\"225\" srcset=\"https:\/\/agora.xtec.cat\/escolasantmartibcn\/wp-content\/uploads\/usu2346\/2023\/05\/cole.jpg 225w, https:\/\/agora.xtec.cat\/escolasantmartibcn\/wp-content\/uploads\/usu2346\/2023\/05\/cole-150x150.jpg 150w\" sizes=\"auto, (max-width: 225px) 100vw, 225px\" \/><\/a><\/p>\n<p>&nbsp;<\/p>\n","protected":false},"excerpt":{"rendered":"<p>L\u2019escola Sant Mart\u00ed va ser creada el curs 2008-2009, va comen\u00e7ar en m\u00f2duls al barri de la Vila Ol\u00edmpica, carrer del Doctor Trueta 99. El 8 de gener de 2013 es van iniciar les classes a l\u2019escola nova, al barri del Poblenou del mateix districte, al carrer Sant Joan de Malta\u00a0 130. El curs 2016-17 [&hellip;]<\/p>\n","protected":false},"author":1,"featured_media":0,"parent":22,"menu_order":0,"comment_status":"closed","ping_status":"closed","template":"page-templates\/side-menu.php","meta":{"_bbp_topic_count":0,"_bbp_reply_count":0,"_bbp_total_topic_count":0,"_bbp_total_reply_count":0,"_bbp_voice_count":0,"_bbp_anonymous_reply_count":0,"_bbp_topic_count_hidden":0,"_bbp_reply_count_hidden":0,"_bbp_forum_subforum_count":0,"site-sidebar-layout":"default","site-content-layout":"","ast-site-content-layout":"","site-content-style":"default","site-sidebar-style":"default","ast-global-header-display":"","ast-banner-title-visibility":"","ast-main-header-display":"","ast-hfb-above-header-display":"","ast-hfb-below-header-display":"","ast-hfb-mobile-header-display":"","site-post-title":"","ast-breadcrumbs-content":"","ast-featured-img":"","footer-sml-layout":"","theme-transparent-header-meta":"","adv-header-id-meta":"","stick-header-meta":"","header-above-stick-meta":"","header-main-stick-meta":"","header-below-stick-meta":"","astra-migrate-meta-layouts":"default","ast-page-background-enabled":"default","ast-page-background-meta":{"desktop":{"background-color":"var(--ast-global-color-4)","background-image":"","background-repeat":"repeat","background-position":"center center","background-size":"auto","background-attachment":"scroll","background-type":"","background-media":"","overlay-type":"","overlay-color":"","overlay-opacity":"","overlay-gradient":""},"tablet":{"background-color":"","background-image":"","background-repeat":"repeat","background-position":"center center","background-size":"auto","background-attachment":"scroll","background-type":"","background-media":"","overlay-type":"","overlay-color":"","overlay-opacity":"","overlay-gradient":""},"mobile":{"background-color":"","background-image":"","background-repeat":"repeat","background-position":"center center","background-size":"auto","background-attachment":"scroll","background-type":"","background-media":"","overlay-type":"","overlay-color":"","overlay-opacity":"","overlay-gradient":""}},"ast-content-background-meta":{"desktop":{"background-color":"var(--ast-global-color-5)","background-image":"","background-repeat":"repeat","background-position":"center center","background-size":"auto","background-attachment":"scroll","background-type":"","background-media":"","overlay-type":"","overlay-color":"","overlay-opacity":"","overlay-gradient":""},"tablet":{"background-color":"var(--ast-global-color-5)","background-image":"","background-repeat":"repeat","background-position":"center center","background-size":"auto","background-attachment":"scroll","background-type":"","background-media":"","overlay-type":"","overlay-color":"","overlay-opacity":"","overlay-gradient":""},"mobile":{"background-color":"var(--ast-global-color-5)","background-image":"","background-repeat":"repeat","background-position":"center center","background-size":"auto","background-attachment":"scroll","background-type":"","background-media":"","overlay-type":"","overlay-color":"","overlay-opacity":"","overlay-gradient":""}},"footnotes":""},"class_list":["post-845","page","type-page","status-publish","hentry"],"post_mailing_queue_ids":[],"_links":{"self":[{"href":"https:\/\/agora.xtec.cat\/escolasantmartibcn\/wp-json\/wp\/v2\/pages\/845","targetHints":{"allow":["GET"]}}],"collection":[{"href":"https:\/\/agora.xtec.cat\/escolasantmartibcn\/wp-json\/wp\/v2\/pages"}],"about":[{"href":"https:\/\/agora.xtec.cat\/escolasantmartibcn\/wp-json\/wp\/v2\/types\/page"}],"author":[{"embeddable":true,"href":"https:\/\/agora.xtec.cat\/escolasantmartibcn\/wp-json\/wp\/v2\/users\/1"}],"replies":[{"embeddable":true,"href":"https:\/\/agora.xtec.cat\/escolasantmartibcn\/wp-json\/wp\/v2\/comments?post=845"}],"version-history":[{"count":4,"href":"https:\/\/agora.xtec.cat\/escolasantmartibcn\/wp-json\/wp\/v2\/pages\/845\/revisions"}],"predecessor-version":[{"id":1304,"href":"https:\/\/agora.xtec.cat\/escolasantmartibcn\/wp-json\/wp\/v2\/pages\/845\/revisions\/1304"}],"up":[{"embeddable":true,"href":"https:\/\/agora.xtec.cat\/escolasantmartibcn\/wp-json\/wp\/v2\/pages\/22"}],"wp:attachment":[{"href":"https:\/\/agora.xtec.cat\/escolasantmartibcn\/wp-json\/wp\/v2\/media?parent=845"}],"curies":[{"name":"wp","href":"https:\/\/api.w.org\/{rel}","templated":true}]}}