{"id":82,"date":"2014-09-18T14:10:51","date_gmt":"2014-09-18T12:10:51","guid":{"rendered":"http:\/\/agora.xtec.cat\/escolasantmartibcn\/?page_id=82"},"modified":"2024-02-11T20:15:02","modified_gmt":"2024-02-11T19:15:02","slug":"casals","status":"publish","type":"page","link":"https:\/\/agora.xtec.cat\/escolasantmartibcn\/serveis\/casals\/","title":{"rendered":"Casals"},"content":{"rendered":"<p><strong>Vacances, i ara qu\u00e8?<\/strong><\/p>\n<p><span style=\"font-weight: 400;\">El final del curs escolar \u00e9s un dia assenyalat al calendari de pares, mares, filles i fills.\u00a0 Uns, els fills i filles, estan contents per tenir pr\u00e0cticament 3 mesos de vacances. Els altres, els pares i mares, fa setmanes que tenen la preocupaci\u00f3 de saber qu\u00e8 faran els seus fills\/es durant l\u2019estiu.\u00a0<\/span><\/p>\n<p><span style=\"font-weight: 400;\">De setembre a juny les nostres criatures es passen gran part del dia a l\u2019escola. Alguns pares i mares ens posem les mans al cap davant la possibilitat que els nostres fills i filles es passin el dia tancats a casa mirant la televisi\u00f3 o jugant a la videoconsola i l\u2019ordinador durant les vacances d&#8217;estiu. Per aix\u00f2, molts optem per inscriure\u2019ls a casals, col\u00f2nies, esplais o campus.<\/span><\/p>\n<p><span style=\"font-weight: 400;\">\u00c9s important que durant l&#8217;estiu continuin tenint responsabilitats i obligacions en relaci\u00f3 a la seva edat. La responsabilitat i l\u2019autonomia s\u2019han de treballar tot l\u2019any. De la mateixa manera, tampoc deixar de banda el seu aprenentatge. Per aquest motiu, les escoles recomanen els quaderns d\u2019estiu. Tamb\u00e9 \u00e9s molt important que els pares segueixin estant ben presents, durant les vacances, tant a nivell acad\u00e8mic com personal.\u00a0<\/span><\/p>\n<p>Si esteu interessats\/des en inscriure al vostre fill\/a al casal d&#8217;estiu de l&#8217;escola, accediu al web de l&#8217;AFA.<\/p>\n<p><a href=\"https:\/\/ampaescolasantmarti.org\/\">https:\/\/ampaescolasantmarti.org\/<\/a><\/p>\n","protected":false},"excerpt":{"rendered":"<p>Vacances, i ara qu\u00e8? El final del curs escolar \u00e9s un dia assenyalat al calendari de pares, mares, filles i fills.\u00a0 Uns, els fills i filles, estan contents per tenir pr\u00e0cticament 3 mesos de vacances. Els altres, els pares i mares, fa setmanes que tenen la preocupaci\u00f3 de saber qu\u00e8 faran els seus fills\/es durant [&hellip;]<\/p>\n","protected":false},"author":1,"featured_media":0,"parent":66,"menu_order":50,"comment_status":"closed","ping_status":"closed","template":"page-templates\/side-menu.php","meta":{"_bbp_topic_count":0,"_bbp_reply_count":0,"_bbp_total_topic_count":0,"_bbp_total_reply_count":0,"_bbp_voice_count":0,"_bbp_anonymous_reply_count":0,"_bbp_topic_count_hidden":0,"_bbp_reply_count_hidden":0,"_bbp_forum_subforum_count":0,"site-sidebar-layout":"default","site-content-layout":"","ast-site-content-layout":"","site-content-style":"default","site-sidebar-style":"default","ast-global-header-display":"","ast-banner-title-visibility":"","ast-main-header-display":"","ast-hfb-above-header-display":"","ast-hfb-below-header-display":"","ast-hfb-mobile-header-display":"","site-post-title":"","ast-breadcrumbs-content":"","ast-featured-img":"","footer-sml-layout":"","theme-transparent-header-meta":"","adv-header-id-meta":"","stick-header-meta":"","header-above-stick-meta":"","header-main-stick-meta":"","header-below-stick-meta":"","astra-migrate-meta-layouts":"default","ast-page-background-enabled":"default","ast-page-background-meta":{"desktop":{"background-color":"var(--ast-global-color-4)","background-image":"","background-repeat":"repeat","background-position":"center center","background-size":"auto","background-attachment":"scroll","background-type":"","background-media":"","overlay-type":"","overlay-color":"","overlay-opacity":"","overlay-gradient":""},"tablet":{"background-color":"","background-image":"","background-repeat":"repeat","background-position":"center center","background-size":"auto","background-attachment":"scroll","background-type":"","background-media":"","overlay-type":"","overlay-color":"","overlay-opacity":"","overlay-gradient":""},"mobile":{"background-color":"","background-image":"","background-repeat":"repeat","background-position":"center center","background-size":"auto","background-attachment":"scroll","background-type":"","background-media":"","overlay-type":"","overlay-color":"","overlay-opacity":"","overlay-gradient":""}},"ast-content-background-meta":{"desktop":{"background-color":"var(--ast-global-color-5)","background-image":"","background-repeat":"repeat","background-position":"center center","background-size":"auto","background-attachment":"scroll","background-type":"","background-media":"","overlay-type":"","overlay-color":"","overlay-opacity":"","overlay-gradient":""},"tablet":{"background-color":"var(--ast-global-color-5)","background-image":"","background-repeat":"repeat","background-position":"center center","background-size":"auto","background-attachment":"scroll","background-type":"","background-media":"","overlay-type":"","overlay-color":"","overlay-opacity":"","overlay-gradient":""},"mobile":{"background-color":"var(--ast-global-color-5)","background-image":"","background-repeat":"repeat","background-position":"center center","background-size":"auto","background-attachment":"scroll","background-type":"","background-media":"","overlay-type":"","overlay-color":"","overlay-opacity":"","overlay-gradient":""}},"footnotes":""},"class_list":["post-82","page","type-page","status-publish","hentry"],"post_mailing_queue_ids":[],"_links":{"self":[{"href":"https:\/\/agora.xtec.cat\/escolasantmartibcn\/wp-json\/wp\/v2\/pages\/82","targetHints":{"allow":["GET"]}}],"collection":[{"href":"https:\/\/agora.xtec.cat\/escolasantmartibcn\/wp-json\/wp\/v2\/pages"}],"about":[{"href":"https:\/\/agora.xtec.cat\/escolasantmartibcn\/wp-json\/wp\/v2\/types\/page"}],"author":[{"embeddable":true,"href":"https:\/\/agora.xtec.cat\/escolasantmartibcn\/wp-json\/wp\/v2\/users\/1"}],"replies":[{"embeddable":true,"href":"https:\/\/agora.xtec.cat\/escolasantmartibcn\/wp-json\/wp\/v2\/comments?post=82"}],"version-history":[{"count":6,"href":"https:\/\/agora.xtec.cat\/escolasantmartibcn\/wp-json\/wp\/v2\/pages\/82\/revisions"}],"predecessor-version":[{"id":2056,"href":"https:\/\/agora.xtec.cat\/escolasantmartibcn\/wp-json\/wp\/v2\/pages\/82\/revisions\/2056"}],"up":[{"embeddable":true,"href":"https:\/\/agora.xtec.cat\/escolasantmartibcn\/wp-json\/wp\/v2\/pages\/66"}],"wp:attachment":[{"href":"https:\/\/agora.xtec.cat\/escolasantmartibcn\/wp-json\/wp\/v2\/media?parent=82"}],"curies":[{"name":"wp","href":"https:\/\/api.w.org\/{rel}","templated":true}]}}