{"id":28,"date":"2014-09-18T12:29:35","date_gmt":"2014-09-18T11:29:35","guid":{"rendered":"http:\/\/agora.xtec.cat\/escolasantmartibcn\/?page_id=28"},"modified":"2024-10-24T15:51:21","modified_gmt":"2024-10-24T13:51:21","slug":"consell-escolar","status":"publish","type":"page","link":"https:\/\/agora.xtec.cat\/escolasantmartibcn\/lescola\/consell-escolar\/","title":{"rendered":"Consell escolar"},"content":{"rendered":"<p align=\"JUSTIFY\">El consell escolar del centre \u00e9s l&#8217;\u00f2rgan col\u00b7legiat de participaci\u00f3 de la comunitat escolar en el govern del centre: direcci\u00f3, professorat, alumnat, personal d&#8217;administraci\u00f3 i serveis, etc.<br \/>\n<em>(Art, 126 i 127 LOE 2\/2006, de 3 de maig, amb la modificaci\u00f3 de la disposici\u00f3 final 5a de la mateixa Llei org\u00e0nica 3\/2020.<span style=\"font-family: inherit; font-size: 1em;\">)<\/span><\/em><\/p>\n<p align=\"JUSTIFY\">1. El consell escolar dels centres p\u00fablics el componen els membres seg\u00fcents:<\/p>\n<p><em>a<\/em>) El director del centre, que n\u2019\u00e9s el president.<\/p>\n<p><em>b<\/em>) El cap d\u2019estudis.<\/p>\n<p><em>c<\/em>) Un regidor o representant de l\u2019Ajuntament en el terme municipal del qual hi ha el centre.<\/p>\n<p><em>d<\/em>) Un nombre de professors i professores que no pot ser inferior a un ter\u00e7 del total dels components del Consell, escollits pel claustre i en representaci\u00f3 d&#8217;aquest.<\/p>\n<p><em>e<\/em>) Un nombre de pares i d\u2019alumnes, elegits respectivament per ells i entre ells, que no pot ser inferior a un ter\u00e7 del total dels components del Consell.<\/p>\n<p><em>f<\/em>) Un representant del personal d\u2019administraci\u00f3 i serveis del centre.<\/p>\n<p><em>g<\/em>) El secretari del centre, que actua com a secretari del consell, amb veu i sense vot.<\/p>\n<p>2. Una vegada constitu\u00eft el consell escolar del centre, aquest ha de designar una persona que impulsi mesures educatives que fomentin la igualtat real i efectiva entre homes i dones.<\/p>\n<p>3. Un dels representants dels pares en el consell escolar \u00e9s designat per l\u2019associaci\u00f3 de pares m\u00e9s representativa del centre, d\u2019acord amb el procediment que estableixin les administracions educatives.<\/p>\n<p>6. Correspon a les administracions educatives determinar el nombre total de membres del consell escolar i regular el proc\u00e9s d\u2019elecci\u00f3.<\/p>\n<p>9. Sense perjudici de les compet\u00e8ncies del claustre de professorat en relaci\u00f3 amb la planificaci\u00f3 i organitzaci\u00f3 docent, les decisions que adopti el consell escolar s&#8217;han d&#8217;aprovar preferiblement per consens. Per als casos en qu\u00e8 no sigui possible assolir aquest consens, les administracions educatives han de regular les majories necess\u00e0ries perqu\u00e8 el consell escolar adopti decisions, alhora que han de determinar la necessitat d&#8217;aprovaci\u00f3 per majoria qualificada d&#8217;aquelles decisions amb una incid\u00e8ncia especial en la comunitat educativa.<\/p>\n<p><strong>Compet\u00e8ncies dels membres del consell:<\/strong><\/p>\n<ul>\n<li>Participar en l\u2019aprovaci\u00f3 del projecte educatiu i les seves modificacions.<\/li>\n<li>Participar en l\u2019aprovaci\u00f3 de la programaci\u00f3 general anual, de les normes de funcionament i de la gesti\u00f3 econ\u00f2mica del centre.<\/li>\n<li>Avaluar l\u2019aplicaci\u00f3 del projecte educatiu i de les seves modificacions aix\u00ed com de la resta de documents de gesti\u00f3 del centre.<\/li>\n<li>Aprovar les propostes d\u2019acords de coresponsabilitat, convenis i altres acords de col\u00b7laboraci\u00f3 del centre amb entitats i institucions.<\/li>\n<li>Intervenir en el procediment d\u2019admissi\u00f3 dels alumnes.<\/li>\n<li>Participar en el procediment de selecci\u00f3 i en la proposta de cessament del director o directora.<\/li>\n<li>Intervenir en la resoluci\u00f3 de conflictes i, si s\u2019escau, revisar les sancions als alumnes.<\/li>\n<li>Aprovar les directrius per a la programaci\u00f3 d\u2019activitats escolars complement\u00e0ries i d\u2019activitats extraescolars, i avaluar-ne el desenvolupament.<\/li>\n<li>Participar en les an\u00e0lisis i les avaluacions del funcionament general del centre i con\u00e8ixer l\u2019evoluci\u00f3 del rendiment escolar.<\/li>\n<li>Aprovar els criteris de col\u00b7laboraci\u00f3 amb els centres i amb l\u2019entorn.<\/li>\n<li>Qualsevol altra que li sigui atribu\u00efda per les normes legals o complement\u00e0ries.<\/li>\n<\/ul>\n<p>M\u00e9s informaci\u00f3:<\/p>\n<p><a href=\"https:\/\/educacio.gencat.cat\/ca\/arees-actuacio\/centres-serveis-educatius\/centres\/consells-escolars-centres\/\">https:\/\/educacio.gencat.cat\/ca\/arees-actuacio\/centres-serveis-educatius\/centres\/consells-escolars-centres\/<\/a><\/p>\n","protected":false},"excerpt":{"rendered":"<p>El consell escolar del centre \u00e9s l&#8217;\u00f2rgan col\u00b7legiat de participaci\u00f3 de la comunitat escolar en el govern del centre: direcci\u00f3, professorat, alumnat, personal d&#8217;administraci\u00f3 i serveis, etc. (Art, 126 i 127 LOE 2\/2006, de 3 de maig, amb la modificaci\u00f3 de la disposici\u00f3 final 5a de la mateixa Llei org\u00e0nica 3\/2020.) 1. El consell escolar [&hellip;]<\/p>\n","protected":false},"author":1,"featured_media":0,"parent":22,"menu_order":30,"comment_status":"closed","ping_status":"closed","template":"page-templates\/side-menu.php","meta":{"_bbp_topic_count":0,"_bbp_reply_count":0,"_bbp_total_topic_count":0,"_bbp_total_reply_count":0,"_bbp_voice_count":0,"_bbp_anonymous_reply_count":0,"_bbp_topic_count_hidden":0,"_bbp_reply_count_hidden":0,"_bbp_forum_subforum_count":0,"site-sidebar-layout":"default","site-content-layout":"","ast-site-content-layout":"","site-content-style":"default","site-sidebar-style":"default","ast-global-header-display":"","ast-banner-title-visibility":"","ast-main-header-display":"","ast-hfb-above-header-display":"","ast-hfb-below-header-display":"","ast-hfb-mobile-header-display":"","site-post-title":"","ast-breadcrumbs-content":"","ast-featured-img":"","footer-sml-layout":"","theme-transparent-header-meta":"","adv-header-id-meta":"","stick-header-meta":"","header-above-stick-meta":"","header-main-stick-meta":"","header-below-stick-meta":"","astra-migrate-meta-layouts":"default","ast-page-background-enabled":"default","ast-page-background-meta":{"desktop":{"background-color":"var(--ast-global-color-4)","background-image":"","background-repeat":"repeat","background-position":"center center","background-size":"auto","background-attachment":"scroll","background-type":"","background-media":"","overlay-type":"","overlay-color":"","overlay-opacity":"","overlay-gradient":""},"tablet":{"background-color":"","background-image":"","background-repeat":"repeat","background-position":"center center","background-size":"auto","background-attachment":"scroll","background-type":"","background-media":"","overlay-type":"","overlay-color":"","overlay-opacity":"","overlay-gradient":""},"mobile":{"background-color":"","background-image":"","background-repeat":"repeat","background-position":"center center","background-size":"auto","background-attachment":"scroll","background-type":"","background-media":"","overlay-type":"","overlay-color":"","overlay-opacity":"","overlay-gradient":""}},"ast-content-background-meta":{"desktop":{"background-color":"var(--ast-global-color-5)","background-image":"","background-repeat":"repeat","background-position":"center center","background-size":"auto","background-attachment":"scroll","background-type":"","background-media":"","overlay-type":"","overlay-color":"","overlay-opacity":"","overlay-gradient":""},"tablet":{"background-color":"var(--ast-global-color-5)","background-image":"","background-repeat":"repeat","background-position":"center center","background-size":"auto","background-attachment":"scroll","background-type":"","background-media":"","overlay-type":"","overlay-color":"","overlay-opacity":"","overlay-gradient":""},"mobile":{"background-color":"var(--ast-global-color-5)","background-image":"","background-repeat":"repeat","background-position":"center center","background-size":"auto","background-attachment":"scroll","background-type":"","background-media":"","overlay-type":"","overlay-color":"","overlay-opacity":"","overlay-gradient":""}},"footnotes":""},"class_list":["post-28","page","type-page","status-publish","hentry"],"post_mailing_queue_ids":[],"_links":{"self":[{"href":"https:\/\/agora.xtec.cat\/escolasantmartibcn\/wp-json\/wp\/v2\/pages\/28","targetHints":{"allow":["GET"]}}],"collection":[{"href":"https:\/\/agora.xtec.cat\/escolasantmartibcn\/wp-json\/wp\/v2\/pages"}],"about":[{"href":"https:\/\/agora.xtec.cat\/escolasantmartibcn\/wp-json\/wp\/v2\/types\/page"}],"author":[{"embeddable":true,"href":"https:\/\/agora.xtec.cat\/escolasantmartibcn\/wp-json\/wp\/v2\/users\/1"}],"replies":[{"embeddable":true,"href":"https:\/\/agora.xtec.cat\/escolasantmartibcn\/wp-json\/wp\/v2\/comments?post=28"}],"version-history":[{"count":4,"href":"https:\/\/agora.xtec.cat\/escolasantmartibcn\/wp-json\/wp\/v2\/pages\/28\/revisions"}],"predecessor-version":[{"id":2850,"href":"https:\/\/agora.xtec.cat\/escolasantmartibcn\/wp-json\/wp\/v2\/pages\/28\/revisions\/2850"}],"up":[{"embeddable":true,"href":"https:\/\/agora.xtec.cat\/escolasantmartibcn\/wp-json\/wp\/v2\/pages\/22"}],"wp:attachment":[{"href":"https:\/\/agora.xtec.cat\/escolasantmartibcn\/wp-json\/wp\/v2\/media?parent=28"}],"curies":[{"name":"wp","href":"https:\/\/api.w.org\/{rel}","templated":true}]}}