{"id":2314,"date":"2024-03-15T10:59:26","date_gmt":"2024-03-15T09:59:26","guid":{"rendered":"https:\/\/agora.xtec.cat\/escolasantmartibcn\/?page_id=2314"},"modified":"2024-05-21T17:30:19","modified_gmt":"2024-05-21T15:30:19","slug":"cultura-digital","status":"publish","type":"page","link":"https:\/\/agora.xtec.cat\/escolasantmartibcn\/com-som\/documents-de-centre\/estrategia-digital-de-centre\/cultura-digital\/","title":{"rendered":"Cultura Digital"},"content":{"rendered":"<div class=\"oKdM2c ZZyype Kzv0Me\">\n<div id=\"h.2ea78a08333fc805_0\" class=\"hJDwNd-AhqUyc-uQSCkd Ft7HRd-AhqUyc-uQSCkd jXK9ad D2fZ2 zu5uec OjCsFc dmUFtb\">\n<div class=\"jXK9ad-SmKAyb\">\n<div class=\"tyJCtd mGzaTb Depvyb baZpAe\">\n<p class=\"zfr3Q CDt4Ke \" dir=\"ltr\"><span class=\"C9DxTc \">En aquest apartat es recullen tots els <strong>documents<\/strong> i <strong>protocols<\/strong> del centre que conformen l\u2019EDC i esdevenen la refer\u00e8ncia en l\u2019\u00e0mbit de tecnologies digitals. Per tant, \u00e9s important que aquest conjunt de documents tamb\u00e9 recullin la gesti\u00f3 di\u00e0ria de l\u2019organitzaci\u00f3 digital del centre i d&#8217;aquesta<\/span><span class=\"C9DxTc \" style=\"font-family: inherit; font-size: 1em;\">\u00a0manera, es pot tenir una visi\u00f3 completa de l\u2019assoliment d\u2019aquesta cultura pel que fa a centre.<\/span><span class=\"C9DxTc \" style=\"font-family: inherit; font-size: 1em;\">\u00a0<\/span><\/p>\n<\/div>\n<\/div>\n<\/div>\n<\/div>\n<div class=\"oKdM2c ZZyype\">\n<div id=\"h.2ea78a08333fc805_3\" class=\"hJDwNd-AhqUyc-uQSCkd Ft7HRd-AhqUyc-uQSCkd jXK9ad D2fZ2 zu5uec wHaque g5GTcb\">\n<div class=\"jXK9ad-SmKAyb\">\n<div class=\"tyJCtd mGzaTb Depvyb baZpAe\">\n<p class=\"zfr3Q CDt4Ke \" dir=\"ltr\"><span class=\"C9DxTc \">En aquesta part de cultura digital de l\u2019EDC s\u2019hi inclouen refer\u00e8ncies a les <strong>NOFC<\/strong>, el <strong>PEC<\/strong>, el <strong>Projecte de Direcci\u00f3<\/strong>, els <strong>Acords<\/strong> de Claustre o de Consell Escolar, <strong>plans espec\u00edfics<\/strong> dissenyats per millorar aspectes concrets, <strong>protocols<\/strong> a seguir per la gesti\u00f3 dels serveis, <strong>autoritzacions<\/strong> que les fam\u00edlies han de signar, descripcions dels serveis que s\u2019utilitzen al centre, etc<\/span><span style=\"font-family: inherit; font-size: 1em;\">.<\/span><\/p>\n<\/div>\n<table style=\"width: 100%; border-collapse: collapse; background-color: #40c3c4;\">\n<tbody>\n<tr>\n<td style=\"width: 100%;\">\n<h3><span style=\"color: #ffffff;\">Documentaci\u00f3 b\u00e0sica<\/span><\/h3>\n<\/td>\n<\/tr>\n<\/tbody>\n<\/table>\n<p class=\"zfr3Q CDt4Ke \" dir=\"ltr\"><span class=\"C9DxTc \"> La Cultura digital apareix en pr\u00e0cticament tots els documents b\u00e0sics del centre. A continuaci\u00f3 es remarquen els aspectes m\u00e9s importants de cadascun un d&#8217;ells.\u00a0<\/span><\/p>\n<p dir=\"ltr\"><div class=\"h5p-iframe-wrapper\"><iframe id=\"h5p-iframe-1\" class=\"h5p-iframe\" data-content-id=\"1\" style=\"height:1px\" src=\"about:blank\" frameBorder=\"0\" scrolling=\"no\" title=\"Cultura Digital 1\"><\/iframe><\/div><\/p>\n<table style=\"width: 100%; border-collapse: collapse; background-color: #40c3c4;\">\n<tbody>\n<tr>\n<td style=\"width: 100%;\">\n<h3><span style=\"color: #ffffff;\">Acollida digital<\/span><\/h3>\n<\/td>\n<\/tr>\n<\/tbody>\n<\/table>\n<p>En comen\u00e7ar un nou curs escolar, davant l&#8217;arribada de <strong>docents<\/strong> nous al nostre centre, farem una acollida per explicar-los les normes de funcionament i organitzaci\u00f3 interna, a m\u00e9s dels pilars de la nostra l\u00ednia metodol\u00f2gica de treball i bases pedag\u00f2giques. A m\u00e9s es far\u00e0 un acolliment digital per mostrar la nostra organitzaci\u00f3.<\/p>\n<p>A les primeres reunions individuals de tutoria o en les sessions de presentaci\u00f3 col\u00b7lectiva d&#8217;inici del curs, proporcionem a les <strong>fam\u00edlies<\/strong> d&#8217;<strong>alumnes<\/strong> informaci\u00f3 rellevant sobre la integraci\u00f3 digital dels seus fills i filles al nostre centre.<\/p>\n<div class=\"h5p-iframe-wrapper\"><iframe id=\"h5p-iframe-2\" class=\"h5p-iframe\" data-content-id=\"2\" style=\"height:1px\" src=\"about:blank\" frameBorder=\"0\" scrolling=\"no\" title=\"Cultura Digital 2\"><\/iframe><\/div>\n<table style=\"width: 100%; border-collapse: collapse; background-color: #40c3c4;\">\n<tbody>\n<tr>\n<td style=\"width: 100%;\">\n<h3><span style=\"color: #ffffff;\">Comunicaci\u00f3<\/span><\/h3>\n<\/td>\n<\/tr>\n<\/tbody>\n<\/table>\n<p>En aquest apartat expliquem els canals de comunicaci\u00f3 de l&#8217;escola i el correu amb el qual les fam\u00edlies es poden comunicar amb els mestres i tutors.<\/p>\n<div class=\"h5p-iframe-wrapper\"><iframe id=\"h5p-iframe-3\" class=\"h5p-iframe\" data-content-id=\"3\" style=\"height:1px\" src=\"about:blank\" frameBorder=\"0\" scrolling=\"no\" title=\"Cultura Digital 3\"><\/iframe><\/div>\n<table style=\"width: 100%; border-collapse: collapse; background-color: #40c3c4;\">\n<tbody>\n<tr>\n<td style=\"width: 100%;\">\n<h3><span style=\"color: #ffffff;\">Compet\u00e8ncia digital de l&#8217;alumnat<\/span><\/h3>\n<\/td>\n<\/tr>\n<\/tbody>\n<\/table>\n<p>L&#8217;<strong>Educaci\u00f3 Digital Competent<\/strong> (EDC) emergeix com un pilar essencial en la formaci\u00f3 dels nostres alumnes en el marc actual, marcat pel progressiu avan\u00e7 tecnol\u00f2gic i el creixent de la digitalitzaci\u00f3. Al nostre centre, reconeixem la vital import\u00e0ncia de <strong>desenvolupar compet\u00e8ncies digitals<\/strong> en els nostres alumnes per preparar-los de manera integral i significativa per al seu futur personal, acad\u00e8mic i d&#8217;autonomia social i ciutadana.<\/p>\n<p>Els m\u00e8todes pedag\u00f2gics incorporaran l&#8217;<strong>experimentaci\u00f3<\/strong> i les <strong>noves tecnologies<\/strong>, atorgant una gran rellev\u00e0ncia a l&#8217;assoliment dels procediments de treball que permetran als alumnes ser protagonistes principals del seu propi proc\u00e9s d&#8217;aprenentatge, adaptant-se a les seves necessitats i ritmes, <span class=\"C9DxTc \"><strong>fent un \u00fas globalitzat i transversal a trav\u00e9s dels Teixits i dels Escenaris d&#8217;aprenentatge<\/strong>.<\/span><\/p>\n<\/div>\n<\/div>\n<p class=\"zfr3Q CDt4Ke \" dir=\"ltr\"><span class=\"C9DxTc \">Disposem de\u00a0<\/span><span class=\"C9DxTc \">material digital<\/span><span class=\"C9DxTc \"> com ordinadors, port\u00e0tils, tauletes, i diferents eines de programaci\u00f3 per a tots els nivells (Lego We do, Bee-Bots, etc.). Aquest material ens permet fer un pas endavant per tal de millorar la compet\u00e8ncia digital de l&#8217;alumnat i el professorat dins i fora de l&#8217;aula per crear persones competents en el m\u00f3n global i canviant en el qual vivim. D&#8217;aquesta manera, preparem als nostres alumnes perqu\u00e8 puguin desenvolupar un pensament cr\u00edtic davant les noves tecnologies (xarxes socials, aplicacions m\u00f2bils, gesti\u00f3 de dades personals\u2026).<\/span><\/p>\n<div id=\"h.2ea78a08333fc805_3\" class=\"hJDwNd-AhqUyc-uQSCkd Ft7HRd-AhqUyc-uQSCkd jXK9ad D2fZ2 zu5uec wHaque g5GTcb\">\n<div class=\"jXK9ad-SmKAyb\">\n<div class=\"h5p-iframe-wrapper\"><iframe id=\"h5p-iframe-4\" class=\"h5p-iframe\" data-content-id=\"4\" style=\"height:1px\" src=\"about:blank\" frameBorder=\"0\" scrolling=\"no\" title=\"Cultura Digital 4\"><\/iframe><\/div>\n<\/div>\n<\/div>\n<\/div>\n","protected":false},"excerpt":{"rendered":"<p>En aquest apartat es recullen tots els documents i protocols del centre que conformen l\u2019EDC i esdevenen la refer\u00e8ncia en l\u2019\u00e0mbit de tecnologies digitals. Per tant, \u00e9s important que aquest conjunt de documents tamb\u00e9 recullin la gesti\u00f3 di\u00e0ria de l\u2019organitzaci\u00f3 digital del centre i d&#8217;aquesta\u00a0manera, es pot tenir una visi\u00f3 completa de l\u2019assoliment d\u2019aquesta cultura [&hellip;]<\/p>\n","protected":false},"author":1,"featured_media":0,"parent":826,"menu_order":0,"comment_status":"closed","ping_status":"closed","template":"","meta":{"_bbp_topic_count":0,"_bbp_reply_count":0,"_bbp_total_topic_count":0,"_bbp_total_reply_count":0,"_bbp_voice_count":0,"_bbp_anonymous_reply_count":0,"_bbp_topic_count_hidden":0,"_bbp_reply_count_hidden":0,"_bbp_forum_subforum_count":0,"site-sidebar-layout":"default","site-content-layout":"","ast-site-content-layout":"","site-content-style":"default","site-sidebar-style":"default","ast-global-header-display":"","ast-banner-title-visibility":"","ast-main-header-display":"","ast-hfb-above-header-display":"","ast-hfb-below-header-display":"","ast-hfb-mobile-header-display":"","site-post-title":"","ast-breadcrumbs-content":"","ast-featured-img":"","footer-sml-layout":"","theme-transparent-header-meta":"","adv-header-id-meta":"","stick-header-meta":"","header-above-stick-meta":"","header-main-stick-meta":"","header-below-stick-meta":"","astra-migrate-meta-layouts":"default","ast-page-background-enabled":"default","ast-page-background-meta":{"desktop":{"background-color":"var(--ast-global-color-4)","background-image":"","background-repeat":"repeat","background-position":"center center","background-size":"auto","background-attachment":"scroll","background-type":"","background-media":"","overlay-type":"","overlay-color":"","overlay-opacity":"","overlay-gradient":""},"tablet":{"background-color":"","background-image":"","background-repeat":"repeat","background-position":"center center","background-size":"auto","background-attachment":"scroll","background-type":"","background-media":"","overlay-type":"","overlay-color":"","overlay-opacity":"","overlay-gradient":""},"mobile":{"background-color":"","background-image":"","background-repeat":"repeat","background-position":"center center","background-size":"auto","background-attachment":"scroll","background-type":"","background-media":"","overlay-type":"","overlay-color":"","overlay-opacity":"","overlay-gradient":""}},"ast-content-background-meta":{"desktop":{"background-color":"var(--ast-global-color-5)","background-image":"","background-repeat":"repeat","background-position":"center center","background-size":"auto","background-attachment":"scroll","background-type":"","background-media":"","overlay-type":"","overlay-color":"","overlay-opacity":"","overlay-gradient":""},"tablet":{"background-color":"var(--ast-global-color-5)","background-image":"","background-repeat":"repeat","background-position":"center center","background-size":"auto","background-attachment":"scroll","background-type":"","background-media":"","overlay-type":"","overlay-color":"","overlay-opacity":"","overlay-gradient":""},"mobile":{"background-color":"var(--ast-global-color-5)","background-image":"","background-repeat":"repeat","background-position":"center center","background-size":"auto","background-attachment":"scroll","background-type":"","background-media":"","overlay-type":"","overlay-color":"","overlay-opacity":"","overlay-gradient":""}},"footnotes":""},"class_list":["post-2314","page","type-page","status-publish","hentry"],"post_mailing_queue_ids":[],"_links":{"self":[{"href":"https:\/\/agora.xtec.cat\/escolasantmartibcn\/wp-json\/wp\/v2\/pages\/2314","targetHints":{"allow":["GET"]}}],"collection":[{"href":"https:\/\/agora.xtec.cat\/escolasantmartibcn\/wp-json\/wp\/v2\/pages"}],"about":[{"href":"https:\/\/agora.xtec.cat\/escolasantmartibcn\/wp-json\/wp\/v2\/types\/page"}],"author":[{"embeddable":true,"href":"https:\/\/agora.xtec.cat\/escolasantmartibcn\/wp-json\/wp\/v2\/users\/1"}],"replies":[{"embeddable":true,"href":"https:\/\/agora.xtec.cat\/escolasantmartibcn\/wp-json\/wp\/v2\/comments?post=2314"}],"version-history":[{"count":5,"href":"https:\/\/agora.xtec.cat\/escolasantmartibcn\/wp-json\/wp\/v2\/pages\/2314\/revisions"}],"predecessor-version":[{"id":4304,"href":"https:\/\/agora.xtec.cat\/escolasantmartibcn\/wp-json\/wp\/v2\/pages\/2314\/revisions\/4304"}],"up":[{"embeddable":true,"href":"https:\/\/agora.xtec.cat\/escolasantmartibcn\/wp-json\/wp\/v2\/pages\/826"}],"wp:attachment":[{"href":"https:\/\/agora.xtec.cat\/escolasantmartibcn\/wp-json\/wp\/v2\/media?parent=2314"}],"curies":[{"name":"wp","href":"https:\/\/api.w.org\/{rel}","templated":true}]}}