{"id":1643,"date":"2024-01-29T00:17:32","date_gmt":"2024-01-28T23:17:32","guid":{"rendered":"https:\/\/agora.xtec.cat\/escolasantmartibcn\/?page_id=1643"},"modified":"2024-01-29T00:37:21","modified_gmt":"2024-01-28T23:37:21","slug":"som-escola-ulae-usos-linguistics-en-lambit-educatiu","status":"publish","type":"page","link":"https:\/\/agora.xtec.cat\/escolasantmartibcn\/com-som\/som-escola-ulae-usos-linguistics-en-lambit-educatiu\/","title":{"rendered":"Escola ULAE (Usos ling\u00fc\u00edstics en l&#8217;\u00e0mbit educatiu)"},"content":{"rendered":"<p><a href=\"https:\/\/serveiseducatius.xtec.cat\/baixemporda\/general\/ulae-usos-linguistics-en-ambit-educatiu\/\">https:\/\/serveiseducatius.xtec.cat\/baixemporda\/general\/ulae-usos-linguistics-en-ambit-educatiu\/<\/a><\/p>\n<p>&nbsp;<\/p>\n<p>Aquest curs 2023-2024, un grup impulsor de docents de l&#8217;escola ha fet el <strong>taller de sensibilitzaci\u00f3 ULAE<\/strong> que t\u00e9 com\u00a0 a objectiu <strong>proporcionar eines per millorar la gesti\u00f3 de la diversitat ling\u00fc\u00edstica en els centres educatius<\/strong>\u00a0i\u00a0<strong>incentivar l\u2019aprenentatge i l\u2019\u00fas del catal\u00e0 a l\u2019escola<\/strong>\u00a0com un valor d\u2019enriquiment compartit.<\/p>\n<p>Els\u00a0<strong>objectius del taller<\/strong> han estat:<\/p>\n<ol>\n<li>Reflexionar sobre l\u2019\u00fas del catal\u00e0 al centres educatiu, i al seu entorn, com a llengua de cohesi\u00f3 social.<\/li>\n<li>Compartir la metodologia de l\u2019ensenyament i aprenentatge del catal\u00e0, especialment en aquells contextos en qu\u00e8 el catal\u00e0 no \u00e9s la L1 de l\u2019alumnat.<\/li>\n<li>Reflexionar sobre la conveni\u00e8ncia d\u2019aplicar metodologies de tractament integrat de llengua i continguts als \u00e0mbits curriculars no ling\u00fc\u00edstics, per proporcionar espais d\u2019\u00fas del catal\u00e0 i per garantir l\u2019aprenentatge del llenguatge acad\u00e8mic de les diferents \u00e0rees i mat\u00e8ries.<\/li>\n<li>Posar les bases per incorporar en el centre els primers acords derivats de la reflexi\u00f3\u00a0que generi aquest taller.<\/li>\n<\/ol>\n","protected":false},"excerpt":{"rendered":"<p>https:\/\/serveiseducatius.xtec.cat\/baixemporda\/general\/ulae-usos-linguistics-en-ambit-educatiu\/ &nbsp; Aquest curs 2023-2024, un grup impulsor de docents de l&#8217;escola ha fet el taller de sensibilitzaci\u00f3 ULAE que t\u00e9 com\u00a0 a objectiu proporcionar eines per millorar la gesti\u00f3 de la diversitat ling\u00fc\u00edstica en els centres educatius\u00a0i\u00a0incentivar l\u2019aprenentatge i l\u2019\u00fas del catal\u00e0 a l\u2019escola\u00a0com un valor d\u2019enriquiment compartit. Els\u00a0objectius del taller han estat: Reflexionar [&hellip;]<\/p>\n","protected":false},"author":1,"featured_media":0,"parent":1234,"menu_order":0,"comment_status":"closed","ping_status":"closed","template":"page-templates\/side-menu.php","meta":{"_bbp_topic_count":0,"_bbp_reply_count":0,"_bbp_total_topic_count":0,"_bbp_total_reply_count":0,"_bbp_voice_count":0,"_bbp_anonymous_reply_count":0,"_bbp_topic_count_hidden":0,"_bbp_reply_count_hidden":0,"_bbp_forum_subforum_count":0,"site-sidebar-layout":"default","site-content-layout":"","ast-site-content-layout":"","site-content-style":"default","site-sidebar-style":"default","ast-global-header-display":"","ast-banner-title-visibility":"","ast-main-header-display":"","ast-hfb-above-header-display":"","ast-hfb-below-header-display":"","ast-hfb-mobile-header-display":"","site-post-title":"","ast-breadcrumbs-content":"","ast-featured-img":"","footer-sml-layout":"","theme-transparent-header-meta":"","adv-header-id-meta":"","stick-header-meta":"","header-above-stick-meta":"","header-main-stick-meta":"","header-below-stick-meta":"","astra-migrate-meta-layouts":"default","ast-page-background-enabled":"default","ast-page-background-meta":{"desktop":{"background-color":"var(--ast-global-color-4)","background-image":"","background-repeat":"repeat","background-position":"center center","background-size":"auto","background-attachment":"scroll","background-type":"","background-media":"","overlay-type":"","overlay-color":"","overlay-opacity":"","overlay-gradient":""},"tablet":{"background-color":"","background-image":"","background-repeat":"repeat","background-position":"center center","background-size":"auto","background-attachment":"scroll","background-type":"","background-media":"","overlay-type":"","overlay-color":"","overlay-opacity":"","overlay-gradient":""},"mobile":{"background-color":"","background-image":"","background-repeat":"repeat","background-position":"center center","background-size":"auto","background-attachment":"scroll","background-type":"","background-media":"","overlay-type":"","overlay-color":"","overlay-opacity":"","overlay-gradient":""}},"ast-content-background-meta":{"desktop":{"background-color":"var(--ast-global-color-5)","background-image":"","background-repeat":"repeat","background-position":"center center","background-size":"auto","background-attachment":"scroll","background-type":"","background-media":"","overlay-type":"","overlay-color":"","overlay-opacity":"","overlay-gradient":""},"tablet":{"background-color":"var(--ast-global-color-5)","background-image":"","background-repeat":"repeat","background-position":"center center","background-size":"auto","background-attachment":"scroll","background-type":"","background-media":"","overlay-type":"","overlay-color":"","overlay-opacity":"","overlay-gradient":""},"mobile":{"background-color":"var(--ast-global-color-5)","background-image":"","background-repeat":"repeat","background-position":"center center","background-size":"auto","background-attachment":"scroll","background-type":"","background-media":"","overlay-type":"","overlay-color":"","overlay-opacity":"","overlay-gradient":""}},"footnotes":""},"class_list":["post-1643","page","type-page","status-publish","hentry"],"post_mailing_queue_ids":[],"_links":{"self":[{"href":"https:\/\/agora.xtec.cat\/escolasantmartibcn\/wp-json\/wp\/v2\/pages\/1643","targetHints":{"allow":["GET"]}}],"collection":[{"href":"https:\/\/agora.xtec.cat\/escolasantmartibcn\/wp-json\/wp\/v2\/pages"}],"about":[{"href":"https:\/\/agora.xtec.cat\/escolasantmartibcn\/wp-json\/wp\/v2\/types\/page"}],"author":[{"embeddable":true,"href":"https:\/\/agora.xtec.cat\/escolasantmartibcn\/wp-json\/wp\/v2\/users\/1"}],"replies":[{"embeddable":true,"href":"https:\/\/agora.xtec.cat\/escolasantmartibcn\/wp-json\/wp\/v2\/comments?post=1643"}],"version-history":[{"count":4,"href":"https:\/\/agora.xtec.cat\/escolasantmartibcn\/wp-json\/wp\/v2\/pages\/1643\/revisions"}],"predecessor-version":[{"id":1650,"href":"https:\/\/agora.xtec.cat\/escolasantmartibcn\/wp-json\/wp\/v2\/pages\/1643\/revisions\/1650"}],"up":[{"embeddable":true,"href":"https:\/\/agora.xtec.cat\/escolasantmartibcn\/wp-json\/wp\/v2\/pages\/1234"}],"wp:attachment":[{"href":"https:\/\/agora.xtec.cat\/escolasantmartibcn\/wp-json\/wp\/v2\/media?parent=1643"}],"curies":[{"name":"wp","href":"https:\/\/api.w.org\/{rel}","templated":true}]}}