{"id":1557,"date":"2024-01-26T09:21:18","date_gmt":"2024-01-26T08:21:18","guid":{"rendered":"https:\/\/agora.xtec.cat\/escolasantmartibcn\/?page_id=1557"},"modified":"2025-03-12T18:44:25","modified_gmt":"2025-03-12T17:44:25","slug":"digitalitzacio-del-centre","status":"publish","type":"page","link":"https:\/\/agora.xtec.cat\/escolasantmartibcn\/organitzacio\/normativa\/digitalitzacio-del-centre\/","title":{"rendered":"Digitalitzaci\u00f3 del centre"},"content":{"rendered":"<p>A l&#8217;escola <strong>no est\u00e0 perm\u00e8s l&#8217;\u00fas de tel\u00e8fons m\u00f2bils<\/strong> <strong>ni d&#8217;altres dispositius<\/strong> (rellotges digitals, aparells de m\u00fasica, c\u00e0meres\u2026) a l&#8217;alumnat. L&#8217;escola ha de vetllar per posar a disposici\u00f3 de l&#8217;alumnat els dispositius tecnol\u00f2gics que siguin necessaris per assolir la compet\u00e8ncia digital en l&#8217;aplicaci\u00f3 de les situacions d&#8217;aprenentatge que aix\u00ed ho requereixin.<\/p>\n<p>Aquesta indicaci\u00f3 es fa extensiva tant a l&#8217;horari lectiu com a l&#8217;horari no lectiu i afecta, per tant, les estones de benvinguda del mat\u00ed abans d&#8217;iniciar les classes, les estones de la pausa al migdia als espais de menjador i en altres espais que el centre utilitzi, i les activitats extraescolars i complement\u00e0ries en qu\u00e8 participin alumnes d&#8217;educaci\u00f3 infantil i prim\u00e0ria.<\/p>\n<p>L\u2019escola no es fa responsable de cap aparell i \/o dispositiu electr\u00f2nic que els\/les alumnes portin.<\/p>\n","protected":false},"excerpt":{"rendered":"<p>A l&#8217;escola no est\u00e0 perm\u00e8s l&#8217;\u00fas de tel\u00e8fons m\u00f2bils ni d&#8217;altres dispositius (rellotges digitals, aparells de m\u00fasica, c\u00e0meres\u2026) a l&#8217;alumnat. L&#8217;escola ha de vetllar per posar a disposici\u00f3 de l&#8217;alumnat els dispositius tecnol\u00f2gics que siguin necessaris per assolir la compet\u00e8ncia digital en l&#8217;aplicaci\u00f3 de les situacions d&#8217;aprenentatge que aix\u00ed ho requereixin. Aquesta indicaci\u00f3 es fa [&hellip;]<\/p>\n","protected":false},"author":1,"featured_media":0,"parent":1006,"menu_order":0,"comment_status":"closed","ping_status":"closed","template":"page-templates\/side-menu.php","meta":{"_bbp_topic_count":0,"_bbp_reply_count":0,"_bbp_total_topic_count":0,"_bbp_total_reply_count":0,"_bbp_voice_count":0,"_bbp_anonymous_reply_count":0,"_bbp_topic_count_hidden":0,"_bbp_reply_count_hidden":0,"_bbp_forum_subforum_count":0,"site-sidebar-layout":"default","site-content-layout":"","ast-site-content-layout":"","site-content-style":"default","site-sidebar-style":"default","ast-global-header-display":"","ast-banner-title-visibility":"","ast-main-header-display":"","ast-hfb-above-header-display":"","ast-hfb-below-header-display":"","ast-hfb-mobile-header-display":"","site-post-title":"","ast-breadcrumbs-content":"","ast-featured-img":"","footer-sml-layout":"","theme-transparent-header-meta":"","adv-header-id-meta":"","stick-header-meta":"","header-above-stick-meta":"","header-main-stick-meta":"","header-below-stick-meta":"","astra-migrate-meta-layouts":"default","ast-page-background-enabled":"default","ast-page-background-meta":{"desktop":{"background-color":"var(--ast-global-color-4)","background-image":"","background-repeat":"repeat","background-position":"center center","background-size":"auto","background-attachment":"scroll","background-type":"","background-media":"","overlay-type":"","overlay-color":"","overlay-opacity":"","overlay-gradient":""},"tablet":{"background-color":"","background-image":"","background-repeat":"repeat","background-position":"center center","background-size":"auto","background-attachment":"scroll","background-type":"","background-media":"","overlay-type":"","overlay-color":"","overlay-opacity":"","overlay-gradient":""},"mobile":{"background-color":"","background-image":"","background-repeat":"repeat","background-position":"center center","background-size":"auto","background-attachment":"scroll","background-type":"","background-media":"","overlay-type":"","overlay-color":"","overlay-opacity":"","overlay-gradient":""}},"ast-content-background-meta":{"desktop":{"background-color":"var(--ast-global-color-5)","background-image":"","background-repeat":"repeat","background-position":"center center","background-size":"auto","background-attachment":"scroll","background-type":"","background-media":"","overlay-type":"","overlay-color":"","overlay-opacity":"","overlay-gradient":""},"tablet":{"background-color":"var(--ast-global-color-5)","background-image":"","background-repeat":"repeat","background-position":"center center","background-size":"auto","background-attachment":"scroll","background-type":"","background-media":"","overlay-type":"","overlay-color":"","overlay-opacity":"","overlay-gradient":""},"mobile":{"background-color":"var(--ast-global-color-5)","background-image":"","background-repeat":"repeat","background-position":"center center","background-size":"auto","background-attachment":"scroll","background-type":"","background-media":"","overlay-type":"","overlay-color":"","overlay-opacity":"","overlay-gradient":""}},"footnotes":""},"class_list":["post-1557","page","type-page","status-publish","hentry"],"post_mailing_queue_ids":[],"_links":{"self":[{"href":"https:\/\/agora.xtec.cat\/escolasantmartibcn\/wp-json\/wp\/v2\/pages\/1557","targetHints":{"allow":["GET"]}}],"collection":[{"href":"https:\/\/agora.xtec.cat\/escolasantmartibcn\/wp-json\/wp\/v2\/pages"}],"about":[{"href":"https:\/\/agora.xtec.cat\/escolasantmartibcn\/wp-json\/wp\/v2\/types\/page"}],"author":[{"embeddable":true,"href":"https:\/\/agora.xtec.cat\/escolasantmartibcn\/wp-json\/wp\/v2\/users\/1"}],"replies":[{"embeddable":true,"href":"https:\/\/agora.xtec.cat\/escolasantmartibcn\/wp-json\/wp\/v2\/comments?post=1557"}],"version-history":[{"count":6,"href":"https:\/\/agora.xtec.cat\/escolasantmartibcn\/wp-json\/wp\/v2\/pages\/1557\/revisions"}],"predecessor-version":[{"id":3267,"href":"https:\/\/agora.xtec.cat\/escolasantmartibcn\/wp-json\/wp\/v2\/pages\/1557\/revisions\/3267"}],"up":[{"embeddable":true,"href":"https:\/\/agora.xtec.cat\/escolasantmartibcn\/wp-json\/wp\/v2\/pages\/1006"}],"wp:attachment":[{"href":"https:\/\/agora.xtec.cat\/escolasantmartibcn\/wp-json\/wp\/v2\/media?parent=1557"}],"curies":[{"name":"wp","href":"https:\/\/api.w.org\/{rel}","templated":true}]}}