{"id":1237,"date":"2024-01-19T12:18:58","date_gmt":"2024-01-19T11:18:58","guid":{"rendered":"https:\/\/agora.xtec.cat\/escolasantmartibcn\/?page_id=1237"},"modified":"2025-02-23T11:48:57","modified_gmt":"2025-02-23T10:48:57","slug":"com-treballem","status":"publish","type":"page","link":"https:\/\/agora.xtec.cat\/escolasantmartibcn\/com-treballem\/","title":{"rendered":"Com treballem"},"content":{"rendered":"<p align=\"LEFT\">El Projecte Educatiu de Centre defineix l&#8217;escola com a catalana; es fa servir aquesta llengua com a llengua d&#8217;aprenentatge, de comunicaci\u00f3 interna i de projecci\u00f3 i comunicaci\u00f3 exterior.<\/p>\n<p>Ent\u00e9n l&#8217;educaci\u00f3 com a proc\u00e9s integral amb equilibri entre sabers i compet\u00e8ncies, cercant un aprenentatge \u00fatil i funcional.<\/p>\n<p>Amb un ferm comprom\u00eds amb el medi ambient i l&#8217;entorn, es fomenta un estil de vida sostenible amb un \u00fas responsable dels recursos naturals.<\/p>\n<p align=\"LEFT\">Des del respecte a totes les creences i proced\u00e8ncies, l&#8217;escola es defineix com a aconfessional i educa en els valors de la Pau.<\/p>\n<p align=\"LEFT\">Alhora treballa activament per evitar qualsevol discriminaci\u00f3 de tipus econ\u00f2mic, pol\u00edtic, religi\u00f3s o de g\u00e8nere.<\/p>\n<p align=\"LEFT\"><b>Qu\u00e8 volem?<\/b><\/p>\n<p align=\"LEFT\">La llengua es situa en el centre del proc\u00e9s d\u2019ensenyament\/aprenentatge, com a instrument d&#8217;acc\u00e9s a la informaci\u00f3 i construcci\u00f3 de coneixement. El catal\u00e0 \u00e9s la llengua vehicular de comunicaci\u00f3 i aprenentatge.<\/p>\n<ul>\n<li>\n<p align=\"LEFT\">La Personalitzaci\u00f3 de l&#8217;aprenentatge, respectant els diferents perfils cognitius i ritmes d&#8217;aprenentatge, amb una detecci\u00f3 preco\u00e7 de les dificultats i l\u2019establiment de mesures de suport.<\/p>\n<\/li>\n<li>\n<p align=\"LEFT\">Un Aprenentatge funcional, amb un curr\u00edculum competencial. All\u00f2 que s&#8217;apr\u00e8n es pot aplicar a entorns diversos.<\/p>\n<\/li>\n<li>\n<p align=\"LEFT\">Un Enfocament transversal, des de totes les \u00e0rees, de la perspectiva de g\u00e8nere, la coeducaci\u00f3, l&#8217;educaci\u00f3 per a la Pau, i l&#8217;educaci\u00f3 per a la salut, i la prevenci\u00f3 d&#8217;actituds i conductes violentes.<\/p>\n<\/li>\n<li>\n<p align=\"LEFT\">La Creaci\u00f3 d&#8217;un entorn que promogui el Benestar Emocional i la resoluci\u00f3 pac\u00edfica dels conflictes amb t\u00e8cniques restauratives.<\/p>\n<\/li>\n<li>\n<p align=\"LEFT\">Es de dedica un temps espec\u00edfic a fomentar l&#8217;h\u00e0bit de lectura.<\/p>\n<\/li>\n<\/ul>\n<p align=\"LEFT\"><b>Com ho fem?<\/b><\/p>\n<p align=\"LEFT\">El Medi Natural, Social i Cultural es treballa a partir de materials curriculars seq\u00fcenciats per cursos i amb un enfilat de projectes globalitzats (TEIXITS) que parteixen dels interessos dels\/les alumnes, amb la participaci\u00f3 de les fam\u00edlies.<\/p>\n<p align=\"LEFT\">L&#8217;Educaci\u00f3 pl\u00e0stica i visual, les arts esc\u00e8niques i performatives, l\u2019Educaci\u00f3 audiovisual i la rob\u00f2tica, es treballen en els ESCENARIS, propostes globalitzades, almenys una, en llengua anglesa.<\/p>\n<p>Educaci\u00f3 f\u00edsica en llengua anglesa.<\/p>\n<p align=\"LEFT\">Les Matem\u00e0tiques i la Llengua Catalana es treballen de forma activa i competencial, amb propostes<br \/>\nmanipulatives i de recerca en petit grup, combinades amb una part escrita individual.<\/p>\n<p align=\"LEFT\">La Llengua castellana i l\u2019Anglesa es treballen amb materials elaborats per l&#8217;escola.<\/p>\n<p align=\"LEFT\">L&#8217;angl\u00e8s s&#8217;introdueix a I4, disposant d&#8217;una plataforma digital que facilita la comprensi\u00f3 d\u2019\u00e0udios de nadius.<\/p>\n<p align=\"LEFT\">\n<p align=\"LEFT\">\n<p>&nbsp;<\/p>\n","protected":false},"excerpt":{"rendered":"<p>El Projecte Educatiu de Centre defineix l&#8217;escola com a catalana; es fa servir aquesta llengua com a llengua d&#8217;aprenentatge, de comunicaci\u00f3 interna i de projecci\u00f3 i comunicaci\u00f3 exterior. Ent\u00e9n l&#8217;educaci\u00f3 com a proc\u00e9s integral amb equilibri entre sabers i compet\u00e8ncies, cercant un aprenentatge \u00fatil i funcional. Amb un ferm comprom\u00eds amb el medi ambient i [&hellip;]<\/p>\n","protected":false},"author":1,"featured_media":0,"parent":0,"menu_order":0,"comment_status":"closed","ping_status":"closed","template":"page-templates\/side-menu.php","meta":{"_bbp_topic_count":0,"_bbp_reply_count":0,"_bbp_total_topic_count":0,"_bbp_total_reply_count":0,"_bbp_voice_count":0,"_bbp_anonymous_reply_count":0,"_bbp_topic_count_hidden":0,"_bbp_reply_count_hidden":0,"_bbp_forum_subforum_count":0,"site-sidebar-layout":"default","site-content-layout":"","ast-site-content-layout":"","site-content-style":"default","site-sidebar-style":"default","ast-global-header-display":"","ast-banner-title-visibility":"","ast-main-header-display":"","ast-hfb-above-header-display":"","ast-hfb-below-header-display":"","ast-hfb-mobile-header-display":"","site-post-title":"","ast-breadcrumbs-content":"","ast-featured-img":"","footer-sml-layout":"","theme-transparent-header-meta":"","adv-header-id-meta":"","stick-header-meta":"","header-above-stick-meta":"","header-main-stick-meta":"","header-below-stick-meta":"","astra-migrate-meta-layouts":"default","ast-page-background-enabled":"default","ast-page-background-meta":{"desktop":{"background-color":"var(--ast-global-color-4)","background-image":"","background-repeat":"repeat","background-position":"center center","background-size":"auto","background-attachment":"scroll","background-type":"","background-media":"","overlay-type":"","overlay-color":"","overlay-opacity":"","overlay-gradient":""},"tablet":{"background-color":"","background-image":"","background-repeat":"repeat","background-position":"center center","background-size":"auto","background-attachment":"scroll","background-type":"","background-media":"","overlay-type":"","overlay-color":"","overlay-opacity":"","overlay-gradient":""},"mobile":{"background-color":"","background-image":"","background-repeat":"repeat","background-position":"center center","background-size":"auto","background-attachment":"scroll","background-type":"","background-media":"","overlay-type":"","overlay-color":"","overlay-opacity":"","overlay-gradient":""}},"ast-content-background-meta":{"desktop":{"background-color":"var(--ast-global-color-5)","background-image":"","background-repeat":"repeat","background-position":"center center","background-size":"auto","background-attachment":"scroll","background-type":"","background-media":"","overlay-type":"","overlay-color":"","overlay-opacity":"","overlay-gradient":""},"tablet":{"background-color":"var(--ast-global-color-5)","background-image":"","background-repeat":"repeat","background-position":"center center","background-size":"auto","background-attachment":"scroll","background-type":"","background-media":"","overlay-type":"","overlay-color":"","overlay-opacity":"","overlay-gradient":""},"mobile":{"background-color":"var(--ast-global-color-5)","background-image":"","background-repeat":"repeat","background-position":"center center","background-size":"auto","background-attachment":"scroll","background-type":"","background-media":"","overlay-type":"","overlay-color":"","overlay-opacity":"","overlay-gradient":""}},"footnotes":""},"class_list":["post-1237","page","type-page","status-publish","hentry"],"post_mailing_queue_ids":[],"_links":{"self":[{"href":"https:\/\/agora.xtec.cat\/escolasantmartibcn\/wp-json\/wp\/v2\/pages\/1237","targetHints":{"allow":["GET"]}}],"collection":[{"href":"https:\/\/agora.xtec.cat\/escolasantmartibcn\/wp-json\/wp\/v2\/pages"}],"about":[{"href":"https:\/\/agora.xtec.cat\/escolasantmartibcn\/wp-json\/wp\/v2\/types\/page"}],"author":[{"embeddable":true,"href":"https:\/\/agora.xtec.cat\/escolasantmartibcn\/wp-json\/wp\/v2\/users\/1"}],"replies":[{"embeddable":true,"href":"https:\/\/agora.xtec.cat\/escolasantmartibcn\/wp-json\/wp\/v2\/comments?post=1237"}],"version-history":[{"count":5,"href":"https:\/\/agora.xtec.cat\/escolasantmartibcn\/wp-json\/wp\/v2\/pages\/1237\/revisions"}],"predecessor-version":[{"id":3170,"href":"https:\/\/agora.xtec.cat\/escolasantmartibcn\/wp-json\/wp\/v2\/pages\/1237\/revisions\/3170"}],"wp:attachment":[{"href":"https:\/\/agora.xtec.cat\/escolasantmartibcn\/wp-json\/wp\/v2\/media?parent=1237"}],"curies":[{"name":"wp","href":"https:\/\/api.w.org\/{rel}","templated":true}]}}