{"id":1207,"date":"2024-01-19T10:30:24","date_gmt":"2024-01-19T09:30:24","guid":{"rendered":"https:\/\/agora.xtec.cat\/escolasantmartibcn\/?page_id=1207"},"modified":"2024-03-02T12:57:36","modified_gmt":"2024-03-02T11:57:36","slug":"on-som","status":"publish","type":"page","link":"https:\/\/agora.xtec.cat\/escolasantmartibcn\/lescola\/on-som\/","title":{"rendered":"On som"},"content":{"rendered":"<h3 class=\"page-title\">On som<\/h3>\n<table id=\"tablepress-11\" class=\"tablepress tablepress-id-11\" style=\"width: 78.5078%; height: 342px;\">\n<tbody class=\"row-hover\">\n<tr class=\"row-1 odd\" style=\"height: 32px;\">\n<td class=\"column-1\" style=\"height: 32px;\" colspan=\"2\">Escola Sant Mart\u00ed &#8211; Carrer Sant Joan de Malta 130 &#8211; Barcelona 08018<\/td>\n<\/tr>\n<tr class=\"row-2 even\" style=\"height: 122px;\">\n<td class=\"column-1\" style=\"height: 122px;\"><img loading=\"lazy\" decoding=\"async\" class=\"alignnone size-full wp-image-529\" src=\"https:\/\/agora.xtec.cat\/escolasantmartibcn\/wp-content\/uploads\/usu2346\/2023\/01\/Logo-Sant-Marti-e1674138260387.jpg\" alt=\"\" width=\"429\" height=\"207\" \/><\/td>\n<td class=\"column-2\" style=\"height: 122px;\">\n<p style=\"text-align: center;\">Tel\u00e8fon: 936 240 240<\/p>\n<p style=\"text-align: center;\">Correu electr\u00f2nic: a8064167@xtec.cat<\/p>\n<\/td>\n<\/tr>\n<tr class=\"row-3 odd\" style=\"height: 66px;\">\n<td class=\"column-1\" style=\"height: 66px;\">Bus<\/td>\n<td class=\"column-2\" style=\"height: 66px;\"><img loading=\"lazy\" decoding=\"async\" class=\"alignnone wp-image-1212\" src=\"https:\/\/agora.xtec.cat\/escolasantmartibcn\/wp-content\/uploads\/usu2346\/2024\/01\/Captura-de-pantalla-2024-01-19-104311.png\" alt=\"\" width=\"44\" height=\"24\" \/> <img loading=\"lazy\" decoding=\"async\" class=\"alignnone wp-image-1213\" src=\"https:\/\/agora.xtec.cat\/escolasantmartibcn\/wp-content\/uploads\/usu2346\/2024\/01\/Captura-de-pantalla-2024-01-19-104528.png\" alt=\"\" width=\"39\" height=\"25\" \/> <img loading=\"lazy\" decoding=\"async\" class=\"alignnone wp-image-1214\" src=\"https:\/\/agora.xtec.cat\/escolasantmartibcn\/wp-content\/uploads\/usu2346\/2024\/01\/Captura-de-pantalla-2024-01-19-104708.png\" alt=\"\" width=\"117\" height=\"26\" \/><\/td>\n<\/tr>\n<tr class=\"row-4 even\" style=\"height: 57px;\">\n<td class=\"column-1\" style=\"height: 57px;\">Metro &#8211; Parada Poblenou<\/td>\n<td class=\"column-2\" style=\"height: 57px;\"><img loading=\"lazy\" decoding=\"async\" class=\"alignnone\" src=\"https:\/\/upload.wikimedia.org\/wikipedia\/commons\/thumb\/a\/a5\/L4_barcelona.svg\/2048px-L4_barcelona.svg.png\" alt=\"Fitxer:L4 barcelona.svg - Viquip\u00e8dia, l'enciclop\u00e8dia lliure\" width=\"37\" height=\"37\" \/><\/td>\n<\/tr>\n<tr class=\"row-5 odd\" style=\"height: 55px;\">\n<td class=\"column-1\" style=\"height: 55px;\">Tramvia &#8211; Parada Pere IV<\/td>\n<td class=\"column-2\" style=\"height: 55px;\"><img loading=\"lazy\" decoding=\"async\" class=\"aligncenter\" src=\"https:\/\/1060publicidad.net\/wp-content\/uploads\/2017\/02\/tram_logo.png\" alt=\"TRAM | 1.060 Publicidad \/\/\/ publicidad exterior y en prensa\" width=\"38\" height=\"38\" \/><\/td>\n<\/tr>\n<tr class=\"row-6 even\" style=\"height: 10px;\">\n<td class=\"column-1\" style=\"height: 10px;\">Bicing &#8211; Estacions 143 i 144\u00a0 \u00a0 \u00a0 \u00a0 \u00a0 \u00a0 \u00a0 \u00a0 \u00a0 \u00a0 \u00a0<img loading=\"lazy\" decoding=\"async\" class=\"alignnone  wp-image-2224\" src=\"https:\/\/agora.xtec.cat\/escolasantmartibcn\/wp-content\/uploads\/usu2346\/2024\/03\/Captura-de-pantalla-2024-03-02-124140.png\" alt=\"\" width=\"42\" height=\"39\" srcset=\"https:\/\/agora.xtec.cat\/escolasantmartibcn\/wp-content\/uploads\/usu2346\/2024\/03\/Captura-de-pantalla-2024-03-02-124140.png 396w, https:\/\/agora.xtec.cat\/escolasantmartibcn\/wp-content\/uploads\/usu2346\/2024\/03\/Captura-de-pantalla-2024-03-02-124140-300x277.png 300w\" sizes=\"auto, (max-width: 42px) 100vw, 42px\" \/><\/td>\n<td class=\"column-2\" style=\"height: 10px;\">&nbsp;<\/td>\n<\/tr>\n<\/tbody>\n<\/table>\n<p>&nbsp;<\/p>\n<p><a href=\"https:\/\/www.google.com\/maps\/dir\/\/Escola+Sant+Mart%C3%AD+C%2F+de+Sant+Joan+de+Malta,+130+Sant+Mart%C3%AD+08018+Barcelona\/@41.4047215,2.1977596,17z\/data=!4m8!4m7!1m0!1m5!1m1!1\" target=\"_blank\" rel=\"noopener\">Ubicaci\u00f3 Escola Sant Mart\u00ed <\/a><\/p>\n<p><iframe loading=\"lazy\" src=\"https:\/\/www.google.com\/maps\/embed?pb=!1m16!1m10!1m3!1d2992.5820111739404!2d2.197634!3d41.40488299999999!2m1!3f0!3m2!1i1024!2i768!4f13.1!3m3!1m2!1s0x12a4a33c128790f5%3A0xe8bf95f2063e0ea9!2sCarrer+de+Sant+Joan+de+Malta%2C+130!5e0!3m2!1sca!2ses!4v1404941430816\" width=\"640\" height=\"600\" frameborder=\"0\" data-mce-fragment=\"1\"><\/iframe><\/p>\n<p><iframe loading=\"lazy\" src=\"https:\/\/www.google.com\/maps\/embed?pb=!1m0!3m2!1sca!2ses!4v1434813090745!6m8!1m7!1sD93UfcuueQf14WdsFfTu5Q!2m2!1d41.404716!2d2.197901!3f212!4f0!5f0.7820865974627469\" width=\"640\" height=\"360\" frameborder=\"0\" marginwidth=\"0\" marginheight=\"0\" scrolling=\"no\" data-mce-fragment=\"1\"><\/iframe><br \/>\n<small><a href=\"https:\/\/www.google.es\/maps\/place\/Carrer+de+Sant+Joan+de+Malta,+130\/@41.404883,2.197634,3a,90y,129h,90t\/data=!3m4!1e1!3m2!1s9IXdRnI3aqfoV1_TZIcImg!2e0!4m2!3m1!1s0x12a4a33c128790f5:0xe8bf95f2063e0ea9!6m1!1e1?hl=ca\">View Larger Map<\/a><\/small><\/p>\n<p><iframe loading=\"lazy\" src=\"https:\/\/maps.google.com\/maps?layer=c&amp;panoid=9IXdRnI3aqfoV1_TZIcImg&amp;ie=UTF8&amp;source=embed&amp;output=svembed&amp;cbp=13%2C129%2C%2C0%2C0\" width=\"640\" height=\"360\" frameborder=\"0\" marginwidth=\"0\" marginheight=\"0\" scrolling=\"no\" data-mce-fragment=\"1\"><\/iframe><\/p>\n","protected":false},"excerpt":{"rendered":"<p>On som Escola Sant Mart\u00ed &#8211; Carrer Sant Joan de Malta 130 &#8211; Barcelona 08018 Tel\u00e8fon: 936 240 240 Correu electr\u00f2nic: a8064167@xtec.cat Bus Metro &#8211; Parada Poblenou Tramvia &#8211; Parada Pere IV Bicing &#8211; Estacions 143 i 144\u00a0 \u00a0 \u00a0 \u00a0 \u00a0 \u00a0 \u00a0 \u00a0 \u00a0 \u00a0 \u00a0 &nbsp; &nbsp; Ubicaci\u00f3 Escola Sant Mart\u00ed View [&hellip;]<\/p>\n","protected":false},"author":1,"featured_media":0,"parent":22,"menu_order":0,"comment_status":"closed","ping_status":"closed","template":"page-templates\/side-menu.php","meta":{"_bbp_topic_count":0,"_bbp_reply_count":0,"_bbp_total_topic_count":0,"_bbp_total_reply_count":0,"_bbp_voice_count":0,"_bbp_anonymous_reply_count":0,"_bbp_topic_count_hidden":0,"_bbp_reply_count_hidden":0,"_bbp_forum_subforum_count":0,"site-sidebar-layout":"default","site-content-layout":"","ast-site-content-layout":"","site-content-style":"default","site-sidebar-style":"default","ast-global-header-display":"","ast-banner-title-visibility":"","ast-main-header-display":"","ast-hfb-above-header-display":"","ast-hfb-below-header-display":"","ast-hfb-mobile-header-display":"","site-post-title":"","ast-breadcrumbs-content":"","ast-featured-img":"","footer-sml-layout":"","theme-transparent-header-meta":"","adv-header-id-meta":"","stick-header-meta":"","header-above-stick-meta":"","header-main-stick-meta":"","header-below-stick-meta":"","astra-migrate-meta-layouts":"default","ast-page-background-enabled":"default","ast-page-background-meta":{"desktop":{"background-color":"var(--ast-global-color-4)","background-image":"","background-repeat":"repeat","background-position":"center center","background-size":"auto","background-attachment":"scroll","background-type":"","background-media":"","overlay-type":"","overlay-color":"","overlay-opacity":"","overlay-gradient":""},"tablet":{"background-color":"","background-image":"","background-repeat":"repeat","background-position":"center center","background-size":"auto","background-attachment":"scroll","background-type":"","background-media":"","overlay-type":"","overlay-color":"","overlay-opacity":"","overlay-gradient":""},"mobile":{"background-color":"","background-image":"","background-repeat":"repeat","background-position":"center center","background-size":"auto","background-attachment":"scroll","background-type":"","background-media":"","overlay-type":"","overlay-color":"","overlay-opacity":"","overlay-gradient":""}},"ast-content-background-meta":{"desktop":{"background-color":"var(--ast-global-color-5)","background-image":"","background-repeat":"repeat","background-position":"center center","background-size":"auto","background-attachment":"scroll","background-type":"","background-media":"","overlay-type":"","overlay-color":"","overlay-opacity":"","overlay-gradient":""},"tablet":{"background-color":"var(--ast-global-color-5)","background-image":"","background-repeat":"repeat","background-position":"center center","background-size":"auto","background-attachment":"scroll","background-type":"","background-media":"","overlay-type":"","overlay-color":"","overlay-opacity":"","overlay-gradient":""},"mobile":{"background-color":"var(--ast-global-color-5)","background-image":"","background-repeat":"repeat","background-position":"center center","background-size":"auto","background-attachment":"scroll","background-type":"","background-media":"","overlay-type":"","overlay-color":"","overlay-opacity":"","overlay-gradient":""}},"footnotes":""},"class_list":["post-1207","page","type-page","status-publish","hentry"],"post_mailing_queue_ids":[],"_links":{"self":[{"href":"https:\/\/agora.xtec.cat\/escolasantmartibcn\/wp-json\/wp\/v2\/pages\/1207","targetHints":{"allow":["GET"]}}],"collection":[{"href":"https:\/\/agora.xtec.cat\/escolasantmartibcn\/wp-json\/wp\/v2\/pages"}],"about":[{"href":"https:\/\/agora.xtec.cat\/escolasantmartibcn\/wp-json\/wp\/v2\/types\/page"}],"author":[{"embeddable":true,"href":"https:\/\/agora.xtec.cat\/escolasantmartibcn\/wp-json\/wp\/v2\/users\/1"}],"replies":[{"embeddable":true,"href":"https:\/\/agora.xtec.cat\/escolasantmartibcn\/wp-json\/wp\/v2\/comments?post=1207"}],"version-history":[{"count":6,"href":"https:\/\/agora.xtec.cat\/escolasantmartibcn\/wp-json\/wp\/v2\/pages\/1207\/revisions"}],"predecessor-version":[{"id":2225,"href":"https:\/\/agora.xtec.cat\/escolasantmartibcn\/wp-json\/wp\/v2\/pages\/1207\/revisions\/2225"}],"up":[{"embeddable":true,"href":"https:\/\/agora.xtec.cat\/escolasantmartibcn\/wp-json\/wp\/v2\/pages\/22"}],"wp:attachment":[{"href":"https:\/\/agora.xtec.cat\/escolasantmartibcn\/wp-json\/wp\/v2\/media?parent=1207"}],"curies":[{"name":"wp","href":"https:\/\/api.w.org\/{rel}","templated":true}]}}