{"id":1127,"date":"2024-01-10T12:30:36","date_gmt":"2024-01-10T11:30:36","guid":{"rendered":"https:\/\/agora.xtec.cat\/escolasantmartibcn\/?page_id=1127"},"modified":"2026-01-16T16:17:07","modified_gmt":"2026-01-16T15:17:07","slug":"portes-obertes-i-preinscripcio","status":"publish","type":"page","link":"https:\/\/agora.xtec.cat\/escolasantmartibcn\/portes-obertes-i-preinscripcio\/","title":{"rendered":"PORTES OBERTES SANT MART\u00cd 2026"},"content":{"rendered":"<p><img loading=\"lazy\" decoding=\"async\" class=\"wp-image-813 aligncenter\" src=\"https:\/\/agora.xtec.cat\/escolasantmartibcn\/wp-content\/uploads\/usu2346\/2023\/04\/metalocus_MMB-SANTMARTI_01_1024.jpg\" alt=\"\" width=\"679\" height=\"465\" srcset=\"https:\/\/agora.xtec.cat\/escolasantmartibcn\/wp-content\/uploads\/usu2346\/2023\/04\/metalocus_MMB-SANTMARTI_01_1024.jpg 731w, https:\/\/agora.xtec.cat\/escolasantmartibcn\/wp-content\/uploads\/usu2346\/2023\/04\/metalocus_MMB-SANTMARTI_01_1024-300x205.jpg 300w\" sizes=\"auto, (max-width: 679px) 100vw, 679px\" \/><\/p>\n<p>&nbsp;<\/p>\n<p>Benvolgudes fam\u00edlies,<\/p>\n<p>El nostre centre dur\u00e0 a terme<strong> tres\u00a0jornades de portes obertes.<\/strong><\/p>\n<p>La\u00a0<strong>primera <\/strong>tindr\u00e0 lloc <strong>dijous 26 de febrer a les 9:30 h<\/strong><em>.<\/em> Per poder assistir-hi, cal que ompliu el seg\u00fcent<strong>\u00a0formulari<\/strong>:<\/p>\n<p><a href=\"https:\/\/docs.google.com\/forms\/d\/1Ded8IT_HS2feRdjGt02_rgWb8CYtVg_CKzstHgaenrw\/edit\" target=\"_blank\" rel=\"noopener\">Jornada Portes Obertes 26 de febrer<\/a><\/p>\n<p>La\u00a0<strong>segona <\/strong>es dur\u00e0 a terme <strong>divendres 27 de febrer a les 15:15 h. <\/strong>Per poder assistir-hi, cal que ompliu el seg\u00fcent <strong>formulari:<\/strong><\/p>\n<p><a href=\"https:\/\/docs.google.com\/forms\/d\/13oj_w-JeasGnyzKjlgL7lKZ4ugMfuwIXThnWZTlHO1E\/edit\" target=\"_blank\" rel=\"noopener\">Jornada Portes Obertes 27 de febrer<\/a><\/p>\n<p>La <strong>tercera <\/strong>tindr\u00e0 lloc <strong>dimarts 3 de mar\u00e7 a les 15:15 h<\/strong><em>.<\/em> Per poder assistir-hi, cal que ompliu el seg\u00fcent<strong>\u00a0formulari<\/strong>:<\/p>\n<p><a href=\"https:\/\/docs.google.com\/forms\/d\/1bxE1-7MZ-QSPXoNBAWFFqOrkJ9i2WEJfwWJRsuSWXO4\/edit\" target=\"_blank\" rel=\"noopener\">Jornada Portes Obertes 3 de mar\u00e7<\/a><\/p>\n<p>Es prega m\u00e0xima puntualitat, at\u00e8s que les jornades es dividiran en dues parts i s\u2019hauran d\u2019organitzar grups per a la visita guiada.<\/p>\n<p>Agra\u00efm la vostra participaci\u00f3 i esperem amb inter\u00e8s la vostra pres\u00e8ncia en aquestes jornades de portes obertes.<\/p>\n<p><a href=\"https:\/\/youtu.be\/7CkOQUWoqLk?si=iASqqjex4HufIFyQ\" target=\"_blank\" rel=\"noopener\"><img loading=\"lazy\" decoding=\"async\" class=\"alignnone wp-image-3084\" src=\"https:\/\/agora.xtec.cat\/escolasantmartibcn\/wp-content\/uploads\/usu2346\/2025\/01\/Copia-de-Diseno-sin-titulo.jpg\" alt=\"\" width=\"409\" height=\"230\" srcset=\"https:\/\/agora.xtec.cat\/escolasantmartibcn\/wp-content\/uploads\/usu2346\/2025\/01\/Copia-de-Diseno-sin-titulo.jpg 1920w, https:\/\/agora.xtec.cat\/escolasantmartibcn\/wp-content\/uploads\/usu2346\/2025\/01\/Copia-de-Diseno-sin-titulo-300x169.jpg 300w, https:\/\/agora.xtec.cat\/escolasantmartibcn\/wp-content\/uploads\/usu2346\/2025\/01\/Copia-de-Diseno-sin-titulo-1024x576.jpg 1024w, https:\/\/agora.xtec.cat\/escolasantmartibcn\/wp-content\/uploads\/usu2346\/2025\/01\/Copia-de-Diseno-sin-titulo-768x432.jpg 768w, https:\/\/agora.xtec.cat\/escolasantmartibcn\/wp-content\/uploads\/usu2346\/2025\/01\/Copia-de-Diseno-sin-titulo-1536x864.jpg 1536w\" sizes=\"auto, (max-width: 409px) 100vw, 409px\" \/><\/a><\/p>\n<p>Adjuntem l\u2019<a href=\"https:\/\/www.edubcn.cat\/ca\/alumnat_i_familia\/informacio_general_matriculacio\/preinscripcio_info\" target=\"_blank\" rel=\"noopener\"><strong>enlla\u00e7 a la p\u00e0gina web del Consorci<\/strong><\/a>\u00a0amb la informaci\u00f3 relativa a la preinscripci\u00f3.<\/p>\n","protected":false},"excerpt":{"rendered":"<p>&nbsp; Benvolgudes fam\u00edlies, El nostre centre dur\u00e0 a terme tres\u00a0jornades de portes obertes. La\u00a0primera tindr\u00e0 lloc dijous 26 de febrer a les 9:30 h. Per poder assistir-hi, cal que ompliu el seg\u00fcent\u00a0formulari: Jornada Portes Obertes 26 de febrer La\u00a0segona es dur\u00e0 a terme divendres 27 de febrer a les 15:15 h. Per poder assistir-hi, cal [&hellip;]<\/p>\n","protected":false},"author":1,"featured_media":0,"parent":0,"menu_order":0,"comment_status":"closed","ping_status":"closed","template":"","meta":{"_bbp_topic_count":0,"_bbp_reply_count":0,"_bbp_total_topic_count":0,"_bbp_total_reply_count":0,"_bbp_voice_count":0,"_bbp_anonymous_reply_count":0,"_bbp_topic_count_hidden":0,"_bbp_reply_count_hidden":0,"_bbp_forum_subforum_count":0,"site-sidebar-layout":"default","site-content-layout":"","ast-site-content-layout":"default","site-content-style":"default","site-sidebar-style":"default","ast-global-header-display":"","ast-banner-title-visibility":"","ast-main-header-display":"","ast-hfb-above-header-display":"","ast-hfb-below-header-display":"","ast-hfb-mobile-header-display":"","site-post-title":"","ast-breadcrumbs-content":"","ast-featured-img":"","footer-sml-layout":"","theme-transparent-header-meta":"default","adv-header-id-meta":"","stick-header-meta":"","header-above-stick-meta":"","header-main-stick-meta":"","header-below-stick-meta":"","astra-migrate-meta-layouts":"set","ast-page-background-enabled":"default","ast-page-background-meta":{"desktop":{"background-color":"var(--ast-global-color-4)","background-image":"","background-repeat":"repeat","background-position":"center center","background-size":"auto","background-attachment":"scroll","background-type":"","background-media":"","overlay-type":"","overlay-color":"","overlay-opacity":"","overlay-gradient":""},"tablet":{"background-color":"","background-image":"","background-repeat":"repeat","background-position":"center center","background-size":"auto","background-attachment":"scroll","background-type":"","background-media":"","overlay-type":"","overlay-color":"","overlay-opacity":"","overlay-gradient":""},"mobile":{"background-color":"","background-image":"","background-repeat":"repeat","background-position":"center center","background-size":"auto","background-attachment":"scroll","background-type":"","background-media":"","overlay-type":"","overlay-color":"","overlay-opacity":"","overlay-gradient":""}},"ast-content-background-meta":{"desktop":{"background-color":"var(--ast-global-color-5)","background-image":"","background-repeat":"repeat","background-position":"center center","background-size":"auto","background-attachment":"scroll","background-type":"","background-media":"","overlay-type":"","overlay-color":"","overlay-opacity":"","overlay-gradient":""},"tablet":{"background-color":"var(--ast-global-color-5)","background-image":"","background-repeat":"repeat","background-position":"center center","background-size":"auto","background-attachment":"scroll","background-type":"","background-media":"","overlay-type":"","overlay-color":"","overlay-opacity":"","overlay-gradient":""},"mobile":{"background-color":"var(--ast-global-color-5)","background-image":"","background-repeat":"repeat","background-position":"center center","background-size":"auto","background-attachment":"scroll","background-type":"","background-media":"","overlay-type":"","overlay-color":"","overlay-opacity":"","overlay-gradient":""}},"footnotes":""},"class_list":["post-1127","page","type-page","status-publish","hentry"],"post_mailing_queue_ids":[],"_links":{"self":[{"href":"https:\/\/agora.xtec.cat\/escolasantmartibcn\/wp-json\/wp\/v2\/pages\/1127","targetHints":{"allow":["GET"]}}],"collection":[{"href":"https:\/\/agora.xtec.cat\/escolasantmartibcn\/wp-json\/wp\/v2\/pages"}],"about":[{"href":"https:\/\/agora.xtec.cat\/escolasantmartibcn\/wp-json\/wp\/v2\/types\/page"}],"author":[{"embeddable":true,"href":"https:\/\/agora.xtec.cat\/escolasantmartibcn\/wp-json\/wp\/v2\/users\/1"}],"replies":[{"embeddable":true,"href":"https:\/\/agora.xtec.cat\/escolasantmartibcn\/wp-json\/wp\/v2\/comments?post=1127"}],"version-history":[{"count":6,"href":"https:\/\/agora.xtec.cat\/escolasantmartibcn\/wp-json\/wp\/v2\/pages\/1127\/revisions"}],"predecessor-version":[{"id":4139,"href":"https:\/\/agora.xtec.cat\/escolasantmartibcn\/wp-json\/wp\/v2\/pages\/1127\/revisions\/4139"}],"wp:attachment":[{"href":"https:\/\/agora.xtec.cat\/escolasantmartibcn\/wp-json\/wp\/v2\/media?parent=1127"}],"curies":[{"name":"wp","href":"https:\/\/api.w.org\/{rel}","templated":true}]}}