{"id":1074,"date":"2023-12-19T10:14:18","date_gmt":"2023-12-19T09:14:18","guid":{"rendered":"https:\/\/agora.xtec.cat\/escolasantmartibcn\/?page_id=1074"},"modified":"2024-01-28T20:26:29","modified_gmt":"2024-01-28T19:26:29","slug":"escola-formadora-2","status":"publish","type":"page","link":"https:\/\/agora.xtec.cat\/escolasantmartibcn\/com-som\/escola-formadora-2\/","title":{"rendered":"Escola Formadora"},"content":{"rendered":"<p>El Departament d\u2019Educaci\u00f3 considera fonamental que els futurs mestres i professors facin les pr\u00e0ctiques en centres educatius sostinguts amb fons p\u00fablics, per tal que puguin assolir les compet\u00e8ncies necess\u00e0ries per exercir una doc\u00e8ncia de qualitat. L\u2019organitzaci\u00f3 de les pr\u00e0ctiques en centres formadors ha de permetre la simultane\u00eftat entre la teoria i la pr\u00e0ctica, i ha de facilitar l\u2019acompanyament professional des de la universitat i des del centre educatiu.<\/p>\n<p>La nostra escola esdev\u00e9 centre formador de les pr\u00e0ctiques acad\u00e8miques externes dels estudiants universitaris i d\u2019altres institucions formadores.<\/p>\n<p>Enguany tenim a prim\u00e0ria 3 estudiants de pr\u00e0ctiques 1, 3 de pr\u00e0ctiques 2 i dos alumnes de pr\u00e0ctiques 3 de la UB. A infantil gaudim d&#8217;una estudiant en pr\u00e0ctiques a I4 de la Universitat de Navarra.<\/p>\n<p>D&#8217;altra banda comptem amb un estudiant de grau mitj\u00e0 en inform\u00e0tica de l&#8217;Institut Joan d&#8217;\u00c0ustria.<\/p>\n","protected":false},"excerpt":{"rendered":"<p>El Departament d\u2019Educaci\u00f3 considera fonamental que els futurs mestres i professors facin les pr\u00e0ctiques en centres educatius sostinguts amb fons p\u00fablics, per tal que puguin assolir les compet\u00e8ncies necess\u00e0ries per exercir una doc\u00e8ncia de qualitat. L\u2019organitzaci\u00f3 de les pr\u00e0ctiques en centres formadors ha de permetre la simultane\u00eftat entre la teoria i la pr\u00e0ctica, i ha [&hellip;]<\/p>\n","protected":false},"author":1,"featured_media":0,"parent":1234,"menu_order":0,"comment_status":"closed","ping_status":"closed","template":"page-templates\/side-menu.php","meta":{"_bbp_topic_count":0,"_bbp_reply_count":0,"_bbp_total_topic_count":0,"_bbp_total_reply_count":0,"_bbp_voice_count":0,"_bbp_anonymous_reply_count":0,"_bbp_topic_count_hidden":0,"_bbp_reply_count_hidden":0,"_bbp_forum_subforum_count":0,"site-sidebar-layout":"default","site-content-layout":"","ast-site-content-layout":"","site-content-style":"default","site-sidebar-style":"default","ast-global-header-display":"","ast-banner-title-visibility":"","ast-main-header-display":"","ast-hfb-above-header-display":"","ast-hfb-below-header-display":"","ast-hfb-mobile-header-display":"","site-post-title":"","ast-breadcrumbs-content":"","ast-featured-img":"","footer-sml-layout":"","theme-transparent-header-meta":"","adv-header-id-meta":"","stick-header-meta":"","header-above-stick-meta":"","header-main-stick-meta":"","header-below-stick-meta":"","astra-migrate-meta-layouts":"default","ast-page-background-enabled":"default","ast-page-background-meta":{"desktop":{"background-color":"var(--ast-global-color-4)","background-image":"","background-repeat":"repeat","background-position":"center center","background-size":"auto","background-attachment":"scroll","background-type":"","background-media":"","overlay-type":"","overlay-color":"","overlay-opacity":"","overlay-gradient":""},"tablet":{"background-color":"","background-image":"","background-repeat":"repeat","background-position":"center center","background-size":"auto","background-attachment":"scroll","background-type":"","background-media":"","overlay-type":"","overlay-color":"","overlay-opacity":"","overlay-gradient":""},"mobile":{"background-color":"","background-image":"","background-repeat":"repeat","background-position":"center center","background-size":"auto","background-attachment":"scroll","background-type":"","background-media":"","overlay-type":"","overlay-color":"","overlay-opacity":"","overlay-gradient":""}},"ast-content-background-meta":{"desktop":{"background-color":"var(--ast-global-color-5)","background-image":"","background-repeat":"repeat","background-position":"center center","background-size":"auto","background-attachment":"scroll","background-type":"","background-media":"","overlay-type":"","overlay-color":"","overlay-opacity":"","overlay-gradient":""},"tablet":{"background-color":"var(--ast-global-color-5)","background-image":"","background-repeat":"repeat","background-position":"center center","background-size":"auto","background-attachment":"scroll","background-type":"","background-media":"","overlay-type":"","overlay-color":"","overlay-opacity":"","overlay-gradient":""},"mobile":{"background-color":"var(--ast-global-color-5)","background-image":"","background-repeat":"repeat","background-position":"center center","background-size":"auto","background-attachment":"scroll","background-type":"","background-media":"","overlay-type":"","overlay-color":"","overlay-opacity":"","overlay-gradient":""}},"footnotes":""},"class_list":["post-1074","page","type-page","status-publish","hentry"],"post_mailing_queue_ids":[],"_links":{"self":[{"href":"https:\/\/agora.xtec.cat\/escolasantmartibcn\/wp-json\/wp\/v2\/pages\/1074","targetHints":{"allow":["GET"]}}],"collection":[{"href":"https:\/\/agora.xtec.cat\/escolasantmartibcn\/wp-json\/wp\/v2\/pages"}],"about":[{"href":"https:\/\/agora.xtec.cat\/escolasantmartibcn\/wp-json\/wp\/v2\/types\/page"}],"author":[{"embeddable":true,"href":"https:\/\/agora.xtec.cat\/escolasantmartibcn\/wp-json\/wp\/v2\/users\/1"}],"replies":[{"embeddable":true,"href":"https:\/\/agora.xtec.cat\/escolasantmartibcn\/wp-json\/wp\/v2\/comments?post=1074"}],"version-history":[{"count":3,"href":"https:\/\/agora.xtec.cat\/escolasantmartibcn\/wp-json\/wp\/v2\/pages\/1074\/revisions"}],"predecessor-version":[{"id":1605,"href":"https:\/\/agora.xtec.cat\/escolasantmartibcn\/wp-json\/wp\/v2\/pages\/1074\/revisions\/1605"}],"up":[{"embeddable":true,"href":"https:\/\/agora.xtec.cat\/escolasantmartibcn\/wp-json\/wp\/v2\/pages\/1234"}],"wp:attachment":[{"href":"https:\/\/agora.xtec.cat\/escolasantmartibcn\/wp-json\/wp\/v2\/media?parent=1074"}],"curies":[{"name":"wp","href":"https:\/\/api.w.org\/{rel}","templated":true}]}}