{"id":1071,"date":"2023-12-19T10:11:56","date_gmt":"2023-12-19T09:11:56","guid":{"rendered":"https:\/\/agora.xtec.cat\/escolasantmartibcn\/?page_id=1071"},"modified":"2025-02-23T11:52:48","modified_gmt":"2025-02-23T10:52:48","slug":"practiques-docents","status":"publish","type":"page","link":"https:\/\/agora.xtec.cat\/escolasantmartibcn\/com-som\/escola-formadora-2\/practiques-docents\/","title":{"rendered":"Pr\u00e0ctiques Docents"},"content":{"rendered":"<p>Les pr\u00e0ctiques educatives dels estudiants universitaris en centres formadors constitueixen una activitat de naturalesa formativa que t\u00e9 com a l\u2019objectiu contribuir a la professionalitzaci\u00f3 de la doc\u00e8ncia i permetre als estudiants universitaris aplicar i projectar els coneixements adquirits en la formaci\u00f3 acad\u00e8mica.<\/p>\n<p>\u00c9s en aquest sentit que l\u2019estudiant consolida la seva elecci\u00f3 formativa i desenvolupa les compet\u00e8ncies que la pr\u00e0ctica educativa demana posar en moviment. Alhora, com a valor afegit, el centre comparteix nous coneixements i noves formes de recerca, i t\u00e9 un contacte constant amb les universitats. Per la seva banda, la universitat esdev\u00e9 receptora de coneixements i pr\u00e0ctiques properes a l\u2019activitat professional que permeten enriquir la formaci\u00f3 impartida a les aules.<\/p>\n<p>Aconseguir aquest valor afegit en el centre educatiu implica un acord de claustre que permeti identificar els centres formadors amb car\u00e0cter propi i establir un protocol d\u2019acollida i acompanyament al llarg de l\u2019estada formativa de l\u2019estudiant. Aquest acompanyament va m\u00e9s enll\u00e0 de la voluntat individual de cada professor i \u00e9s des dels equips del centre que es configura la planificaci\u00f3 de l\u2019acompanyament formatiu als estudiants universitaris en pr\u00e0ctiques.<\/p>\n<p>&nbsp;<\/p>\n","protected":false},"excerpt":{"rendered":"<p>Les pr\u00e0ctiques educatives dels estudiants universitaris en centres formadors constitueixen una activitat de naturalesa formativa que t\u00e9 com a l\u2019objectiu contribuir a la professionalitzaci\u00f3 de la doc\u00e8ncia i permetre als estudiants universitaris aplicar i projectar els coneixements adquirits en la formaci\u00f3 acad\u00e8mica. \u00c9s en aquest sentit que l\u2019estudiant consolida la seva elecci\u00f3 formativa i desenvolupa [&hellip;]<\/p>\n","protected":false},"author":1,"featured_media":0,"parent":1074,"menu_order":0,"comment_status":"closed","ping_status":"closed","template":"page-templates\/side-menu.php","meta":{"_bbp_topic_count":0,"_bbp_reply_count":0,"_bbp_total_topic_count":0,"_bbp_total_reply_count":0,"_bbp_voice_count":0,"_bbp_anonymous_reply_count":0,"_bbp_topic_count_hidden":0,"_bbp_reply_count_hidden":0,"_bbp_forum_subforum_count":0,"site-sidebar-layout":"default","site-content-layout":"","ast-site-content-layout":"","site-content-style":"default","site-sidebar-style":"default","ast-global-header-display":"","ast-banner-title-visibility":"","ast-main-header-display":"","ast-hfb-above-header-display":"","ast-hfb-below-header-display":"","ast-hfb-mobile-header-display":"","site-post-title":"","ast-breadcrumbs-content":"","ast-featured-img":"","footer-sml-layout":"","theme-transparent-header-meta":"","adv-header-id-meta":"","stick-header-meta":"","header-above-stick-meta":"","header-main-stick-meta":"","header-below-stick-meta":"","astra-migrate-meta-layouts":"default","ast-page-background-enabled":"default","ast-page-background-meta":{"desktop":{"background-color":"var(--ast-global-color-4)","background-image":"","background-repeat":"repeat","background-position":"center center","background-size":"auto","background-attachment":"scroll","background-type":"","background-media":"","overlay-type":"","overlay-color":"","overlay-opacity":"","overlay-gradient":""},"tablet":{"background-color":"","background-image":"","background-repeat":"repeat","background-position":"center center","background-size":"auto","background-attachment":"scroll","background-type":"","background-media":"","overlay-type":"","overlay-color":"","overlay-opacity":"","overlay-gradient":""},"mobile":{"background-color":"","background-image":"","background-repeat":"repeat","background-position":"center center","background-size":"auto","background-attachment":"scroll","background-type":"","background-media":"","overlay-type":"","overlay-color":"","overlay-opacity":"","overlay-gradient":""}},"ast-content-background-meta":{"desktop":{"background-color":"var(--ast-global-color-5)","background-image":"","background-repeat":"repeat","background-position":"center center","background-size":"auto","background-attachment":"scroll","background-type":"","background-media":"","overlay-type":"","overlay-color":"","overlay-opacity":"","overlay-gradient":""},"tablet":{"background-color":"var(--ast-global-color-5)","background-image":"","background-repeat":"repeat","background-position":"center center","background-size":"auto","background-attachment":"scroll","background-type":"","background-media":"","overlay-type":"","overlay-color":"","overlay-opacity":"","overlay-gradient":""},"mobile":{"background-color":"var(--ast-global-color-5)","background-image":"","background-repeat":"repeat","background-position":"center center","background-size":"auto","background-attachment":"scroll","background-type":"","background-media":"","overlay-type":"","overlay-color":"","overlay-opacity":"","overlay-gradient":""}},"footnotes":""},"class_list":["post-1071","page","type-page","status-publish","hentry"],"post_mailing_queue_ids":[],"_links":{"self":[{"href":"https:\/\/agora.xtec.cat\/escolasantmartibcn\/wp-json\/wp\/v2\/pages\/1071","targetHints":{"allow":["GET"]}}],"collection":[{"href":"https:\/\/agora.xtec.cat\/escolasantmartibcn\/wp-json\/wp\/v2\/pages"}],"about":[{"href":"https:\/\/agora.xtec.cat\/escolasantmartibcn\/wp-json\/wp\/v2\/types\/page"}],"author":[{"embeddable":true,"href":"https:\/\/agora.xtec.cat\/escolasantmartibcn\/wp-json\/wp\/v2\/users\/1"}],"replies":[{"embeddable":true,"href":"https:\/\/agora.xtec.cat\/escolasantmartibcn\/wp-json\/wp\/v2\/comments?post=1071"}],"version-history":[{"count":4,"href":"https:\/\/agora.xtec.cat\/escolasantmartibcn\/wp-json\/wp\/v2\/pages\/1071\/revisions"}],"predecessor-version":[{"id":3172,"href":"https:\/\/agora.xtec.cat\/escolasantmartibcn\/wp-json\/wp\/v2\/pages\/1071\/revisions\/3172"}],"up":[{"embeddable":true,"href":"https:\/\/agora.xtec.cat\/escolasantmartibcn\/wp-json\/wp\/v2\/pages\/1074"}],"wp:attachment":[{"href":"https:\/\/agora.xtec.cat\/escolasantmartibcn\/wp-json\/wp\/v2\/media?parent=1071"}],"curies":[{"name":"wp","href":"https:\/\/api.w.org\/{rel}","templated":true}]}}