{"id":1037,"date":"2023-12-18T23:20:43","date_gmt":"2023-12-18T22:20:43","guid":{"rendered":"https:\/\/agora.xtec.cat\/escolasantmartibcn\/?page_id=1037"},"modified":"2024-02-16T11:03:51","modified_gmt":"2024-02-16T10:03:51","slug":"expert-en-teixits","status":"publish","type":"page","link":"https:\/\/agora.xtec.cat\/escolasantmartibcn\/relacio-familia-escola\/expert-en-teixits\/","title":{"rendered":"Experts en teixits"},"content":{"rendered":"<p>Algun familiar del grup classe participa en el teixit de l&#8217;aula venint com a <strong>expert<\/strong>. Els infants del grup aprenen molt d&#8217;aquesta persona tan s\u00e0via i experimentada.<\/p>\n<p><img loading=\"lazy\" decoding=\"async\" class=\"alignnone size-large wp-image-2155\" src=\"https:\/\/agora.xtec.cat\/escolasantmartibcn\/wp-content\/uploads\/usu2346\/2024\/02\/IMG_9298-1024x576.jpg\" alt=\"\" width=\"1024\" height=\"576\" srcset=\"https:\/\/agora.xtec.cat\/escolasantmartibcn\/wp-content\/uploads\/usu2346\/2024\/02\/IMG_9298-1024x576.jpg 1024w, https:\/\/agora.xtec.cat\/escolasantmartibcn\/wp-content\/uploads\/usu2346\/2024\/02\/IMG_9298-300x169.jpg 300w, https:\/\/agora.xtec.cat\/escolasantmartibcn\/wp-content\/uploads\/usu2346\/2024\/02\/IMG_9298-768x432.jpg 768w, https:\/\/agora.xtec.cat\/escolasantmartibcn\/wp-content\/uploads\/usu2346\/2024\/02\/IMG_9298-1536x864.jpg 1536w, https:\/\/agora.xtec.cat\/escolasantmartibcn\/wp-content\/uploads\/usu2346\/2024\/02\/IMG_9298-2048x1152.jpg 2048w\" sizes=\"auto, (max-width: 1024px) 100vw, 1024px\" \/><\/p>\n<p>1r. &#8211; Dimarts passat la mare de l\u2019Adri\u00e0 ens va fer una visita a l\u2019escola i ens va explicar tot sobre l\u2019invent del tel\u00e8fon i la seva evoluci\u00f3 al llarg de la hist\u00f2ria. Els primers tel\u00e8fons fixes, les cabines p\u00fabliques, els m\u00f2bils, els tel\u00e8fons intel\u00b7ligents i fins i tot els rellotges intel\u00b7ligents d\u2019avui dia. Tamb\u00e9 ens va explicar qu\u00e8 \u00e9s un invent, qui el va inventar\u2026 i vam poder veure i tocar tel\u00e8fons antics. Va ser molt divertit!<\/p>\n<p>Moltes gr\u00e0cies Ana i Adri\u00e0!<\/p>\n","protected":false},"excerpt":{"rendered":"<p>Algun familiar del grup classe participa en el teixit de l&#8217;aula venint com a expert. Els infants del grup aprenen molt d&#8217;aquesta persona tan s\u00e0via i experimentada. 1r. &#8211; Dimarts passat la mare de l\u2019Adri\u00e0 ens va fer una visita a l\u2019escola i ens va explicar tot sobre l\u2019invent del tel\u00e8fon i la seva evoluci\u00f3 [&hellip;]<\/p>\n","protected":false},"author":1,"featured_media":0,"parent":1031,"menu_order":0,"comment_status":"closed","ping_status":"closed","template":"page-templates\/side-menu.php","meta":{"_bbp_topic_count":0,"_bbp_reply_count":0,"_bbp_total_topic_count":0,"_bbp_total_reply_count":0,"_bbp_voice_count":0,"_bbp_anonymous_reply_count":0,"_bbp_topic_count_hidden":0,"_bbp_reply_count_hidden":0,"_bbp_forum_subforum_count":0,"site-sidebar-layout":"default","site-content-layout":"","ast-site-content-layout":"","site-content-style":"default","site-sidebar-style":"default","ast-global-header-display":"","ast-banner-title-visibility":"","ast-main-header-display":"","ast-hfb-above-header-display":"","ast-hfb-below-header-display":"","ast-hfb-mobile-header-display":"","site-post-title":"","ast-breadcrumbs-content":"","ast-featured-img":"","footer-sml-layout":"","theme-transparent-header-meta":"","adv-header-id-meta":"","stick-header-meta":"","header-above-stick-meta":"","header-main-stick-meta":"","header-below-stick-meta":"","astra-migrate-meta-layouts":"default","ast-page-background-enabled":"default","ast-page-background-meta":{"desktop":{"background-color":"var(--ast-global-color-4)","background-image":"","background-repeat":"repeat","background-position":"center center","background-size":"auto","background-attachment":"scroll","background-type":"","background-media":"","overlay-type":"","overlay-color":"","overlay-opacity":"","overlay-gradient":""},"tablet":{"background-color":"","background-image":"","background-repeat":"repeat","background-position":"center center","background-size":"auto","background-attachment":"scroll","background-type":"","background-media":"","overlay-type":"","overlay-color":"","overlay-opacity":"","overlay-gradient":""},"mobile":{"background-color":"","background-image":"","background-repeat":"repeat","background-position":"center center","background-size":"auto","background-attachment":"scroll","background-type":"","background-media":"","overlay-type":"","overlay-color":"","overlay-opacity":"","overlay-gradient":""}},"ast-content-background-meta":{"desktop":{"background-color":"var(--ast-global-color-5)","background-image":"","background-repeat":"repeat","background-position":"center center","background-size":"auto","background-attachment":"scroll","background-type":"","background-media":"","overlay-type":"","overlay-color":"","overlay-opacity":"","overlay-gradient":""},"tablet":{"background-color":"var(--ast-global-color-5)","background-image":"","background-repeat":"repeat","background-position":"center center","background-size":"auto","background-attachment":"scroll","background-type":"","background-media":"","overlay-type":"","overlay-color":"","overlay-opacity":"","overlay-gradient":""},"mobile":{"background-color":"var(--ast-global-color-5)","background-image":"","background-repeat":"repeat","background-position":"center center","background-size":"auto","background-attachment":"scroll","background-type":"","background-media":"","overlay-type":"","overlay-color":"","overlay-opacity":"","overlay-gradient":""}},"footnotes":""},"class_list":["post-1037","page","type-page","status-publish","hentry"],"post_mailing_queue_ids":[],"_links":{"self":[{"href":"https:\/\/agora.xtec.cat\/escolasantmartibcn\/wp-json\/wp\/v2\/pages\/1037","targetHints":{"allow":["GET"]}}],"collection":[{"href":"https:\/\/agora.xtec.cat\/escolasantmartibcn\/wp-json\/wp\/v2\/pages"}],"about":[{"href":"https:\/\/agora.xtec.cat\/escolasantmartibcn\/wp-json\/wp\/v2\/types\/page"}],"author":[{"embeddable":true,"href":"https:\/\/agora.xtec.cat\/escolasantmartibcn\/wp-json\/wp\/v2\/users\/1"}],"replies":[{"embeddable":true,"href":"https:\/\/agora.xtec.cat\/escolasantmartibcn\/wp-json\/wp\/v2\/comments?post=1037"}],"version-history":[{"count":6,"href":"https:\/\/agora.xtec.cat\/escolasantmartibcn\/wp-json\/wp\/v2\/pages\/1037\/revisions"}],"predecessor-version":[{"id":2158,"href":"https:\/\/agora.xtec.cat\/escolasantmartibcn\/wp-json\/wp\/v2\/pages\/1037\/revisions\/2158"}],"up":[{"embeddable":true,"href":"https:\/\/agora.xtec.cat\/escolasantmartibcn\/wp-json\/wp\/v2\/pages\/1031"}],"wp:attachment":[{"href":"https:\/\/agora.xtec.cat\/escolasantmartibcn\/wp-json\/wp\/v2\/media?parent=1037"}],"curies":[{"name":"wp","href":"https:\/\/api.w.org\/{rel}","templated":true}]}}