{"id":84,"date":"2014-09-18T14:11:31","date_gmt":"2014-09-18T13:11:31","guid":{"rendered":"http:\/\/agora.xtec.cat\/escolasantmarti\/?page_id=84"},"modified":"2022-10-17T16:23:11","modified_gmt":"2022-10-17T14:23:11","slug":"activitats-extraescolars","status":"publish","type":"page","link":"https:\/\/agora.xtec.cat\/escolasantmarti\/serveis\/activitats-extraescolars\/","title":{"rendered":"Activitats extraescolars"},"content":{"rendered":"<p>&nbsp;<\/p>\n<p style=\"text-align: center;\"><img loading=\"lazy\" decoding=\"async\" class=\"aligncenter wp-image-2604\" src=\"https:\/\/agora.xtec.cat\/escolasantmarti\/wp-content\/uploads\/usu1487\/2020\/10\/LLeure-3D.jpg\" alt=\"\" width=\"159\" height=\"62\" \/><\/p>\n<table style=\"border-collapse: collapse; width: 100%;\">\n<tbody>\n<tr>\n<td style=\"width: 50%; text-align: center;\"><strong>ACTIVITATS EDUCACI\u00d3 INFANTIL<\/strong><\/td>\n<td style=\"width: 50%; text-align: center;\"><strong>ACTIVITATS EDUCACI\u00d3 PRIM\u00c0RIA<\/strong><\/td>\n<\/tr>\n<tr>\n<td style=\"width: 50%; text-align: center;\"><a href=\"https:\/\/agora.xtec.cat\/escolasantmarti\/wp-content\/uploads\/usu1487\/2022\/10\/ExtraescolarsInfantil.jpg\" target=\"_blank\" rel=\"noopener\"><img loading=\"lazy\" decoding=\"async\" class=\"aligncenter wp-image-3939 size-medium\" src=\"https:\/\/agora.xtec.cat\/escolasantmarti\/wp-content\/uploads\/usu1487\/2022\/10\/ExtraescolarsInfantil-300x121.jpg\" alt=\"\" width=\"300\" height=\"121\" srcset=\"https:\/\/agora.xtec.cat\/escolasantmarti\/wp-content\/uploads\/usu1487\/2022\/10\/ExtraescolarsInfantil-300x121.jpg 300w, https:\/\/agora.xtec.cat\/escolasantmarti\/wp-content\/uploads\/usu1487\/2022\/10\/ExtraescolarsInfantil-1024x413.jpg 1024w, https:\/\/agora.xtec.cat\/escolasantmarti\/wp-content\/uploads\/usu1487\/2022\/10\/ExtraescolarsInfantil-768x310.jpg 768w, https:\/\/agora.xtec.cat\/escolasantmarti\/wp-content\/uploads\/usu1487\/2022\/10\/ExtraescolarsInfantil.jpg 1249w\" sizes=\"auto, (max-width: 300px) 100vw, 300px\" \/><\/a><\/td>\n<td style=\"width: 50%; text-align: center;\"><a href=\"https:\/\/agora.xtec.cat\/escolasantmarti\/wp-content\/uploads\/usu1487\/2022\/10\/ExtraescolarsGrans-1.jpg\" target=\"_blank\" rel=\"noopener\"><img loading=\"lazy\" decoding=\"async\" class=\"aligncenter wp-image-3938 size-medium\" src=\"https:\/\/agora.xtec.cat\/escolasantmarti\/wp-content\/uploads\/usu1487\/2022\/10\/ExtraescolarsGrans-1-300x156.jpg\" alt=\"\" width=\"300\" height=\"156\" srcset=\"https:\/\/agora.xtec.cat\/escolasantmarti\/wp-content\/uploads\/usu1487\/2022\/10\/ExtraescolarsGrans-1-300x156.jpg 300w, https:\/\/agora.xtec.cat\/escolasantmarti\/wp-content\/uploads\/usu1487\/2022\/10\/ExtraescolarsGrans-1-1024x532.jpg 1024w, https:\/\/agora.xtec.cat\/escolasantmarti\/wp-content\/uploads\/usu1487\/2022\/10\/ExtraescolarsGrans-1-768x399.jpg 768w, https:\/\/agora.xtec.cat\/escolasantmarti\/wp-content\/uploads\/usu1487\/2022\/10\/ExtraescolarsGrans-1.jpg 1227w\" sizes=\"auto, (max-width: 300px) 100vw, 300px\" \/><\/a><\/td>\n<\/tr>\n<\/tbody>\n<\/table>\n<p style=\"text-align: center;\"><strong>FULLS D&#8217;INSCRIPCIONS<\/strong><\/p>\n<table class=\" aligncenter\" style=\"height: 240px; width: 602px;\" width=\"783\">\n<tbody>\n<tr style=\"height: 12px;\">\n<td style=\"width: 190px; height: 12px; text-align: center;\">\n<h5><strong><span style=\"font-size: 16px; text-align: center;\">Activitats espec\u00edfiques<\/span><\/strong><\/h5>\n<\/td>\n<td style=\"width: 201px; text-align: center; height: 12px;\">\n<h5><b>Ludoteca<\/b><\/h5>\n<\/td>\n<td style=\"width: 200px; height: 12px;\">\n<h5 style=\"text-align: center;\"><b>\u00a0Servei d&#8217;Acollida Matinal<\/b><\/h5>\n<\/td>\n<\/tr>\n<tr style=\"height: 110px;\">\n<td style=\"width: 190px; height: 110px; text-align: center;\"><a href=\"https:\/\/agora.xtec.cat\/escolasantmarti\/wp-content\/uploads\/usu1487\/2020\/10\/INSCRIPCI\u00d3-ACTIVITATS-ESPEC\u00cdFIQUES-2020-1.docx\" target=\"_blank\" rel=\"noopener noreferrer\"><img loading=\"lazy\" decoding=\"async\" class=\"aligncenter size-medium wp-image-2615\" src=\"https:\/\/agora.xtec.cat\/escolasantmarti\/wp-content\/uploads\/usu1487\/2020\/10\/formulario-300x227.jpg\" alt=\"\" width=\"300\" height=\"227\" srcset=\"https:\/\/agora.xtec.cat\/escolasantmarti\/wp-content\/uploads\/usu1487\/2020\/10\/formulario-300x227.jpg 300w, https:\/\/agora.xtec.cat\/escolasantmarti\/wp-content\/uploads\/usu1487\/2020\/10\/formulario-768x580.jpg 768w, https:\/\/agora.xtec.cat\/escolasantmarti\/wp-content\/uploads\/usu1487\/2020\/10\/formulario-200x150.jpg 200w, https:\/\/agora.xtec.cat\/escolasantmarti\/wp-content\/uploads\/usu1487\/2020\/10\/formulario.jpg 900w\" sizes=\"auto, (max-width: 300px) 100vw, 300px\" \/><\/a><\/td>\n<td style=\"width: 201px; height: 110px; text-align: center;\"><a href=\"https:\/\/agora.xtec.cat\/escolasantmarti\/wp-content\/uploads\/usu1487\/2020\/10\/INSCRIPCI\u00d3-LUDOTECA-2020.doc\" target=\"_blank\" rel=\"noopener noreferrer\"><img loading=\"lazy\" decoding=\"async\" class=\"aligncenter wp-image-2615 size-medium\" src=\"https:\/\/agora.xtec.cat\/escolasantmarti\/wp-content\/uploads\/usu1487\/2020\/10\/formulario-300x227.jpg\" alt=\"\" width=\"300\" height=\"227\" srcset=\"https:\/\/agora.xtec.cat\/escolasantmarti\/wp-content\/uploads\/usu1487\/2020\/10\/formulario-300x227.jpg 300w, https:\/\/agora.xtec.cat\/escolasantmarti\/wp-content\/uploads\/usu1487\/2020\/10\/formulario-768x580.jpg 768w, https:\/\/agora.xtec.cat\/escolasantmarti\/wp-content\/uploads\/usu1487\/2020\/10\/formulario-200x150.jpg 200w, https:\/\/agora.xtec.cat\/escolasantmarti\/wp-content\/uploads\/usu1487\/2020\/10\/formulario.jpg 900w\" sizes=\"auto, (max-width: 300px) 100vw, 300px\" \/><\/a><\/td>\n<td style=\"width: 200px; height: 110px; text-align: center;\"><a href=\"https:\/\/agora.xtec.cat\/escolasantmarti\/wp-content\/uploads\/usu1487\/2020\/10\/INSCRIPCI\u00d3-SAM-2020.doc\" target=\"_blank\" rel=\"noopener noreferrer\"><img loading=\"lazy\" decoding=\"async\" class=\"aligncenter size-medium wp-image-2615\" src=\"https:\/\/agora.xtec.cat\/escolasantmarti\/wp-content\/uploads\/usu1487\/2020\/10\/formulario-300x227.jpg\" alt=\"\" width=\"300\" height=\"227\" srcset=\"https:\/\/agora.xtec.cat\/escolasantmarti\/wp-content\/uploads\/usu1487\/2020\/10\/formulario-300x227.jpg 300w, https:\/\/agora.xtec.cat\/escolasantmarti\/wp-content\/uploads\/usu1487\/2020\/10\/formulario-768x580.jpg 768w, https:\/\/agora.xtec.cat\/escolasantmarti\/wp-content\/uploads\/usu1487\/2020\/10\/formulario-200x150.jpg 200w, https:\/\/agora.xtec.cat\/escolasantmarti\/wp-content\/uploads\/usu1487\/2020\/10\/formulario.jpg 900w\" sizes=\"auto, (max-width: 300px) 100vw, 300px\" \/><\/a><\/td>\n<\/tr>\n<\/tbody>\n<\/table>\n<p style=\"color: #444444;\">\n","protected":false},"excerpt":{"rendered":"<p>&nbsp; ACTIVITATS EDUCACI\u00d3 INFANTIL ACTIVITATS EDUCACI\u00d3 PRIM\u00c0RIA FULLS D&#8217;INSCRIPCIONS Activitats espec\u00edfiques Ludoteca \u00a0Servei d&#8217;Acollida Matinal<\/p>\n","protected":false},"author":1,"featured_media":0,"parent":66,"menu_order":50,"comment_status":"closed","ping_status":"closed","template":"page-templates\/side-menu.php","meta":{"_bbp_topic_count":0,"_bbp_reply_count":0,"_bbp_total_topic_count":0,"_bbp_total_reply_count":0,"_bbp_voice_count":0,"_bbp_anonymous_reply_count":0,"_bbp_topic_count_hidden":0,"_bbp_reply_count_hidden":0,"_bbp_forum_subforum_count":0,"site-sidebar-layout":"default","site-content-layout":"","ast-site-content-layout":"","site-content-style":"default","site-sidebar-style":"default","ast-global-header-display":"","ast-banner-title-visibility":"","ast-main-header-display":"","ast-hfb-above-header-display":"","ast-hfb-below-header-display":"","ast-hfb-mobile-header-display":"","site-post-title":"","ast-breadcrumbs-content":"","ast-featured-img":"","footer-sml-layout":"","theme-transparent-header-meta":"","adv-header-id-meta":"","stick-header-meta":"","header-above-stick-meta":"","header-main-stick-meta":"","header-below-stick-meta":"","astra-migrate-meta-layouts":"default","ast-page-background-enabled":"default","ast-page-background-meta":{"desktop":{"background-color":"var(--ast-global-color-4)","background-image":"","background-repeat":"repeat","background-position":"center center","background-size":"auto","background-attachment":"scroll","background-type":"","background-media":"","overlay-type":"","overlay-color":"","overlay-opacity":"","overlay-gradient":""},"tablet":{"background-color":"","background-image":"","background-repeat":"repeat","background-position":"center center","background-size":"auto","background-attachment":"scroll","background-type":"","background-media":"","overlay-type":"","overlay-color":"","overlay-opacity":"","overlay-gradient":""},"mobile":{"background-color":"","background-image":"","background-repeat":"repeat","background-position":"center center","background-size":"auto","background-attachment":"scroll","background-type":"","background-media":"","overlay-type":"","overlay-color":"","overlay-opacity":"","overlay-gradient":""}},"ast-content-background-meta":{"desktop":{"background-color":"var(--ast-global-color-5)","background-image":"","background-repeat":"repeat","background-position":"center center","background-size":"auto","background-attachment":"scroll","background-type":"","background-media":"","overlay-type":"","overlay-color":"","overlay-opacity":"","overlay-gradient":""},"tablet":{"background-color":"var(--ast-global-color-5)","background-image":"","background-repeat":"repeat","background-position":"center center","background-size":"auto","background-attachment":"scroll","background-type":"","background-media":"","overlay-type":"","overlay-color":"","overlay-opacity":"","overlay-gradient":""},"mobile":{"background-color":"var(--ast-global-color-5)","background-image":"","background-repeat":"repeat","background-position":"center center","background-size":"auto","background-attachment":"scroll","background-type":"","background-media":"","overlay-type":"","overlay-color":"","overlay-opacity":"","overlay-gradient":""}},"footnotes":""},"class_list":["post-84","page","type-page","status-publish","hentry"],"post_mailing_queue_ids":[],"_links":{"self":[{"href":"https:\/\/agora.xtec.cat\/escolasantmarti\/wp-json\/wp\/v2\/pages\/84","targetHints":{"allow":["GET"]}}],"collection":[{"href":"https:\/\/agora.xtec.cat\/escolasantmarti\/wp-json\/wp\/v2\/pages"}],"about":[{"href":"https:\/\/agora.xtec.cat\/escolasantmarti\/wp-json\/wp\/v2\/types\/page"}],"author":[{"embeddable":true,"href":"https:\/\/agora.xtec.cat\/escolasantmarti\/wp-json\/wp\/v2\/users\/1"}],"replies":[{"embeddable":true,"href":"https:\/\/agora.xtec.cat\/escolasantmarti\/wp-json\/wp\/v2\/comments?post=84"}],"version-history":[{"count":3,"href":"https:\/\/agora.xtec.cat\/escolasantmarti\/wp-json\/wp\/v2\/pages\/84\/revisions"}],"predecessor-version":[{"id":3942,"href":"https:\/\/agora.xtec.cat\/escolasantmarti\/wp-json\/wp\/v2\/pages\/84\/revisions\/3942"}],"up":[{"embeddable":true,"href":"https:\/\/agora.xtec.cat\/escolasantmarti\/wp-json\/wp\/v2\/pages\/66"}],"wp:attachment":[{"href":"https:\/\/agora.xtec.cat\/escolasantmarti\/wp-json\/wp\/v2\/media?parent=84"}],"curies":[{"name":"wp","href":"https:\/\/api.w.org\/{rel}","templated":true}]}}