{"id":829,"date":"2018-03-05T20:27:43","date_gmt":"2018-03-05T19:27:43","guid":{"rendered":"http:\/\/agora.xtec.cat\/escolasantmarti\/?page_id=829"},"modified":"2025-10-14T15:11:04","modified_gmt":"2025-10-14T13:11:04","slug":"blocs-de-lescola","status":"publish","type":"page","link":"https:\/\/agora.xtec.cat\/escolasantmarti\/lescola\/blocs-de-lescola\/","title":{"rendered":"BLOCS DE L&#8217;ESCOLA"},"content":{"rendered":"<p>A continuaci\u00f3 us presentem els diferents blocs de l&#8217;escola Sant Mart\u00ed. Podreu trobar-hi informaci\u00f3 de multitud d&#8217;activitats que es realitzen al nostre centre<\/p>\n<ul>\n<li><strong><a href=\"http:\/\/blocs.xtec.cat\/smartiei\/\" target=\"_blank\" rel=\"noopener noreferrer\">Educaci\u00f3 Infantil<\/a><\/strong><\/li>\n<li><strong><a href=\"http:\/\/blocs.xtec.cat\/santmartici\/\" target=\"_blank\" rel=\"noopener noreferrer\">Cicle Inicial<\/a><\/strong><\/li>\n<li><strong><a href=\"http:\/\/blocs.xtec.cat\/ceipsantmarticm\/\" target=\"_blank\" rel=\"noopener noreferrer\">Cicle Mitj\u00e0<\/a><\/strong><\/li>\n<li><strong><a href=\"http:\/\/blocs.xtec.cat\/smartics\/\" target=\"_blank\" rel=\"noopener noreferrer\">Cicle Superior<\/a><\/strong><\/li>\n<li><strong><a href=\"http:\/\/blocs.xtec.cat\/hortsmarti\/\" target=\"_blank\" rel=\"noopener noreferrer\">Hort Escolar<\/a><\/strong><\/li>\n<li><strong>Aula de M\u00fasica<\/strong><\/li>\n<li><strong>Educaci\u00f3 F\u00edsica<\/strong><\/li>\n<\/ul>\n<p>&nbsp;<\/p>\n","protected":false},"excerpt":{"rendered":"<p>A continuaci\u00f3 us presentem els diferents blocs de l&#8217;escola Sant Mart\u00ed. Podreu trobar-hi informaci\u00f3 de multitud d&#8217;activitats que es realitzen al nostre centre Educaci\u00f3 Infantil Cicle Inicial Cicle Mitj\u00e0 Cicle Superior Hort Escolar Aula de M\u00fasica Educaci\u00f3 F\u00edsica &nbsp;<\/p>\n","protected":false},"author":1,"featured_media":0,"parent":22,"menu_order":0,"comment_status":"closed","ping_status":"closed","template":"","meta":{"_bbp_topic_count":0,"_bbp_reply_count":0,"_bbp_total_topic_count":0,"_bbp_total_reply_count":0,"_bbp_voice_count":0,"_bbp_anonymous_reply_count":0,"_bbp_topic_count_hidden":0,"_bbp_reply_count_hidden":0,"_bbp_forum_subforum_count":0,"site-sidebar-layout":"default","site-content-layout":"","ast-site-content-layout":"default","site-content-style":"default","site-sidebar-style":"default","ast-global-header-display":"","ast-banner-title-visibility":"","ast-main-header-display":"","ast-hfb-above-header-display":"","ast-hfb-below-header-display":"","ast-hfb-mobile-header-display":"","site-post-title":"","ast-breadcrumbs-content":"","ast-featured-img":"","footer-sml-layout":"","theme-transparent-header-meta":"default","adv-header-id-meta":"","stick-header-meta":"","header-above-stick-meta":"","header-main-stick-meta":"","header-below-stick-meta":"","astra-migrate-meta-layouts":"set","ast-page-background-enabled":"default","ast-page-background-meta":{"desktop":{"background-color":"var(--ast-global-color-4)","background-image":"","background-repeat":"repeat","background-position":"center center","background-size":"auto","background-attachment":"scroll","background-type":"","background-media":"","overlay-type":"","overlay-color":"","overlay-opacity":"","overlay-gradient":""},"tablet":{"background-color":"","background-image":"","background-repeat":"repeat","background-position":"center center","background-size":"auto","background-attachment":"scroll","background-type":"","background-media":"","overlay-type":"","overlay-color":"","overlay-opacity":"","overlay-gradient":""},"mobile":{"background-color":"","background-image":"","background-repeat":"repeat","background-position":"center center","background-size":"auto","background-attachment":"scroll","background-type":"","background-media":"","overlay-type":"","overlay-color":"","overlay-opacity":"","overlay-gradient":""}},"ast-content-background-meta":{"desktop":{"background-color":"var(--ast-global-color-5)","background-image":"","background-repeat":"repeat","background-position":"center center","background-size":"auto","background-attachment":"scroll","background-type":"","background-media":"","overlay-type":"","overlay-color":"","overlay-opacity":"","overlay-gradient":""},"tablet":{"background-color":"var(--ast-global-color-5)","background-image":"","background-repeat":"repeat","background-position":"center center","background-size":"auto","background-attachment":"scroll","background-type":"","background-media":"","overlay-type":"","overlay-color":"","overlay-opacity":"","overlay-gradient":""},"mobile":{"background-color":"var(--ast-global-color-5)","background-image":"","background-repeat":"repeat","background-position":"center center","background-size":"auto","background-attachment":"scroll","background-type":"","background-media":"","overlay-type":"","overlay-color":"","overlay-opacity":"","overlay-gradient":""}},"footnotes":""},"class_list":["post-829","page","type-page","status-publish","hentry"],"post_mailing_queue_ids":[],"_links":{"self":[{"href":"https:\/\/agora.xtec.cat\/escolasantmarti\/wp-json\/wp\/v2\/pages\/829","targetHints":{"allow":["GET"]}}],"collection":[{"href":"https:\/\/agora.xtec.cat\/escolasantmarti\/wp-json\/wp\/v2\/pages"}],"about":[{"href":"https:\/\/agora.xtec.cat\/escolasantmarti\/wp-json\/wp\/v2\/types\/page"}],"author":[{"embeddable":true,"href":"https:\/\/agora.xtec.cat\/escolasantmarti\/wp-json\/wp\/v2\/users\/1"}],"replies":[{"embeddable":true,"href":"https:\/\/agora.xtec.cat\/escolasantmarti\/wp-json\/wp\/v2\/comments?post=829"}],"version-history":[{"count":5,"href":"https:\/\/agora.xtec.cat\/escolasantmarti\/wp-json\/wp\/v2\/pages\/829\/revisions"}],"predecessor-version":[{"id":3947,"href":"https:\/\/agora.xtec.cat\/escolasantmarti\/wp-json\/wp\/v2\/pages\/829\/revisions\/3947"}],"up":[{"embeddable":true,"href":"https:\/\/agora.xtec.cat\/escolasantmarti\/wp-json\/wp\/v2\/pages\/22"}],"wp:attachment":[{"href":"https:\/\/agora.xtec.cat\/escolasantmarti\/wp-json\/wp\/v2\/media?parent=829"}],"curies":[{"name":"wp","href":"https:\/\/api.w.org\/{rel}","templated":true}]}}