{"id":793,"date":"2018-03-01T18:34:07","date_gmt":"2018-03-01T17:34:07","guid":{"rendered":"http:\/\/agora.xtec.cat\/escolasantmarti\/?page_id=793"},"modified":"2024-10-08T13:28:53","modified_gmt":"2024-10-08T11:28:53","slug":"consell-escolar","status":"publish","type":"page","link":"https:\/\/agora.xtec.cat\/escolasantmarti\/curs-2017-2018\/consell-escolar\/","title":{"rendered":"Consell Escolar de Centre"},"content":{"rendered":"<div dir=\"ltr\"><strong>COMPOSICI\u00d3 CONSELL ESCOLAR CURS 2024-25:<\/strong><\/div>\n<div dir=\"ltr\"><\/div>\n<p dir=\"ltr\"><strong>President:<\/strong> Maite Casquete<\/p>\n<p dir=\"ltr\"><strong>Cap d\u2019estudis<\/strong>: Ernest Zarzoso<\/p>\n<p dir=\"ltr\"><strong>Secretari:<\/strong> Llu\u00eds Llovet<\/p>\n<p dir=\"ltr\"><strong>Sector mestres:<\/strong> Marta Clop\u00e9s, Cristina Torras, N\u00faria Colomer i Paqui S\u00e1nchez .<\/p>\n<p dir=\"ltr\"><strong>Sector pares-mares: <\/strong>Laia Mercad\u00e9, Oriol Espiell, Maria Daumal i Carme Gil (AFA).<\/p>\n<p dir=\"ltr\"><strong>PAS:\u00a0<\/strong>Anna Manzanares<\/p>\n<p dir=\"ltr\"><strong>Ajuntament:\u00a0<\/strong>T\u00f2nia Vila.<\/p>\n<p dir=\"ltr\"><strong>Corresponen al consell escolar les funcions seg\u00fcents (Art. 148. LEC):<\/strong><\/p>\n<p dir=\"ltr\">a) Aprovar el projecte educatiu i les modificacions corresponents per una majoria de tres cinquenes parts dels membres.<\/p>\n<p dir=\"ltr\">b) Aprovar la programaci\u00f3 general anual del centre i avaluar-ne el\u00a0 desenvolupament i els resultats.<\/p>\n<p dir=\"ltr\">c) Aprovar les propostes d\u2019acords de coresponsabilitat, convenis i altres acords de<\/p>\n<p dir=\"ltr\">col\u00b7laboraci\u00f3 del centre amb entitats o institucions.<\/p>\n<p dir=\"ltr\">d) Aprovar les normes d\u2019organitzaci\u00f3 i funcionament i les modificacions corresponents.<\/p>\n<p dir=\"ltr\">e) Aprovar la carta de comprom\u00eds educatiu.<\/p>\n<p dir=\"ltr\">f) Aprovar el pressupost del centre i el rendiment de comptes.<\/p>\n<p dir=\"ltr\">g) Intervenir en el procediment d\u2019admissi\u00f3 d\u2019alumnes.<\/p>\n<p dir=\"ltr\">h) Participar en el procediment de selecci\u00f3 i en la proposta de cessament del director o directora.<\/p>\n<p dir=\"ltr\">i) Intervenir en la resoluci\u00f3 dels conflictes i, si escau, revisar les sancions als alumnes.<\/p>\n<p dir=\"ltr\">j) Aprovar les directrius per a la programaci\u00f3 d\u2019activitats escolars\u00a0 complement\u00e0ries i d\u2019activitats extraescolars, i avaluar-ne el desenvolupament.<\/p>\n<p dir=\"ltr\">k) Participar en les an\u00e0lisis i les avaluacions del funcionament general del centre i con\u00e8ixer l\u2019evoluci\u00f3 del rendiment escolar.<\/p>\n<p dir=\"ltr\">l) Aprovar els criteris de col\u00b7laboraci\u00f3 amb altres centres i amb l\u2019entorn.<\/p>\n<p dir=\"ltr\"><a href=\"https:\/\/agora.xtec.cat\/escolasantmarti\/curs-2017-2018\/consell-escolar\/attachment\/ceconstitucio\/\" rel=\"attachment wp-att-6906\">CEconstitucio<\/a><\/p>\n<p dir=\"ltr\"><a href=\"https:\/\/agora.xtec.cat\/escolasantmarti\/curs-2017-2018\/consell-escolar\/attachment\/liquidacio-del-pressupost-1\/\" rel=\"attachment wp-att-6909\">Liquidaci\u00f3 del pressupost (1)<\/a><\/p>\n<p dir=\"ltr\"><strong>ACORDS DELS DARRERS CONSELLS ESCOLARS:<\/strong><\/p>\n<p dir=\"ltr\"><strong>26\/06\/2024:<\/strong><\/p>\n<ul>\n<li style=\"list-style-type: none;\">\n<ul>\n<li dir=\"ltr\">Tancament dades de preinscripci\u00f3;<\/li>\n<li dir=\"ltr\">Resultats de les proves de Compet\u00e8ncies B\u00e0siques de 6\u00e8;<\/li>\n<li dir=\"ltr\">Adjudicaci\u00f3 licitaci\u00f3 contracte de menjador a 7iTria; Preu fixe 7,00\u20ac; Espor\u00e0dic : 7,65\u20ac.<\/li>\n<li dir=\"ltr\">Obres: cuina.<\/li>\n<\/ul>\n<\/li>\n<\/ul>\n<p><strong>22\/05\/2024:<\/strong><\/p>\n<ul>\n<li style=\"list-style-type: none;\">\n<ul>\n<li>Informacions diverses. S&#8217;aprova la participaci\u00f3 al Programa d\u2019Innovaci\u00f3 en Enfocament Restauratiu Global (PINERG) , dos alumnes del centre han estat seleccionats pels Jocs Florals del Maresme, Arriben 15 panells digitals i kids de rob\u00f2tica ; L\u2019ajuntament informa que el 26 de juny s\u2019iniciaran les obres a la cuina.<\/li>\n<li>Llistat de llibres del curs 2024-2025: Es socialitzar\u00e0 els llibres de Medi de 3r a 6\u00e8 de l\u2019editorial Barcanova.;A matem\u00e0tiques s\u2019unifica l\u2019editorial de 1r a 6\u00e8 amb el programa Experimenta de Barcanova.<\/li>\n<li>\u00a0Quotes curs 2024-2025 Es proposa mantenir la quota de 100 \u20ac per tot el curs escolar. Dins de la quota es compra l\u2019agenda dels alumnes, la llic\u00e8ncia d\u2019Innovamat , la socialitzaci\u00f3 dels llibres de text i , aquest curs, tamb\u00e9 els carpesans de tercer que pujaran amb el grup.<\/li>\n<li>Calendari escolar 2024-2025: Dies de lliure disposici\u00f3\u00a0 11 d\u2019octubre, 7 de febrer, 3 de mar\u00e7 i 2 de maig. Alhora es demana l\u2019entrada esglaonada a I3 els tres primers dies de curs.<br \/>\nTamb\u00e9 es demana la intensiva el 20 de desembre i del 9 al 20 de juny.<\/li>\n<li>L&#8217;AFA demana\u00a0 un tractament per a les parets humides de la biblioteca i el terra de psico. \u00a0Tamb\u00e9 es demana a l\u2019ajuntament com est\u00e0 el RAM que es va sol\u00b7licitar per a les finestres de l\u2019aulari que s\u00f3n perilloses.<\/li>\n<\/ul>\n<\/li>\n<\/ul>\n<p><strong>26\/04\/2024:<\/strong><\/p>\n<ul>\n<li style=\"list-style-type: none;\">\n<ul>\n<li>S&#8217;inicia la licitaci\u00f3 del servei de menjador escolar.<\/li>\n<\/ul>\n<\/li>\n<\/ul>\n<p><strong>24\/01\/24<\/strong><\/p>\n<ul>\n<li>Aprovaci\u00f3 del tancament de comptes del 2023.<br \/>\nEls ingressos (101.210,27\u20ac) b\u00e0sicament s\u00f3n d\u2019aportacions de les fam\u00edlies per quota , sortides i col\u00f2nies i de despesa de funcionament de centre per part del departament d\u2019educaci\u00f3. Hi ha unes partides d\u2019altres aportacions del departament que s\u00f3n noves referides a un ajut per suport a alumnat de prim\u00e0ria i les motxilles escolars que cobreixen les despeses de quotes i sortides dels nese de EI3 i EI4. Les despeses (100.361,56\u20ac) corresponents b\u00e0sicament a material fungibles, transport i sortides i col\u00f2nies. Aquest any hi ha hagut una despesa important en mobiliari per la sala de mestres i aules d\u2019EI. El romanent de l\u2019exercici \u00e9s de 60.984,15\u20ac. D\u2019aquest import s\u2019ha de restar el romanent afectat per despeses finalistes i quedaran uns 20.000\u20ac de romanent.<\/li>\n<li>Aprovaci\u00f3 del pressupost 2024.<br \/>\nD\u2019ingressos (159.371,06\u20ac) destaquen el romanent de tresoreria, les aportacions del departament i les aportacions de les fam\u00edlies. S\u2019inclou una partida espec\u00edfica de motxilles escolars.<br \/>\nDe les despeses, pel mateix import, s\u2019explica que les partides pels cicles es reparteixen ponderant el nombre d\u2019aules i el nombre d\u2019alumnes. De les altres partides es mantenen els imports dels darrers anys. Hi ha alguna partida finalista com, reutilitzaci\u00f3 de llibres o motxilles escolars que ja estan indicades.<\/li>\n<li>Precs i preguntes.<br \/>\nLa regidora d\u2019educaci\u00f3, na T\u00f2nia Vila, comenta que aquest any a l\u2019estiu es far\u00e0 la inversi\u00f3 de renovaci\u00f3 de la cuina de l\u2019escola. Per una part el departament s\u2019ha comprom\u00e8s a pagar el forn per un import de 10.000\u20ac i per altra l\u2019ajuntament far\u00e0 una inversi\u00f3 d\u2019uns 31.500\u20ac canviant tota la part central de la cuina amb noves instal\u00b7lacions d\u2019aigua i gas , canvis d\u2019aixetes , armaris , enllumenat,<\/li>\n<\/ul>\n<p><strong>CONTRACTES SIGNATS:\u00a0<\/strong><\/p>\n<p><a href=\"https:\/\/agora.xtec.cat\/escolasantmarti\/curs-2017-2018\/consell-escolar\/attachment\/contracte-24-25\/\" rel=\"attachment wp-att-6940\">Contracte 24.25<\/a><\/p>\n<p><a href=\"https:\/\/agora.xtec.cat\/escolasantmarti\/curs-2017-2018\/consell-escolar\/attachment\/bus2425\/\" rel=\"attachment wp-att-6939\">bus2425<\/a><\/p>\n","protected":false},"excerpt":{"rendered":"<p>COMPOSICI\u00d3 CONSELL ESCOLAR CURS 2024-25: President: Maite Casquete Cap d\u2019estudis: Ernest Zarzoso Secretari: Llu\u00eds Llovet Sector mestres: Marta Clop\u00e9s, Cristina Torras, N\u00faria Colomer i Paqui S\u00e1nchez . Sector pares-mares: Laia Mercad\u00e9, Oriol Espiell, Maria Daumal i Carme Gil (AFA). PAS:\u00a0Anna Manzanares Ajuntament:\u00a0T\u00f2nia Vila. Corresponen al consell escolar les funcions seg\u00fcents (Art. 148. LEC): a) Aprovar [&hellip;]<\/p>\n","protected":false},"author":1,"featured_media":0,"parent":691,"menu_order":60,"comment_status":"closed","ping_status":"closed","template":"page-templates\/side-menu.php","meta":{"_bbp_topic_count":0,"_bbp_reply_count":0,"_bbp_total_topic_count":0,"_bbp_total_reply_count":0,"_bbp_voice_count":0,"_bbp_anonymous_reply_count":0,"_bbp_topic_count_hidden":0,"_bbp_reply_count_hidden":0,"_bbp_forum_subforum_count":0,"site-sidebar-layout":"default","site-content-layout":"","ast-site-content-layout":"","site-content-style":"default","site-sidebar-style":"default","ast-global-header-display":"","ast-banner-title-visibility":"","ast-main-header-display":"","ast-hfb-above-header-display":"","ast-hfb-below-header-display":"","ast-hfb-mobile-header-display":"","site-post-title":"","ast-breadcrumbs-content":"","ast-featured-img":"","footer-sml-layout":"","theme-transparent-header-meta":"","adv-header-id-meta":"","stick-header-meta":"","header-above-stick-meta":"","header-main-stick-meta":"","header-below-stick-meta":"","astra-migrate-meta-layouts":"default","ast-page-background-enabled":"default","ast-page-background-meta":{"desktop":{"background-color":"var(--ast-global-color-4)","background-image":"","background-repeat":"repeat","background-position":"center center","background-size":"auto","background-attachment":"scroll","background-type":"","background-media":"","overlay-type":"","overlay-color":"","overlay-opacity":"","overlay-gradient":""},"tablet":{"background-color":"","background-image":"","background-repeat":"repeat","background-position":"center center","background-size":"auto","background-attachment":"scroll","background-type":"","background-media":"","overlay-type":"","overlay-color":"","overlay-opacity":"","overlay-gradient":""},"mobile":{"background-color":"","background-image":"","background-repeat":"repeat","background-position":"center center","background-size":"auto","background-attachment":"scroll","background-type":"","background-media":"","overlay-type":"","overlay-color":"","overlay-opacity":"","overlay-gradient":""}},"ast-content-background-meta":{"desktop":{"background-color":"var(--ast-global-color-5)","background-image":"","background-repeat":"repeat","background-position":"center center","background-size":"auto","background-attachment":"scroll","background-type":"","background-media":"","overlay-type":"","overlay-color":"","overlay-opacity":"","overlay-gradient":""},"tablet":{"background-color":"var(--ast-global-color-5)","background-image":"","background-repeat":"repeat","background-position":"center center","background-size":"auto","background-attachment":"scroll","background-type":"","background-media":"","overlay-type":"","overlay-color":"","overlay-opacity":"","overlay-gradient":""},"mobile":{"background-color":"var(--ast-global-color-5)","background-image":"","background-repeat":"repeat","background-position":"center center","background-size":"auto","background-attachment":"scroll","background-type":"","background-media":"","overlay-type":"","overlay-color":"","overlay-opacity":"","overlay-gradient":""}},"footnotes":""},"class_list":["post-793","page","type-page","status-publish","hentry"],"post_mailing_queue_ids":[],"_links":{"self":[{"href":"https:\/\/agora.xtec.cat\/escolasantmarti\/wp-json\/wp\/v2\/pages\/793","targetHints":{"allow":["GET"]}}],"collection":[{"href":"https:\/\/agora.xtec.cat\/escolasantmarti\/wp-json\/wp\/v2\/pages"}],"about":[{"href":"https:\/\/agora.xtec.cat\/escolasantmarti\/wp-json\/wp\/v2\/types\/page"}],"author":[{"embeddable":true,"href":"https:\/\/agora.xtec.cat\/escolasantmarti\/wp-json\/wp\/v2\/users\/1"}],"replies":[{"embeddable":true,"href":"https:\/\/agora.xtec.cat\/escolasantmarti\/wp-json\/wp\/v2\/comments?post=793"}],"version-history":[{"count":8,"href":"https:\/\/agora.xtec.cat\/escolasantmarti\/wp-json\/wp\/v2\/pages\/793\/revisions"}],"predecessor-version":[{"id":6941,"href":"https:\/\/agora.xtec.cat\/escolasantmarti\/wp-json\/wp\/v2\/pages\/793\/revisions\/6941"}],"up":[{"embeddable":true,"href":"https:\/\/agora.xtec.cat\/escolasantmarti\/wp-json\/wp\/v2\/pages\/691"}],"wp:attachment":[{"href":"https:\/\/agora.xtec.cat\/escolasantmarti\/wp-json\/wp\/v2\/media?parent=793"}],"curies":[{"name":"wp","href":"https:\/\/api.w.org\/{rel}","templated":true}]}}