{"id":724,"date":"2018-02-27T08:03:06","date_gmt":"2018-02-27T07:03:06","guid":{"rendered":"http:\/\/agora.xtec.cat\/escolasantmarti\/?page_id=724"},"modified":"2019-11-04T14:26:59","modified_gmt":"2019-11-04T13:26:59","slug":"preinscripcioadmissio-al-llarg-del-curs","status":"publish","type":"page","link":"https:\/\/agora.xtec.cat\/escolasantmarti\/lescola\/secretaria\/preinscripcioadmissio-al-llarg-del-curs\/","title":{"rendered":"Inscripci\u00f3 extraordin\u00e0ria"},"content":{"rendered":"<p>El per\u00edode de preinscripci\u00f3 est\u00e0 tancat, tan sols s\u2019accepten sol\u00b7licituds fora de termini per canvi de domicili o altres situacions extraordin\u00e0ries.<\/p>\n<p>Per les\u00a0<strong>sol\u00b7licituds fora de termini<\/strong>, la sol\u00b7licitud cal que vagi acompanyada de la seg\u00fcent documentaci\u00f3:<\/p>\n<h4><a href=\"http:\/\/educacio.gencat.cat\/documents\/FormularisModels\/CentresGestioAdministrativa\/A51.pdf\" target=\"_blank\" rel=\"noopener noreferrer\">Sol\u00b7licitud &#8211; preinscripci\u00f3<\/a><\/h4>\n<ul>\n<li>Original i fotoc\u00f2pia del DNI, NIE, passaport o altres documents d\u2019identitat vigents del pare, mare, tutor\/a o guardador\/a de fet,<\/li>\n<li>Original i fotoc\u00f2pia del DNI\/ NIE alumne\/a si en t\u00e9,<\/li>\n<li>Padr\u00f3 hist\u00f2ric,<\/li>\n<li>Original i fotoc\u00f2pia de la targeta sanit\u00e0ria individual (TSI) del nen\/a.<\/li>\n<\/ul>\n","protected":false},"excerpt":{"rendered":"<p>El per\u00edode de preinscripci\u00f3 est\u00e0 tancat, tan sols s\u2019accepten sol\u00b7licituds fora de termini per canvi de domicili o altres situacions extraordin\u00e0ries. Per les\u00a0sol\u00b7licituds fora de termini, la sol\u00b7licitud cal que vagi acompanyada de la seg\u00fcent documentaci\u00f3: Sol\u00b7licitud &#8211; preinscripci\u00f3 Original i fotoc\u00f2pia del DNI, NIE, passaport o altres documents d\u2019identitat vigents del pare, mare, tutor\/a [&hellip;]<\/p>\n","protected":false},"author":1,"featured_media":0,"parent":719,"menu_order":10,"comment_status":"closed","ping_status":"closed","template":"page-templates\/side-menu.php","meta":{"_bbp_topic_count":0,"_bbp_reply_count":0,"_bbp_total_topic_count":0,"_bbp_total_reply_count":0,"_bbp_voice_count":0,"_bbp_anonymous_reply_count":0,"_bbp_topic_count_hidden":0,"_bbp_reply_count_hidden":0,"_bbp_forum_subforum_count":0,"site-sidebar-layout":"default","site-content-layout":"","ast-site-content-layout":"","site-content-style":"default","site-sidebar-style":"default","ast-global-header-display":"","ast-banner-title-visibility":"","ast-main-header-display":"","ast-hfb-above-header-display":"","ast-hfb-below-header-display":"","ast-hfb-mobile-header-display":"","site-post-title":"","ast-breadcrumbs-content":"","ast-featured-img":"","footer-sml-layout":"","theme-transparent-header-meta":"","adv-header-id-meta":"","stick-header-meta":"","header-above-stick-meta":"","header-main-stick-meta":"","header-below-stick-meta":"","astra-migrate-meta-layouts":"default","ast-page-background-enabled":"default","ast-page-background-meta":{"desktop":{"background-color":"var(--ast-global-color-4)","background-image":"","background-repeat":"repeat","background-position":"center center","background-size":"auto","background-attachment":"scroll","background-type":"","background-media":"","overlay-type":"","overlay-color":"","overlay-opacity":"","overlay-gradient":""},"tablet":{"background-color":"","background-image":"","background-repeat":"repeat","background-position":"center center","background-size":"auto","background-attachment":"scroll","background-type":"","background-media":"","overlay-type":"","overlay-color":"","overlay-opacity":"","overlay-gradient":""},"mobile":{"background-color":"","background-image":"","background-repeat":"repeat","background-position":"center center","background-size":"auto","background-attachment":"scroll","background-type":"","background-media":"","overlay-type":"","overlay-color":"","overlay-opacity":"","overlay-gradient":""}},"ast-content-background-meta":{"desktop":{"background-color":"var(--ast-global-color-5)","background-image":"","background-repeat":"repeat","background-position":"center center","background-size":"auto","background-attachment":"scroll","background-type":"","background-media":"","overlay-type":"","overlay-color":"","overlay-opacity":"","overlay-gradient":""},"tablet":{"background-color":"var(--ast-global-color-5)","background-image":"","background-repeat":"repeat","background-position":"center center","background-size":"auto","background-attachment":"scroll","background-type":"","background-media":"","overlay-type":"","overlay-color":"","overlay-opacity":"","overlay-gradient":""},"mobile":{"background-color":"var(--ast-global-color-5)","background-image":"","background-repeat":"repeat","background-position":"center center","background-size":"auto","background-attachment":"scroll","background-type":"","background-media":"","overlay-type":"","overlay-color":"","overlay-opacity":"","overlay-gradient":""}},"footnotes":""},"class_list":["post-724","page","type-page","status-publish","hentry"],"post_mailing_queue_ids":[],"_links":{"self":[{"href":"https:\/\/agora.xtec.cat\/escolasantmarti\/wp-json\/wp\/v2\/pages\/724","targetHints":{"allow":["GET"]}}],"collection":[{"href":"https:\/\/agora.xtec.cat\/escolasantmarti\/wp-json\/wp\/v2\/pages"}],"about":[{"href":"https:\/\/agora.xtec.cat\/escolasantmarti\/wp-json\/wp\/v2\/types\/page"}],"author":[{"embeddable":true,"href":"https:\/\/agora.xtec.cat\/escolasantmarti\/wp-json\/wp\/v2\/users\/1"}],"replies":[{"embeddable":true,"href":"https:\/\/agora.xtec.cat\/escolasantmarti\/wp-json\/wp\/v2\/comments?post=724"}],"version-history":[{"count":3,"href":"https:\/\/agora.xtec.cat\/escolasantmarti\/wp-json\/wp\/v2\/pages\/724\/revisions"}],"predecessor-version":[{"id":1368,"href":"https:\/\/agora.xtec.cat\/escolasantmarti\/wp-json\/wp\/v2\/pages\/724\/revisions\/1368"}],"up":[{"embeddable":true,"href":"https:\/\/agora.xtec.cat\/escolasantmarti\/wp-json\/wp\/v2\/pages\/719"}],"wp:attachment":[{"href":"https:\/\/agora.xtec.cat\/escolasantmarti\/wp-json\/wp\/v2\/media?parent=724"}],"curies":[{"name":"wp","href":"https:\/\/api.w.org\/{rel}","templated":true}]}}